{"id":35502,"date":"2024-05-31T10:24:16","date_gmt":"2024-05-31T10:24:16","guid":{"rendered":"https:\/\/easystar.ee\/toode\/nitriilkindad-m-puudrita-super-high-risk-50tk-sinine-kt26656\/"},"modified":"2025-10-30T01:43:59","modified_gmt":"2025-10-30T01:43:59","slug":"nitriilkindad-m-puudrita-super-high-risk-50tk-sinine-kt26656","status":"publish","type":"product","link":"https:\/\/easystar.ee\/en\/toode\/nitriilkindad-m-puudrita-super-high-risk-50tk-sinine-kt26656\/","title":{"rendered":"Nitriilkindad M puudrita SUPER HIGH RISK 50tk sinine KT26656"},"content":{"rendered":"","protected":false},"excerpt":{"rendered":"<p>Paksus n\u00e4puotstes 0,23mm -Sobivad kasutamiseks laborites ja toiduainetet\u00f6\u00f6stuses -V\u00e4ga vastupidavad -V\u00e4ga kemikaalikindlad<br \/>\nNeed puudrita nitriilkindad on 30 cm pikad ja eriti tugevad (paksus 0,25mm). Kindad on allergiavabad, nahas\u00f5bralikud ja rebimiskindlad. Kaitsevad k\u00e4si kemikaalide ja puhastusvahendite eest. Sobivad kasutamiseks laborites, toiduainet\u00f6\u00f6stuses ja meditsiinis.<br \/>\nVastavused: Toiduohutuse vastavussertifikaat CAT III EN 374-5:2016 ja EN 374-1:2016 EN 420 EN 455 1-4 <\/p>\n","protected":false},"featured_media":35500,"template":"","meta":{"_acf_changed":false},"product_brand":[],"product_cat":[1955,1861],"product_tag":[],"class_list":{"0":"post-35502","1":"product","2":"type-product","3":"status-publish","4":"has-post-thumbnail","6":"product_cat-disposable-extra-strong-nitrile-gloves","7":"product_cat-ppe-personal-protective-equipment","9":"first","10":"instock","11":"taxable","12":"shipping-taxable","13":"purchasable","14":"product-type-simple"},"acf":[],"yoast_head":"<!-- This site is optimized with the Yoast SEO plugin v27.5 - https:\/\/yoast.com\/product\/yoast-seo-wordpress\/ -->\n<title>Nitriilkindad M puudrita SUPER HIGH RISK 50tk sinine KT26656 &#8212; Easy Star O\u00dc<\/title>\n<meta name=\"robots\" content=\"index, follow, max-snippet:-1, max-image-preview:large, max-video-preview:-1\" \/>\n<link rel=\"canonical\" href=\"https:\/\/easystar.ee\/en\/toode\/nitriilkindad-m-puudrita-super-high-risk-50tk-sinine-kt26656\/\" \/>\n<meta property=\"og:locale\" content=\"en_US\" \/>\n<meta property=\"og:type\" content=\"article\" \/>\n<meta property=\"og:title\" content=\"Nitriilkindad M puudrita SUPER HIGH RISK 50tk sinine KT26656 &#8212; Easy Star O\u00dc\" \/>\n<meta property=\"og:description\" content=\"Paksus n\u00e4puotstes 0,23mm -Sobivad kasutamiseks laborites ja toiduainetet\u00f6\u00f6stuses -V\u00e4ga vastupidavad -V\u00e4ga kemikaalikindlad Need puudrita nitriilkindad on 30 cm pikad ja eriti tugevad (paksus 0,25mm). Kindad on allergiavabad, nahas\u00f5bralikud ja rebimiskindlad. Kaitsevad k\u00e4si kemikaalide ja puhastusvahendite eest. Sobivad kasutamiseks laborites, toiduainet\u00f6\u00f6stuses ja meditsiinis. Vastavused: Toiduohutuse vastavussertifikaat CAT III EN 374-5:2016 ja EN 374-1:2016 EN 420 EN 455 1-4\" \/>\n<meta property=\"og:url\" content=\"https:\/\/easystar.ee\/en\/toode\/nitriilkindad-m-puudrita-super-high-risk-50tk-sinine-kt26656\/\" \/>\n<meta property=\"og:site_name\" content=\"Easy Star O\u00dc\" \/>\n<meta property=\"article:modified_time\" content=\"2025-10-30T01:43:59+00:00\" \/>\n<meta property=\"og:image\" content=\"https:\/\/easystar.ee\/wp-content\/uploads\/2024\/05\/26656.jpg\" \/>\n\t<meta property=\"og:image:width\" content=\"233\" \/>\n\t<meta property=\"og:image:height\" content=\"263\" \/>\n\t<meta property=\"og:image:type\" content=\"image\/jpeg\" \/>\n<meta name=\"twitter:card\" content=\"summary_large_image\" \/>\n<script type=\"application\/ld+json\" class=\"yoast-schema-graph\">{\"@context\":\"https:\\\/\\\/schema.org\",\"@graph\":[{\"@type\":\"WebPage\",\"@id\":\"https:\\\/\\\/easystar.ee\\\/en\\\/toode\\\/nitriilkindad-m-puudrita-super-high-risk-50tk-sinine-kt26656\\\/\",\"url\":\"https:\\\/\\\/easystar.ee\\\/en\\\/toode\\\/nitriilkindad-m-puudrita-super-high-risk-50tk-sinine-kt26656\\\/\",\"name\":\"Nitriilkindad M puudrita SUPER HIGH RISK 50tk sinine KT26656 &#8212; Easy Star O\u00dc\",\"isPartOf\":{\"@id\":\"https:\\\/\\\/easystar.ee\\\/#website\"},\"primaryImageOfPage\":{\"@id\":\"https:\\\/\\\/easystar.ee\\\/en\\\/toode\\\/nitriilkindad-m-puudrita-super-high-risk-50tk-sinine-kt26656\\\/#primaryimage\"},\"image\":{\"@id\":\"https:\\\/\\\/easystar.ee\\\/en\\\/toode\\\/nitriilkindad-m-puudrita-super-high-risk-50tk-sinine-kt26656\\\/#primaryimage\"},\"thumbnailUrl\":\"https:\\\/\\\/easystar.ee\\\/wp-content\\\/uploads\\\/2024\\\/05\\\/26656.jpg\",\"datePublished\":\"2024-05-31T10:24:16+00:00\",\"dateModified\":\"2025-10-30T01:43:59+00:00\",\"breadcrumb\":{\"@id\":\"https:\\\/\\\/easystar.ee\\\/en\\\/toode\\\/nitriilkindad-m-puudrita-super-high-risk-50tk-sinine-kt26656\\\/#breadcrumb\"},\"inLanguage\":\"en-US\",\"potentialAction\":[{\"@type\":\"ReadAction\",\"target\":[\"https:\\\/\\\/easystar.ee\\\/en\\\/toode\\\/nitriilkindad-m-puudrita-super-high-risk-50tk-sinine-kt26656\\\/\"]}]},{\"@type\":\"ImageObject\",\"inLanguage\":\"en-US\",\"@id\":\"https:\\\/\\\/easystar.ee\\\/en\\\/toode\\\/nitriilkindad-m-puudrita-super-high-risk-50tk-sinine-kt26656\\\/#primaryimage\",\"url\":\"https:\\\/\\\/easystar.ee\\\/wp-content\\\/uploads\\\/2024\\\/05\\\/26656.jpg\",\"contentUrl\":\"https:\\\/\\\/easystar.ee\\\/wp-content\\\/uploads\\\/2024\\\/05\\\/26656.jpg\",\"width\":233,\"height\":263},{\"@type\":\"BreadcrumbList\",\"@id\":\"https:\\\/\\\/easystar.ee\\\/en\\\/toode\\\/nitriilkindad-m-puudrita-super-high-risk-50tk-sinine-kt26656\\\/#breadcrumb\",\"itemListElement\":[{\"@type\":\"ListItem\",\"position\":1,\"name\":\"Home\",\"item\":\"https:\\\/\\\/easystar.ee\\\/ru\\\/\"},{\"@type\":\"ListItem\",\"position\":2,\"name\":\"Shop\",\"item\":\"https:\\\/\\\/easystar.ee\\\/tooted\\\/\"},{\"@type\":\"ListItem\",\"position\":3,\"name\":\"Nitriilkindad M puudrita SUPER HIGH RISK 50tk sinine KT26656\"}]},{\"@type\":\"WebSite\",\"@id\":\"https:\\\/\\\/easystar.ee\\\/#website\",\"url\":\"https:\\\/\\\/easystar.ee\\\/\",\"name\":\"Easystar.ee\",\"description\":\"\",\"publisher\":{\"@id\":\"https:\\\/\\\/easystar.ee\\\/#organization\"},\"alternateName\":\"Keskkonnas\u00f5bralikud pehmepaberitooted teie kontorisse\",\"potentialAction\":[{\"@type\":\"SearchAction\",\"target\":{\"@type\":\"EntryPoint\",\"urlTemplate\":\"https:\\\/\\\/easystar.ee\\\/?s={search_term_string}\"},\"query-input\":{\"@type\":\"PropertyValueSpecification\",\"valueRequired\":true,\"valueName\":\"search_term_string\"}}],\"inLanguage\":\"en-US\"},{\"@type\":\"Organization\",\"@id\":\"https:\\\/\\\/easystar.ee\\\/#organization\",\"name\":\"Easy Star O\u00dc\",\"url\":\"https:\\\/\\\/easystar.ee\\\/\",\"logo\":{\"@type\":\"ImageObject\",\"inLanguage\":\"en-US\",\"@id\":\"https:\\\/\\\/easystar.ee\\\/#\\\/schema\\\/logo\\\/image\\\/\",\"url\":\"https:\\\/\\\/easystar.ee\\\/wp-content\\\/uploads\\\/2024\\\/03\\\/easystar-logo.svg\",\"contentUrl\":\"https:\\\/\\\/easystar.ee\\\/wp-content\\\/uploads\\\/2024\\\/03\\\/easystar-logo.svg\",\"width\":2000,\"height\":2000,\"caption\":\"Easy Star O\u00dc\"},\"image\":{\"@id\":\"https:\\\/\\\/easystar.ee\\\/#\\\/schema\\\/logo\\\/image\\\/\"}}]}<\/script>\n<!-- \/ Yoast SEO plugin. -->","yoast_head_json":{"title":"Nitriilkindad M puudrita SUPER HIGH RISK 50tk sinine KT26656 &#8212; Easy Star O\u00dc","robots":{"index":"index","follow":"follow","max-snippet":"max-snippet:-1","max-image-preview":"max-image-preview:large","max-video-preview":"max-video-preview:-1"},"canonical":"https:\/\/easystar.ee\/en\/toode\/nitriilkindad-m-puudrita-super-high-risk-50tk-sinine-kt26656\/","og_locale":"en_US","og_type":"article","og_title":"Nitriilkindad M puudrita SUPER HIGH RISK 50tk sinine KT26656 &#8212; Easy Star O\u00dc","og_description":"Paksus n\u00e4puotstes 0,23mm -Sobivad kasutamiseks laborites ja toiduainetet\u00f6\u00f6stuses -V\u00e4ga vastupidavad -V\u00e4ga kemikaalikindlad Need puudrita nitriilkindad on 30 cm pikad ja eriti tugevad (paksus 0,25mm). Kindad on allergiavabad, nahas\u00f5bralikud ja rebimiskindlad. Kaitsevad k\u00e4si kemikaalide ja puhastusvahendite eest. Sobivad kasutamiseks laborites, toiduainet\u00f6\u00f6stuses ja meditsiinis. Vastavused: Toiduohutuse vastavussertifikaat CAT III EN 374-5:2016 ja EN 374-1:2016 EN 420 EN 455 1-4","og_url":"https:\/\/easystar.ee\/en\/toode\/nitriilkindad-m-puudrita-super-high-risk-50tk-sinine-kt26656\/","og_site_name":"Easy Star O\u00dc","article_modified_time":"2025-10-30T01:43:59+00:00","og_image":[{"width":233,"height":263,"url":"https:\/\/easystar.ee\/wp-content\/uploads\/2024\/05\/26656.jpg","type":"image\/jpeg"}],"twitter_card":"summary_large_image","schema":{"@context":"https:\/\/schema.org","@graph":[{"@type":"WebPage","@id":"https:\/\/easystar.ee\/en\/toode\/nitriilkindad-m-puudrita-super-high-risk-50tk-sinine-kt26656\/","url":"https:\/\/easystar.ee\/en\/toode\/nitriilkindad-m-puudrita-super-high-risk-50tk-sinine-kt26656\/","name":"Nitriilkindad M puudrita SUPER HIGH RISK 50tk sinine KT26656 &#8212; Easy Star O\u00dc","isPartOf":{"@id":"https:\/\/easystar.ee\/#website"},"primaryImageOfPage":{"@id":"https:\/\/easystar.ee\/en\/toode\/nitriilkindad-m-puudrita-super-high-risk-50tk-sinine-kt26656\/#primaryimage"},"image":{"@id":"https:\/\/easystar.ee\/en\/toode\/nitriilkindad-m-puudrita-super-high-risk-50tk-sinine-kt26656\/#primaryimage"},"thumbnailUrl":"https:\/\/easystar.ee\/wp-content\/uploads\/2024\/05\/26656.jpg","datePublished":"2024-05-31T10:24:16+00:00","dateModified":"2025-10-30T01:43:59+00:00","breadcrumb":{"@id":"https:\/\/easystar.ee\/en\/toode\/nitriilkindad-m-puudrita-super-high-risk-50tk-sinine-kt26656\/#breadcrumb"},"inLanguage":"en-US","potentialAction":[{"@type":"ReadAction","target":["https:\/\/easystar.ee\/en\/toode\/nitriilkindad-m-puudrita-super-high-risk-50tk-sinine-kt26656\/"]}]},{"@type":"ImageObject","inLanguage":"en-US","@id":"https:\/\/easystar.ee\/en\/toode\/nitriilkindad-m-puudrita-super-high-risk-50tk-sinine-kt26656\/#primaryimage","url":"https:\/\/easystar.ee\/wp-content\/uploads\/2024\/05\/26656.jpg","contentUrl":"https:\/\/easystar.ee\/wp-content\/uploads\/2024\/05\/26656.jpg","width":233,"height":263},{"@type":"BreadcrumbList","@id":"https:\/\/easystar.ee\/en\/toode\/nitriilkindad-m-puudrita-super-high-risk-50tk-sinine-kt26656\/#breadcrumb","itemListElement":[{"@type":"ListItem","position":1,"name":"Home","item":"https:\/\/easystar.ee\/ru\/"},{"@type":"ListItem","position":2,"name":"Shop","item":"https:\/\/easystar.ee\/tooted\/"},{"@type":"ListItem","position":3,"name":"Nitriilkindad M puudrita SUPER HIGH RISK 50tk sinine KT26656"}]},{"@type":"WebSite","@id":"https:\/\/easystar.ee\/#website","url":"https:\/\/easystar.ee\/","name":"Easystar.ee","description":"","publisher":{"@id":"https:\/\/easystar.ee\/#organization"},"alternateName":"Keskkonnas\u00f5bralikud pehmepaberitooted teie kontorisse","potentialAction":[{"@type":"SearchAction","target":{"@type":"EntryPoint","urlTemplate":"https:\/\/easystar.ee\/?s={search_term_string}"},"query-input":{"@type":"PropertyValueSpecification","valueRequired":true,"valueName":"search_term_string"}}],"inLanguage":"en-US"},{"@type":"Organization","@id":"https:\/\/easystar.ee\/#organization","name":"Easy Star O\u00dc","url":"https:\/\/easystar.ee\/","logo":{"@type":"ImageObject","inLanguage":"en-US","@id":"https:\/\/easystar.ee\/#\/schema\/logo\/image\/","url":"https:\/\/easystar.ee\/wp-content\/uploads\/2024\/03\/easystar-logo.svg","contentUrl":"https:\/\/easystar.ee\/wp-content\/uploads\/2024\/03\/easystar-logo.svg","width":2000,"height":2000,"caption":"Easy Star O\u00dc"},"image":{"@id":"https:\/\/easystar.ee\/#\/schema\/logo\/image\/"}}]}},"_links":{"self":[{"href":"https:\/\/easystar.ee\/en\/wp-json\/wp\/v2\/product\/35502","targetHints":{"allow":["GET"]}}],"collection":[{"href":"https:\/\/easystar.ee\/en\/wp-json\/wp\/v2\/product"}],"about":[{"href":"https:\/\/easystar.ee\/en\/wp-json\/wp\/v2\/types\/product"}],"wp:featuredmedia":[{"embeddable":true,"href":"https:\/\/easystar.ee\/en\/wp-json\/wp\/v2\/media\/35500"}],"wp:attachment":[{"href":"https:\/\/easystar.ee\/en\/wp-json\/wp\/v2\/media?parent=35502"}],"wp:term":[{"taxonomy":"product_brand","embeddable":true,"href":"https:\/\/easystar.ee\/en\/wp-json\/wp\/v2\/product_brand?post=35502"},{"taxonomy":"product_cat","embeddable":true,"href":"https:\/\/easystar.ee\/en\/wp-json\/wp\/v2\/product_cat?post=35502"},{"taxonomy":"product_tag","embeddable":true,"href":"https:\/\/easystar.ee\/en\/wp-json\/wp\/v2\/product_tag?post=35502"}],"curies":[{"name":"wp","href":"https:\/\/api.w.org\/{rel}","templated":true}]}}