{"id":35457,"date":"2024-05-31T10:24:03","date_gmt":"2024-05-31T10:24:03","guid":{"rendered":"https:\/\/easystar.ee\/toode\/diamond-power-prewash-25l-ph-11-kvdk25-11\/"},"modified":"2025-10-30T01:43:54","modified_gmt":"2025-10-30T01:43:54","slug":"diamond-power-prewash-25l-ph-11-kvdk25-11","status":"publish","type":"product","link":"https:\/\/easystar.ee\/en\/toode\/diamond-power-prewash-25l-ph-11-kvdk25-11\/","title":{"rendered":"Diamond Power Prewash 25L pH 11 KVDK25\/11"},"content":{"rendered":"","protected":false},"excerpt":{"rendered":"<p>T\u00f6\u00f6stuslike pindade s\u00fcvapuhastuseks ja -pesuks 25L pH 11 Puutevaba vahupesuaine \u00fcheetapiliseks kiirpesuks nii s\u00f5iduautodele kui ka rasketehnikale. Eriti tugevatoimeline vahupesuaine s\u00f5idukite ohutuks puutevabaks pesuks. Eemaldab ilma h\u00f5\u00f5rumata pinnalt t\u00e4navamustuse, \u00f5li, putukad jms ning j\u00e4tab pinna s\u00e4ravaks. Sisaldab korrosioonivastaseid \u00fchendeid, ei kahjusta alumiiniumist ja kroomist detaile. Vahugeneraatoriga tekitab tugeva ja p\u00fcsiva vahu, mis on aeglaselt kuivav. Vaht t\u00f5stab ohutuks loputuseks mustuse pinnalt lahti. T\u00e4nu tugevale kontsentratsioonile on kulu v\u00e4ga v\u00e4ike. K\u00f5rgsurve vahugeneraatoriga eellahjendada veega 1\/0-1\/10, suru\u00f5hu vahugeneraatoriga ja survepritsiga 1\/50-1\/150. Pihustada pinnale, lasta m\u00f5juda 1-2 minutit ning loputada p\u00f5hjalikult survepesuriga. Talveperioodil ja kareda vee puhul kasutada kangemat lahust. Mitte kanda liigselt soojale pinnale ega lasta pinnale kuivada!<br \/>\nLahus (1:20) kanistris kontsentraat<\/p>\n","protected":false},"featured_media":35452,"template":"","meta":{"_acf_changed":false},"product_brand":[],"product_cat":[1984,1829],"product_tag":[],"class_list":{"0":"post-35457","1":"product","2":"type-product","3":"status-publish","4":"has-post-thumbnail","6":"product_cat-alkaline-kitchen-wc-pipes","7":"product_cat-cleaning-chemicals","9":"first","10":"instock","11":"taxable","12":"shipping-taxable","13":"purchasable","14":"product-type-simple"},"acf":[],"yoast_head":"<!-- This site is optimized with the Yoast SEO plugin v27.3 - https:\/\/yoast.com\/product\/yoast-seo-wordpress\/ -->\n<title>Diamond Power Prewash 25L pH 11 KVDK25\/11 &#8212; Easy Star O\u00dc<\/title>\n<meta name=\"robots\" content=\"index, follow, max-snippet:-1, max-image-preview:large, max-video-preview:-1\" \/>\n<link rel=\"canonical\" href=\"https:\/\/easystar.ee\/en\/toode\/diamond-power-prewash-25l-ph-11-kvdk25-11\/\" \/>\n<meta property=\"og:locale\" content=\"en_US\" \/>\n<meta property=\"og:type\" content=\"article\" \/>\n<meta property=\"og:title\" content=\"Diamond Power Prewash 25L pH 11 KVDK25\/11 &#8212; Easy Star O\u00dc\" \/>\n<meta property=\"og:description\" content=\"T\u00f6\u00f6stuslike pindade s\u00fcvapuhastuseks ja -pesuks 25L pH 11 Puutevaba vahupesuaine \u00fcheetapiliseks kiirpesuks nii s\u00f5iduautodele kui ka rasketehnikale. Eriti tugevatoimeline vahupesuaine s\u00f5idukite ohutuks puutevabaks pesuks. Eemaldab ilma h\u00f5\u00f5rumata pinnalt t\u00e4navamustuse, \u00f5li, putukad jms ning j\u00e4tab pinna s\u00e4ravaks. Sisaldab korrosioonivastaseid \u00fchendeid, ei kahjusta alumiiniumist ja kroomist detaile. Vahugeneraatoriga tekitab tugeva ja p\u00fcsiva vahu, mis on aeglaselt kuivav. Vaht t\u00f5stab ohutuks loputuseks mustuse pinnalt lahti. T\u00e4nu tugevale kontsentratsioonile on kulu v\u00e4ga v\u00e4ike. K\u00f5rgsurve vahugeneraatoriga eellahjendada veega 1\/0-1\/10, suru\u00f5hu vahugeneraatoriga ja survepritsiga 1\/50-1\/150. Pihustada pinnale, lasta m\u00f5juda 1-2 minutit ning loputada p\u00f5hjalikult survepesuriga. Talveperioodil ja kareda vee puhul kasutada kangemat lahust. Mitte kanda liigselt soojale pinnale ega lasta pinnale kuivada! Lahus (1:20) kanistris kontsentraat\" \/>\n<meta property=\"og:url\" content=\"https:\/\/easystar.ee\/en\/toode\/diamond-power-prewash-25l-ph-11-kvdk25-11\/\" \/>\n<meta property=\"og:site_name\" content=\"Easy Star O\u00dc\" \/>\n<meta property=\"article:modified_time\" content=\"2025-10-30T01:43:54+00:00\" \/>\n<meta property=\"og:image\" content=\"https:\/\/easystar.ee\/wp-content\/uploads\/2024\/05\/KVDK25L.jpg\" \/>\n\t<meta property=\"og:image:width\" content=\"380\" \/>\n\t<meta property=\"og:image:height\" content=\"580\" \/>\n\t<meta property=\"og:image:type\" content=\"image\/jpeg\" \/>\n<meta name=\"twitter:card\" content=\"summary_large_image\" \/>\n<script type=\"application\/ld+json\" class=\"yoast-schema-graph\">{\"@context\":\"https:\\\/\\\/schema.org\",\"@graph\":[{\"@type\":\"WebPage\",\"@id\":\"https:\\\/\\\/easystar.ee\\\/en\\\/toode\\\/diamond-power-prewash-25l-ph-11-kvdk25-11\\\/\",\"url\":\"https:\\\/\\\/easystar.ee\\\/en\\\/toode\\\/diamond-power-prewash-25l-ph-11-kvdk25-11\\\/\",\"name\":\"Diamond Power Prewash 25L pH 11 KVDK25\\\/11 &#8212; Easy Star O\u00dc\",\"isPartOf\":{\"@id\":\"https:\\\/\\\/easystar.ee\\\/#website\"},\"primaryImageOfPage\":{\"@id\":\"https:\\\/\\\/easystar.ee\\\/en\\\/toode\\\/diamond-power-prewash-25l-ph-11-kvdk25-11\\\/#primaryimage\"},\"image\":{\"@id\":\"https:\\\/\\\/easystar.ee\\\/en\\\/toode\\\/diamond-power-prewash-25l-ph-11-kvdk25-11\\\/#primaryimage\"},\"thumbnailUrl\":\"https:\\\/\\\/easystar.ee\\\/wp-content\\\/uploads\\\/2024\\\/05\\\/KVDK25L.jpg\",\"datePublished\":\"2024-05-31T10:24:03+00:00\",\"dateModified\":\"2025-10-30T01:43:54+00:00\",\"breadcrumb\":{\"@id\":\"https:\\\/\\\/easystar.ee\\\/en\\\/toode\\\/diamond-power-prewash-25l-ph-11-kvdk25-11\\\/#breadcrumb\"},\"inLanguage\":\"en-US\",\"potentialAction\":[{\"@type\":\"ReadAction\",\"target\":[\"https:\\\/\\\/easystar.ee\\\/en\\\/toode\\\/diamond-power-prewash-25l-ph-11-kvdk25-11\\\/\"]}]},{\"@type\":\"ImageObject\",\"inLanguage\":\"en-US\",\"@id\":\"https:\\\/\\\/easystar.ee\\\/en\\\/toode\\\/diamond-power-prewash-25l-ph-11-kvdk25-11\\\/#primaryimage\",\"url\":\"https:\\\/\\\/easystar.ee\\\/wp-content\\\/uploads\\\/2024\\\/05\\\/KVDK25L.jpg\",\"contentUrl\":\"https:\\\/\\\/easystar.ee\\\/wp-content\\\/uploads\\\/2024\\\/05\\\/KVDK25L.jpg\",\"width\":380,\"height\":580},{\"@type\":\"BreadcrumbList\",\"@id\":\"https:\\\/\\\/easystar.ee\\\/en\\\/toode\\\/diamond-power-prewash-25l-ph-11-kvdk25-11\\\/#breadcrumb\",\"itemListElement\":[{\"@type\":\"ListItem\",\"position\":1,\"name\":\"Home\",\"item\":\"https:\\\/\\\/easystar.ee\\\/ru\\\/\"},{\"@type\":\"ListItem\",\"position\":2,\"name\":\"Shop\",\"item\":\"https:\\\/\\\/easystar.ee\\\/tooted\\\/\"},{\"@type\":\"ListItem\",\"position\":3,\"name\":\"Diamond Power Prewash 25L pH 11 KVDK25\\\/11\"}]},{\"@type\":\"WebSite\",\"@id\":\"https:\\\/\\\/easystar.ee\\\/#website\",\"url\":\"https:\\\/\\\/easystar.ee\\\/\",\"name\":\"Easystar.ee\",\"description\":\"\",\"publisher\":{\"@id\":\"https:\\\/\\\/easystar.ee\\\/#organization\"},\"alternateName\":\"Keskkonnas\u00f5bralikud pehmepaberitooted teie kontorisse\",\"potentialAction\":[{\"@type\":\"SearchAction\",\"target\":{\"@type\":\"EntryPoint\",\"urlTemplate\":\"https:\\\/\\\/easystar.ee\\\/?s={search_term_string}\"},\"query-input\":{\"@type\":\"PropertyValueSpecification\",\"valueRequired\":true,\"valueName\":\"search_term_string\"}}],\"inLanguage\":\"en-US\"},{\"@type\":\"Organization\",\"@id\":\"https:\\\/\\\/easystar.ee\\\/#organization\",\"name\":\"Easy Star O\u00dc\",\"url\":\"https:\\\/\\\/easystar.ee\\\/\",\"logo\":{\"@type\":\"ImageObject\",\"inLanguage\":\"en-US\",\"@id\":\"https:\\\/\\\/easystar.ee\\\/#\\\/schema\\\/logo\\\/image\\\/\",\"url\":\"https:\\\/\\\/easystar.ee\\\/wp-content\\\/uploads\\\/2024\\\/03\\\/easystar-logo.svg\",\"contentUrl\":\"https:\\\/\\\/easystar.ee\\\/wp-content\\\/uploads\\\/2024\\\/03\\\/easystar-logo.svg\",\"width\":2000,\"height\":2000,\"caption\":\"Easy Star O\u00dc\"},\"image\":{\"@id\":\"https:\\\/\\\/easystar.ee\\\/#\\\/schema\\\/logo\\\/image\\\/\"}}]}<\/script>\n<!-- \/ Yoast SEO plugin. -->","yoast_head_json":{"title":"Diamond Power Prewash 25L pH 11 KVDK25\/11 &#8212; Easy Star O\u00dc","robots":{"index":"index","follow":"follow","max-snippet":"max-snippet:-1","max-image-preview":"max-image-preview:large","max-video-preview":"max-video-preview:-1"},"canonical":"https:\/\/easystar.ee\/en\/toode\/diamond-power-prewash-25l-ph-11-kvdk25-11\/","og_locale":"en_US","og_type":"article","og_title":"Diamond Power Prewash 25L pH 11 KVDK25\/11 &#8212; Easy Star O\u00dc","og_description":"T\u00f6\u00f6stuslike pindade s\u00fcvapuhastuseks ja -pesuks 25L pH 11 Puutevaba vahupesuaine \u00fcheetapiliseks kiirpesuks nii s\u00f5iduautodele kui ka rasketehnikale. Eriti tugevatoimeline vahupesuaine s\u00f5idukite ohutuks puutevabaks pesuks. Eemaldab ilma h\u00f5\u00f5rumata pinnalt t\u00e4navamustuse, \u00f5li, putukad jms ning j\u00e4tab pinna s\u00e4ravaks. Sisaldab korrosioonivastaseid \u00fchendeid, ei kahjusta alumiiniumist ja kroomist detaile. Vahugeneraatoriga tekitab tugeva ja p\u00fcsiva vahu, mis on aeglaselt kuivav. Vaht t\u00f5stab ohutuks loputuseks mustuse pinnalt lahti. T\u00e4nu tugevale kontsentratsioonile on kulu v\u00e4ga v\u00e4ike. K\u00f5rgsurve vahugeneraatoriga eellahjendada veega 1\/0-1\/10, suru\u00f5hu vahugeneraatoriga ja survepritsiga 1\/50-1\/150. Pihustada pinnale, lasta m\u00f5juda 1-2 minutit ning loputada p\u00f5hjalikult survepesuriga. Talveperioodil ja kareda vee puhul kasutada kangemat lahust. Mitte kanda liigselt soojale pinnale ega lasta pinnale kuivada! Lahus (1:20) kanistris kontsentraat","og_url":"https:\/\/easystar.ee\/en\/toode\/diamond-power-prewash-25l-ph-11-kvdk25-11\/","og_site_name":"Easy Star O\u00dc","article_modified_time":"2025-10-30T01:43:54+00:00","og_image":[{"width":380,"height":580,"url":"https:\/\/easystar.ee\/wp-content\/uploads\/2024\/05\/KVDK25L.jpg","type":"image\/jpeg"}],"twitter_card":"summary_large_image","schema":{"@context":"https:\/\/schema.org","@graph":[{"@type":"WebPage","@id":"https:\/\/easystar.ee\/en\/toode\/diamond-power-prewash-25l-ph-11-kvdk25-11\/","url":"https:\/\/easystar.ee\/en\/toode\/diamond-power-prewash-25l-ph-11-kvdk25-11\/","name":"Diamond Power Prewash 25L pH 11 KVDK25\/11 &#8212; Easy Star O\u00dc","isPartOf":{"@id":"https:\/\/easystar.ee\/#website"},"primaryImageOfPage":{"@id":"https:\/\/easystar.ee\/en\/toode\/diamond-power-prewash-25l-ph-11-kvdk25-11\/#primaryimage"},"image":{"@id":"https:\/\/easystar.ee\/en\/toode\/diamond-power-prewash-25l-ph-11-kvdk25-11\/#primaryimage"},"thumbnailUrl":"https:\/\/easystar.ee\/wp-content\/uploads\/2024\/05\/KVDK25L.jpg","datePublished":"2024-05-31T10:24:03+00:00","dateModified":"2025-10-30T01:43:54+00:00","breadcrumb":{"@id":"https:\/\/easystar.ee\/en\/toode\/diamond-power-prewash-25l-ph-11-kvdk25-11\/#breadcrumb"},"inLanguage":"en-US","potentialAction":[{"@type":"ReadAction","target":["https:\/\/easystar.ee\/en\/toode\/diamond-power-prewash-25l-ph-11-kvdk25-11\/"]}]},{"@type":"ImageObject","inLanguage":"en-US","@id":"https:\/\/easystar.ee\/en\/toode\/diamond-power-prewash-25l-ph-11-kvdk25-11\/#primaryimage","url":"https:\/\/easystar.ee\/wp-content\/uploads\/2024\/05\/KVDK25L.jpg","contentUrl":"https:\/\/easystar.ee\/wp-content\/uploads\/2024\/05\/KVDK25L.jpg","width":380,"height":580},{"@type":"BreadcrumbList","@id":"https:\/\/easystar.ee\/en\/toode\/diamond-power-prewash-25l-ph-11-kvdk25-11\/#breadcrumb","itemListElement":[{"@type":"ListItem","position":1,"name":"Home","item":"https:\/\/easystar.ee\/ru\/"},{"@type":"ListItem","position":2,"name":"Shop","item":"https:\/\/easystar.ee\/tooted\/"},{"@type":"ListItem","position":3,"name":"Diamond Power Prewash 25L pH 11 KVDK25\/11"}]},{"@type":"WebSite","@id":"https:\/\/easystar.ee\/#website","url":"https:\/\/easystar.ee\/","name":"Easystar.ee","description":"","publisher":{"@id":"https:\/\/easystar.ee\/#organization"},"alternateName":"Keskkonnas\u00f5bralikud pehmepaberitooted teie kontorisse","potentialAction":[{"@type":"SearchAction","target":{"@type":"EntryPoint","urlTemplate":"https:\/\/easystar.ee\/?s={search_term_string}"},"query-input":{"@type":"PropertyValueSpecification","valueRequired":true,"valueName":"search_term_string"}}],"inLanguage":"en-US"},{"@type":"Organization","@id":"https:\/\/easystar.ee\/#organization","name":"Easy Star O\u00dc","url":"https:\/\/easystar.ee\/","logo":{"@type":"ImageObject","inLanguage":"en-US","@id":"https:\/\/easystar.ee\/#\/schema\/logo\/image\/","url":"https:\/\/easystar.ee\/wp-content\/uploads\/2024\/03\/easystar-logo.svg","contentUrl":"https:\/\/easystar.ee\/wp-content\/uploads\/2024\/03\/easystar-logo.svg","width":2000,"height":2000,"caption":"Easy Star O\u00dc"},"image":{"@id":"https:\/\/easystar.ee\/#\/schema\/logo\/image\/"}}]}},"_links":{"self":[{"href":"https:\/\/easystar.ee\/en\/wp-json\/wp\/v2\/product\/35457","targetHints":{"allow":["GET"]}}],"collection":[{"href":"https:\/\/easystar.ee\/en\/wp-json\/wp\/v2\/product"}],"about":[{"href":"https:\/\/easystar.ee\/en\/wp-json\/wp\/v2\/types\/product"}],"wp:featuredmedia":[{"embeddable":true,"href":"https:\/\/easystar.ee\/en\/wp-json\/wp\/v2\/media\/35452"}],"wp:attachment":[{"href":"https:\/\/easystar.ee\/en\/wp-json\/wp\/v2\/media?parent=35457"}],"wp:term":[{"taxonomy":"product_brand","embeddable":true,"href":"https:\/\/easystar.ee\/en\/wp-json\/wp\/v2\/product_brand?post=35457"},{"taxonomy":"product_cat","embeddable":true,"href":"https:\/\/easystar.ee\/en\/wp-json\/wp\/v2\/product_cat?post=35457"},{"taxonomy":"product_tag","embeddable":true,"href":"https:\/\/easystar.ee\/en\/wp-json\/wp\/v2\/product_tag?post=35457"}],"curies":[{"name":"wp","href":"https:\/\/api.w.org\/{rel}","templated":true}]}}