{"id":34781,"date":"2024-05-31T10:15:18","date_gmt":"2024-05-31T10:15:18","guid":{"rendered":"https:\/\/easystar.ee\/toode\/prugikott-100l-biolagunev-25tk-rull-700x1000mm-18my-kph100bio\/"},"modified":"2026-04-23T01:30:11","modified_gmt":"2026-04-23T01:30:11","slug":"prugikott-100l-biolagunev-700x1000mm-18my-25tk-rull-kph100bio","status":"publish","type":"product","link":"https:\/\/easystar.ee\/en\/toode\/prugikott-100l-biolagunev-700x1000mm-18my-25tk-rull-kph100bio\/","title":{"rendered":"Pr\u00fcgikott 100L biolagunev 700x1000mm 18my 25tk\/rull KPH100BIO"},"content":{"rendered":"","protected":false},"excerpt":{"rendered":"<p>Omadused:<br \/>\n&#8211; Biop\u00f5hine materjal: Valmistatud s\u00e4\u00e4stvast toorainest, mis aitab v\u00e4hendada keskkonnam\u00f5ju.<br \/>\n&#8211; &#8220;Clean&amp;Green&#8221; m\u00e4rgistus: Viitab keskkonnas\u00f5bralikule tootele.<br \/>\n&#8211; K\u00f5rge tihedusega pol\u00fcet\u00fcleen (HDPE): Tagab tugevuse ja vastupidavuse.<br \/>\n&#8211; Mahutavus: 100 liitrit, sobib igap\u00e4evaseks kasutamiseks.<br \/>\n&#8211; \u00d5huke, kuid vastupidav: 18 mikronit paksus tagab piisava tugevuse.<br \/>\n&#8211; Praktiline pakend: Rullpakend v\u00f5imaldab mugavat kasutamist ja hoiustamist.<br \/>\nKasutusalad:<br \/>\n&#8211; Kodune majapidamine.<br \/>\n&#8211; Kontorid.<br \/>\n&#8211; Kauplused.<br \/>\n&#8211; Muud \u00fcldised j\u00e4\u00e4tmek\u00e4itluse vajadused.<br \/>\nBiop\u00f5hised pr\u00fcgikotid on keskkonnas\u00f5bralikum valik, kuna need on valmistatud taastuvatest ressurssidest. Oluline on teada, et kuigi tegu on biop\u00f5hise tootega, siis see ei t\u00e4henda automaatselt, et toode oleks komposteeritav.<br \/>\n** Laguneb efektiivsemalt t\u00f6\u00f6stuslikes komposti tingimustes. Vastab CEN Standarditele EN 13427, EN13428, EN13430.<br \/>\nSotsiaalselt vastutustundlik UAB Gerov\u0117 aitab \u00f6koloogia edendamise ja &#8220;rohelise&#8221; liikumise toetamise kaudu v\u00e4hendada j\u00e4\u00e4tmete m\u00f5ju keskkonnale mitte ainult j\u00e4\u00e4tmete sorteerimise ja materjalide ringlussev\u00f5tu edendamise kaudu, vaid pakub ka alternatiivi, mis v\u00f5ib v\u00e4hendada j\u00e4\u00e4tmete teket. Pr\u00fcgikotid on valmistatud sertifitseeritud biolagunevast toorainest BioBatch, mis vastab Euroopa Liidu standardile EN-13432. Biopr\u00fcgikotte pakkuva UAB &#8220;Gerov\u0117&#8221; eesm\u00e4rk pole mitte ainult tootevaliku laiendamine, vaid ka tarbijatele v\u00f5imalus valida keskkonnas\u00f5braliku alternatiivina pol\u00fcet\u00fcleenkottidele \u00f6koloogilised ja t\u00e4ielikult lagunevad kotid.<\/p>\n","protected":false},"featured_media":39237,"template":"","meta":{"_acf_changed":false},"product_brand":[],"product_cat":[1899,1900],"product_tag":[],"class_list":{"0":"post-34781","1":"product","2":"type-product","3":"status-publish","4":"has-post-thumbnail","6":"product_cat-bio-bin-bags","7":"product_cat-kp-bin-bags","9":"first","10":"instock","11":"taxable","12":"shipping-taxable","13":"purchasable","14":"product-type-simple"},"acf":[],"yoast_head":"<!-- This site is optimized with the Yoast SEO plugin v27.5 - https:\/\/yoast.com\/product\/yoast-seo-wordpress\/ -->\n<title>Pr\u00fcgikott 100L biolagunev 700x1000mm 18my 25tk\/rull KPH100BIO &#8212; Easy Star O\u00dc<\/title>\n<meta name=\"robots\" content=\"index, follow, max-snippet:-1, max-image-preview:large, max-video-preview:-1\" \/>\n<link rel=\"canonical\" href=\"https:\/\/easystar.ee\/toode\/prugikott-100l-biolagunev-700x1000mm-18my-25tk-rull-kph100bio\/\" \/>\n<meta property=\"og:locale\" content=\"en_US\" \/>\n<meta property=\"og:type\" content=\"article\" \/>\n<meta property=\"og:title\" content=\"Pr\u00fcgikott 100L biolagunev 700x1000mm 18my 25tk\/rull KPH100BIO &#8212; Easy Star O\u00dc\" \/>\n<meta property=\"og:description\" content=\"Omadused: - Biop\u00f5hine materjal: Valmistatud s\u00e4\u00e4stvast toorainest, mis aitab v\u00e4hendada keskkonnam\u00f5ju. - &quot;Clean&amp;Green&quot; m\u00e4rgistus: Viitab keskkonnas\u00f5bralikule tootele. - K\u00f5rge tihedusega pol\u00fcet\u00fcleen (HDPE): Tagab tugevuse ja vastupidavuse. - Mahutavus: 100 liitrit, sobib igap\u00e4evaseks kasutamiseks. - \u00d5huke, kuid vastupidav: 18 mikronit paksus tagab piisava tugevuse. - Praktiline pakend: Rullpakend v\u00f5imaldab mugavat kasutamist ja hoiustamist. Kasutusalad: - Kodune majapidamine. - Kontorid. - Kauplused. - Muud \u00fcldised j\u00e4\u00e4tmek\u00e4itluse vajadused. Biop\u00f5hised pr\u00fcgikotid on keskkonnas\u00f5bralikum valik, kuna need on valmistatud taastuvatest ressurssidest. Oluline on teada, et kuigi tegu on biop\u00f5hise tootega, siis see ei t\u00e4henda automaatselt, et toode oleks komposteeritav. ** Laguneb efektiivsemalt t\u00f6\u00f6stuslikes komposti tingimustes. Vastab CEN Standarditele EN 13427, EN13428, EN13430. Sotsiaalselt vastutustundlik UAB Gerov\u0117 aitab \u00f6koloogia edendamise ja &quot;rohelise&quot; liikumise toetamise kaudu v\u00e4hendada j\u00e4\u00e4tmete m\u00f5ju keskkonnale mitte ainult j\u00e4\u00e4tmete sorteerimise ja materjalide ringlussev\u00f5tu edendamise kaudu, vaid pakub ka alternatiivi, mis v\u00f5ib v\u00e4hendada j\u00e4\u00e4tmete teket. Pr\u00fcgikotid on valmistatud sertifitseeritud biolagunevast toorainest BioBatch, mis vastab Euroopa Liidu standardile EN-13432. Biopr\u00fcgikotte pakkuva UAB &quot;Gerov\u0117&quot; eesm\u00e4rk pole mitte ainult tootevaliku laiendamine, vaid ka tarbijatele v\u00f5imalus valida keskkonnas\u00f5braliku alternatiivina pol\u00fcet\u00fcleenkottidele \u00f6koloogilised ja t\u00e4ielikult lagunevad kotid.\" \/>\n<meta property=\"og:url\" content=\"https:\/\/easystar.ee\/toode\/prugikott-100l-biolagunev-700x1000mm-18my-25tk-rull-kph100bio\/\" \/>\n<meta property=\"og:site_name\" content=\"Easy Star O\u00dc\" \/>\n<meta property=\"article:modified_time\" content=\"2026-04-23T01:30:11+00:00\" \/>\n<meta property=\"og:image\" content=\"https:\/\/easystar.ee\/wp-content\/uploads\/2024\/06\/4771367000588.jpg\" \/>\n\t<meta property=\"og:image:width\" content=\"176\" \/>\n\t<meta property=\"og:image:height\" content=\"273\" \/>\n\t<meta property=\"og:image:type\" content=\"image\/jpeg\" \/>\n<meta name=\"twitter:card\" content=\"summary_large_image\" \/>\n<script type=\"application\/ld+json\" class=\"yoast-schema-graph\">{\"@context\":\"https:\\\/\\\/schema.org\",\"@graph\":[{\"@type\":\"WebPage\",\"@id\":\"https:\\\/\\\/easystar.ee\\\/toode\\\/prugikott-100l-biolagunev-700x1000mm-18my-25tk-rull-kph100bio\\\/\",\"url\":\"https:\\\/\\\/easystar.ee\\\/toode\\\/prugikott-100l-biolagunev-700x1000mm-18my-25tk-rull-kph100bio\\\/\",\"name\":\"Pr\u00fcgikott 100L biolagunev 700x1000mm 18my 25tk\\\/rull KPH100BIO &#8212; Easy Star O\u00dc\",\"isPartOf\":{\"@id\":\"https:\\\/\\\/easystar.ee\\\/#website\"},\"primaryImageOfPage\":{\"@id\":\"https:\\\/\\\/easystar.ee\\\/toode\\\/prugikott-100l-biolagunev-700x1000mm-18my-25tk-rull-kph100bio\\\/#primaryimage\"},\"image\":{\"@id\":\"https:\\\/\\\/easystar.ee\\\/toode\\\/prugikott-100l-biolagunev-700x1000mm-18my-25tk-rull-kph100bio\\\/#primaryimage\"},\"thumbnailUrl\":\"https:\\\/\\\/easystar.ee\\\/wp-content\\\/uploads\\\/2024\\\/06\\\/4771367000588.jpg\",\"datePublished\":\"2024-05-31T10:15:18+00:00\",\"dateModified\":\"2026-04-23T01:30:11+00:00\",\"breadcrumb\":{\"@id\":\"https:\\\/\\\/easystar.ee\\\/toode\\\/prugikott-100l-biolagunev-700x1000mm-18my-25tk-rull-kph100bio\\\/#breadcrumb\"},\"inLanguage\":\"en-US\",\"potentialAction\":[{\"@type\":\"ReadAction\",\"target\":[\"https:\\\/\\\/easystar.ee\\\/toode\\\/prugikott-100l-biolagunev-700x1000mm-18my-25tk-rull-kph100bio\\\/\"]}]},{\"@type\":\"ImageObject\",\"inLanguage\":\"en-US\",\"@id\":\"https:\\\/\\\/easystar.ee\\\/toode\\\/prugikott-100l-biolagunev-700x1000mm-18my-25tk-rull-kph100bio\\\/#primaryimage\",\"url\":\"https:\\\/\\\/easystar.ee\\\/wp-content\\\/uploads\\\/2024\\\/06\\\/4771367000588.jpg\",\"contentUrl\":\"https:\\\/\\\/easystar.ee\\\/wp-content\\\/uploads\\\/2024\\\/06\\\/4771367000588.jpg\",\"width\":176,\"height\":273},{\"@type\":\"BreadcrumbList\",\"@id\":\"https:\\\/\\\/easystar.ee\\\/toode\\\/prugikott-100l-biolagunev-700x1000mm-18my-25tk-rull-kph100bio\\\/#breadcrumb\",\"itemListElement\":[{\"@type\":\"ListItem\",\"position\":1,\"name\":\"Home\",\"item\":\"https:\\\/\\\/easystar.ee\\\/ru\\\/\"},{\"@type\":\"ListItem\",\"position\":2,\"name\":\"Shop\",\"item\":\"https:\\\/\\\/easystar.ee\\\/tooted\\\/\"},{\"@type\":\"ListItem\",\"position\":3,\"name\":\"Pr\u00fcgikott 100L biolagunev 700x1000mm 18my 25tk\\\/rull KPH100BIO\"}]},{\"@type\":\"WebSite\",\"@id\":\"https:\\\/\\\/easystar.ee\\\/#website\",\"url\":\"https:\\\/\\\/easystar.ee\\\/\",\"name\":\"Easystar.ee\",\"description\":\"\",\"publisher\":{\"@id\":\"https:\\\/\\\/easystar.ee\\\/#organization\"},\"alternateName\":\"Keskkonnas\u00f5bralikud pehmepaberitooted teie kontorisse\",\"potentialAction\":[{\"@type\":\"SearchAction\",\"target\":{\"@type\":\"EntryPoint\",\"urlTemplate\":\"https:\\\/\\\/easystar.ee\\\/?s={search_term_string}\"},\"query-input\":{\"@type\":\"PropertyValueSpecification\",\"valueRequired\":true,\"valueName\":\"search_term_string\"}}],\"inLanguage\":\"en-US\"},{\"@type\":\"Organization\",\"@id\":\"https:\\\/\\\/easystar.ee\\\/#organization\",\"name\":\"Easy Star O\u00dc\",\"url\":\"https:\\\/\\\/easystar.ee\\\/\",\"logo\":{\"@type\":\"ImageObject\",\"inLanguage\":\"en-US\",\"@id\":\"https:\\\/\\\/easystar.ee\\\/#\\\/schema\\\/logo\\\/image\\\/\",\"url\":\"https:\\\/\\\/easystar.ee\\\/wp-content\\\/uploads\\\/2024\\\/03\\\/easystar-logo.svg\",\"contentUrl\":\"https:\\\/\\\/easystar.ee\\\/wp-content\\\/uploads\\\/2024\\\/03\\\/easystar-logo.svg\",\"width\":2000,\"height\":2000,\"caption\":\"Easy Star O\u00dc\"},\"image\":{\"@id\":\"https:\\\/\\\/easystar.ee\\\/#\\\/schema\\\/logo\\\/image\\\/\"}}]}<\/script>\n<!-- \/ Yoast SEO plugin. -->","yoast_head_json":{"title":"Pr\u00fcgikott 100L biolagunev 700x1000mm 18my 25tk\/rull KPH100BIO &#8212; Easy Star O\u00dc","robots":{"index":"index","follow":"follow","max-snippet":"max-snippet:-1","max-image-preview":"max-image-preview:large","max-video-preview":"max-video-preview:-1"},"canonical":"https:\/\/easystar.ee\/toode\/prugikott-100l-biolagunev-700x1000mm-18my-25tk-rull-kph100bio\/","og_locale":"en_US","og_type":"article","og_title":"Pr\u00fcgikott 100L biolagunev 700x1000mm 18my 25tk\/rull KPH100BIO &#8212; Easy Star O\u00dc","og_description":"Omadused: - Biop\u00f5hine materjal: Valmistatud s\u00e4\u00e4stvast toorainest, mis aitab v\u00e4hendada keskkonnam\u00f5ju. - \"Clean&amp;Green\" m\u00e4rgistus: Viitab keskkonnas\u00f5bralikule tootele. - K\u00f5rge tihedusega pol\u00fcet\u00fcleen (HDPE): Tagab tugevuse ja vastupidavuse. - Mahutavus: 100 liitrit, sobib igap\u00e4evaseks kasutamiseks. - \u00d5huke, kuid vastupidav: 18 mikronit paksus tagab piisava tugevuse. - Praktiline pakend: Rullpakend v\u00f5imaldab mugavat kasutamist ja hoiustamist. Kasutusalad: - Kodune majapidamine. - Kontorid. - Kauplused. - Muud \u00fcldised j\u00e4\u00e4tmek\u00e4itluse vajadused. Biop\u00f5hised pr\u00fcgikotid on keskkonnas\u00f5bralikum valik, kuna need on valmistatud taastuvatest ressurssidest. Oluline on teada, et kuigi tegu on biop\u00f5hise tootega, siis see ei t\u00e4henda automaatselt, et toode oleks komposteeritav. ** Laguneb efektiivsemalt t\u00f6\u00f6stuslikes komposti tingimustes. Vastab CEN Standarditele EN 13427, EN13428, EN13430. Sotsiaalselt vastutustundlik UAB Gerov\u0117 aitab \u00f6koloogia edendamise ja \"rohelise\" liikumise toetamise kaudu v\u00e4hendada j\u00e4\u00e4tmete m\u00f5ju keskkonnale mitte ainult j\u00e4\u00e4tmete sorteerimise ja materjalide ringlussev\u00f5tu edendamise kaudu, vaid pakub ka alternatiivi, mis v\u00f5ib v\u00e4hendada j\u00e4\u00e4tmete teket. Pr\u00fcgikotid on valmistatud sertifitseeritud biolagunevast toorainest BioBatch, mis vastab Euroopa Liidu standardile EN-13432. Biopr\u00fcgikotte pakkuva UAB \"Gerov\u0117\" eesm\u00e4rk pole mitte ainult tootevaliku laiendamine, vaid ka tarbijatele v\u00f5imalus valida keskkonnas\u00f5braliku alternatiivina pol\u00fcet\u00fcleenkottidele \u00f6koloogilised ja t\u00e4ielikult lagunevad kotid.","og_url":"https:\/\/easystar.ee\/toode\/prugikott-100l-biolagunev-700x1000mm-18my-25tk-rull-kph100bio\/","og_site_name":"Easy Star O\u00dc","article_modified_time":"2026-04-23T01:30:11+00:00","og_image":[{"width":176,"height":273,"url":"https:\/\/easystar.ee\/wp-content\/uploads\/2024\/06\/4771367000588.jpg","type":"image\/jpeg"}],"twitter_card":"summary_large_image","schema":{"@context":"https:\/\/schema.org","@graph":[{"@type":"WebPage","@id":"https:\/\/easystar.ee\/toode\/prugikott-100l-biolagunev-700x1000mm-18my-25tk-rull-kph100bio\/","url":"https:\/\/easystar.ee\/toode\/prugikott-100l-biolagunev-700x1000mm-18my-25tk-rull-kph100bio\/","name":"Pr\u00fcgikott 100L biolagunev 700x1000mm 18my 25tk\/rull KPH100BIO &#8212; Easy Star O\u00dc","isPartOf":{"@id":"https:\/\/easystar.ee\/#website"},"primaryImageOfPage":{"@id":"https:\/\/easystar.ee\/toode\/prugikott-100l-biolagunev-700x1000mm-18my-25tk-rull-kph100bio\/#primaryimage"},"image":{"@id":"https:\/\/easystar.ee\/toode\/prugikott-100l-biolagunev-700x1000mm-18my-25tk-rull-kph100bio\/#primaryimage"},"thumbnailUrl":"https:\/\/easystar.ee\/wp-content\/uploads\/2024\/06\/4771367000588.jpg","datePublished":"2024-05-31T10:15:18+00:00","dateModified":"2026-04-23T01:30:11+00:00","breadcrumb":{"@id":"https:\/\/easystar.ee\/toode\/prugikott-100l-biolagunev-700x1000mm-18my-25tk-rull-kph100bio\/#breadcrumb"},"inLanguage":"en-US","potentialAction":[{"@type":"ReadAction","target":["https:\/\/easystar.ee\/toode\/prugikott-100l-biolagunev-700x1000mm-18my-25tk-rull-kph100bio\/"]}]},{"@type":"ImageObject","inLanguage":"en-US","@id":"https:\/\/easystar.ee\/toode\/prugikott-100l-biolagunev-700x1000mm-18my-25tk-rull-kph100bio\/#primaryimage","url":"https:\/\/easystar.ee\/wp-content\/uploads\/2024\/06\/4771367000588.jpg","contentUrl":"https:\/\/easystar.ee\/wp-content\/uploads\/2024\/06\/4771367000588.jpg","width":176,"height":273},{"@type":"BreadcrumbList","@id":"https:\/\/easystar.ee\/toode\/prugikott-100l-biolagunev-700x1000mm-18my-25tk-rull-kph100bio\/#breadcrumb","itemListElement":[{"@type":"ListItem","position":1,"name":"Home","item":"https:\/\/easystar.ee\/ru\/"},{"@type":"ListItem","position":2,"name":"Shop","item":"https:\/\/easystar.ee\/tooted\/"},{"@type":"ListItem","position":3,"name":"Pr\u00fcgikott 100L biolagunev 700x1000mm 18my 25tk\/rull KPH100BIO"}]},{"@type":"WebSite","@id":"https:\/\/easystar.ee\/#website","url":"https:\/\/easystar.ee\/","name":"Easystar.ee","description":"","publisher":{"@id":"https:\/\/easystar.ee\/#organization"},"alternateName":"Keskkonnas\u00f5bralikud pehmepaberitooted teie kontorisse","potentialAction":[{"@type":"SearchAction","target":{"@type":"EntryPoint","urlTemplate":"https:\/\/easystar.ee\/?s={search_term_string}"},"query-input":{"@type":"PropertyValueSpecification","valueRequired":true,"valueName":"search_term_string"}}],"inLanguage":"en-US"},{"@type":"Organization","@id":"https:\/\/easystar.ee\/#organization","name":"Easy Star O\u00dc","url":"https:\/\/easystar.ee\/","logo":{"@type":"ImageObject","inLanguage":"en-US","@id":"https:\/\/easystar.ee\/#\/schema\/logo\/image\/","url":"https:\/\/easystar.ee\/wp-content\/uploads\/2024\/03\/easystar-logo.svg","contentUrl":"https:\/\/easystar.ee\/wp-content\/uploads\/2024\/03\/easystar-logo.svg","width":2000,"height":2000,"caption":"Easy Star O\u00dc"},"image":{"@id":"https:\/\/easystar.ee\/#\/schema\/logo\/image\/"}}]}},"_links":{"self":[{"href":"https:\/\/easystar.ee\/en\/wp-json\/wp\/v2\/product\/34781","targetHints":{"allow":["GET"]}}],"collection":[{"href":"https:\/\/easystar.ee\/en\/wp-json\/wp\/v2\/product"}],"about":[{"href":"https:\/\/easystar.ee\/en\/wp-json\/wp\/v2\/types\/product"}],"wp:featuredmedia":[{"embeddable":true,"href":"https:\/\/easystar.ee\/en\/wp-json\/wp\/v2\/media\/39237"}],"wp:attachment":[{"href":"https:\/\/easystar.ee\/en\/wp-json\/wp\/v2\/media?parent=34781"}],"wp:term":[{"taxonomy":"product_brand","embeddable":true,"href":"https:\/\/easystar.ee\/en\/wp-json\/wp\/v2\/product_brand?post=34781"},{"taxonomy":"product_cat","embeddable":true,"href":"https:\/\/easystar.ee\/en\/wp-json\/wp\/v2\/product_cat?post=34781"},{"taxonomy":"product_tag","embeddable":true,"href":"https:\/\/easystar.ee\/en\/wp-json\/wp\/v2\/product_tag?post=34781"}],"curies":[{"name":"wp","href":"https:\/\/api.w.org\/{rel}","templated":true}]}}