{"id":34637,"date":"2024-05-31T10:13:58","date_gmt":"2024-05-31T10:13:58","guid":{"rendered":"https:\/\/easystar.ee\/toode\/sanet-alkastar-aluseline-san-ruumide-puhastusaine-5l-kd712472\/"},"modified":"2026-01-27T01:30:07","modified_gmt":"2026-01-27T01:30:07","slug":"sanet-alkastar-aluseline-san-ruumide-puhastusaine-5l-kd712472","status":"publish","type":"product","link":"https:\/\/easystar.ee\/en\/toode\/sanet-alkastar-aluseline-san-ruumide-puhastusaine-5l-kd712472\/","title":{"rendered":"SANET alkastar aluseline san.ruumide puhastusaine 5L KD712472"},"content":{"rendered":"","protected":false},"excerpt":{"rendered":"<p>SANET alkastar on aluseline sanitaartehniline hooldusvahend, mis ei sisalda happeid ega kloori. See muudab toote erakordselt materiaalseks ja keskkonnas\u00f5bralikuks. Bioloogilisi ts\u00fckleid austades hoolitseb see inimeste tervise ja koristajate ohutuse eest. Suurendades samal ajal t\u00f6\u00f6ohutust ja vaatamata materjalide \u00fchilduvusele, n\u00e4itab SANET alkastar silmapaistvaid puhastustulemusi, eriti \u00f5lise ja rasvase m\u00e4\u00e4rdumise vastu happetundlikes sanitaaraladel. Lihtsad puhastusprotseduurid ja madal toote tarbimine suurendavad tootlikkust. Peamiselt taastuvatest ressurssidest koosnev SANET alkastar v\u00f5tab vastutuse tulevaste p\u00f5lvkondade eest. SANET alkastar on leeliseline hooldav sanitaarpuhasti, mis ei sisalda happeid ega kloriine. Seega on toode \u00fclimalt materjali- ja keskkonnas\u00f5bralik. Bioloogilisi ts\u00fckleid j\u00e4rgiv toode on ohutu inimestele ja puhastust\u00f6\u00f6tajatele. Kuigi t\u00f6\u00f6ohutust parandav SANET alkastar sobib paljudele materjalidele, on tema eriti tugevaks k\u00fcljeks \u00f5lised ja rasvased pinnad happetundlikes sanitaaralades. Lihtne puhastamine ja v\u00e4hene tootekulu suurendavad t\u00f5husust. Peamiselt taastuvatest ressurssidest valmistatud SANET alkastar tunnistab oma vastutust tulevaste generatsioonide ees. SANET alkastar sobib k\u00f5ikidele veekindlatele pindadele, nt email, kroom, portselan, keraamilised plaadid, plast, v\u00e4rvitud pinnad ja marmor. Sobib ka plastidele (nt akr\u00fc\u00fclklaas, pol\u00fcamiidid, Corian), vaheseintele, kraanikaussidele, du\u0161iseintele, m\u00f6\u00f6blile, katetele, armatuuridele, v\u00e4rvitud detailidele, ukse k\u00e4epidemetele, k\u00e4sipuudele ja rinnatistele. pH 11<\/p>\n","protected":false},"featured_media":34629,"template":"","meta":{"_acf_changed":false},"product_brand":[],"product_cat":[1829,1884],"product_tag":[],"class_list":{"0":"post-34637","1":"product","2":"type-product","3":"status-publish","4":"has-post-thumbnail","6":"product_cat-cleaning-chemicals","7":"product_cat-tana-bio-cleaning-chemicals","9":"first","10":"instock","11":"taxable","12":"shipping-taxable","13":"purchasable","14":"product-type-simple"},"acf":[],"yoast_head":"<!-- This site is optimized with the Yoast SEO plugin v27.5 - https:\/\/yoast.com\/product\/yoast-seo-wordpress\/ -->\n<title>SANET alkastar aluseline san.ruumide puhastusaine 5L KD712472 &#8212; Easy Star O\u00dc<\/title>\n<meta name=\"robots\" content=\"index, follow, max-snippet:-1, max-image-preview:large, max-video-preview:-1\" \/>\n<link rel=\"canonical\" href=\"https:\/\/easystar.ee\/toode\/sanet-alkastar-aluseline-san-ruumide-puhastusaine-5l-kd712472\/\" \/>\n<meta property=\"og:locale\" content=\"en_US\" \/>\n<meta property=\"og:type\" content=\"article\" \/>\n<meta property=\"og:title\" content=\"SANET alkastar aluseline san.ruumide puhastusaine 5L KD712472 &#8212; Easy Star O\u00dc\" \/>\n<meta property=\"og:description\" content=\"SANET alkastar on aluseline sanitaartehniline hooldusvahend, mis ei sisalda happeid ega kloori. See muudab toote erakordselt materiaalseks ja keskkonnas\u00f5bralikuks. Bioloogilisi ts\u00fckleid austades hoolitseb see inimeste tervise ja koristajate ohutuse eest. Suurendades samal ajal t\u00f6\u00f6ohutust ja vaatamata materjalide \u00fchilduvusele, n\u00e4itab SANET alkastar silmapaistvaid puhastustulemusi, eriti \u00f5lise ja rasvase m\u00e4\u00e4rdumise vastu happetundlikes sanitaaraladel. Lihtsad puhastusprotseduurid ja madal toote tarbimine suurendavad tootlikkust. Peamiselt taastuvatest ressurssidest koosnev SANET alkastar v\u00f5tab vastutuse tulevaste p\u00f5lvkondade eest. SANET alkastar on leeliseline hooldav sanitaarpuhasti, mis ei sisalda happeid ega kloriine. Seega on toode \u00fclimalt materjali- ja keskkonnas\u00f5bralik. Bioloogilisi ts\u00fckleid j\u00e4rgiv toode on ohutu inimestele ja puhastust\u00f6\u00f6tajatele. Kuigi t\u00f6\u00f6ohutust parandav SANET alkastar sobib paljudele materjalidele, on tema eriti tugevaks k\u00fcljeks \u00f5lised ja rasvased pinnad happetundlikes sanitaaralades. Lihtne puhastamine ja v\u00e4hene tootekulu suurendavad t\u00f5husust. Peamiselt taastuvatest ressurssidest valmistatud SANET alkastar tunnistab oma vastutust tulevaste generatsioonide ees. SANET alkastar sobib k\u00f5ikidele veekindlatele pindadele, nt email, kroom, portselan, keraamilised plaadid, plast, v\u00e4rvitud pinnad ja marmor. Sobib ka plastidele (nt akr\u00fc\u00fclklaas, pol\u00fcamiidid, Corian), vaheseintele, kraanikaussidele, du\u0161iseintele, m\u00f6\u00f6blile, katetele, armatuuridele, v\u00e4rvitud detailidele, ukse k\u00e4epidemetele, k\u00e4sipuudele ja rinnatistele. pH 11\" \/>\n<meta property=\"og:url\" content=\"https:\/\/easystar.ee\/toode\/sanet-alkastar-aluseline-san-ruumide-puhastusaine-5l-kd712472\/\" \/>\n<meta property=\"og:site_name\" content=\"Easy Star O\u00dc\" \/>\n<meta property=\"article:modified_time\" content=\"2026-01-27T01:30:07+00:00\" \/>\n<meta property=\"og:image\" content=\"https:\/\/easystar.ee\/wp-content\/uploads\/2024\/05\/712472.jpg\" \/>\n\t<meta property=\"og:image:width\" content=\"161\" \/>\n\t<meta property=\"og:image:height\" content=\"263\" \/>\n\t<meta property=\"og:image:type\" content=\"image\/jpeg\" \/>\n<meta name=\"twitter:card\" content=\"summary_large_image\" \/>\n<script type=\"application\/ld+json\" class=\"yoast-schema-graph\">{\"@context\":\"https:\\\/\\\/schema.org\",\"@graph\":[{\"@type\":\"WebPage\",\"@id\":\"https:\\\/\\\/easystar.ee\\\/toode\\\/sanet-alkastar-aluseline-san-ruumide-puhastusaine-5l-kd712472\\\/\",\"url\":\"https:\\\/\\\/easystar.ee\\\/toode\\\/sanet-alkastar-aluseline-san-ruumide-puhastusaine-5l-kd712472\\\/\",\"name\":\"SANET alkastar aluseline san.ruumide puhastusaine 5L KD712472 &#8212; Easy Star O\u00dc\",\"isPartOf\":{\"@id\":\"https:\\\/\\\/easystar.ee\\\/#website\"},\"primaryImageOfPage\":{\"@id\":\"https:\\\/\\\/easystar.ee\\\/toode\\\/sanet-alkastar-aluseline-san-ruumide-puhastusaine-5l-kd712472\\\/#primaryimage\"},\"image\":{\"@id\":\"https:\\\/\\\/easystar.ee\\\/toode\\\/sanet-alkastar-aluseline-san-ruumide-puhastusaine-5l-kd712472\\\/#primaryimage\"},\"thumbnailUrl\":\"https:\\\/\\\/easystar.ee\\\/wp-content\\\/uploads\\\/2024\\\/05\\\/712472.jpg\",\"datePublished\":\"2024-05-31T10:13:58+00:00\",\"dateModified\":\"2026-01-27T01:30:07+00:00\",\"breadcrumb\":{\"@id\":\"https:\\\/\\\/easystar.ee\\\/toode\\\/sanet-alkastar-aluseline-san-ruumide-puhastusaine-5l-kd712472\\\/#breadcrumb\"},\"inLanguage\":\"en-US\",\"potentialAction\":[{\"@type\":\"ReadAction\",\"target\":[\"https:\\\/\\\/easystar.ee\\\/toode\\\/sanet-alkastar-aluseline-san-ruumide-puhastusaine-5l-kd712472\\\/\"]}]},{\"@type\":\"ImageObject\",\"inLanguage\":\"en-US\",\"@id\":\"https:\\\/\\\/easystar.ee\\\/toode\\\/sanet-alkastar-aluseline-san-ruumide-puhastusaine-5l-kd712472\\\/#primaryimage\",\"url\":\"https:\\\/\\\/easystar.ee\\\/wp-content\\\/uploads\\\/2024\\\/05\\\/712472.jpg\",\"contentUrl\":\"https:\\\/\\\/easystar.ee\\\/wp-content\\\/uploads\\\/2024\\\/05\\\/712472.jpg\",\"width\":161,\"height\":263},{\"@type\":\"BreadcrumbList\",\"@id\":\"https:\\\/\\\/easystar.ee\\\/toode\\\/sanet-alkastar-aluseline-san-ruumide-puhastusaine-5l-kd712472\\\/#breadcrumb\",\"itemListElement\":[{\"@type\":\"ListItem\",\"position\":1,\"name\":\"Home\",\"item\":\"https:\\\/\\\/easystar.ee\\\/ru\\\/\"},{\"@type\":\"ListItem\",\"position\":2,\"name\":\"Shop\",\"item\":\"https:\\\/\\\/easystar.ee\\\/tooted\\\/\"},{\"@type\":\"ListItem\",\"position\":3,\"name\":\"SANET alkastar aluseline san.ruumide puhastusaine 5L KD712472\"}]},{\"@type\":\"WebSite\",\"@id\":\"https:\\\/\\\/easystar.ee\\\/#website\",\"url\":\"https:\\\/\\\/easystar.ee\\\/\",\"name\":\"Easystar.ee\",\"description\":\"\",\"publisher\":{\"@id\":\"https:\\\/\\\/easystar.ee\\\/#organization\"},\"alternateName\":\"Keskkonnas\u00f5bralikud pehmepaberitooted teie kontorisse\",\"potentialAction\":[{\"@type\":\"SearchAction\",\"target\":{\"@type\":\"EntryPoint\",\"urlTemplate\":\"https:\\\/\\\/easystar.ee\\\/?s={search_term_string}\"},\"query-input\":{\"@type\":\"PropertyValueSpecification\",\"valueRequired\":true,\"valueName\":\"search_term_string\"}}],\"inLanguage\":\"en-US\"},{\"@type\":\"Organization\",\"@id\":\"https:\\\/\\\/easystar.ee\\\/#organization\",\"name\":\"Easy Star O\u00dc\",\"url\":\"https:\\\/\\\/easystar.ee\\\/\",\"logo\":{\"@type\":\"ImageObject\",\"inLanguage\":\"en-US\",\"@id\":\"https:\\\/\\\/easystar.ee\\\/#\\\/schema\\\/logo\\\/image\\\/\",\"url\":\"https:\\\/\\\/easystar.ee\\\/wp-content\\\/uploads\\\/2024\\\/03\\\/easystar-logo.svg\",\"contentUrl\":\"https:\\\/\\\/easystar.ee\\\/wp-content\\\/uploads\\\/2024\\\/03\\\/easystar-logo.svg\",\"width\":2000,\"height\":2000,\"caption\":\"Easy Star O\u00dc\"},\"image\":{\"@id\":\"https:\\\/\\\/easystar.ee\\\/#\\\/schema\\\/logo\\\/image\\\/\"}}]}<\/script>\n<!-- \/ Yoast SEO plugin. -->","yoast_head_json":{"title":"SANET alkastar aluseline san.ruumide puhastusaine 5L KD712472 &#8212; Easy Star O\u00dc","robots":{"index":"index","follow":"follow","max-snippet":"max-snippet:-1","max-image-preview":"max-image-preview:large","max-video-preview":"max-video-preview:-1"},"canonical":"https:\/\/easystar.ee\/toode\/sanet-alkastar-aluseline-san-ruumide-puhastusaine-5l-kd712472\/","og_locale":"en_US","og_type":"article","og_title":"SANET alkastar aluseline san.ruumide puhastusaine 5L KD712472 &#8212; Easy Star O\u00dc","og_description":"SANET alkastar on aluseline sanitaartehniline hooldusvahend, mis ei sisalda happeid ega kloori. See muudab toote erakordselt materiaalseks ja keskkonnas\u00f5bralikuks. Bioloogilisi ts\u00fckleid austades hoolitseb see inimeste tervise ja koristajate ohutuse eest. Suurendades samal ajal t\u00f6\u00f6ohutust ja vaatamata materjalide \u00fchilduvusele, n\u00e4itab SANET alkastar silmapaistvaid puhastustulemusi, eriti \u00f5lise ja rasvase m\u00e4\u00e4rdumise vastu happetundlikes sanitaaraladel. Lihtsad puhastusprotseduurid ja madal toote tarbimine suurendavad tootlikkust. Peamiselt taastuvatest ressurssidest koosnev SANET alkastar v\u00f5tab vastutuse tulevaste p\u00f5lvkondade eest. SANET alkastar on leeliseline hooldav sanitaarpuhasti, mis ei sisalda happeid ega kloriine. Seega on toode \u00fclimalt materjali- ja keskkonnas\u00f5bralik. Bioloogilisi ts\u00fckleid j\u00e4rgiv toode on ohutu inimestele ja puhastust\u00f6\u00f6tajatele. Kuigi t\u00f6\u00f6ohutust parandav SANET alkastar sobib paljudele materjalidele, on tema eriti tugevaks k\u00fcljeks \u00f5lised ja rasvased pinnad happetundlikes sanitaaralades. Lihtne puhastamine ja v\u00e4hene tootekulu suurendavad t\u00f5husust. Peamiselt taastuvatest ressurssidest valmistatud SANET alkastar tunnistab oma vastutust tulevaste generatsioonide ees. SANET alkastar sobib k\u00f5ikidele veekindlatele pindadele, nt email, kroom, portselan, keraamilised plaadid, plast, v\u00e4rvitud pinnad ja marmor. Sobib ka plastidele (nt akr\u00fc\u00fclklaas, pol\u00fcamiidid, Corian), vaheseintele, kraanikaussidele, du\u0161iseintele, m\u00f6\u00f6blile, katetele, armatuuridele, v\u00e4rvitud detailidele, ukse k\u00e4epidemetele, k\u00e4sipuudele ja rinnatistele. pH 11","og_url":"https:\/\/easystar.ee\/toode\/sanet-alkastar-aluseline-san-ruumide-puhastusaine-5l-kd712472\/","og_site_name":"Easy Star O\u00dc","article_modified_time":"2026-01-27T01:30:07+00:00","og_image":[{"width":161,"height":263,"url":"https:\/\/easystar.ee\/wp-content\/uploads\/2024\/05\/712472.jpg","type":"image\/jpeg"}],"twitter_card":"summary_large_image","schema":{"@context":"https:\/\/schema.org","@graph":[{"@type":"WebPage","@id":"https:\/\/easystar.ee\/toode\/sanet-alkastar-aluseline-san-ruumide-puhastusaine-5l-kd712472\/","url":"https:\/\/easystar.ee\/toode\/sanet-alkastar-aluseline-san-ruumide-puhastusaine-5l-kd712472\/","name":"SANET alkastar aluseline san.ruumide puhastusaine 5L KD712472 &#8212; Easy Star O\u00dc","isPartOf":{"@id":"https:\/\/easystar.ee\/#website"},"primaryImageOfPage":{"@id":"https:\/\/easystar.ee\/toode\/sanet-alkastar-aluseline-san-ruumide-puhastusaine-5l-kd712472\/#primaryimage"},"image":{"@id":"https:\/\/easystar.ee\/toode\/sanet-alkastar-aluseline-san-ruumide-puhastusaine-5l-kd712472\/#primaryimage"},"thumbnailUrl":"https:\/\/easystar.ee\/wp-content\/uploads\/2024\/05\/712472.jpg","datePublished":"2024-05-31T10:13:58+00:00","dateModified":"2026-01-27T01:30:07+00:00","breadcrumb":{"@id":"https:\/\/easystar.ee\/toode\/sanet-alkastar-aluseline-san-ruumide-puhastusaine-5l-kd712472\/#breadcrumb"},"inLanguage":"en-US","potentialAction":[{"@type":"ReadAction","target":["https:\/\/easystar.ee\/toode\/sanet-alkastar-aluseline-san-ruumide-puhastusaine-5l-kd712472\/"]}]},{"@type":"ImageObject","inLanguage":"en-US","@id":"https:\/\/easystar.ee\/toode\/sanet-alkastar-aluseline-san-ruumide-puhastusaine-5l-kd712472\/#primaryimage","url":"https:\/\/easystar.ee\/wp-content\/uploads\/2024\/05\/712472.jpg","contentUrl":"https:\/\/easystar.ee\/wp-content\/uploads\/2024\/05\/712472.jpg","width":161,"height":263},{"@type":"BreadcrumbList","@id":"https:\/\/easystar.ee\/toode\/sanet-alkastar-aluseline-san-ruumide-puhastusaine-5l-kd712472\/#breadcrumb","itemListElement":[{"@type":"ListItem","position":1,"name":"Home","item":"https:\/\/easystar.ee\/ru\/"},{"@type":"ListItem","position":2,"name":"Shop","item":"https:\/\/easystar.ee\/tooted\/"},{"@type":"ListItem","position":3,"name":"SANET alkastar aluseline san.ruumide puhastusaine 5L KD712472"}]},{"@type":"WebSite","@id":"https:\/\/easystar.ee\/#website","url":"https:\/\/easystar.ee\/","name":"Easystar.ee","description":"","publisher":{"@id":"https:\/\/easystar.ee\/#organization"},"alternateName":"Keskkonnas\u00f5bralikud pehmepaberitooted teie kontorisse","potentialAction":[{"@type":"SearchAction","target":{"@type":"EntryPoint","urlTemplate":"https:\/\/easystar.ee\/?s={search_term_string}"},"query-input":{"@type":"PropertyValueSpecification","valueRequired":true,"valueName":"search_term_string"}}],"inLanguage":"en-US"},{"@type":"Organization","@id":"https:\/\/easystar.ee\/#organization","name":"Easy Star O\u00dc","url":"https:\/\/easystar.ee\/","logo":{"@type":"ImageObject","inLanguage":"en-US","@id":"https:\/\/easystar.ee\/#\/schema\/logo\/image\/","url":"https:\/\/easystar.ee\/wp-content\/uploads\/2024\/03\/easystar-logo.svg","contentUrl":"https:\/\/easystar.ee\/wp-content\/uploads\/2024\/03\/easystar-logo.svg","width":2000,"height":2000,"caption":"Easy Star O\u00dc"},"image":{"@id":"https:\/\/easystar.ee\/#\/schema\/logo\/image\/"}}]}},"_links":{"self":[{"href":"https:\/\/easystar.ee\/en\/wp-json\/wp\/v2\/product\/34637","targetHints":{"allow":["GET"]}}],"collection":[{"href":"https:\/\/easystar.ee\/en\/wp-json\/wp\/v2\/product"}],"about":[{"href":"https:\/\/easystar.ee\/en\/wp-json\/wp\/v2\/types\/product"}],"wp:featuredmedia":[{"embeddable":true,"href":"https:\/\/easystar.ee\/en\/wp-json\/wp\/v2\/media\/34629"}],"wp:attachment":[{"href":"https:\/\/easystar.ee\/en\/wp-json\/wp\/v2\/media?parent=34637"}],"wp:term":[{"taxonomy":"product_brand","embeddable":true,"href":"https:\/\/easystar.ee\/en\/wp-json\/wp\/v2\/product_brand?post=34637"},{"taxonomy":"product_cat","embeddable":true,"href":"https:\/\/easystar.ee\/en\/wp-json\/wp\/v2\/product_cat?post=34637"},{"taxonomy":"product_tag","embeddable":true,"href":"https:\/\/easystar.ee\/en\/wp-json\/wp\/v2\/product_tag?post=34637"}],"curies":[{"name":"wp","href":"https:\/\/api.w.org\/{rel}","templated":true}]}}