{"id":34604,"date":"2024-05-31T10:13:46","date_gmt":"2024-05-31T10:13:46","guid":{"rendered":"https:\/\/easystar.ee\/toode\/tanet-interior-qe-universaalne-pinnapuhastusvahend-325ml-kd713658\/"},"modified":"2026-01-31T01:30:04","modified_gmt":"2026-01-31T01:30:04","slug":"tanet-interior-qe-universaalne-pinnapuhastusvahend-325ml-kd713658","status":"publish","type":"product","link":"https:\/\/easystar.ee\/en\/toode\/tanet-interior-qe-universaalne-pinnapuhastusvahend-325ml-kd713658\/","title":{"rendered":"TANET interior Q&#038;E Universaalne pinnapuhastusvahend 325ml KD713658"},"content":{"rendered":"","protected":false},"excerpt":{"rendered":"<p>Kaasaskantavasse doseerimiss\u00fcsteemi Quick &amp; Easy kuuluv tugeva kontsentratsiooniga TANET interior Quick &amp; Easy on silmapaistvalt t\u00f5hus ja soodne ning seda on lihtne kasutada. Ohtlikke puhastus-, m\u00e4\u00e4rde- ja kaitseaineid mitte sisaldav vahend on kasutajale maksimaalselt ohutu. Ainulaadsel pindaktiivsel ainel p\u00f5hinev pinnapuhastusvahend kuivab kiiresti triipe ja laike j\u00e4tmata. Silmapaistvaid puhastustulemusi andvat toodet saab kasutada mitmeti, nt aknapesuks. Vahutav universaalne puhastusvahend on v\u00e4ga materjalis\u00f5bralik ja j\u00e4tab meeldiva l\u00f5hna. Peamiselt taastuvatest ressurssidest valmistatud igap\u00e4evane puhastusvahend sisaldab endas vastutust tulevaste p\u00f5lvkondade ees. On parim k\u00f5igile pestavatele ja l\u00e4ikivatele s\u00fcnteetilistele, lakitud, keraamilistele ja metallpindadele. Sobib v\u00e4ga h\u00e4sti k\u00f5ikidele klaas- ja peegelpindadele nii sees kui v\u00e4ljas, nt aknad, peeglid, klaaskapid. \u00c4ra kanna toodet lakkimata puidule ega akr\u00fc\u00fclklaasile. pH 7<\/p>\n","protected":false},"featured_media":34596,"template":"","meta":{"_acf_changed":false},"product_brand":[],"product_cat":[1829,1884],"product_tag":[],"class_list":{"0":"post-34604","1":"product","2":"type-product","3":"status-publish","4":"has-post-thumbnail","6":"product_cat-cleaning-chemicals","7":"product_cat-tana-bio-cleaning-chemicals","9":"first","10":"instock","11":"taxable","12":"shipping-taxable","13":"purchasable","14":"product-type-simple"},"acf":[],"yoast_head":"<!-- This site is optimized with the Yoast SEO plugin v27.5 - https:\/\/yoast.com\/product\/yoast-seo-wordpress\/ -->\n<title>TANET interior Q&amp;E Universaalne pinnapuhastusvahend 325ml KD713658 &#8212; Easy Star O\u00dc<\/title>\n<meta name=\"robots\" content=\"index, follow, max-snippet:-1, max-image-preview:large, max-video-preview:-1\" \/>\n<link rel=\"canonical\" href=\"https:\/\/easystar.ee\/toode\/tanet-interior-qe-universaalne-pinnapuhastusvahend-325ml-kd713658\/\" \/>\n<meta property=\"og:locale\" content=\"en_US\" \/>\n<meta property=\"og:type\" content=\"article\" \/>\n<meta property=\"og:title\" content=\"TANET interior Q&amp;E Universaalne pinnapuhastusvahend 325ml KD713658 &#8212; Easy Star O\u00dc\" \/>\n<meta property=\"og:description\" content=\"Kaasaskantavasse doseerimiss\u00fcsteemi Quick &amp; Easy kuuluv tugeva kontsentratsiooniga TANET interior Quick &amp; Easy on silmapaistvalt t\u00f5hus ja soodne ning seda on lihtne kasutada. Ohtlikke puhastus-, m\u00e4\u00e4rde- ja kaitseaineid mitte sisaldav vahend on kasutajale maksimaalselt ohutu. Ainulaadsel pindaktiivsel ainel p\u00f5hinev pinnapuhastusvahend kuivab kiiresti triipe ja laike j\u00e4tmata. Silmapaistvaid puhastustulemusi andvat toodet saab kasutada mitmeti, nt aknapesuks. Vahutav universaalne puhastusvahend on v\u00e4ga materjalis\u00f5bralik ja j\u00e4tab meeldiva l\u00f5hna. Peamiselt taastuvatest ressurssidest valmistatud igap\u00e4evane puhastusvahend sisaldab endas vastutust tulevaste p\u00f5lvkondade ees. On parim k\u00f5igile pestavatele ja l\u00e4ikivatele s\u00fcnteetilistele, lakitud, keraamilistele ja metallpindadele. Sobib v\u00e4ga h\u00e4sti k\u00f5ikidele klaas- ja peegelpindadele nii sees kui v\u00e4ljas, nt aknad, peeglid, klaaskapid. \u00c4ra kanna toodet lakkimata puidule ega akr\u00fc\u00fclklaasile. pH 7\" \/>\n<meta property=\"og:url\" content=\"https:\/\/easystar.ee\/toode\/tanet-interior-qe-universaalne-pinnapuhastusvahend-325ml-kd713658\/\" \/>\n<meta property=\"og:site_name\" content=\"Easy Star O\u00dc\" \/>\n<meta property=\"article:modified_time\" content=\"2026-01-31T01:30:04+00:00\" \/>\n<meta property=\"og:image\" content=\"https:\/\/easystar.ee\/wp-content\/uploads\/2024\/05\/Tanet_interior_Q_E_713658.jpg\" \/>\n\t<meta property=\"og:image:width\" content=\"496\" \/>\n\t<meta property=\"og:image:height\" content=\"450\" \/>\n\t<meta property=\"og:image:type\" content=\"image\/jpeg\" \/>\n<meta name=\"twitter:card\" content=\"summary_large_image\" \/>\n<script type=\"application\/ld+json\" class=\"yoast-schema-graph\">{\"@context\":\"https:\\\/\\\/schema.org\",\"@graph\":[{\"@type\":\"WebPage\",\"@id\":\"https:\\\/\\\/easystar.ee\\\/toode\\\/tanet-interior-qe-universaalne-pinnapuhastusvahend-325ml-kd713658\\\/\",\"url\":\"https:\\\/\\\/easystar.ee\\\/toode\\\/tanet-interior-qe-universaalne-pinnapuhastusvahend-325ml-kd713658\\\/\",\"name\":\"TANET interior Q&E Universaalne pinnapuhastusvahend 325ml KD713658 &#8212; Easy Star O\u00dc\",\"isPartOf\":{\"@id\":\"https:\\\/\\\/easystar.ee\\\/#website\"},\"primaryImageOfPage\":{\"@id\":\"https:\\\/\\\/easystar.ee\\\/toode\\\/tanet-interior-qe-universaalne-pinnapuhastusvahend-325ml-kd713658\\\/#primaryimage\"},\"image\":{\"@id\":\"https:\\\/\\\/easystar.ee\\\/toode\\\/tanet-interior-qe-universaalne-pinnapuhastusvahend-325ml-kd713658\\\/#primaryimage\"},\"thumbnailUrl\":\"https:\\\/\\\/easystar.ee\\\/wp-content\\\/uploads\\\/2024\\\/05\\\/Tanet_interior_Q_E_713658.jpg\",\"datePublished\":\"2024-05-31T10:13:46+00:00\",\"dateModified\":\"2026-01-31T01:30:04+00:00\",\"breadcrumb\":{\"@id\":\"https:\\\/\\\/easystar.ee\\\/toode\\\/tanet-interior-qe-universaalne-pinnapuhastusvahend-325ml-kd713658\\\/#breadcrumb\"},\"inLanguage\":\"en-US\",\"potentialAction\":[{\"@type\":\"ReadAction\",\"target\":[\"https:\\\/\\\/easystar.ee\\\/toode\\\/tanet-interior-qe-universaalne-pinnapuhastusvahend-325ml-kd713658\\\/\"]}]},{\"@type\":\"ImageObject\",\"inLanguage\":\"en-US\",\"@id\":\"https:\\\/\\\/easystar.ee\\\/toode\\\/tanet-interior-qe-universaalne-pinnapuhastusvahend-325ml-kd713658\\\/#primaryimage\",\"url\":\"https:\\\/\\\/easystar.ee\\\/wp-content\\\/uploads\\\/2024\\\/05\\\/Tanet_interior_Q_E_713658.jpg\",\"contentUrl\":\"https:\\\/\\\/easystar.ee\\\/wp-content\\\/uploads\\\/2024\\\/05\\\/Tanet_interior_Q_E_713658.jpg\",\"width\":496,\"height\":450},{\"@type\":\"BreadcrumbList\",\"@id\":\"https:\\\/\\\/easystar.ee\\\/toode\\\/tanet-interior-qe-universaalne-pinnapuhastusvahend-325ml-kd713658\\\/#breadcrumb\",\"itemListElement\":[{\"@type\":\"ListItem\",\"position\":1,\"name\":\"Home\",\"item\":\"https:\\\/\\\/easystar.ee\\\/ru\\\/\"},{\"@type\":\"ListItem\",\"position\":2,\"name\":\"Shop\",\"item\":\"https:\\\/\\\/easystar.ee\\\/tooted\\\/\"},{\"@type\":\"ListItem\",\"position\":3,\"name\":\"TANET interior Q&#038;E Universaalne pinnapuhastusvahend 325ml KD713658\"}]},{\"@type\":\"WebSite\",\"@id\":\"https:\\\/\\\/easystar.ee\\\/#website\",\"url\":\"https:\\\/\\\/easystar.ee\\\/\",\"name\":\"Easystar.ee\",\"description\":\"\",\"publisher\":{\"@id\":\"https:\\\/\\\/easystar.ee\\\/#organization\"},\"alternateName\":\"Keskkonnas\u00f5bralikud pehmepaberitooted teie kontorisse\",\"potentialAction\":[{\"@type\":\"SearchAction\",\"target\":{\"@type\":\"EntryPoint\",\"urlTemplate\":\"https:\\\/\\\/easystar.ee\\\/?s={search_term_string}\"},\"query-input\":{\"@type\":\"PropertyValueSpecification\",\"valueRequired\":true,\"valueName\":\"search_term_string\"}}],\"inLanguage\":\"en-US\"},{\"@type\":\"Organization\",\"@id\":\"https:\\\/\\\/easystar.ee\\\/#organization\",\"name\":\"Easy Star O\u00dc\",\"url\":\"https:\\\/\\\/easystar.ee\\\/\",\"logo\":{\"@type\":\"ImageObject\",\"inLanguage\":\"en-US\",\"@id\":\"https:\\\/\\\/easystar.ee\\\/#\\\/schema\\\/logo\\\/image\\\/\",\"url\":\"https:\\\/\\\/easystar.ee\\\/wp-content\\\/uploads\\\/2024\\\/03\\\/easystar-logo.svg\",\"contentUrl\":\"https:\\\/\\\/easystar.ee\\\/wp-content\\\/uploads\\\/2024\\\/03\\\/easystar-logo.svg\",\"width\":2000,\"height\":2000,\"caption\":\"Easy Star O\u00dc\"},\"image\":{\"@id\":\"https:\\\/\\\/easystar.ee\\\/#\\\/schema\\\/logo\\\/image\\\/\"}}]}<\/script>\n<!-- \/ Yoast SEO plugin. -->","yoast_head_json":{"title":"TANET interior Q&E Universaalne pinnapuhastusvahend 325ml KD713658 &#8212; Easy Star O\u00dc","robots":{"index":"index","follow":"follow","max-snippet":"max-snippet:-1","max-image-preview":"max-image-preview:large","max-video-preview":"max-video-preview:-1"},"canonical":"https:\/\/easystar.ee\/toode\/tanet-interior-qe-universaalne-pinnapuhastusvahend-325ml-kd713658\/","og_locale":"en_US","og_type":"article","og_title":"TANET interior Q&E Universaalne pinnapuhastusvahend 325ml KD713658 &#8212; Easy Star O\u00dc","og_description":"Kaasaskantavasse doseerimiss\u00fcsteemi Quick &amp; Easy kuuluv tugeva kontsentratsiooniga TANET interior Quick &amp; Easy on silmapaistvalt t\u00f5hus ja soodne ning seda on lihtne kasutada. Ohtlikke puhastus-, m\u00e4\u00e4rde- ja kaitseaineid mitte sisaldav vahend on kasutajale maksimaalselt ohutu. Ainulaadsel pindaktiivsel ainel p\u00f5hinev pinnapuhastusvahend kuivab kiiresti triipe ja laike j\u00e4tmata. Silmapaistvaid puhastustulemusi andvat toodet saab kasutada mitmeti, nt aknapesuks. Vahutav universaalne puhastusvahend on v\u00e4ga materjalis\u00f5bralik ja j\u00e4tab meeldiva l\u00f5hna. Peamiselt taastuvatest ressurssidest valmistatud igap\u00e4evane puhastusvahend sisaldab endas vastutust tulevaste p\u00f5lvkondade ees. On parim k\u00f5igile pestavatele ja l\u00e4ikivatele s\u00fcnteetilistele, lakitud, keraamilistele ja metallpindadele. Sobib v\u00e4ga h\u00e4sti k\u00f5ikidele klaas- ja peegelpindadele nii sees kui v\u00e4ljas, nt aknad, peeglid, klaaskapid. \u00c4ra kanna toodet lakkimata puidule ega akr\u00fc\u00fclklaasile. pH 7","og_url":"https:\/\/easystar.ee\/toode\/tanet-interior-qe-universaalne-pinnapuhastusvahend-325ml-kd713658\/","og_site_name":"Easy Star O\u00dc","article_modified_time":"2026-01-31T01:30:04+00:00","og_image":[{"width":496,"height":450,"url":"https:\/\/easystar.ee\/wp-content\/uploads\/2024\/05\/Tanet_interior_Q_E_713658.jpg","type":"image\/jpeg"}],"twitter_card":"summary_large_image","schema":{"@context":"https:\/\/schema.org","@graph":[{"@type":"WebPage","@id":"https:\/\/easystar.ee\/toode\/tanet-interior-qe-universaalne-pinnapuhastusvahend-325ml-kd713658\/","url":"https:\/\/easystar.ee\/toode\/tanet-interior-qe-universaalne-pinnapuhastusvahend-325ml-kd713658\/","name":"TANET interior Q&E Universaalne pinnapuhastusvahend 325ml KD713658 &#8212; Easy Star O\u00dc","isPartOf":{"@id":"https:\/\/easystar.ee\/#website"},"primaryImageOfPage":{"@id":"https:\/\/easystar.ee\/toode\/tanet-interior-qe-universaalne-pinnapuhastusvahend-325ml-kd713658\/#primaryimage"},"image":{"@id":"https:\/\/easystar.ee\/toode\/tanet-interior-qe-universaalne-pinnapuhastusvahend-325ml-kd713658\/#primaryimage"},"thumbnailUrl":"https:\/\/easystar.ee\/wp-content\/uploads\/2024\/05\/Tanet_interior_Q_E_713658.jpg","datePublished":"2024-05-31T10:13:46+00:00","dateModified":"2026-01-31T01:30:04+00:00","breadcrumb":{"@id":"https:\/\/easystar.ee\/toode\/tanet-interior-qe-universaalne-pinnapuhastusvahend-325ml-kd713658\/#breadcrumb"},"inLanguage":"en-US","potentialAction":[{"@type":"ReadAction","target":["https:\/\/easystar.ee\/toode\/tanet-interior-qe-universaalne-pinnapuhastusvahend-325ml-kd713658\/"]}]},{"@type":"ImageObject","inLanguage":"en-US","@id":"https:\/\/easystar.ee\/toode\/tanet-interior-qe-universaalne-pinnapuhastusvahend-325ml-kd713658\/#primaryimage","url":"https:\/\/easystar.ee\/wp-content\/uploads\/2024\/05\/Tanet_interior_Q_E_713658.jpg","contentUrl":"https:\/\/easystar.ee\/wp-content\/uploads\/2024\/05\/Tanet_interior_Q_E_713658.jpg","width":496,"height":450},{"@type":"BreadcrumbList","@id":"https:\/\/easystar.ee\/toode\/tanet-interior-qe-universaalne-pinnapuhastusvahend-325ml-kd713658\/#breadcrumb","itemListElement":[{"@type":"ListItem","position":1,"name":"Home","item":"https:\/\/easystar.ee\/ru\/"},{"@type":"ListItem","position":2,"name":"Shop","item":"https:\/\/easystar.ee\/tooted\/"},{"@type":"ListItem","position":3,"name":"TANET interior Q&#038;E Universaalne pinnapuhastusvahend 325ml KD713658"}]},{"@type":"WebSite","@id":"https:\/\/easystar.ee\/#website","url":"https:\/\/easystar.ee\/","name":"Easystar.ee","description":"","publisher":{"@id":"https:\/\/easystar.ee\/#organization"},"alternateName":"Keskkonnas\u00f5bralikud pehmepaberitooted teie kontorisse","potentialAction":[{"@type":"SearchAction","target":{"@type":"EntryPoint","urlTemplate":"https:\/\/easystar.ee\/?s={search_term_string}"},"query-input":{"@type":"PropertyValueSpecification","valueRequired":true,"valueName":"search_term_string"}}],"inLanguage":"en-US"},{"@type":"Organization","@id":"https:\/\/easystar.ee\/#organization","name":"Easy Star O\u00dc","url":"https:\/\/easystar.ee\/","logo":{"@type":"ImageObject","inLanguage":"en-US","@id":"https:\/\/easystar.ee\/#\/schema\/logo\/image\/","url":"https:\/\/easystar.ee\/wp-content\/uploads\/2024\/03\/easystar-logo.svg","contentUrl":"https:\/\/easystar.ee\/wp-content\/uploads\/2024\/03\/easystar-logo.svg","width":2000,"height":2000,"caption":"Easy Star O\u00dc"},"image":{"@id":"https:\/\/easystar.ee\/#\/schema\/logo\/image\/"}}]}},"_links":{"self":[{"href":"https:\/\/easystar.ee\/en\/wp-json\/wp\/v2\/product\/34604","targetHints":{"allow":["GET"]}}],"collection":[{"href":"https:\/\/easystar.ee\/en\/wp-json\/wp\/v2\/product"}],"about":[{"href":"https:\/\/easystar.ee\/en\/wp-json\/wp\/v2\/types\/product"}],"wp:featuredmedia":[{"embeddable":true,"href":"https:\/\/easystar.ee\/en\/wp-json\/wp\/v2\/media\/34596"}],"wp:attachment":[{"href":"https:\/\/easystar.ee\/en\/wp-json\/wp\/v2\/media?parent=34604"}],"wp:term":[{"taxonomy":"product_brand","embeddable":true,"href":"https:\/\/easystar.ee\/en\/wp-json\/wp\/v2\/product_brand?post=34604"},{"taxonomy":"product_cat","embeddable":true,"href":"https:\/\/easystar.ee\/en\/wp-json\/wp\/v2\/product_cat?post=34604"},{"taxonomy":"product_tag","embeddable":true,"href":"https:\/\/easystar.ee\/en\/wp-json\/wp\/v2\/product_tag?post=34604"}],"curies":[{"name":"wp","href":"https:\/\/api.w.org\/{rel}","templated":true}]}}