{"id":34343,"date":"2024-05-31T10:12:06","date_gmt":"2024-05-31T10:12:06","guid":{"rendered":"https:\/\/easystar.ee\/toode\/sterisol-soft-skin-creme-700ml-k76032\/"},"modified":"2025-10-30T01:40:08","modified_gmt":"2025-10-30T01:40:08","slug":"sterisol-soft-skin-creme-700ml-k76032","status":"publish","type":"product","link":"https:\/\/easystar.ee\/en\/toode\/sterisol-soft-skin-creme-700ml-k76032\/","title":{"rendered":"Sterisol Soft Skin Creme 700ml K76032"},"content":{"rendered":"","protected":false},"excerpt":{"rendered":"<p>SOFT on unikaalne nahakreem k\u00f5igile, kes soovivad hoida nahka tervena ja samal ajal allergiate ja ekseemi riski minimeerida. SOFT on ideaalne nahka pehmendav kreem muuhulgas meditsiinis ja toiduainet\u00f6\u00f6stuses kasutamiseks, kus tuleb v\u00e4ltida kosmeetilisi allergeene nagu nt s\u00e4ilitusaineid. Ei sisalda ka v\u00e4rvaineid.<br \/>\nRasvasisaldus ca 20%<br \/>\nTootele on omistatud P\u00f5hjamaade Luigem\u00e4rgis.<\/p>\n","protected":false},"featured_media":61125,"template":"","meta":{"_acf_changed":false},"product_brand":[],"product_cat":[1829,1875],"product_tag":[],"class_list":{"0":"post-34343","1":"product","2":"type-product","3":"status-publish","4":"has-post-thumbnail","6":"product_cat-cleaning-chemicals","7":"product_cat-medical-products","9":"first","10":"instock","11":"taxable","12":"shipping-taxable","13":"purchasable","14":"product-type-simple"},"acf":[],"yoast_head":"<!-- This site is optimized with the Yoast SEO plugin v27.5 - https:\/\/yoast.com\/product\/yoast-seo-wordpress\/ -->\n<title>Sterisol Soft Skin Creme 700ml K76032 &#8212; Easy Star O\u00dc<\/title>\n<meta name=\"robots\" content=\"index, follow, max-snippet:-1, max-image-preview:large, max-video-preview:-1\" \/>\n<link rel=\"canonical\" href=\"https:\/\/easystar.ee\/en\/toode\/sterisol-soft-skin-creme-700ml-k76032\/\" \/>\n<meta property=\"og:locale\" content=\"en_US\" \/>\n<meta property=\"og:type\" content=\"article\" \/>\n<meta property=\"og:title\" content=\"Sterisol Soft Skin Creme 700ml K76032 &#8212; Easy Star O\u00dc\" \/>\n<meta property=\"og:description\" content=\"SOFT on unikaalne nahakreem k\u00f5igile, kes soovivad hoida nahka tervena ja samal ajal allergiate ja ekseemi riski minimeerida. SOFT on ideaalne nahka pehmendav kreem muuhulgas meditsiinis ja toiduainet\u00f6\u00f6stuses kasutamiseks, kus tuleb v\u00e4ltida kosmeetilisi allergeene nagu nt s\u00e4ilitusaineid. Ei sisalda ka v\u00e4rvaineid. Rasvasisaldus ca 20% Tootele on omistatud P\u00f5hjamaade Luigem\u00e4rgis.\" \/>\n<meta property=\"og:url\" content=\"https:\/\/easystar.ee\/en\/toode\/sterisol-soft-skin-creme-700ml-k76032\/\" \/>\n<meta property=\"og:site_name\" content=\"Easy Star O\u00dc\" \/>\n<meta property=\"article:modified_time\" content=\"2025-10-30T01:40:08+00:00\" \/>\n<meta property=\"og:image\" content=\"https:\/\/easystar.ee\/wp-content\/uploads\/2025\/06\/khp76027_v1.jpg\" \/>\n\t<meta property=\"og:image:width\" content=\"255\" \/>\n\t<meta property=\"og:image:height\" content=\"484\" \/>\n\t<meta property=\"og:image:type\" content=\"image\/jpeg\" \/>\n<meta name=\"twitter:card\" content=\"summary_large_image\" \/>\n<script type=\"application\/ld+json\" class=\"yoast-schema-graph\">{\"@context\":\"https:\\\/\\\/schema.org\",\"@graph\":[{\"@type\":\"WebPage\",\"@id\":\"https:\\\/\\\/easystar.ee\\\/en\\\/toode\\\/sterisol-soft-skin-creme-700ml-k76032\\\/\",\"url\":\"https:\\\/\\\/easystar.ee\\\/en\\\/toode\\\/sterisol-soft-skin-creme-700ml-k76032\\\/\",\"name\":\"Sterisol Soft Skin Creme 700ml K76032 &#8212; Easy Star O\u00dc\",\"isPartOf\":{\"@id\":\"https:\\\/\\\/easystar.ee\\\/#website\"},\"primaryImageOfPage\":{\"@id\":\"https:\\\/\\\/easystar.ee\\\/en\\\/toode\\\/sterisol-soft-skin-creme-700ml-k76032\\\/#primaryimage\"},\"image\":{\"@id\":\"https:\\\/\\\/easystar.ee\\\/en\\\/toode\\\/sterisol-soft-skin-creme-700ml-k76032\\\/#primaryimage\"},\"thumbnailUrl\":\"https:\\\/\\\/easystar.ee\\\/wp-content\\\/uploads\\\/2025\\\/06\\\/khp76027_v1.jpg\",\"datePublished\":\"2024-05-31T10:12:06+00:00\",\"dateModified\":\"2025-10-30T01:40:08+00:00\",\"breadcrumb\":{\"@id\":\"https:\\\/\\\/easystar.ee\\\/en\\\/toode\\\/sterisol-soft-skin-creme-700ml-k76032\\\/#breadcrumb\"},\"inLanguage\":\"en-US\",\"potentialAction\":[{\"@type\":\"ReadAction\",\"target\":[\"https:\\\/\\\/easystar.ee\\\/en\\\/toode\\\/sterisol-soft-skin-creme-700ml-k76032\\\/\"]}]},{\"@type\":\"ImageObject\",\"inLanguage\":\"en-US\",\"@id\":\"https:\\\/\\\/easystar.ee\\\/en\\\/toode\\\/sterisol-soft-skin-creme-700ml-k76032\\\/#primaryimage\",\"url\":\"https:\\\/\\\/easystar.ee\\\/wp-content\\\/uploads\\\/2025\\\/06\\\/khp76027_v1.jpg\",\"contentUrl\":\"https:\\\/\\\/easystar.ee\\\/wp-content\\\/uploads\\\/2025\\\/06\\\/khp76027_v1.jpg\",\"width\":255,\"height\":484},{\"@type\":\"BreadcrumbList\",\"@id\":\"https:\\\/\\\/easystar.ee\\\/en\\\/toode\\\/sterisol-soft-skin-creme-700ml-k76032\\\/#breadcrumb\",\"itemListElement\":[{\"@type\":\"ListItem\",\"position\":1,\"name\":\"Home\",\"item\":\"https:\\\/\\\/easystar.ee\\\/ru\\\/\"},{\"@type\":\"ListItem\",\"position\":2,\"name\":\"Shop\",\"item\":\"https:\\\/\\\/easystar.ee\\\/tooted\\\/\"},{\"@type\":\"ListItem\",\"position\":3,\"name\":\"Sterisol Soft Skin Creme 700ml K76032\"}]},{\"@type\":\"WebSite\",\"@id\":\"https:\\\/\\\/easystar.ee\\\/#website\",\"url\":\"https:\\\/\\\/easystar.ee\\\/\",\"name\":\"Easystar.ee\",\"description\":\"\",\"publisher\":{\"@id\":\"https:\\\/\\\/easystar.ee\\\/#organization\"},\"alternateName\":\"Keskkonnas\u00f5bralikud pehmepaberitooted teie kontorisse\",\"potentialAction\":[{\"@type\":\"SearchAction\",\"target\":{\"@type\":\"EntryPoint\",\"urlTemplate\":\"https:\\\/\\\/easystar.ee\\\/?s={search_term_string}\"},\"query-input\":{\"@type\":\"PropertyValueSpecification\",\"valueRequired\":true,\"valueName\":\"search_term_string\"}}],\"inLanguage\":\"en-US\"},{\"@type\":\"Organization\",\"@id\":\"https:\\\/\\\/easystar.ee\\\/#organization\",\"name\":\"Easy Star O\u00dc\",\"url\":\"https:\\\/\\\/easystar.ee\\\/\",\"logo\":{\"@type\":\"ImageObject\",\"inLanguage\":\"en-US\",\"@id\":\"https:\\\/\\\/easystar.ee\\\/#\\\/schema\\\/logo\\\/image\\\/\",\"url\":\"https:\\\/\\\/easystar.ee\\\/wp-content\\\/uploads\\\/2024\\\/03\\\/easystar-logo.svg\",\"contentUrl\":\"https:\\\/\\\/easystar.ee\\\/wp-content\\\/uploads\\\/2024\\\/03\\\/easystar-logo.svg\",\"width\":2000,\"height\":2000,\"caption\":\"Easy Star O\u00dc\"},\"image\":{\"@id\":\"https:\\\/\\\/easystar.ee\\\/#\\\/schema\\\/logo\\\/image\\\/\"}}]}<\/script>\n<!-- \/ Yoast SEO plugin. -->","yoast_head_json":{"title":"Sterisol Soft Skin Creme 700ml K76032 &#8212; Easy Star O\u00dc","robots":{"index":"index","follow":"follow","max-snippet":"max-snippet:-1","max-image-preview":"max-image-preview:large","max-video-preview":"max-video-preview:-1"},"canonical":"https:\/\/easystar.ee\/en\/toode\/sterisol-soft-skin-creme-700ml-k76032\/","og_locale":"en_US","og_type":"article","og_title":"Sterisol Soft Skin Creme 700ml K76032 &#8212; Easy Star O\u00dc","og_description":"SOFT on unikaalne nahakreem k\u00f5igile, kes soovivad hoida nahka tervena ja samal ajal allergiate ja ekseemi riski minimeerida. SOFT on ideaalne nahka pehmendav kreem muuhulgas meditsiinis ja toiduainet\u00f6\u00f6stuses kasutamiseks, kus tuleb v\u00e4ltida kosmeetilisi allergeene nagu nt s\u00e4ilitusaineid. Ei sisalda ka v\u00e4rvaineid. Rasvasisaldus ca 20% Tootele on omistatud P\u00f5hjamaade Luigem\u00e4rgis.","og_url":"https:\/\/easystar.ee\/en\/toode\/sterisol-soft-skin-creme-700ml-k76032\/","og_site_name":"Easy Star O\u00dc","article_modified_time":"2025-10-30T01:40:08+00:00","og_image":[{"width":255,"height":484,"url":"https:\/\/easystar.ee\/wp-content\/uploads\/2025\/06\/khp76027_v1.jpg","type":"image\/jpeg"}],"twitter_card":"summary_large_image","schema":{"@context":"https:\/\/schema.org","@graph":[{"@type":"WebPage","@id":"https:\/\/easystar.ee\/en\/toode\/sterisol-soft-skin-creme-700ml-k76032\/","url":"https:\/\/easystar.ee\/en\/toode\/sterisol-soft-skin-creme-700ml-k76032\/","name":"Sterisol Soft Skin Creme 700ml K76032 &#8212; Easy Star O\u00dc","isPartOf":{"@id":"https:\/\/easystar.ee\/#website"},"primaryImageOfPage":{"@id":"https:\/\/easystar.ee\/en\/toode\/sterisol-soft-skin-creme-700ml-k76032\/#primaryimage"},"image":{"@id":"https:\/\/easystar.ee\/en\/toode\/sterisol-soft-skin-creme-700ml-k76032\/#primaryimage"},"thumbnailUrl":"https:\/\/easystar.ee\/wp-content\/uploads\/2025\/06\/khp76027_v1.jpg","datePublished":"2024-05-31T10:12:06+00:00","dateModified":"2025-10-30T01:40:08+00:00","breadcrumb":{"@id":"https:\/\/easystar.ee\/en\/toode\/sterisol-soft-skin-creme-700ml-k76032\/#breadcrumb"},"inLanguage":"en-US","potentialAction":[{"@type":"ReadAction","target":["https:\/\/easystar.ee\/en\/toode\/sterisol-soft-skin-creme-700ml-k76032\/"]}]},{"@type":"ImageObject","inLanguage":"en-US","@id":"https:\/\/easystar.ee\/en\/toode\/sterisol-soft-skin-creme-700ml-k76032\/#primaryimage","url":"https:\/\/easystar.ee\/wp-content\/uploads\/2025\/06\/khp76027_v1.jpg","contentUrl":"https:\/\/easystar.ee\/wp-content\/uploads\/2025\/06\/khp76027_v1.jpg","width":255,"height":484},{"@type":"BreadcrumbList","@id":"https:\/\/easystar.ee\/en\/toode\/sterisol-soft-skin-creme-700ml-k76032\/#breadcrumb","itemListElement":[{"@type":"ListItem","position":1,"name":"Home","item":"https:\/\/easystar.ee\/ru\/"},{"@type":"ListItem","position":2,"name":"Shop","item":"https:\/\/easystar.ee\/tooted\/"},{"@type":"ListItem","position":3,"name":"Sterisol Soft Skin Creme 700ml K76032"}]},{"@type":"WebSite","@id":"https:\/\/easystar.ee\/#website","url":"https:\/\/easystar.ee\/","name":"Easystar.ee","description":"","publisher":{"@id":"https:\/\/easystar.ee\/#organization"},"alternateName":"Keskkonnas\u00f5bralikud pehmepaberitooted teie kontorisse","potentialAction":[{"@type":"SearchAction","target":{"@type":"EntryPoint","urlTemplate":"https:\/\/easystar.ee\/?s={search_term_string}"},"query-input":{"@type":"PropertyValueSpecification","valueRequired":true,"valueName":"search_term_string"}}],"inLanguage":"en-US"},{"@type":"Organization","@id":"https:\/\/easystar.ee\/#organization","name":"Easy Star O\u00dc","url":"https:\/\/easystar.ee\/","logo":{"@type":"ImageObject","inLanguage":"en-US","@id":"https:\/\/easystar.ee\/#\/schema\/logo\/image\/","url":"https:\/\/easystar.ee\/wp-content\/uploads\/2024\/03\/easystar-logo.svg","contentUrl":"https:\/\/easystar.ee\/wp-content\/uploads\/2024\/03\/easystar-logo.svg","width":2000,"height":2000,"caption":"Easy Star O\u00dc"},"image":{"@id":"https:\/\/easystar.ee\/#\/schema\/logo\/image\/"}}]}},"_links":{"self":[{"href":"https:\/\/easystar.ee\/en\/wp-json\/wp\/v2\/product\/34343","targetHints":{"allow":["GET"]}}],"collection":[{"href":"https:\/\/easystar.ee\/en\/wp-json\/wp\/v2\/product"}],"about":[{"href":"https:\/\/easystar.ee\/en\/wp-json\/wp\/v2\/types\/product"}],"wp:featuredmedia":[{"embeddable":true,"href":"https:\/\/easystar.ee\/en\/wp-json\/wp\/v2\/media\/61125"}],"wp:attachment":[{"href":"https:\/\/easystar.ee\/en\/wp-json\/wp\/v2\/media?parent=34343"}],"wp:term":[{"taxonomy":"product_brand","embeddable":true,"href":"https:\/\/easystar.ee\/en\/wp-json\/wp\/v2\/product_brand?post=34343"},{"taxonomy":"product_cat","embeddable":true,"href":"https:\/\/easystar.ee\/en\/wp-json\/wp\/v2\/product_cat?post=34343"},{"taxonomy":"product_tag","embeddable":true,"href":"https:\/\/easystar.ee\/en\/wp-json\/wp\/v2\/product_tag?post=34343"}],"curies":[{"name":"wp","href":"https:\/\/api.w.org\/{rel}","templated":true}]}}