{"id":34255,"date":"2024-05-31T10:03:30","date_gmt":"2024-05-31T10:03:30","guid":{"rendered":"https:\/\/easystar.ee\/toode\/kp-air-freshener-ohuvarskendaja-neutraliseerija-200ml-l65035\/"},"modified":"2025-10-30T01:39:41","modified_gmt":"2025-10-30T01:39:41","slug":"kp-air-freshener-ohuvarskendaja-neutraliseerija-200ml-l65035","status":"publish","type":"product","link":"https:\/\/easystar.ee\/en\/toode\/kp-air-freshener-ohuvarskendaja-neutraliseerija-200ml-l65035\/","title":{"rendered":"KP Air Freshener, \u00f5huv\u00e4rskendaja\/neutraliseerija 200ml L65035"},"content":{"rendered":"","protected":false},"excerpt":{"rendered":"<p>V\u00e4rskendab ning neutraliseerib ebameeldivaid l\u00f5hnu. V\u00e4rskendab ka tekstiilpindu, j\u00e4tmata neile plekke.<br \/>\nEriomadused: Kiire ja t\u00f5hus; Sisaldab l\u00f5hnu neutraliseerivat ainet; M\u00f5jub t\u00f5husalt tubakasuitsu ja toidul\u00f5hnade puhul; Kuivsprei \u00f5huv\u00e4rskendaja, mis ei j\u00e4ta plekke. See on kiire ja t\u00f5hus moodus toa\u00f5hu ning tekstiilpindade v\u00e4rskendamiseks. Air Freshener sisaldab l\u00f5hnu neutraliseerivat ainet, mis m\u00f5jub t\u00f5husalt ka tubakasuitsu ja toidul\u00f5hnade puhul. V\u00f5id pihustada otse vaipadele, kardinatele ja teistele tekstiilpindadele 30-40 cm kauguselt. V\u00e4ldi pihustamist \u00f5rnadele kiudmaterjalidele.<br \/>\nHoiustamine: Mitte hoida p\u00e4ikese k\u00e4es ega \u00fcle 50\u00b0C temperatuuri juures. T\u00fchja pakendit mitte purustada ega p\u00f5letada. K\u00f5lblikkusaeg viis aastat alates tootmiskuup\u00e4evast.<br \/>\nKasutusjuhend: Raputa pudelit enne kasutamist ning pihusta.<br \/>\nKeskkond ja ohutus: Mitte pihustada lahtisesse tulle ega h\u00f5\u00f5guvatele materjalidele. Hoida eemal s\u00fc\u00fcteallikatest\u2013Suitsetamine keelatud! Hoida lastele k\u00e4ttesaamatus kohas.<\/p>\n","protected":false},"featured_media":34247,"template":"","meta":{"_acf_changed":false},"product_brand":[],"product_cat":[1849,1850],"product_tag":[],"class_list":{"0":"post-34255","1":"product","2":"type-product","3":"status-publish","4":"has-post-thumbnail","6":"product_cat-air-fresheners","7":"product_cat-air-fresheners-air-fresheners","9":"first","10":"instock","11":"taxable","12":"shipping-taxable","13":"purchasable","14":"product-type-simple"},"acf":[],"yoast_head":"<!-- This site is optimized with the Yoast SEO plugin v27.3 - https:\/\/yoast.com\/product\/yoast-seo-wordpress\/ -->\n<title>KP Air Freshener, \u00f5huv\u00e4rskendaja\/neutraliseerija 200ml L65035 &#8212; Easy Star O\u00dc<\/title>\n<meta name=\"robots\" content=\"index, follow, max-snippet:-1, max-image-preview:large, max-video-preview:-1\" \/>\n<link rel=\"canonical\" href=\"https:\/\/easystar.ee\/en\/toode\/kp-air-freshener-ohuvarskendaja-neutraliseerija-200ml-l65035\/\" \/>\n<meta property=\"og:locale\" content=\"en_US\" \/>\n<meta property=\"og:type\" content=\"article\" \/>\n<meta property=\"og:title\" content=\"KP Air Freshener, \u00f5huv\u00e4rskendaja\/neutraliseerija 200ml L65035 &#8212; Easy Star O\u00dc\" \/>\n<meta property=\"og:description\" content=\"V\u00e4rskendab ning neutraliseerib ebameeldivaid l\u00f5hnu. V\u00e4rskendab ka tekstiilpindu, j\u00e4tmata neile plekke. Eriomadused: Kiire ja t\u00f5hus; Sisaldab l\u00f5hnu neutraliseerivat ainet; M\u00f5jub t\u00f5husalt tubakasuitsu ja toidul\u00f5hnade puhul; Kuivsprei \u00f5huv\u00e4rskendaja, mis ei j\u00e4ta plekke. See on kiire ja t\u00f5hus moodus toa\u00f5hu ning tekstiilpindade v\u00e4rskendamiseks. Air Freshener sisaldab l\u00f5hnu neutraliseerivat ainet, mis m\u00f5jub t\u00f5husalt ka tubakasuitsu ja toidul\u00f5hnade puhul. V\u00f5id pihustada otse vaipadele, kardinatele ja teistele tekstiilpindadele 30-40 cm kauguselt. V\u00e4ldi pihustamist \u00f5rnadele kiudmaterjalidele.  Hoiustamine: Mitte hoida p\u00e4ikese k\u00e4es ega \u00fcle 50\u00b0C temperatuuri juures. T\u00fchja pakendit mitte purustada ega p\u00f5letada. K\u00f5lblikkusaeg viis aastat alates tootmiskuup\u00e4evast. Kasutusjuhend: Raputa pudelit enne kasutamist ning pihusta. Keskkond ja ohutus: Mitte pihustada lahtisesse tulle ega h\u00f5\u00f5guvatele materjalidele. Hoida eemal s\u00fc\u00fcteallikatest\u2013Suitsetamine keelatud! Hoida lastele k\u00e4ttesaamatus kohas.\" \/>\n<meta property=\"og:url\" content=\"https:\/\/easystar.ee\/en\/toode\/kp-air-freshener-ohuvarskendaja-neutraliseerija-200ml-l65035\/\" \/>\n<meta property=\"og:site_name\" content=\"Easy Star O\u00dc\" \/>\n<meta property=\"article:modified_time\" content=\"2025-10-30T01:39:41+00:00\" \/>\n<meta property=\"og:image\" content=\"https:\/\/easystar.ee\/wp-content\/uploads\/2024\/05\/L65035.jpg\" \/>\n\t<meta property=\"og:image:width\" content=\"305\" \/>\n\t<meta property=\"og:image:height\" content=\"720\" \/>\n\t<meta property=\"og:image:type\" content=\"image\/jpeg\" \/>\n<meta name=\"twitter:card\" content=\"summary_large_image\" \/>\n<script type=\"application\/ld+json\" class=\"yoast-schema-graph\">{\"@context\":\"https:\\\/\\\/schema.org\",\"@graph\":[{\"@type\":\"WebPage\",\"@id\":\"https:\\\/\\\/easystar.ee\\\/en\\\/toode\\\/kp-air-freshener-ohuvarskendaja-neutraliseerija-200ml-l65035\\\/\",\"url\":\"https:\\\/\\\/easystar.ee\\\/en\\\/toode\\\/kp-air-freshener-ohuvarskendaja-neutraliseerija-200ml-l65035\\\/\",\"name\":\"KP Air Freshener, \u00f5huv\u00e4rskendaja\\\/neutraliseerija 200ml L65035 &#8212; Easy Star O\u00dc\",\"isPartOf\":{\"@id\":\"https:\\\/\\\/easystar.ee\\\/#website\"},\"primaryImageOfPage\":{\"@id\":\"https:\\\/\\\/easystar.ee\\\/en\\\/toode\\\/kp-air-freshener-ohuvarskendaja-neutraliseerija-200ml-l65035\\\/#primaryimage\"},\"image\":{\"@id\":\"https:\\\/\\\/easystar.ee\\\/en\\\/toode\\\/kp-air-freshener-ohuvarskendaja-neutraliseerija-200ml-l65035\\\/#primaryimage\"},\"thumbnailUrl\":\"https:\\\/\\\/easystar.ee\\\/wp-content\\\/uploads\\\/2024\\\/05\\\/L65035.jpg\",\"datePublished\":\"2024-05-31T10:03:30+00:00\",\"dateModified\":\"2025-10-30T01:39:41+00:00\",\"breadcrumb\":{\"@id\":\"https:\\\/\\\/easystar.ee\\\/en\\\/toode\\\/kp-air-freshener-ohuvarskendaja-neutraliseerija-200ml-l65035\\\/#breadcrumb\"},\"inLanguage\":\"en-US\",\"potentialAction\":[{\"@type\":\"ReadAction\",\"target\":[\"https:\\\/\\\/easystar.ee\\\/en\\\/toode\\\/kp-air-freshener-ohuvarskendaja-neutraliseerija-200ml-l65035\\\/\"]}]},{\"@type\":\"ImageObject\",\"inLanguage\":\"en-US\",\"@id\":\"https:\\\/\\\/easystar.ee\\\/en\\\/toode\\\/kp-air-freshener-ohuvarskendaja-neutraliseerija-200ml-l65035\\\/#primaryimage\",\"url\":\"https:\\\/\\\/easystar.ee\\\/wp-content\\\/uploads\\\/2024\\\/05\\\/L65035.jpg\",\"contentUrl\":\"https:\\\/\\\/easystar.ee\\\/wp-content\\\/uploads\\\/2024\\\/05\\\/L65035.jpg\",\"width\":305,\"height\":720},{\"@type\":\"BreadcrumbList\",\"@id\":\"https:\\\/\\\/easystar.ee\\\/en\\\/toode\\\/kp-air-freshener-ohuvarskendaja-neutraliseerija-200ml-l65035\\\/#breadcrumb\",\"itemListElement\":[{\"@type\":\"ListItem\",\"position\":1,\"name\":\"Home\",\"item\":\"https:\\\/\\\/easystar.ee\\\/ru\\\/\"},{\"@type\":\"ListItem\",\"position\":2,\"name\":\"Shop\",\"item\":\"https:\\\/\\\/easystar.ee\\\/tooted\\\/\"},{\"@type\":\"ListItem\",\"position\":3,\"name\":\"KP Air Freshener, \u00f5huv\u00e4rskendaja\\\/neutraliseerija 200ml L65035\"}]},{\"@type\":\"WebSite\",\"@id\":\"https:\\\/\\\/easystar.ee\\\/#website\",\"url\":\"https:\\\/\\\/easystar.ee\\\/\",\"name\":\"Easystar.ee\",\"description\":\"\",\"publisher\":{\"@id\":\"https:\\\/\\\/easystar.ee\\\/#organization\"},\"alternateName\":\"Keskkonnas\u00f5bralikud pehmepaberitooted teie kontorisse\",\"potentialAction\":[{\"@type\":\"SearchAction\",\"target\":{\"@type\":\"EntryPoint\",\"urlTemplate\":\"https:\\\/\\\/easystar.ee\\\/?s={search_term_string}\"},\"query-input\":{\"@type\":\"PropertyValueSpecification\",\"valueRequired\":true,\"valueName\":\"search_term_string\"}}],\"inLanguage\":\"en-US\"},{\"@type\":\"Organization\",\"@id\":\"https:\\\/\\\/easystar.ee\\\/#organization\",\"name\":\"Easy Star O\u00dc\",\"url\":\"https:\\\/\\\/easystar.ee\\\/\",\"logo\":{\"@type\":\"ImageObject\",\"inLanguage\":\"en-US\",\"@id\":\"https:\\\/\\\/easystar.ee\\\/#\\\/schema\\\/logo\\\/image\\\/\",\"url\":\"https:\\\/\\\/easystar.ee\\\/wp-content\\\/uploads\\\/2024\\\/03\\\/easystar-logo.svg\",\"contentUrl\":\"https:\\\/\\\/easystar.ee\\\/wp-content\\\/uploads\\\/2024\\\/03\\\/easystar-logo.svg\",\"width\":2000,\"height\":2000,\"caption\":\"Easy Star O\u00dc\"},\"image\":{\"@id\":\"https:\\\/\\\/easystar.ee\\\/#\\\/schema\\\/logo\\\/image\\\/\"}}]}<\/script>\n<!-- \/ Yoast SEO plugin. -->","yoast_head_json":{"title":"KP Air Freshener, \u00f5huv\u00e4rskendaja\/neutraliseerija 200ml L65035 &#8212; Easy Star O\u00dc","robots":{"index":"index","follow":"follow","max-snippet":"max-snippet:-1","max-image-preview":"max-image-preview:large","max-video-preview":"max-video-preview:-1"},"canonical":"https:\/\/easystar.ee\/en\/toode\/kp-air-freshener-ohuvarskendaja-neutraliseerija-200ml-l65035\/","og_locale":"en_US","og_type":"article","og_title":"KP Air Freshener, \u00f5huv\u00e4rskendaja\/neutraliseerija 200ml L65035 &#8212; Easy Star O\u00dc","og_description":"V\u00e4rskendab ning neutraliseerib ebameeldivaid l\u00f5hnu. V\u00e4rskendab ka tekstiilpindu, j\u00e4tmata neile plekke. Eriomadused: Kiire ja t\u00f5hus; Sisaldab l\u00f5hnu neutraliseerivat ainet; M\u00f5jub t\u00f5husalt tubakasuitsu ja toidul\u00f5hnade puhul; Kuivsprei \u00f5huv\u00e4rskendaja, mis ei j\u00e4ta plekke. See on kiire ja t\u00f5hus moodus toa\u00f5hu ning tekstiilpindade v\u00e4rskendamiseks. Air Freshener sisaldab l\u00f5hnu neutraliseerivat ainet, mis m\u00f5jub t\u00f5husalt ka tubakasuitsu ja toidul\u00f5hnade puhul. V\u00f5id pihustada otse vaipadele, kardinatele ja teistele tekstiilpindadele 30-40 cm kauguselt. V\u00e4ldi pihustamist \u00f5rnadele kiudmaterjalidele.  Hoiustamine: Mitte hoida p\u00e4ikese k\u00e4es ega \u00fcle 50\u00b0C temperatuuri juures. T\u00fchja pakendit mitte purustada ega p\u00f5letada. K\u00f5lblikkusaeg viis aastat alates tootmiskuup\u00e4evast. Kasutusjuhend: Raputa pudelit enne kasutamist ning pihusta. Keskkond ja ohutus: Mitte pihustada lahtisesse tulle ega h\u00f5\u00f5guvatele materjalidele. Hoida eemal s\u00fc\u00fcteallikatest\u2013Suitsetamine keelatud! Hoida lastele k\u00e4ttesaamatus kohas.","og_url":"https:\/\/easystar.ee\/en\/toode\/kp-air-freshener-ohuvarskendaja-neutraliseerija-200ml-l65035\/","og_site_name":"Easy Star O\u00dc","article_modified_time":"2025-10-30T01:39:41+00:00","og_image":[{"width":305,"height":720,"url":"https:\/\/easystar.ee\/wp-content\/uploads\/2024\/05\/L65035.jpg","type":"image\/jpeg"}],"twitter_card":"summary_large_image","schema":{"@context":"https:\/\/schema.org","@graph":[{"@type":"WebPage","@id":"https:\/\/easystar.ee\/en\/toode\/kp-air-freshener-ohuvarskendaja-neutraliseerija-200ml-l65035\/","url":"https:\/\/easystar.ee\/en\/toode\/kp-air-freshener-ohuvarskendaja-neutraliseerija-200ml-l65035\/","name":"KP Air Freshener, \u00f5huv\u00e4rskendaja\/neutraliseerija 200ml L65035 &#8212; Easy Star O\u00dc","isPartOf":{"@id":"https:\/\/easystar.ee\/#website"},"primaryImageOfPage":{"@id":"https:\/\/easystar.ee\/en\/toode\/kp-air-freshener-ohuvarskendaja-neutraliseerija-200ml-l65035\/#primaryimage"},"image":{"@id":"https:\/\/easystar.ee\/en\/toode\/kp-air-freshener-ohuvarskendaja-neutraliseerija-200ml-l65035\/#primaryimage"},"thumbnailUrl":"https:\/\/easystar.ee\/wp-content\/uploads\/2024\/05\/L65035.jpg","datePublished":"2024-05-31T10:03:30+00:00","dateModified":"2025-10-30T01:39:41+00:00","breadcrumb":{"@id":"https:\/\/easystar.ee\/en\/toode\/kp-air-freshener-ohuvarskendaja-neutraliseerija-200ml-l65035\/#breadcrumb"},"inLanguage":"en-US","potentialAction":[{"@type":"ReadAction","target":["https:\/\/easystar.ee\/en\/toode\/kp-air-freshener-ohuvarskendaja-neutraliseerija-200ml-l65035\/"]}]},{"@type":"ImageObject","inLanguage":"en-US","@id":"https:\/\/easystar.ee\/en\/toode\/kp-air-freshener-ohuvarskendaja-neutraliseerija-200ml-l65035\/#primaryimage","url":"https:\/\/easystar.ee\/wp-content\/uploads\/2024\/05\/L65035.jpg","contentUrl":"https:\/\/easystar.ee\/wp-content\/uploads\/2024\/05\/L65035.jpg","width":305,"height":720},{"@type":"BreadcrumbList","@id":"https:\/\/easystar.ee\/en\/toode\/kp-air-freshener-ohuvarskendaja-neutraliseerija-200ml-l65035\/#breadcrumb","itemListElement":[{"@type":"ListItem","position":1,"name":"Home","item":"https:\/\/easystar.ee\/ru\/"},{"@type":"ListItem","position":2,"name":"Shop","item":"https:\/\/easystar.ee\/tooted\/"},{"@type":"ListItem","position":3,"name":"KP Air Freshener, \u00f5huv\u00e4rskendaja\/neutraliseerija 200ml L65035"}]},{"@type":"WebSite","@id":"https:\/\/easystar.ee\/#website","url":"https:\/\/easystar.ee\/","name":"Easystar.ee","description":"","publisher":{"@id":"https:\/\/easystar.ee\/#organization"},"alternateName":"Keskkonnas\u00f5bralikud pehmepaberitooted teie kontorisse","potentialAction":[{"@type":"SearchAction","target":{"@type":"EntryPoint","urlTemplate":"https:\/\/easystar.ee\/?s={search_term_string}"},"query-input":{"@type":"PropertyValueSpecification","valueRequired":true,"valueName":"search_term_string"}}],"inLanguage":"en-US"},{"@type":"Organization","@id":"https:\/\/easystar.ee\/#organization","name":"Easy Star O\u00dc","url":"https:\/\/easystar.ee\/","logo":{"@type":"ImageObject","inLanguage":"en-US","@id":"https:\/\/easystar.ee\/#\/schema\/logo\/image\/","url":"https:\/\/easystar.ee\/wp-content\/uploads\/2024\/03\/easystar-logo.svg","contentUrl":"https:\/\/easystar.ee\/wp-content\/uploads\/2024\/03\/easystar-logo.svg","width":2000,"height":2000,"caption":"Easy Star O\u00dc"},"image":{"@id":"https:\/\/easystar.ee\/#\/schema\/logo\/image\/"}}]}},"_links":{"self":[{"href":"https:\/\/easystar.ee\/en\/wp-json\/wp\/v2\/product\/34255","targetHints":{"allow":["GET"]}}],"collection":[{"href":"https:\/\/easystar.ee\/en\/wp-json\/wp\/v2\/product"}],"about":[{"href":"https:\/\/easystar.ee\/en\/wp-json\/wp\/v2\/types\/product"}],"wp:featuredmedia":[{"embeddable":true,"href":"https:\/\/easystar.ee\/en\/wp-json\/wp\/v2\/media\/34247"}],"wp:attachment":[{"href":"https:\/\/easystar.ee\/en\/wp-json\/wp\/v2\/media?parent=34255"}],"wp:term":[{"taxonomy":"product_brand","embeddable":true,"href":"https:\/\/easystar.ee\/en\/wp-json\/wp\/v2\/product_brand?post=34255"},{"taxonomy":"product_cat","embeddable":true,"href":"https:\/\/easystar.ee\/en\/wp-json\/wp\/v2\/product_cat?post=34255"},{"taxonomy":"product_tag","embeddable":true,"href":"https:\/\/easystar.ee\/en\/wp-json\/wp\/v2\/product_tag?post=34255"}],"curies":[{"name":"wp","href":"https:\/\/api.w.org\/{rel}","templated":true}]}}