{"id":33545,"date":"2024-05-31T09:52:41","date_gmt":"2024-05-31T09:52:41","guid":{"rendered":"https:\/\/easystar.ee\/toode\/roosa-mikrolapp-30x40-uldkasutus-kt101847\/"},"modified":"2025-10-30T01:37:42","modified_gmt":"2025-10-30T01:37:42","slug":"roosa-mikrolapp-30x40-uldkasutus-kt101847","status":"publish","type":"product","link":"https:\/\/easystar.ee\/en\/toode\/roosa-mikrolapp-30x40-uldkasutus-kt101847\/","title":{"rendered":"Roosa mikrolapp 30&#215;40 (\u00fcldkasutus) KT101847"},"content":{"rendered":"","protected":false},"excerpt":{"rendered":"<p>260gsm 80% pol\u00fcester 20% pol\u00fcamiid. Pesemine ilma pehmendajata ja palsamita!<br \/>\nVeepesu lubatud maksimaalne temperatuur 90*C, masinpesu p\u00f5hiprogramm<br \/>\nTrummelkuivatus lubatud, maksimaalne temperatuur 60*C<br \/>\nPleegitamine (valgendamine) keelatud. Kasuta Color pesupulbrit<br \/>\nKeemiline puhastus keelatud, veepesu lubatud.<br \/>\nTriikimine keelatud!<\/p>\n","protected":false},"featured_media":33540,"template":"","meta":{"_acf_changed":false},"product_brand":[],"product_cat":[1857,1838],"product_tag":[],"class_list":{"0":"post-33545","1":"product","2":"type-product","3":"status-publish","4":"has-post-thumbnail","6":"product_cat-cloths","7":"product_cat-mce-manual-cleaning-equipment","9":"first","10":"instock","11":"taxable","12":"shipping-taxable","13":"purchasable","14":"product-type-simple"},"acf":[],"yoast_head":"<!-- This site is optimized with the Yoast SEO plugin v27.5 - https:\/\/yoast.com\/product\/yoast-seo-wordpress\/ -->\n<title>Roosa mikrolapp 30x40 (\u00fcldkasutus) KT101847 &#8212; Easy Star O\u00dc<\/title>\n<meta name=\"robots\" content=\"index, follow, max-snippet:-1, max-image-preview:large, max-video-preview:-1\" \/>\n<link rel=\"canonical\" href=\"https:\/\/easystar.ee\/en\/toode\/roosa-mikrolapp-30x40-uldkasutus-kt101847\/\" \/>\n<meta property=\"og:locale\" content=\"en_US\" \/>\n<meta property=\"og:type\" content=\"article\" \/>\n<meta property=\"og:title\" content=\"Roosa mikrolapp 30x40 (\u00fcldkasutus) KT101847 &#8212; Easy Star O\u00dc\" \/>\n<meta property=\"og:description\" content=\"260gsm 80% pol\u00fcester 20% pol\u00fcamiid. Pesemine ilma pehmendajata ja palsamita! Veepesu lubatud maksimaalne temperatuur 90*C, masinpesu p\u00f5hiprogramm Trummelkuivatus lubatud, maksimaalne temperatuur 60*C Pleegitamine (valgendamine) keelatud. Kasuta Color pesupulbrit Keemiline puhastus keelatud, veepesu lubatud. Triikimine keelatud!\" \/>\n<meta property=\"og:url\" content=\"https:\/\/easystar.ee\/en\/toode\/roosa-mikrolapp-30x40-uldkasutus-kt101847\/\" \/>\n<meta property=\"og:site_name\" content=\"Easy Star O\u00dc\" \/>\n<meta property=\"article:modified_time\" content=\"2025-10-30T01:37:42+00:00\" \/>\n<meta property=\"og:image\" content=\"https:\/\/easystar.ee\/wp-content\/uploads\/2024\/05\/KT101843_45_46_47_v3.jpg\" \/>\n\t<meta property=\"og:image:width\" content=\"282\" \/>\n\t<meta property=\"og:image:height\" content=\"188\" \/>\n\t<meta property=\"og:image:type\" content=\"image\/jpeg\" \/>\n<meta name=\"twitter:card\" content=\"summary_large_image\" \/>\n<script type=\"application\/ld+json\" class=\"yoast-schema-graph\">{\"@context\":\"https:\\\/\\\/schema.org\",\"@graph\":[{\"@type\":\"WebPage\",\"@id\":\"https:\\\/\\\/easystar.ee\\\/en\\\/toode\\\/roosa-mikrolapp-30x40-uldkasutus-kt101847\\\/\",\"url\":\"https:\\\/\\\/easystar.ee\\\/en\\\/toode\\\/roosa-mikrolapp-30x40-uldkasutus-kt101847\\\/\",\"name\":\"Roosa mikrolapp 30x40 (\u00fcldkasutus) KT101847 &#8212; Easy Star O\u00dc\",\"isPartOf\":{\"@id\":\"https:\\\/\\\/easystar.ee\\\/#website\"},\"primaryImageOfPage\":{\"@id\":\"https:\\\/\\\/easystar.ee\\\/en\\\/toode\\\/roosa-mikrolapp-30x40-uldkasutus-kt101847\\\/#primaryimage\"},\"image\":{\"@id\":\"https:\\\/\\\/easystar.ee\\\/en\\\/toode\\\/roosa-mikrolapp-30x40-uldkasutus-kt101847\\\/#primaryimage\"},\"thumbnailUrl\":\"https:\\\/\\\/easystar.ee\\\/wp-content\\\/uploads\\\/2024\\\/05\\\/KT101843_45_46_47_v3.jpg\",\"datePublished\":\"2024-05-31T09:52:41+00:00\",\"dateModified\":\"2025-10-30T01:37:42+00:00\",\"breadcrumb\":{\"@id\":\"https:\\\/\\\/easystar.ee\\\/en\\\/toode\\\/roosa-mikrolapp-30x40-uldkasutus-kt101847\\\/#breadcrumb\"},\"inLanguage\":\"en-US\",\"potentialAction\":[{\"@type\":\"ReadAction\",\"target\":[\"https:\\\/\\\/easystar.ee\\\/en\\\/toode\\\/roosa-mikrolapp-30x40-uldkasutus-kt101847\\\/\"]}]},{\"@type\":\"ImageObject\",\"inLanguage\":\"en-US\",\"@id\":\"https:\\\/\\\/easystar.ee\\\/en\\\/toode\\\/roosa-mikrolapp-30x40-uldkasutus-kt101847\\\/#primaryimage\",\"url\":\"https:\\\/\\\/easystar.ee\\\/wp-content\\\/uploads\\\/2024\\\/05\\\/KT101843_45_46_47_v3.jpg\",\"contentUrl\":\"https:\\\/\\\/easystar.ee\\\/wp-content\\\/uploads\\\/2024\\\/05\\\/KT101843_45_46_47_v3.jpg\",\"width\":282,\"height\":188},{\"@type\":\"BreadcrumbList\",\"@id\":\"https:\\\/\\\/easystar.ee\\\/en\\\/toode\\\/roosa-mikrolapp-30x40-uldkasutus-kt101847\\\/#breadcrumb\",\"itemListElement\":[{\"@type\":\"ListItem\",\"position\":1,\"name\":\"Home\",\"item\":\"https:\\\/\\\/easystar.ee\\\/ru\\\/\"},{\"@type\":\"ListItem\",\"position\":2,\"name\":\"Shop\",\"item\":\"https:\\\/\\\/easystar.ee\\\/tooted\\\/\"},{\"@type\":\"ListItem\",\"position\":3,\"name\":\"Roosa mikrolapp 30&#215;40 (\u00fcldkasutus) KT101847\"}]},{\"@type\":\"WebSite\",\"@id\":\"https:\\\/\\\/easystar.ee\\\/#website\",\"url\":\"https:\\\/\\\/easystar.ee\\\/\",\"name\":\"Easystar.ee\",\"description\":\"\",\"publisher\":{\"@id\":\"https:\\\/\\\/easystar.ee\\\/#organization\"},\"alternateName\":\"Keskkonnas\u00f5bralikud pehmepaberitooted teie kontorisse\",\"potentialAction\":[{\"@type\":\"SearchAction\",\"target\":{\"@type\":\"EntryPoint\",\"urlTemplate\":\"https:\\\/\\\/easystar.ee\\\/?s={search_term_string}\"},\"query-input\":{\"@type\":\"PropertyValueSpecification\",\"valueRequired\":true,\"valueName\":\"search_term_string\"}}],\"inLanguage\":\"en-US\"},{\"@type\":\"Organization\",\"@id\":\"https:\\\/\\\/easystar.ee\\\/#organization\",\"name\":\"Easy Star O\u00dc\",\"url\":\"https:\\\/\\\/easystar.ee\\\/\",\"logo\":{\"@type\":\"ImageObject\",\"inLanguage\":\"en-US\",\"@id\":\"https:\\\/\\\/easystar.ee\\\/#\\\/schema\\\/logo\\\/image\\\/\",\"url\":\"https:\\\/\\\/easystar.ee\\\/wp-content\\\/uploads\\\/2024\\\/03\\\/easystar-logo.svg\",\"contentUrl\":\"https:\\\/\\\/easystar.ee\\\/wp-content\\\/uploads\\\/2024\\\/03\\\/easystar-logo.svg\",\"width\":2000,\"height\":2000,\"caption\":\"Easy Star O\u00dc\"},\"image\":{\"@id\":\"https:\\\/\\\/easystar.ee\\\/#\\\/schema\\\/logo\\\/image\\\/\"}}]}<\/script>\n<!-- \/ Yoast SEO plugin. -->","yoast_head_json":{"title":"Roosa mikrolapp 30x40 (\u00fcldkasutus) KT101847 &#8212; Easy Star O\u00dc","robots":{"index":"index","follow":"follow","max-snippet":"max-snippet:-1","max-image-preview":"max-image-preview:large","max-video-preview":"max-video-preview:-1"},"canonical":"https:\/\/easystar.ee\/en\/toode\/roosa-mikrolapp-30x40-uldkasutus-kt101847\/","og_locale":"en_US","og_type":"article","og_title":"Roosa mikrolapp 30x40 (\u00fcldkasutus) KT101847 &#8212; Easy Star O\u00dc","og_description":"260gsm 80% pol\u00fcester 20% pol\u00fcamiid. Pesemine ilma pehmendajata ja palsamita! Veepesu lubatud maksimaalne temperatuur 90*C, masinpesu p\u00f5hiprogramm Trummelkuivatus lubatud, maksimaalne temperatuur 60*C Pleegitamine (valgendamine) keelatud. Kasuta Color pesupulbrit Keemiline puhastus keelatud, veepesu lubatud. Triikimine keelatud!","og_url":"https:\/\/easystar.ee\/en\/toode\/roosa-mikrolapp-30x40-uldkasutus-kt101847\/","og_site_name":"Easy Star O\u00dc","article_modified_time":"2025-10-30T01:37:42+00:00","og_image":[{"width":282,"height":188,"url":"https:\/\/easystar.ee\/wp-content\/uploads\/2024\/05\/KT101843_45_46_47_v3.jpg","type":"image\/jpeg"}],"twitter_card":"summary_large_image","schema":{"@context":"https:\/\/schema.org","@graph":[{"@type":"WebPage","@id":"https:\/\/easystar.ee\/en\/toode\/roosa-mikrolapp-30x40-uldkasutus-kt101847\/","url":"https:\/\/easystar.ee\/en\/toode\/roosa-mikrolapp-30x40-uldkasutus-kt101847\/","name":"Roosa mikrolapp 30x40 (\u00fcldkasutus) KT101847 &#8212; Easy Star O\u00dc","isPartOf":{"@id":"https:\/\/easystar.ee\/#website"},"primaryImageOfPage":{"@id":"https:\/\/easystar.ee\/en\/toode\/roosa-mikrolapp-30x40-uldkasutus-kt101847\/#primaryimage"},"image":{"@id":"https:\/\/easystar.ee\/en\/toode\/roosa-mikrolapp-30x40-uldkasutus-kt101847\/#primaryimage"},"thumbnailUrl":"https:\/\/easystar.ee\/wp-content\/uploads\/2024\/05\/KT101843_45_46_47_v3.jpg","datePublished":"2024-05-31T09:52:41+00:00","dateModified":"2025-10-30T01:37:42+00:00","breadcrumb":{"@id":"https:\/\/easystar.ee\/en\/toode\/roosa-mikrolapp-30x40-uldkasutus-kt101847\/#breadcrumb"},"inLanguage":"en-US","potentialAction":[{"@type":"ReadAction","target":["https:\/\/easystar.ee\/en\/toode\/roosa-mikrolapp-30x40-uldkasutus-kt101847\/"]}]},{"@type":"ImageObject","inLanguage":"en-US","@id":"https:\/\/easystar.ee\/en\/toode\/roosa-mikrolapp-30x40-uldkasutus-kt101847\/#primaryimage","url":"https:\/\/easystar.ee\/wp-content\/uploads\/2024\/05\/KT101843_45_46_47_v3.jpg","contentUrl":"https:\/\/easystar.ee\/wp-content\/uploads\/2024\/05\/KT101843_45_46_47_v3.jpg","width":282,"height":188},{"@type":"BreadcrumbList","@id":"https:\/\/easystar.ee\/en\/toode\/roosa-mikrolapp-30x40-uldkasutus-kt101847\/#breadcrumb","itemListElement":[{"@type":"ListItem","position":1,"name":"Home","item":"https:\/\/easystar.ee\/ru\/"},{"@type":"ListItem","position":2,"name":"Shop","item":"https:\/\/easystar.ee\/tooted\/"},{"@type":"ListItem","position":3,"name":"Roosa mikrolapp 30&#215;40 (\u00fcldkasutus) KT101847"}]},{"@type":"WebSite","@id":"https:\/\/easystar.ee\/#website","url":"https:\/\/easystar.ee\/","name":"Easystar.ee","description":"","publisher":{"@id":"https:\/\/easystar.ee\/#organization"},"alternateName":"Keskkonnas\u00f5bralikud pehmepaberitooted teie kontorisse","potentialAction":[{"@type":"SearchAction","target":{"@type":"EntryPoint","urlTemplate":"https:\/\/easystar.ee\/?s={search_term_string}"},"query-input":{"@type":"PropertyValueSpecification","valueRequired":true,"valueName":"search_term_string"}}],"inLanguage":"en-US"},{"@type":"Organization","@id":"https:\/\/easystar.ee\/#organization","name":"Easy Star O\u00dc","url":"https:\/\/easystar.ee\/","logo":{"@type":"ImageObject","inLanguage":"en-US","@id":"https:\/\/easystar.ee\/#\/schema\/logo\/image\/","url":"https:\/\/easystar.ee\/wp-content\/uploads\/2024\/03\/easystar-logo.svg","contentUrl":"https:\/\/easystar.ee\/wp-content\/uploads\/2024\/03\/easystar-logo.svg","width":2000,"height":2000,"caption":"Easy Star O\u00dc"},"image":{"@id":"https:\/\/easystar.ee\/#\/schema\/logo\/image\/"}}]}},"_links":{"self":[{"href":"https:\/\/easystar.ee\/en\/wp-json\/wp\/v2\/product\/33545","targetHints":{"allow":["GET"]}}],"collection":[{"href":"https:\/\/easystar.ee\/en\/wp-json\/wp\/v2\/product"}],"about":[{"href":"https:\/\/easystar.ee\/en\/wp-json\/wp\/v2\/types\/product"}],"wp:featuredmedia":[{"embeddable":true,"href":"https:\/\/easystar.ee\/en\/wp-json\/wp\/v2\/media\/33540"}],"wp:attachment":[{"href":"https:\/\/easystar.ee\/en\/wp-json\/wp\/v2\/media?parent=33545"}],"wp:term":[{"taxonomy":"product_brand","embeddable":true,"href":"https:\/\/easystar.ee\/en\/wp-json\/wp\/v2\/product_brand?post=33545"},{"taxonomy":"product_cat","embeddable":true,"href":"https:\/\/easystar.ee\/en\/wp-json\/wp\/v2\/product_cat?post=33545"},{"taxonomy":"product_tag","embeddable":true,"href":"https:\/\/easystar.ee\/en\/wp-json\/wp\/v2\/product_tag?post=33545"}],"curies":[{"name":"wp","href":"https:\/\/api.w.org\/{rel}","templated":true}]}}