{"id":33488,"date":"2024-05-31T09:52:27","date_gmt":"2024-05-31T09:52:27","guid":{"rendered":"https:\/\/easystar.ee\/toode\/prugikott-10l-bio-kompost-375x450-18my-15tk-rll-kph10bio\/"},"modified":"2025-11-06T01:30:27","modified_gmt":"2025-11-06T01:30:27","slug":"prugikott-10l-bio-kompost-375x450-18my-15tk-rll-kph10bio","status":"publish","type":"product","link":"https:\/\/easystar.ee\/en\/toode\/prugikott-10l-bio-kompost-375x450-18my-15tk-rll-kph10bio\/","title":{"rendered":"Pr\u00fcgikott 10L Bio\/kompost 375&#215;450 (18my) 15tk\/rll KPH10BIO"},"content":{"rendered":"","protected":false},"excerpt":{"rendered":"<p>Biolagunev &#8211; kompostitav pr\u00fcgikott 10L &#8211; Laius 375mm, pikkus 450mm, paksus 18\u00b5m, l\u00e4bipaistev (roheline) rullis 15tk, kastis 50 rulli<br \/>\nSobib kasutamiseks: majapidamises v\u00f5i kontorites kasutatavad olmepr\u00fcgikastides, kotid on rullist kergelt rebitavad. Pr\u00fcgi massist ja temperatuurist tulenevalt laguneb efektiivsemalt t\u00f6\u00f6stuslikes komposti tingimustes.<br \/>\nVastab Euroopa EN 13432 standarditele.<\/p>\n","protected":false},"featured_media":39239,"template":"","meta":{"_acf_changed":false},"product_brand":[],"product_cat":[1899,1900],"product_tag":[],"class_list":{"0":"post-33488","1":"product","2":"type-product","3":"status-publish","4":"has-post-thumbnail","6":"product_cat-bio-bin-bags","7":"product_cat-kp-bin-bags","9":"first","10":"instock","11":"taxable","12":"shipping-taxable","13":"purchasable","14":"product-type-simple"},"acf":[],"yoast_head":"<!-- This site is optimized with the Yoast SEO plugin v27.3 - https:\/\/yoast.com\/product\/yoast-seo-wordpress\/ -->\n<title>Pr\u00fcgikott 10L Bio\/kompost 375x450 (18my) 15tk\/rll KPH10BIO &#8212; Easy Star O\u00dc<\/title>\n<meta name=\"robots\" content=\"index, follow, max-snippet:-1, max-image-preview:large, max-video-preview:-1\" \/>\n<link rel=\"canonical\" href=\"https:\/\/easystar.ee\/toode\/prugikott-10l-bio-kompost-375x450-18my-15tk-rll-kph10bio\/\" \/>\n<meta property=\"og:locale\" content=\"en_US\" \/>\n<meta property=\"og:type\" content=\"article\" \/>\n<meta property=\"og:title\" content=\"Pr\u00fcgikott 10L Bio\/kompost 375x450 (18my) 15tk\/rll KPH10BIO &#8212; Easy Star O\u00dc\" \/>\n<meta property=\"og:description\" content=\"Biolagunev - kompostitav pr\u00fcgikott 10L - Laius 375mm, pikkus 450mm, paksus 18\u00b5m, l\u00e4bipaistev (roheline) rullis 15tk, kastis 50 rulli  Sobib kasutamiseks: majapidamises v\u00f5i kontorites kasutatavad olmepr\u00fcgikastides, kotid on rullist kergelt rebitavad. Pr\u00fcgi massist ja temperatuurist tulenevalt laguneb efektiivsemalt t\u00f6\u00f6stuslikes komposti tingimustes.  Vastab Euroopa EN 13432 standarditele.\" \/>\n<meta property=\"og:url\" content=\"https:\/\/easystar.ee\/toode\/prugikott-10l-bio-kompost-375x450-18my-15tk-rll-kph10bio\/\" \/>\n<meta property=\"og:site_name\" content=\"Easy Star O\u00dc\" \/>\n<meta property=\"article:modified_time\" content=\"2025-11-06T01:30:27+00:00\" \/>\n<meta property=\"og:image\" content=\"https:\/\/easystar.ee\/wp-content\/uploads\/2024\/06\/4741142004483.jpg\" \/>\n\t<meta property=\"og:image:width\" content=\"411\" \/>\n\t<meta property=\"og:image:height\" content=\"212\" \/>\n\t<meta property=\"og:image:type\" content=\"image\/jpeg\" \/>\n<meta name=\"twitter:card\" content=\"summary_large_image\" \/>\n<script type=\"application\/ld+json\" class=\"yoast-schema-graph\">{\"@context\":\"https:\\\/\\\/schema.org\",\"@graph\":[{\"@type\":\"WebPage\",\"@id\":\"https:\\\/\\\/easystar.ee\\\/toode\\\/prugikott-10l-bio-kompost-375x450-18my-15tk-rll-kph10bio\\\/\",\"url\":\"https:\\\/\\\/easystar.ee\\\/toode\\\/prugikott-10l-bio-kompost-375x450-18my-15tk-rll-kph10bio\\\/\",\"name\":\"Pr\u00fcgikott 10L Bio\\\/kompost 375x450 (18my) 15tk\\\/rll KPH10BIO &#8212; Easy Star O\u00dc\",\"isPartOf\":{\"@id\":\"https:\\\/\\\/easystar.ee\\\/#website\"},\"primaryImageOfPage\":{\"@id\":\"https:\\\/\\\/easystar.ee\\\/toode\\\/prugikott-10l-bio-kompost-375x450-18my-15tk-rll-kph10bio\\\/#primaryimage\"},\"image\":{\"@id\":\"https:\\\/\\\/easystar.ee\\\/toode\\\/prugikott-10l-bio-kompost-375x450-18my-15tk-rll-kph10bio\\\/#primaryimage\"},\"thumbnailUrl\":\"https:\\\/\\\/easystar.ee\\\/wp-content\\\/uploads\\\/2024\\\/06\\\/4741142004483.jpg\",\"datePublished\":\"2024-05-31T09:52:27+00:00\",\"dateModified\":\"2025-11-06T01:30:27+00:00\",\"breadcrumb\":{\"@id\":\"https:\\\/\\\/easystar.ee\\\/toode\\\/prugikott-10l-bio-kompost-375x450-18my-15tk-rll-kph10bio\\\/#breadcrumb\"},\"inLanguage\":\"en-US\",\"potentialAction\":[{\"@type\":\"ReadAction\",\"target\":[\"https:\\\/\\\/easystar.ee\\\/toode\\\/prugikott-10l-bio-kompost-375x450-18my-15tk-rll-kph10bio\\\/\"]}]},{\"@type\":\"ImageObject\",\"inLanguage\":\"en-US\",\"@id\":\"https:\\\/\\\/easystar.ee\\\/toode\\\/prugikott-10l-bio-kompost-375x450-18my-15tk-rll-kph10bio\\\/#primaryimage\",\"url\":\"https:\\\/\\\/easystar.ee\\\/wp-content\\\/uploads\\\/2024\\\/06\\\/4741142004483.jpg\",\"contentUrl\":\"https:\\\/\\\/easystar.ee\\\/wp-content\\\/uploads\\\/2024\\\/06\\\/4741142004483.jpg\",\"width\":411,\"height\":212},{\"@type\":\"BreadcrumbList\",\"@id\":\"https:\\\/\\\/easystar.ee\\\/toode\\\/prugikott-10l-bio-kompost-375x450-18my-15tk-rll-kph10bio\\\/#breadcrumb\",\"itemListElement\":[{\"@type\":\"ListItem\",\"position\":1,\"name\":\"Home\",\"item\":\"https:\\\/\\\/easystar.ee\\\/ru\\\/\"},{\"@type\":\"ListItem\",\"position\":2,\"name\":\"Shop\",\"item\":\"https:\\\/\\\/easystar.ee\\\/tooted\\\/\"},{\"@type\":\"ListItem\",\"position\":3,\"name\":\"Pr\u00fcgikott 10L Bio\\\/kompost 375&#215;450 (18my) 15tk\\\/rll KPH10BIO\"}]},{\"@type\":\"WebSite\",\"@id\":\"https:\\\/\\\/easystar.ee\\\/#website\",\"url\":\"https:\\\/\\\/easystar.ee\\\/\",\"name\":\"Easystar.ee\",\"description\":\"\",\"publisher\":{\"@id\":\"https:\\\/\\\/easystar.ee\\\/#organization\"},\"alternateName\":\"Keskkonnas\u00f5bralikud pehmepaberitooted teie kontorisse\",\"potentialAction\":[{\"@type\":\"SearchAction\",\"target\":{\"@type\":\"EntryPoint\",\"urlTemplate\":\"https:\\\/\\\/easystar.ee\\\/?s={search_term_string}\"},\"query-input\":{\"@type\":\"PropertyValueSpecification\",\"valueRequired\":true,\"valueName\":\"search_term_string\"}}],\"inLanguage\":\"en-US\"},{\"@type\":\"Organization\",\"@id\":\"https:\\\/\\\/easystar.ee\\\/#organization\",\"name\":\"Easy Star O\u00dc\",\"url\":\"https:\\\/\\\/easystar.ee\\\/\",\"logo\":{\"@type\":\"ImageObject\",\"inLanguage\":\"en-US\",\"@id\":\"https:\\\/\\\/easystar.ee\\\/#\\\/schema\\\/logo\\\/image\\\/\",\"url\":\"https:\\\/\\\/easystar.ee\\\/wp-content\\\/uploads\\\/2024\\\/03\\\/easystar-logo.svg\",\"contentUrl\":\"https:\\\/\\\/easystar.ee\\\/wp-content\\\/uploads\\\/2024\\\/03\\\/easystar-logo.svg\",\"width\":2000,\"height\":2000,\"caption\":\"Easy Star O\u00dc\"},\"image\":{\"@id\":\"https:\\\/\\\/easystar.ee\\\/#\\\/schema\\\/logo\\\/image\\\/\"}}]}<\/script>\n<!-- \/ Yoast SEO plugin. -->","yoast_head_json":{"title":"Pr\u00fcgikott 10L Bio\/kompost 375x450 (18my) 15tk\/rll KPH10BIO &#8212; Easy Star O\u00dc","robots":{"index":"index","follow":"follow","max-snippet":"max-snippet:-1","max-image-preview":"max-image-preview:large","max-video-preview":"max-video-preview:-1"},"canonical":"https:\/\/easystar.ee\/toode\/prugikott-10l-bio-kompost-375x450-18my-15tk-rll-kph10bio\/","og_locale":"en_US","og_type":"article","og_title":"Pr\u00fcgikott 10L Bio\/kompost 375x450 (18my) 15tk\/rll KPH10BIO &#8212; Easy Star O\u00dc","og_description":"Biolagunev - kompostitav pr\u00fcgikott 10L - Laius 375mm, pikkus 450mm, paksus 18\u00b5m, l\u00e4bipaistev (roheline) rullis 15tk, kastis 50 rulli  Sobib kasutamiseks: majapidamises v\u00f5i kontorites kasutatavad olmepr\u00fcgikastides, kotid on rullist kergelt rebitavad. Pr\u00fcgi massist ja temperatuurist tulenevalt laguneb efektiivsemalt t\u00f6\u00f6stuslikes komposti tingimustes.  Vastab Euroopa EN 13432 standarditele.","og_url":"https:\/\/easystar.ee\/toode\/prugikott-10l-bio-kompost-375x450-18my-15tk-rll-kph10bio\/","og_site_name":"Easy Star O\u00dc","article_modified_time":"2025-11-06T01:30:27+00:00","og_image":[{"width":411,"height":212,"url":"https:\/\/easystar.ee\/wp-content\/uploads\/2024\/06\/4741142004483.jpg","type":"image\/jpeg"}],"twitter_card":"summary_large_image","schema":{"@context":"https:\/\/schema.org","@graph":[{"@type":"WebPage","@id":"https:\/\/easystar.ee\/toode\/prugikott-10l-bio-kompost-375x450-18my-15tk-rll-kph10bio\/","url":"https:\/\/easystar.ee\/toode\/prugikott-10l-bio-kompost-375x450-18my-15tk-rll-kph10bio\/","name":"Pr\u00fcgikott 10L Bio\/kompost 375x450 (18my) 15tk\/rll KPH10BIO &#8212; Easy Star O\u00dc","isPartOf":{"@id":"https:\/\/easystar.ee\/#website"},"primaryImageOfPage":{"@id":"https:\/\/easystar.ee\/toode\/prugikott-10l-bio-kompost-375x450-18my-15tk-rll-kph10bio\/#primaryimage"},"image":{"@id":"https:\/\/easystar.ee\/toode\/prugikott-10l-bio-kompost-375x450-18my-15tk-rll-kph10bio\/#primaryimage"},"thumbnailUrl":"https:\/\/easystar.ee\/wp-content\/uploads\/2024\/06\/4741142004483.jpg","datePublished":"2024-05-31T09:52:27+00:00","dateModified":"2025-11-06T01:30:27+00:00","breadcrumb":{"@id":"https:\/\/easystar.ee\/toode\/prugikott-10l-bio-kompost-375x450-18my-15tk-rll-kph10bio\/#breadcrumb"},"inLanguage":"en-US","potentialAction":[{"@type":"ReadAction","target":["https:\/\/easystar.ee\/toode\/prugikott-10l-bio-kompost-375x450-18my-15tk-rll-kph10bio\/"]}]},{"@type":"ImageObject","inLanguage":"en-US","@id":"https:\/\/easystar.ee\/toode\/prugikott-10l-bio-kompost-375x450-18my-15tk-rll-kph10bio\/#primaryimage","url":"https:\/\/easystar.ee\/wp-content\/uploads\/2024\/06\/4741142004483.jpg","contentUrl":"https:\/\/easystar.ee\/wp-content\/uploads\/2024\/06\/4741142004483.jpg","width":411,"height":212},{"@type":"BreadcrumbList","@id":"https:\/\/easystar.ee\/toode\/prugikott-10l-bio-kompost-375x450-18my-15tk-rll-kph10bio\/#breadcrumb","itemListElement":[{"@type":"ListItem","position":1,"name":"Home","item":"https:\/\/easystar.ee\/ru\/"},{"@type":"ListItem","position":2,"name":"Shop","item":"https:\/\/easystar.ee\/tooted\/"},{"@type":"ListItem","position":3,"name":"Pr\u00fcgikott 10L Bio\/kompost 375&#215;450 (18my) 15tk\/rll KPH10BIO"}]},{"@type":"WebSite","@id":"https:\/\/easystar.ee\/#website","url":"https:\/\/easystar.ee\/","name":"Easystar.ee","description":"","publisher":{"@id":"https:\/\/easystar.ee\/#organization"},"alternateName":"Keskkonnas\u00f5bralikud pehmepaberitooted teie kontorisse","potentialAction":[{"@type":"SearchAction","target":{"@type":"EntryPoint","urlTemplate":"https:\/\/easystar.ee\/?s={search_term_string}"},"query-input":{"@type":"PropertyValueSpecification","valueRequired":true,"valueName":"search_term_string"}}],"inLanguage":"en-US"},{"@type":"Organization","@id":"https:\/\/easystar.ee\/#organization","name":"Easy Star O\u00dc","url":"https:\/\/easystar.ee\/","logo":{"@type":"ImageObject","inLanguage":"en-US","@id":"https:\/\/easystar.ee\/#\/schema\/logo\/image\/","url":"https:\/\/easystar.ee\/wp-content\/uploads\/2024\/03\/easystar-logo.svg","contentUrl":"https:\/\/easystar.ee\/wp-content\/uploads\/2024\/03\/easystar-logo.svg","width":2000,"height":2000,"caption":"Easy Star O\u00dc"},"image":{"@id":"https:\/\/easystar.ee\/#\/schema\/logo\/image\/"}}]}},"_links":{"self":[{"href":"https:\/\/easystar.ee\/en\/wp-json\/wp\/v2\/product\/33488","targetHints":{"allow":["GET"]}}],"collection":[{"href":"https:\/\/easystar.ee\/en\/wp-json\/wp\/v2\/product"}],"about":[{"href":"https:\/\/easystar.ee\/en\/wp-json\/wp\/v2\/types\/product"}],"wp:featuredmedia":[{"embeddable":true,"href":"https:\/\/easystar.ee\/en\/wp-json\/wp\/v2\/media\/39239"}],"wp:attachment":[{"href":"https:\/\/easystar.ee\/en\/wp-json\/wp\/v2\/media?parent=33488"}],"wp:term":[{"taxonomy":"product_brand","embeddable":true,"href":"https:\/\/easystar.ee\/en\/wp-json\/wp\/v2\/product_brand?post=33488"},{"taxonomy":"product_cat","embeddable":true,"href":"https:\/\/easystar.ee\/en\/wp-json\/wp\/v2\/product_cat?post=33488"},{"taxonomy":"product_tag","embeddable":true,"href":"https:\/\/easystar.ee\/en\/wp-json\/wp\/v2\/product_tag?post=33488"}],"curies":[{"name":"wp","href":"https:\/\/api.w.org\/{rel}","templated":true}]}}