{"id":33326,"date":"2024-05-31T09:51:22","date_gmt":"2024-05-31T09:51:22","guid":{"rendered":"https:\/\/easystar.ee\/toode\/esd-nailonsormik-pu-kattega-napuotsad-nr-11-kt12811\/"},"modified":"2025-10-30T01:37:17","modified_gmt":"2025-10-30T01:37:17","slug":"esd-nailonsormik-pu-kattega-napuotsad-nr-11-kt12811","status":"publish","type":"product","link":"https:\/\/easystar.ee\/en\/toode\/esd-nailonsormik-pu-kattega-napuotsad-nr-11-kt12811\/","title":{"rendered":"ESD Nailons\u00f5rmik PU kattega n\u00e4puotsad nr 11 KT12811"},"content":{"rendered":"","protected":false},"excerpt":{"rendered":"<p>Nailonkindad PU-kate n\u00e4puotstes ESD 128 11<br \/>\nAntistaatilised, hea haarde ja n\u00e4puotsa tundlikusega. Pol\u00fcamiid e. nailon, s\u00fcsinikkiud ja pol\u00fcuretaan(PU). 12 paari pakis, 240 paari kastis. Suurused 6-11<\/p>\n","protected":false},"featured_media":33324,"template":"","meta":{"_acf_changed":false},"product_brand":[],"product_cat":[1862,1861],"product_tag":[],"class_list":{"0":"post-33326","1":"product","2":"type-product","3":"status-publish","4":"has-post-thumbnail","6":"product_cat-gloves","7":"product_cat-ppe-personal-protective-equipment","9":"first","10":"instock","11":"taxable","12":"shipping-taxable","13":"purchasable","14":"product-type-simple"},"acf":[],"yoast_head":"<!-- This site is optimized with the Yoast SEO plugin v27.5 - https:\/\/yoast.com\/product\/yoast-seo-wordpress\/ -->\n<title>ESD Nailons\u00f5rmik PU kattega n\u00e4puotsad nr 11 KT12811 &#8212; Easy Star O\u00dc<\/title>\n<meta name=\"robots\" content=\"index, follow, max-snippet:-1, max-image-preview:large, max-video-preview:-1\" \/>\n<link rel=\"canonical\" href=\"https:\/\/easystar.ee\/en\/toode\/esd-nailonsormik-pu-kattega-napuotsad-nr-11-kt12811\/\" \/>\n<meta property=\"og:locale\" content=\"en_US\" \/>\n<meta property=\"og:type\" content=\"article\" \/>\n<meta property=\"og:title\" content=\"ESD Nailons\u00f5rmik PU kattega n\u00e4puotsad nr 11 KT12811 &#8212; Easy Star O\u00dc\" \/>\n<meta property=\"og:description\" content=\"Nailonkindad PU-kate n\u00e4puotstes ESD 128 11 Antistaatilised, hea haarde ja n\u00e4puotsa tundlikusega. Pol\u00fcamiid e. nailon, s\u00fcsinikkiud ja pol\u00fcuretaan(PU). 12 paari pakis, 240 paari kastis. Suurused 6-11\" \/>\n<meta property=\"og:url\" content=\"https:\/\/easystar.ee\/en\/toode\/esd-nailonsormik-pu-kattega-napuotsad-nr-11-kt12811\/\" \/>\n<meta property=\"og:site_name\" content=\"Easy Star O\u00dc\" \/>\n<meta property=\"article:modified_time\" content=\"2025-10-30T01:37:17+00:00\" \/>\n<meta property=\"og:image\" content=\"https:\/\/easystar.ee\/wp-content\/uploads\/2024\/05\/ESD_128_v1.jpg\" \/>\n\t<meta property=\"og:image:width\" content=\"638\" \/>\n\t<meta property=\"og:image:height\" content=\"624\" \/>\n\t<meta property=\"og:image:type\" content=\"image\/jpeg\" \/>\n<meta name=\"twitter:card\" content=\"summary_large_image\" \/>\n<script type=\"application\/ld+json\" class=\"yoast-schema-graph\">{\"@context\":\"https:\\\/\\\/schema.org\",\"@graph\":[{\"@type\":\"WebPage\",\"@id\":\"https:\\\/\\\/easystar.ee\\\/en\\\/toode\\\/esd-nailonsormik-pu-kattega-napuotsad-nr-11-kt12811\\\/\",\"url\":\"https:\\\/\\\/easystar.ee\\\/en\\\/toode\\\/esd-nailonsormik-pu-kattega-napuotsad-nr-11-kt12811\\\/\",\"name\":\"ESD Nailons\u00f5rmik PU kattega n\u00e4puotsad nr 11 KT12811 &#8212; Easy Star O\u00dc\",\"isPartOf\":{\"@id\":\"https:\\\/\\\/easystar.ee\\\/#website\"},\"primaryImageOfPage\":{\"@id\":\"https:\\\/\\\/easystar.ee\\\/en\\\/toode\\\/esd-nailonsormik-pu-kattega-napuotsad-nr-11-kt12811\\\/#primaryimage\"},\"image\":{\"@id\":\"https:\\\/\\\/easystar.ee\\\/en\\\/toode\\\/esd-nailonsormik-pu-kattega-napuotsad-nr-11-kt12811\\\/#primaryimage\"},\"thumbnailUrl\":\"https:\\\/\\\/easystar.ee\\\/wp-content\\\/uploads\\\/2024\\\/05\\\/ESD_128_v1.jpg\",\"datePublished\":\"2024-05-31T09:51:22+00:00\",\"dateModified\":\"2025-10-30T01:37:17+00:00\",\"breadcrumb\":{\"@id\":\"https:\\\/\\\/easystar.ee\\\/en\\\/toode\\\/esd-nailonsormik-pu-kattega-napuotsad-nr-11-kt12811\\\/#breadcrumb\"},\"inLanguage\":\"en-US\",\"potentialAction\":[{\"@type\":\"ReadAction\",\"target\":[\"https:\\\/\\\/easystar.ee\\\/en\\\/toode\\\/esd-nailonsormik-pu-kattega-napuotsad-nr-11-kt12811\\\/\"]}]},{\"@type\":\"ImageObject\",\"inLanguage\":\"en-US\",\"@id\":\"https:\\\/\\\/easystar.ee\\\/en\\\/toode\\\/esd-nailonsormik-pu-kattega-napuotsad-nr-11-kt12811\\\/#primaryimage\",\"url\":\"https:\\\/\\\/easystar.ee\\\/wp-content\\\/uploads\\\/2024\\\/05\\\/ESD_128_v1.jpg\",\"contentUrl\":\"https:\\\/\\\/easystar.ee\\\/wp-content\\\/uploads\\\/2024\\\/05\\\/ESD_128_v1.jpg\",\"width\":638,\"height\":624},{\"@type\":\"BreadcrumbList\",\"@id\":\"https:\\\/\\\/easystar.ee\\\/en\\\/toode\\\/esd-nailonsormik-pu-kattega-napuotsad-nr-11-kt12811\\\/#breadcrumb\",\"itemListElement\":[{\"@type\":\"ListItem\",\"position\":1,\"name\":\"Home\",\"item\":\"https:\\\/\\\/easystar.ee\\\/ru\\\/\"},{\"@type\":\"ListItem\",\"position\":2,\"name\":\"Shop\",\"item\":\"https:\\\/\\\/easystar.ee\\\/tooted\\\/\"},{\"@type\":\"ListItem\",\"position\":3,\"name\":\"ESD Nailons\u00f5rmik PU kattega n\u00e4puotsad nr 11 KT12811\"}]},{\"@type\":\"WebSite\",\"@id\":\"https:\\\/\\\/easystar.ee\\\/#website\",\"url\":\"https:\\\/\\\/easystar.ee\\\/\",\"name\":\"Easystar.ee\",\"description\":\"\",\"publisher\":{\"@id\":\"https:\\\/\\\/easystar.ee\\\/#organization\"},\"alternateName\":\"Keskkonnas\u00f5bralikud pehmepaberitooted teie kontorisse\",\"potentialAction\":[{\"@type\":\"SearchAction\",\"target\":{\"@type\":\"EntryPoint\",\"urlTemplate\":\"https:\\\/\\\/easystar.ee\\\/?s={search_term_string}\"},\"query-input\":{\"@type\":\"PropertyValueSpecification\",\"valueRequired\":true,\"valueName\":\"search_term_string\"}}],\"inLanguage\":\"en-US\"},{\"@type\":\"Organization\",\"@id\":\"https:\\\/\\\/easystar.ee\\\/#organization\",\"name\":\"Easy Star O\u00dc\",\"url\":\"https:\\\/\\\/easystar.ee\\\/\",\"logo\":{\"@type\":\"ImageObject\",\"inLanguage\":\"en-US\",\"@id\":\"https:\\\/\\\/easystar.ee\\\/#\\\/schema\\\/logo\\\/image\\\/\",\"url\":\"https:\\\/\\\/easystar.ee\\\/wp-content\\\/uploads\\\/2024\\\/03\\\/easystar-logo.svg\",\"contentUrl\":\"https:\\\/\\\/easystar.ee\\\/wp-content\\\/uploads\\\/2024\\\/03\\\/easystar-logo.svg\",\"width\":2000,\"height\":2000,\"caption\":\"Easy Star O\u00dc\"},\"image\":{\"@id\":\"https:\\\/\\\/easystar.ee\\\/#\\\/schema\\\/logo\\\/image\\\/\"}}]}<\/script>\n<!-- \/ Yoast SEO plugin. -->","yoast_head_json":{"title":"ESD Nailons\u00f5rmik PU kattega n\u00e4puotsad nr 11 KT12811 &#8212; Easy Star O\u00dc","robots":{"index":"index","follow":"follow","max-snippet":"max-snippet:-1","max-image-preview":"max-image-preview:large","max-video-preview":"max-video-preview:-1"},"canonical":"https:\/\/easystar.ee\/en\/toode\/esd-nailonsormik-pu-kattega-napuotsad-nr-11-kt12811\/","og_locale":"en_US","og_type":"article","og_title":"ESD Nailons\u00f5rmik PU kattega n\u00e4puotsad nr 11 KT12811 &#8212; Easy Star O\u00dc","og_description":"Nailonkindad PU-kate n\u00e4puotstes ESD 128 11 Antistaatilised, hea haarde ja n\u00e4puotsa tundlikusega. Pol\u00fcamiid e. nailon, s\u00fcsinikkiud ja pol\u00fcuretaan(PU). 12 paari pakis, 240 paari kastis. Suurused 6-11","og_url":"https:\/\/easystar.ee\/en\/toode\/esd-nailonsormik-pu-kattega-napuotsad-nr-11-kt12811\/","og_site_name":"Easy Star O\u00dc","article_modified_time":"2025-10-30T01:37:17+00:00","og_image":[{"width":638,"height":624,"url":"https:\/\/easystar.ee\/wp-content\/uploads\/2024\/05\/ESD_128_v1.jpg","type":"image\/jpeg"}],"twitter_card":"summary_large_image","schema":{"@context":"https:\/\/schema.org","@graph":[{"@type":"WebPage","@id":"https:\/\/easystar.ee\/en\/toode\/esd-nailonsormik-pu-kattega-napuotsad-nr-11-kt12811\/","url":"https:\/\/easystar.ee\/en\/toode\/esd-nailonsormik-pu-kattega-napuotsad-nr-11-kt12811\/","name":"ESD Nailons\u00f5rmik PU kattega n\u00e4puotsad nr 11 KT12811 &#8212; Easy Star O\u00dc","isPartOf":{"@id":"https:\/\/easystar.ee\/#website"},"primaryImageOfPage":{"@id":"https:\/\/easystar.ee\/en\/toode\/esd-nailonsormik-pu-kattega-napuotsad-nr-11-kt12811\/#primaryimage"},"image":{"@id":"https:\/\/easystar.ee\/en\/toode\/esd-nailonsormik-pu-kattega-napuotsad-nr-11-kt12811\/#primaryimage"},"thumbnailUrl":"https:\/\/easystar.ee\/wp-content\/uploads\/2024\/05\/ESD_128_v1.jpg","datePublished":"2024-05-31T09:51:22+00:00","dateModified":"2025-10-30T01:37:17+00:00","breadcrumb":{"@id":"https:\/\/easystar.ee\/en\/toode\/esd-nailonsormik-pu-kattega-napuotsad-nr-11-kt12811\/#breadcrumb"},"inLanguage":"en-US","potentialAction":[{"@type":"ReadAction","target":["https:\/\/easystar.ee\/en\/toode\/esd-nailonsormik-pu-kattega-napuotsad-nr-11-kt12811\/"]}]},{"@type":"ImageObject","inLanguage":"en-US","@id":"https:\/\/easystar.ee\/en\/toode\/esd-nailonsormik-pu-kattega-napuotsad-nr-11-kt12811\/#primaryimage","url":"https:\/\/easystar.ee\/wp-content\/uploads\/2024\/05\/ESD_128_v1.jpg","contentUrl":"https:\/\/easystar.ee\/wp-content\/uploads\/2024\/05\/ESD_128_v1.jpg","width":638,"height":624},{"@type":"BreadcrumbList","@id":"https:\/\/easystar.ee\/en\/toode\/esd-nailonsormik-pu-kattega-napuotsad-nr-11-kt12811\/#breadcrumb","itemListElement":[{"@type":"ListItem","position":1,"name":"Home","item":"https:\/\/easystar.ee\/ru\/"},{"@type":"ListItem","position":2,"name":"Shop","item":"https:\/\/easystar.ee\/tooted\/"},{"@type":"ListItem","position":3,"name":"ESD Nailons\u00f5rmik PU kattega n\u00e4puotsad nr 11 KT12811"}]},{"@type":"WebSite","@id":"https:\/\/easystar.ee\/#website","url":"https:\/\/easystar.ee\/","name":"Easystar.ee","description":"","publisher":{"@id":"https:\/\/easystar.ee\/#organization"},"alternateName":"Keskkonnas\u00f5bralikud pehmepaberitooted teie kontorisse","potentialAction":[{"@type":"SearchAction","target":{"@type":"EntryPoint","urlTemplate":"https:\/\/easystar.ee\/?s={search_term_string}"},"query-input":{"@type":"PropertyValueSpecification","valueRequired":true,"valueName":"search_term_string"}}],"inLanguage":"en-US"},{"@type":"Organization","@id":"https:\/\/easystar.ee\/#organization","name":"Easy Star O\u00dc","url":"https:\/\/easystar.ee\/","logo":{"@type":"ImageObject","inLanguage":"en-US","@id":"https:\/\/easystar.ee\/#\/schema\/logo\/image\/","url":"https:\/\/easystar.ee\/wp-content\/uploads\/2024\/03\/easystar-logo.svg","contentUrl":"https:\/\/easystar.ee\/wp-content\/uploads\/2024\/03\/easystar-logo.svg","width":2000,"height":2000,"caption":"Easy Star O\u00dc"},"image":{"@id":"https:\/\/easystar.ee\/#\/schema\/logo\/image\/"}}]}},"_links":{"self":[{"href":"https:\/\/easystar.ee\/en\/wp-json\/wp\/v2\/product\/33326","targetHints":{"allow":["GET"]}}],"collection":[{"href":"https:\/\/easystar.ee\/en\/wp-json\/wp\/v2\/product"}],"about":[{"href":"https:\/\/easystar.ee\/en\/wp-json\/wp\/v2\/types\/product"}],"wp:featuredmedia":[{"embeddable":true,"href":"https:\/\/easystar.ee\/en\/wp-json\/wp\/v2\/media\/33324"}],"wp:attachment":[{"href":"https:\/\/easystar.ee\/en\/wp-json\/wp\/v2\/media?parent=33326"}],"wp:term":[{"taxonomy":"product_brand","embeddable":true,"href":"https:\/\/easystar.ee\/en\/wp-json\/wp\/v2\/product_brand?post=33326"},{"taxonomy":"product_cat","embeddable":true,"href":"https:\/\/easystar.ee\/en\/wp-json\/wp\/v2\/product_cat?post=33326"},{"taxonomy":"product_tag","embeddable":true,"href":"https:\/\/easystar.ee\/en\/wp-json\/wp\/v2\/product_tag?post=33326"}],"curies":[{"name":"wp","href":"https:\/\/api.w.org\/{rel}","templated":true}]}}