{"id":32878,"date":"2024-05-31T09:43:33","date_gmt":"2024-05-31T09:43:33","guid":{"rendered":"https:\/\/easystar.ee\/toode\/hooldav-katekreem-tuubis-150ml-k12480\/"},"modified":"2026-04-08T01:30:04","modified_gmt":"2026-04-08T01:30:04","slug":"hooldav-katekreem-tuubis-150ml-k12480","status":"publish","type":"product","link":"https:\/\/easystar.ee\/en\/toode\/hooldav-katekreem-tuubis-150ml-k12480\/","title":{"rendered":"Hooldav k\u00e4tekreem tuubis 150ml K12480"},"content":{"rendered":"","protected":false},"excerpt":{"rendered":"<p>Orto hooldav k\u00e4tekreem kummeli ja gl\u00fctseriiniga 150ml<br \/>\nSuurep\u00e4rane kreem k\u00e4te igap\u00e4evaseks hooldamiseks.<br \/>\nKummelit\u00f5mmis koos gl\u00fctseriini, rapsi\u00f5li ja lanoliiniga niisutavad ja pehmendavad nahka, muutes ka k\u00f5ige karedamad k\u00e4ed sametiseks.<br \/>\nMentool lisab k\u00e4tele meeldivat v\u00e4rskust.<\/p>\n","protected":false},"featured_media":32870,"template":"","meta":{"_acf_changed":false},"product_brand":[],"product_cat":[1829,1875],"product_tag":[],"class_list":{"0":"post-32878","1":"product","2":"type-product","3":"status-publish","4":"has-post-thumbnail","6":"product_cat-cleaning-chemicals","7":"product_cat-medical-products","9":"first","10":"instock","11":"taxable","12":"shipping-taxable","13":"purchasable","14":"product-type-simple"},"acf":[],"yoast_head":"<!-- This site is optimized with the Yoast SEO plugin v27.5 - https:\/\/yoast.com\/product\/yoast-seo-wordpress\/ -->\n<title>Hooldav k\u00e4tekreem tuubis 150ml K12480 &#8212; Easy Star O\u00dc<\/title>\n<meta name=\"robots\" content=\"index, follow, max-snippet:-1, max-image-preview:large, max-video-preview:-1\" \/>\n<link rel=\"canonical\" href=\"https:\/\/easystar.ee\/toode\/hooldav-katekreem-tuubis-150ml-k12480\/\" \/>\n<meta property=\"og:locale\" content=\"en_US\" \/>\n<meta property=\"og:type\" content=\"article\" \/>\n<meta property=\"og:title\" content=\"Hooldav k\u00e4tekreem tuubis 150ml K12480 &#8212; Easy Star O\u00dc\" \/>\n<meta property=\"og:description\" content=\"Orto hooldav k\u00e4tekreem kummeli ja gl\u00fctseriiniga 150ml Suurep\u00e4rane kreem k\u00e4te igap\u00e4evaseks hooldamiseks. Kummelit\u00f5mmis koos gl\u00fctseriini, rapsi\u00f5li ja lanoliiniga niisutavad ja pehmendavad nahka, muutes ka k\u00f5ige karedamad k\u00e4ed sametiseks. Mentool lisab k\u00e4tele meeldivat v\u00e4rskust.\" \/>\n<meta property=\"og:url\" content=\"https:\/\/easystar.ee\/toode\/hooldav-katekreem-tuubis-150ml-k12480\/\" \/>\n<meta property=\"og:site_name\" content=\"Easy Star O\u00dc\" \/>\n<meta property=\"article:modified_time\" content=\"2026-04-08T01:30:04+00:00\" \/>\n<meta property=\"og:image\" content=\"https:\/\/easystar.ee\/wp-content\/uploads\/2024\/05\/K12480_Hooldav_katekreem_150ml.png\" \/>\n\t<meta property=\"og:image:width\" content=\"398\" \/>\n\t<meta property=\"og:image:height\" content=\"940\" \/>\n\t<meta property=\"og:image:type\" content=\"image\/png\" \/>\n<meta name=\"twitter:card\" content=\"summary_large_image\" \/>\n<script type=\"application\/ld+json\" class=\"yoast-schema-graph\">{\"@context\":\"https:\\\/\\\/schema.org\",\"@graph\":[{\"@type\":\"WebPage\",\"@id\":\"https:\\\/\\\/easystar.ee\\\/toode\\\/hooldav-katekreem-tuubis-150ml-k12480\\\/\",\"url\":\"https:\\\/\\\/easystar.ee\\\/toode\\\/hooldav-katekreem-tuubis-150ml-k12480\\\/\",\"name\":\"Hooldav k\u00e4tekreem tuubis 150ml K12480 &#8212; Easy Star O\u00dc\",\"isPartOf\":{\"@id\":\"https:\\\/\\\/easystar.ee\\\/#website\"},\"primaryImageOfPage\":{\"@id\":\"https:\\\/\\\/easystar.ee\\\/toode\\\/hooldav-katekreem-tuubis-150ml-k12480\\\/#primaryimage\"},\"image\":{\"@id\":\"https:\\\/\\\/easystar.ee\\\/toode\\\/hooldav-katekreem-tuubis-150ml-k12480\\\/#primaryimage\"},\"thumbnailUrl\":\"https:\\\/\\\/easystar.ee\\\/wp-content\\\/uploads\\\/2024\\\/05\\\/K12480_Hooldav_katekreem_150ml.png\",\"datePublished\":\"2024-05-31T09:43:33+00:00\",\"dateModified\":\"2026-04-08T01:30:04+00:00\",\"breadcrumb\":{\"@id\":\"https:\\\/\\\/easystar.ee\\\/toode\\\/hooldav-katekreem-tuubis-150ml-k12480\\\/#breadcrumb\"},\"inLanguage\":\"en-US\",\"potentialAction\":[{\"@type\":\"ReadAction\",\"target\":[\"https:\\\/\\\/easystar.ee\\\/toode\\\/hooldav-katekreem-tuubis-150ml-k12480\\\/\"]}]},{\"@type\":\"ImageObject\",\"inLanguage\":\"en-US\",\"@id\":\"https:\\\/\\\/easystar.ee\\\/toode\\\/hooldav-katekreem-tuubis-150ml-k12480\\\/#primaryimage\",\"url\":\"https:\\\/\\\/easystar.ee\\\/wp-content\\\/uploads\\\/2024\\\/05\\\/K12480_Hooldav_katekreem_150ml.png\",\"contentUrl\":\"https:\\\/\\\/easystar.ee\\\/wp-content\\\/uploads\\\/2024\\\/05\\\/K12480_Hooldav_katekreem_150ml.png\",\"width\":398,\"height\":940},{\"@type\":\"BreadcrumbList\",\"@id\":\"https:\\\/\\\/easystar.ee\\\/toode\\\/hooldav-katekreem-tuubis-150ml-k12480\\\/#breadcrumb\",\"itemListElement\":[{\"@type\":\"ListItem\",\"position\":1,\"name\":\"Home\",\"item\":\"https:\\\/\\\/easystar.ee\\\/ru\\\/\"},{\"@type\":\"ListItem\",\"position\":2,\"name\":\"Shop\",\"item\":\"https:\\\/\\\/easystar.ee\\\/tooted\\\/\"},{\"@type\":\"ListItem\",\"position\":3,\"name\":\"Hooldav k\u00e4tekreem tuubis 150ml K12480\"}]},{\"@type\":\"WebSite\",\"@id\":\"https:\\\/\\\/easystar.ee\\\/#website\",\"url\":\"https:\\\/\\\/easystar.ee\\\/\",\"name\":\"Easystar.ee\",\"description\":\"\",\"publisher\":{\"@id\":\"https:\\\/\\\/easystar.ee\\\/#organization\"},\"alternateName\":\"Keskkonnas\u00f5bralikud pehmepaberitooted teie kontorisse\",\"potentialAction\":[{\"@type\":\"SearchAction\",\"target\":{\"@type\":\"EntryPoint\",\"urlTemplate\":\"https:\\\/\\\/easystar.ee\\\/?s={search_term_string}\"},\"query-input\":{\"@type\":\"PropertyValueSpecification\",\"valueRequired\":true,\"valueName\":\"search_term_string\"}}],\"inLanguage\":\"en-US\"},{\"@type\":\"Organization\",\"@id\":\"https:\\\/\\\/easystar.ee\\\/#organization\",\"name\":\"Easy Star O\u00dc\",\"url\":\"https:\\\/\\\/easystar.ee\\\/\",\"logo\":{\"@type\":\"ImageObject\",\"inLanguage\":\"en-US\",\"@id\":\"https:\\\/\\\/easystar.ee\\\/#\\\/schema\\\/logo\\\/image\\\/\",\"url\":\"https:\\\/\\\/easystar.ee\\\/wp-content\\\/uploads\\\/2024\\\/03\\\/easystar-logo.svg\",\"contentUrl\":\"https:\\\/\\\/easystar.ee\\\/wp-content\\\/uploads\\\/2024\\\/03\\\/easystar-logo.svg\",\"width\":2000,\"height\":2000,\"caption\":\"Easy Star O\u00dc\"},\"image\":{\"@id\":\"https:\\\/\\\/easystar.ee\\\/#\\\/schema\\\/logo\\\/image\\\/\"}}]}<\/script>\n<!-- \/ Yoast SEO plugin. -->","yoast_head_json":{"title":"Hooldav k\u00e4tekreem tuubis 150ml K12480 &#8212; Easy Star O\u00dc","robots":{"index":"index","follow":"follow","max-snippet":"max-snippet:-1","max-image-preview":"max-image-preview:large","max-video-preview":"max-video-preview:-1"},"canonical":"https:\/\/easystar.ee\/toode\/hooldav-katekreem-tuubis-150ml-k12480\/","og_locale":"en_US","og_type":"article","og_title":"Hooldav k\u00e4tekreem tuubis 150ml K12480 &#8212; Easy Star O\u00dc","og_description":"Orto hooldav k\u00e4tekreem kummeli ja gl\u00fctseriiniga 150ml Suurep\u00e4rane kreem k\u00e4te igap\u00e4evaseks hooldamiseks. Kummelit\u00f5mmis koos gl\u00fctseriini, rapsi\u00f5li ja lanoliiniga niisutavad ja pehmendavad nahka, muutes ka k\u00f5ige karedamad k\u00e4ed sametiseks. Mentool lisab k\u00e4tele meeldivat v\u00e4rskust.","og_url":"https:\/\/easystar.ee\/toode\/hooldav-katekreem-tuubis-150ml-k12480\/","og_site_name":"Easy Star O\u00dc","article_modified_time":"2026-04-08T01:30:04+00:00","og_image":[{"width":398,"height":940,"url":"https:\/\/easystar.ee\/wp-content\/uploads\/2024\/05\/K12480_Hooldav_katekreem_150ml.png","type":"image\/png"}],"twitter_card":"summary_large_image","schema":{"@context":"https:\/\/schema.org","@graph":[{"@type":"WebPage","@id":"https:\/\/easystar.ee\/toode\/hooldav-katekreem-tuubis-150ml-k12480\/","url":"https:\/\/easystar.ee\/toode\/hooldav-katekreem-tuubis-150ml-k12480\/","name":"Hooldav k\u00e4tekreem tuubis 150ml K12480 &#8212; Easy Star O\u00dc","isPartOf":{"@id":"https:\/\/easystar.ee\/#website"},"primaryImageOfPage":{"@id":"https:\/\/easystar.ee\/toode\/hooldav-katekreem-tuubis-150ml-k12480\/#primaryimage"},"image":{"@id":"https:\/\/easystar.ee\/toode\/hooldav-katekreem-tuubis-150ml-k12480\/#primaryimage"},"thumbnailUrl":"https:\/\/easystar.ee\/wp-content\/uploads\/2024\/05\/K12480_Hooldav_katekreem_150ml.png","datePublished":"2024-05-31T09:43:33+00:00","dateModified":"2026-04-08T01:30:04+00:00","breadcrumb":{"@id":"https:\/\/easystar.ee\/toode\/hooldav-katekreem-tuubis-150ml-k12480\/#breadcrumb"},"inLanguage":"en-US","potentialAction":[{"@type":"ReadAction","target":["https:\/\/easystar.ee\/toode\/hooldav-katekreem-tuubis-150ml-k12480\/"]}]},{"@type":"ImageObject","inLanguage":"en-US","@id":"https:\/\/easystar.ee\/toode\/hooldav-katekreem-tuubis-150ml-k12480\/#primaryimage","url":"https:\/\/easystar.ee\/wp-content\/uploads\/2024\/05\/K12480_Hooldav_katekreem_150ml.png","contentUrl":"https:\/\/easystar.ee\/wp-content\/uploads\/2024\/05\/K12480_Hooldav_katekreem_150ml.png","width":398,"height":940},{"@type":"BreadcrumbList","@id":"https:\/\/easystar.ee\/toode\/hooldav-katekreem-tuubis-150ml-k12480\/#breadcrumb","itemListElement":[{"@type":"ListItem","position":1,"name":"Home","item":"https:\/\/easystar.ee\/ru\/"},{"@type":"ListItem","position":2,"name":"Shop","item":"https:\/\/easystar.ee\/tooted\/"},{"@type":"ListItem","position":3,"name":"Hooldav k\u00e4tekreem tuubis 150ml K12480"}]},{"@type":"WebSite","@id":"https:\/\/easystar.ee\/#website","url":"https:\/\/easystar.ee\/","name":"Easystar.ee","description":"","publisher":{"@id":"https:\/\/easystar.ee\/#organization"},"alternateName":"Keskkonnas\u00f5bralikud pehmepaberitooted teie kontorisse","potentialAction":[{"@type":"SearchAction","target":{"@type":"EntryPoint","urlTemplate":"https:\/\/easystar.ee\/?s={search_term_string}"},"query-input":{"@type":"PropertyValueSpecification","valueRequired":true,"valueName":"search_term_string"}}],"inLanguage":"en-US"},{"@type":"Organization","@id":"https:\/\/easystar.ee\/#organization","name":"Easy Star O\u00dc","url":"https:\/\/easystar.ee\/","logo":{"@type":"ImageObject","inLanguage":"en-US","@id":"https:\/\/easystar.ee\/#\/schema\/logo\/image\/","url":"https:\/\/easystar.ee\/wp-content\/uploads\/2024\/03\/easystar-logo.svg","contentUrl":"https:\/\/easystar.ee\/wp-content\/uploads\/2024\/03\/easystar-logo.svg","width":2000,"height":2000,"caption":"Easy Star O\u00dc"},"image":{"@id":"https:\/\/easystar.ee\/#\/schema\/logo\/image\/"}}]}},"_links":{"self":[{"href":"https:\/\/easystar.ee\/en\/wp-json\/wp\/v2\/product\/32878","targetHints":{"allow":["GET"]}}],"collection":[{"href":"https:\/\/easystar.ee\/en\/wp-json\/wp\/v2\/product"}],"about":[{"href":"https:\/\/easystar.ee\/en\/wp-json\/wp\/v2\/types\/product"}],"wp:featuredmedia":[{"embeddable":true,"href":"https:\/\/easystar.ee\/en\/wp-json\/wp\/v2\/media\/32870"}],"wp:attachment":[{"href":"https:\/\/easystar.ee\/en\/wp-json\/wp\/v2\/media?parent=32878"}],"wp:term":[{"taxonomy":"product_brand","embeddable":true,"href":"https:\/\/easystar.ee\/en\/wp-json\/wp\/v2\/product_brand?post=32878"},{"taxonomy":"product_cat","embeddable":true,"href":"https:\/\/easystar.ee\/en\/wp-json\/wp\/v2\/product_cat?post=32878"},{"taxonomy":"product_tag","embeddable":true,"href":"https:\/\/easystar.ee\/en\/wp-json\/wp\/v2\/product_tag?post=32878"}],"curies":[{"name":"wp","href":"https:\/\/api.w.org\/{rel}","templated":true}]}}