{"id":32791,"date":"2024-05-31T09:43:06","date_gmt":"2024-05-31T09:43:06","guid":{"rendered":"https:\/\/easystar.ee\/toode\/kittel-polupropuleen-trukkidega-taskuteta-xl-kt274-xl\/"},"modified":"2025-10-30T01:35:59","modified_gmt":"2025-10-30T01:35:59","slug":"kittel-polupropuleen-trukkidega-taskuteta-xl-10tk-kt274-xl","status":"publish","type":"product","link":"https:\/\/easystar.ee\/en\/toode\/kittel-polupropuleen-trukkidega-taskuteta-xl-10tk-kt274-xl\/","title":{"rendered":"Kittel pol\u00fcprop\u00fcleen, trukkidega, taskuteta XL 10tk KT274-XL"},"content":{"rendered":"","protected":false},"excerpt":{"rendered":"<p>kinnitatav trukkidega, taskuteta, \u00f5huke ja hingav materjal, koostis: pol\u00fcprop\u00fcleen, 30 g\/m2, 100 tk kastis<br \/>\n* Taskuteta pol\u00fcprop\u00fcleenist \u00fchekordne kittel, mis on eest kinnitatav trukkidega, randme\u00e4\u00e4rtes elastne kumm. Sobilik toiduainet\u00f6\u00f6stusele, meditsiini, labori jm valdkonnale kaitseks mustuse ja tolmu eest. M\u00f5eldud kandmiseks teiste riiete peal.<br \/>\nKitli pikkus XL 110 cm. Kanga kaal 30 gr\/m\u00b2.<\/p>\n","protected":false},"featured_media":32789,"template":"","meta":{"_acf_changed":false},"product_brand":[],"product_cat":[1933,1861],"product_tag":[],"class_list":{"0":"post-32791","1":"product","2":"type-product","3":"status-publish","4":"has-post-thumbnail","6":"product_cat-disposables","7":"product_cat-ppe-personal-protective-equipment","9":"first","10":"instock","11":"taxable","12":"shipping-taxable","13":"purchasable","14":"product-type-simple"},"acf":[],"yoast_head":"<!-- This site is optimized with the Yoast SEO plugin v27.5 - https:\/\/yoast.com\/product\/yoast-seo-wordpress\/ -->\n<title>Kittel pol\u00fcprop\u00fcleen, trukkidega, taskuteta XL 10tk KT274-XL &#8212; Easy Star O\u00dc<\/title>\n<meta name=\"robots\" content=\"index, follow, max-snippet:-1, max-image-preview:large, max-video-preview:-1\" \/>\n<link rel=\"canonical\" href=\"https:\/\/easystar.ee\/en\/toode\/kittel-polupropuleen-trukkidega-taskuteta-xl-10tk-kt274-xl\/\" \/>\n<meta property=\"og:locale\" content=\"en_US\" \/>\n<meta property=\"og:type\" content=\"article\" \/>\n<meta property=\"og:title\" content=\"Kittel pol\u00fcprop\u00fcleen, trukkidega, taskuteta XL 10tk KT274-XL &#8212; Easy Star O\u00dc\" \/>\n<meta property=\"og:description\" content=\"kinnitatav trukkidega, taskuteta, \u00f5huke ja hingav materjal, koostis: pol\u00fcprop\u00fcleen, 30 g\/m2, 100 tk kastis  * Taskuteta pol\u00fcprop\u00fcleenist \u00fchekordne kittel, mis on eest kinnitatav trukkidega, randme\u00e4\u00e4rtes elastne kumm. Sobilik toiduainet\u00f6\u00f6stusele, meditsiini, labori jm valdkonnale kaitseks mustuse ja tolmu eest. M\u00f5eldud kandmiseks teiste riiete peal.  Kitli pikkus XL 110 cm. Kanga kaal 30 gr\/m\u00b2.\" \/>\n<meta property=\"og:url\" content=\"https:\/\/easystar.ee\/en\/toode\/kittel-polupropuleen-trukkidega-taskuteta-xl-10tk-kt274-xl\/\" \/>\n<meta property=\"og:site_name\" content=\"Easy Star O\u00dc\" \/>\n<meta property=\"article:modified_time\" content=\"2025-10-30T01:35:59+00:00\" \/>\n<meta property=\"og:image\" content=\"https:\/\/easystar.ee\/wp-content\/uploads\/2024\/05\/KT274-XL.jpeg\" \/>\n\t<meta property=\"og:image:width\" content=\"480\" \/>\n\t<meta property=\"og:image:height\" content=\"480\" \/>\n\t<meta property=\"og:image:type\" content=\"image\/jpeg\" \/>\n<meta name=\"twitter:card\" content=\"summary_large_image\" \/>\n<script type=\"application\/ld+json\" class=\"yoast-schema-graph\">{\"@context\":\"https:\\\/\\\/schema.org\",\"@graph\":[{\"@type\":\"WebPage\",\"@id\":\"https:\\\/\\\/easystar.ee\\\/en\\\/toode\\\/kittel-polupropuleen-trukkidega-taskuteta-xl-10tk-kt274-xl\\\/\",\"url\":\"https:\\\/\\\/easystar.ee\\\/en\\\/toode\\\/kittel-polupropuleen-trukkidega-taskuteta-xl-10tk-kt274-xl\\\/\",\"name\":\"Kittel pol\u00fcprop\u00fcleen, trukkidega, taskuteta XL 10tk KT274-XL &#8212; Easy Star O\u00dc\",\"isPartOf\":{\"@id\":\"https:\\\/\\\/easystar.ee\\\/#website\"},\"primaryImageOfPage\":{\"@id\":\"https:\\\/\\\/easystar.ee\\\/en\\\/toode\\\/kittel-polupropuleen-trukkidega-taskuteta-xl-10tk-kt274-xl\\\/#primaryimage\"},\"image\":{\"@id\":\"https:\\\/\\\/easystar.ee\\\/en\\\/toode\\\/kittel-polupropuleen-trukkidega-taskuteta-xl-10tk-kt274-xl\\\/#primaryimage\"},\"thumbnailUrl\":\"https:\\\/\\\/easystar.ee\\\/wp-content\\\/uploads\\\/2024\\\/05\\\/KT274-XL.jpeg\",\"datePublished\":\"2024-05-31T09:43:06+00:00\",\"dateModified\":\"2025-10-30T01:35:59+00:00\",\"breadcrumb\":{\"@id\":\"https:\\\/\\\/easystar.ee\\\/en\\\/toode\\\/kittel-polupropuleen-trukkidega-taskuteta-xl-10tk-kt274-xl\\\/#breadcrumb\"},\"inLanguage\":\"en-US\",\"potentialAction\":[{\"@type\":\"ReadAction\",\"target\":[\"https:\\\/\\\/easystar.ee\\\/en\\\/toode\\\/kittel-polupropuleen-trukkidega-taskuteta-xl-10tk-kt274-xl\\\/\"]}]},{\"@type\":\"ImageObject\",\"inLanguage\":\"en-US\",\"@id\":\"https:\\\/\\\/easystar.ee\\\/en\\\/toode\\\/kittel-polupropuleen-trukkidega-taskuteta-xl-10tk-kt274-xl\\\/#primaryimage\",\"url\":\"https:\\\/\\\/easystar.ee\\\/wp-content\\\/uploads\\\/2024\\\/05\\\/KT274-XL.jpeg\",\"contentUrl\":\"https:\\\/\\\/easystar.ee\\\/wp-content\\\/uploads\\\/2024\\\/05\\\/KT274-XL.jpeg\",\"width\":480,\"height\":480},{\"@type\":\"BreadcrumbList\",\"@id\":\"https:\\\/\\\/easystar.ee\\\/en\\\/toode\\\/kittel-polupropuleen-trukkidega-taskuteta-xl-10tk-kt274-xl\\\/#breadcrumb\",\"itemListElement\":[{\"@type\":\"ListItem\",\"position\":1,\"name\":\"Home\",\"item\":\"https:\\\/\\\/easystar.ee\\\/ru\\\/\"},{\"@type\":\"ListItem\",\"position\":2,\"name\":\"Shop\",\"item\":\"https:\\\/\\\/easystar.ee\\\/tooted\\\/\"},{\"@type\":\"ListItem\",\"position\":3,\"name\":\"Kittel pol\u00fcprop\u00fcleen, trukkidega, taskuteta XL 10tk KT274-XL\"}]},{\"@type\":\"WebSite\",\"@id\":\"https:\\\/\\\/easystar.ee\\\/#website\",\"url\":\"https:\\\/\\\/easystar.ee\\\/\",\"name\":\"Easystar.ee\",\"description\":\"\",\"publisher\":{\"@id\":\"https:\\\/\\\/easystar.ee\\\/#organization\"},\"alternateName\":\"Keskkonnas\u00f5bralikud pehmepaberitooted teie kontorisse\",\"potentialAction\":[{\"@type\":\"SearchAction\",\"target\":{\"@type\":\"EntryPoint\",\"urlTemplate\":\"https:\\\/\\\/easystar.ee\\\/?s={search_term_string}\"},\"query-input\":{\"@type\":\"PropertyValueSpecification\",\"valueRequired\":true,\"valueName\":\"search_term_string\"}}],\"inLanguage\":\"en-US\"},{\"@type\":\"Organization\",\"@id\":\"https:\\\/\\\/easystar.ee\\\/#organization\",\"name\":\"Easy Star O\u00dc\",\"url\":\"https:\\\/\\\/easystar.ee\\\/\",\"logo\":{\"@type\":\"ImageObject\",\"inLanguage\":\"en-US\",\"@id\":\"https:\\\/\\\/easystar.ee\\\/#\\\/schema\\\/logo\\\/image\\\/\",\"url\":\"https:\\\/\\\/easystar.ee\\\/wp-content\\\/uploads\\\/2024\\\/03\\\/easystar-logo.svg\",\"contentUrl\":\"https:\\\/\\\/easystar.ee\\\/wp-content\\\/uploads\\\/2024\\\/03\\\/easystar-logo.svg\",\"width\":2000,\"height\":2000,\"caption\":\"Easy Star O\u00dc\"},\"image\":{\"@id\":\"https:\\\/\\\/easystar.ee\\\/#\\\/schema\\\/logo\\\/image\\\/\"}}]}<\/script>\n<!-- \/ Yoast SEO plugin. -->","yoast_head_json":{"title":"Kittel pol\u00fcprop\u00fcleen, trukkidega, taskuteta XL 10tk KT274-XL &#8212; Easy Star O\u00dc","robots":{"index":"index","follow":"follow","max-snippet":"max-snippet:-1","max-image-preview":"max-image-preview:large","max-video-preview":"max-video-preview:-1"},"canonical":"https:\/\/easystar.ee\/en\/toode\/kittel-polupropuleen-trukkidega-taskuteta-xl-10tk-kt274-xl\/","og_locale":"en_US","og_type":"article","og_title":"Kittel pol\u00fcprop\u00fcleen, trukkidega, taskuteta XL 10tk KT274-XL &#8212; Easy Star O\u00dc","og_description":"kinnitatav trukkidega, taskuteta, \u00f5huke ja hingav materjal, koostis: pol\u00fcprop\u00fcleen, 30 g\/m2, 100 tk kastis  * Taskuteta pol\u00fcprop\u00fcleenist \u00fchekordne kittel, mis on eest kinnitatav trukkidega, randme\u00e4\u00e4rtes elastne kumm. Sobilik toiduainet\u00f6\u00f6stusele, meditsiini, labori jm valdkonnale kaitseks mustuse ja tolmu eest. M\u00f5eldud kandmiseks teiste riiete peal.  Kitli pikkus XL 110 cm. Kanga kaal 30 gr\/m\u00b2.","og_url":"https:\/\/easystar.ee\/en\/toode\/kittel-polupropuleen-trukkidega-taskuteta-xl-10tk-kt274-xl\/","og_site_name":"Easy Star O\u00dc","article_modified_time":"2025-10-30T01:35:59+00:00","og_image":[{"width":480,"height":480,"url":"https:\/\/easystar.ee\/wp-content\/uploads\/2024\/05\/KT274-XL.jpeg","type":"image\/jpeg"}],"twitter_card":"summary_large_image","schema":{"@context":"https:\/\/schema.org","@graph":[{"@type":"WebPage","@id":"https:\/\/easystar.ee\/en\/toode\/kittel-polupropuleen-trukkidega-taskuteta-xl-10tk-kt274-xl\/","url":"https:\/\/easystar.ee\/en\/toode\/kittel-polupropuleen-trukkidega-taskuteta-xl-10tk-kt274-xl\/","name":"Kittel pol\u00fcprop\u00fcleen, trukkidega, taskuteta XL 10tk KT274-XL &#8212; Easy Star O\u00dc","isPartOf":{"@id":"https:\/\/easystar.ee\/#website"},"primaryImageOfPage":{"@id":"https:\/\/easystar.ee\/en\/toode\/kittel-polupropuleen-trukkidega-taskuteta-xl-10tk-kt274-xl\/#primaryimage"},"image":{"@id":"https:\/\/easystar.ee\/en\/toode\/kittel-polupropuleen-trukkidega-taskuteta-xl-10tk-kt274-xl\/#primaryimage"},"thumbnailUrl":"https:\/\/easystar.ee\/wp-content\/uploads\/2024\/05\/KT274-XL.jpeg","datePublished":"2024-05-31T09:43:06+00:00","dateModified":"2025-10-30T01:35:59+00:00","breadcrumb":{"@id":"https:\/\/easystar.ee\/en\/toode\/kittel-polupropuleen-trukkidega-taskuteta-xl-10tk-kt274-xl\/#breadcrumb"},"inLanguage":"en-US","potentialAction":[{"@type":"ReadAction","target":["https:\/\/easystar.ee\/en\/toode\/kittel-polupropuleen-trukkidega-taskuteta-xl-10tk-kt274-xl\/"]}]},{"@type":"ImageObject","inLanguage":"en-US","@id":"https:\/\/easystar.ee\/en\/toode\/kittel-polupropuleen-trukkidega-taskuteta-xl-10tk-kt274-xl\/#primaryimage","url":"https:\/\/easystar.ee\/wp-content\/uploads\/2024\/05\/KT274-XL.jpeg","contentUrl":"https:\/\/easystar.ee\/wp-content\/uploads\/2024\/05\/KT274-XL.jpeg","width":480,"height":480},{"@type":"BreadcrumbList","@id":"https:\/\/easystar.ee\/en\/toode\/kittel-polupropuleen-trukkidega-taskuteta-xl-10tk-kt274-xl\/#breadcrumb","itemListElement":[{"@type":"ListItem","position":1,"name":"Home","item":"https:\/\/easystar.ee\/ru\/"},{"@type":"ListItem","position":2,"name":"Shop","item":"https:\/\/easystar.ee\/tooted\/"},{"@type":"ListItem","position":3,"name":"Kittel pol\u00fcprop\u00fcleen, trukkidega, taskuteta XL 10tk KT274-XL"}]},{"@type":"WebSite","@id":"https:\/\/easystar.ee\/#website","url":"https:\/\/easystar.ee\/","name":"Easystar.ee","description":"","publisher":{"@id":"https:\/\/easystar.ee\/#organization"},"alternateName":"Keskkonnas\u00f5bralikud pehmepaberitooted teie kontorisse","potentialAction":[{"@type":"SearchAction","target":{"@type":"EntryPoint","urlTemplate":"https:\/\/easystar.ee\/?s={search_term_string}"},"query-input":{"@type":"PropertyValueSpecification","valueRequired":true,"valueName":"search_term_string"}}],"inLanguage":"en-US"},{"@type":"Organization","@id":"https:\/\/easystar.ee\/#organization","name":"Easy Star O\u00dc","url":"https:\/\/easystar.ee\/","logo":{"@type":"ImageObject","inLanguage":"en-US","@id":"https:\/\/easystar.ee\/#\/schema\/logo\/image\/","url":"https:\/\/easystar.ee\/wp-content\/uploads\/2024\/03\/easystar-logo.svg","contentUrl":"https:\/\/easystar.ee\/wp-content\/uploads\/2024\/03\/easystar-logo.svg","width":2000,"height":2000,"caption":"Easy Star O\u00dc"},"image":{"@id":"https:\/\/easystar.ee\/#\/schema\/logo\/image\/"}}]}},"_links":{"self":[{"href":"https:\/\/easystar.ee\/en\/wp-json\/wp\/v2\/product\/32791","targetHints":{"allow":["GET"]}}],"collection":[{"href":"https:\/\/easystar.ee\/en\/wp-json\/wp\/v2\/product"}],"about":[{"href":"https:\/\/easystar.ee\/en\/wp-json\/wp\/v2\/types\/product"}],"wp:featuredmedia":[{"embeddable":true,"href":"https:\/\/easystar.ee\/en\/wp-json\/wp\/v2\/media\/32789"}],"wp:attachment":[{"href":"https:\/\/easystar.ee\/en\/wp-json\/wp\/v2\/media?parent=32791"}],"wp:term":[{"taxonomy":"product_brand","embeddable":true,"href":"https:\/\/easystar.ee\/en\/wp-json\/wp\/v2\/product_brand?post=32791"},{"taxonomy":"product_cat","embeddable":true,"href":"https:\/\/easystar.ee\/en\/wp-json\/wp\/v2\/product_cat?post=32791"},{"taxonomy":"product_tag","embeddable":true,"href":"https:\/\/easystar.ee\/en\/wp-json\/wp\/v2\/product_tag?post=32791"}],"curies":[{"name":"wp","href":"https:\/\/api.w.org\/{rel}","templated":true}]}}