{"id":32770,"date":"2024-05-31T09:42:44","date_gmt":"2024-05-31T09:42:44","guid":{"rendered":"https:\/\/easystar.ee\/toode\/noudepesumasina-tabletid-green-easy-tabs-100tk-pk-63223-k63222\/"},"modified":"2025-10-30T01:35:57","modified_gmt":"2025-10-30T01:35:57","slug":"noudepesumasina-tabletid-green-easy-tabs-100tk-pk-63223-k63222","status":"publish","type":"product","link":"https:\/\/easystar.ee\/en\/toode\/noudepesumasina-tabletid-green-easy-tabs-100tk-pk-63223-k63222\/","title":{"rendered":"N\u00f5udepesumasina tabletid Green Easy tabs 100tk\/pk (63223) K63222"},"content":{"rendered":"","protected":false},"excerpt":{"rendered":"<p>Uuendatud masinn\u00f5udepesutablett, mis on pakendatud vesilahustuvasse kaitsekilesse. Kiilto Green Easy Tab Masinn\u00f5udepesuaine karp 1,8kg ehk 100tk\/pk.<br \/>\nEriomadused: Luigem\u00e4rgis; Sobib k\u00f5ikidele pesuprogrammidele; Doseerimine on lihtne ja ohutu. Lahuse pH: 10.5 Tahked valged tabletid.<br \/>\nMasinn\u00f5udepesutablett (18 g), mis on pakendatud vesilahustuvasse kaitsekilesse. Sobib kasutamiseks nii l\u00fchikeste kui ka pikkade pesuprogrammidega (45 &#8211; 65 \u00b0C). Uuendatud pesemist t\u00f5hustavad ens\u00fc\u00fcmid muudavad n\u00f5ud puhtaks ka madalamal temperatuuril.<br \/>\nT\u00e4nu t\u00f5husale koostisele eemaldavad tabletid toidurasvasid, lagundavad t\u00e4rkliselist ja valgulist mustust ning ka v\u00e4rviplekid. Toode on l\u00f5hnaaineteta ja fosfaadivaba. Kareda vee korral v\u00f5ib vaja minna veepehmendussoola (&gt; 15 \u2070dH). Ei sisalda fosfaate.<br \/>\nS\u00e4ilitada originaalpakendis jahedas ja kuivas kohas. K\u00f5lblikkusaeg 2 aastat alates tootmiskuup\u00e4evast.<br \/>\nKasutusjuhend: 1 tablett \u00fche pesukorra kohta. Asetage tablett koos kaitsekilega annustamissahtlisse. Kaitsekile lahustub vees. Masinate programmides, mis kestavad alla 15 minuti, v\u00f5ib tableti vajaduse korral asetada s\u00f6\u00f6giriistade korvi t\u00fchja lahtrisse, et tagada tableti t\u00f5husam lahustumine. Koostisosad on keskkonnahoidlikud. T\u00fchje ja loputatud pakendeid saab kasutada kas materjalide v\u00f5i energia tootmiseks.<\/p>\n","protected":false},"featured_media":32762,"template":"","meta":{"_acf_changed":false},"product_brand":[],"product_cat":[1829,1946],"product_tag":[],"class_list":{"0":"post-32770","1":"product","2":"type-product","3":"status-publish","4":"has-post-thumbnail","6":"product_cat-cleaning-chemicals","7":"product_cat-dishwashing-detergents","9":"first","10":"instock","11":"taxable","12":"shipping-taxable","13":"purchasable","14":"product-type-simple"},"acf":[],"yoast_head":"<!-- This site is optimized with the Yoast SEO plugin v27.3 - https:\/\/yoast.com\/product\/yoast-seo-wordpress\/ -->\n<title>N\u00f5udepesumasina tabletid Green Easy tabs 100tk\/pk (63223) K63222 &#8212; Easy Star O\u00dc<\/title>\n<meta name=\"robots\" content=\"index, follow, max-snippet:-1, max-image-preview:large, max-video-preview:-1\" \/>\n<link rel=\"canonical\" href=\"https:\/\/easystar.ee\/en\/toode\/noudepesumasina-tabletid-green-easy-tabs-100tk-pk-63223-k63222\/\" \/>\n<meta property=\"og:locale\" content=\"en_US\" \/>\n<meta property=\"og:type\" content=\"article\" \/>\n<meta property=\"og:title\" content=\"N\u00f5udepesumasina tabletid Green Easy tabs 100tk\/pk (63223) K63222 &#8212; Easy Star O\u00dc\" \/>\n<meta property=\"og:description\" content=\"Uuendatud masinn\u00f5udepesutablett, mis on pakendatud vesilahustuvasse kaitsekilesse. Kiilto Green Easy Tab Masinn\u00f5udepesuaine karp 1,8kg ehk 100tk\/pk.  Eriomadused: Luigem\u00e4rgis; Sobib k\u00f5ikidele pesuprogrammidele; Doseerimine on lihtne ja ohutu. Lahuse pH: 10.5 Tahked valged tabletid. Masinn\u00f5udepesutablett (18 g), mis on pakendatud vesilahustuvasse kaitsekilesse. Sobib kasutamiseks nii l\u00fchikeste kui ka pikkade pesuprogrammidega (45 - 65 \u00b0C). Uuendatud pesemist t\u00f5hustavad ens\u00fc\u00fcmid muudavad n\u00f5ud puhtaks ka madalamal temperatuuril. T\u00e4nu t\u00f5husale koostisele eemaldavad tabletid toidurasvasid, lagundavad t\u00e4rkliselist ja valgulist mustust ning ka v\u00e4rviplekid. Toode on l\u00f5hnaaineteta ja fosfaadivaba. Kareda vee korral v\u00f5ib vaja minna veepehmendussoola (&gt; 15 \u2070dH). Ei sisalda fosfaate. S\u00e4ilitada originaalpakendis jahedas ja kuivas kohas. K\u00f5lblikkusaeg 2 aastat alates tootmiskuup\u00e4evast. Kasutusjuhend: 1 tablett \u00fche pesukorra kohta. Asetage tablett koos kaitsekilega annustamissahtlisse. Kaitsekile lahustub vees. Masinate programmides, mis kestavad alla 15 minuti, v\u00f5ib tableti vajaduse korral asetada s\u00f6\u00f6giriistade korvi t\u00fchja lahtrisse, et tagada tableti t\u00f5husam lahustumine. Koostisosad on keskkonnahoidlikud. T\u00fchje ja loputatud pakendeid saab kasutada kas materjalide v\u00f5i energia tootmiseks.\" \/>\n<meta property=\"og:url\" content=\"https:\/\/easystar.ee\/en\/toode\/noudepesumasina-tabletid-green-easy-tabs-100tk-pk-63223-k63222\/\" \/>\n<meta property=\"og:site_name\" content=\"Easy Star O\u00dc\" \/>\n<meta property=\"article:modified_time\" content=\"2025-10-30T01:35:57+00:00\" \/>\n<meta property=\"og:image\" content=\"https:\/\/easystar.ee\/wp-content\/uploads\/2024\/05\/63223.jpg\" \/>\n\t<meta property=\"og:image:width\" content=\"710\" \/>\n\t<meta property=\"og:image:height\" content=\"720\" \/>\n\t<meta property=\"og:image:type\" content=\"image\/jpeg\" \/>\n<meta name=\"twitter:card\" content=\"summary_large_image\" \/>\n<script type=\"application\/ld+json\" class=\"yoast-schema-graph\">{\"@context\":\"https:\\\/\\\/schema.org\",\"@graph\":[{\"@type\":\"WebPage\",\"@id\":\"https:\\\/\\\/easystar.ee\\\/en\\\/toode\\\/noudepesumasina-tabletid-green-easy-tabs-100tk-pk-63223-k63222\\\/\",\"url\":\"https:\\\/\\\/easystar.ee\\\/en\\\/toode\\\/noudepesumasina-tabletid-green-easy-tabs-100tk-pk-63223-k63222\\\/\",\"name\":\"N\u00f5udepesumasina tabletid Green Easy tabs 100tk\\\/pk (63223) K63222 &#8212; Easy Star O\u00dc\",\"isPartOf\":{\"@id\":\"https:\\\/\\\/easystar.ee\\\/#website\"},\"primaryImageOfPage\":{\"@id\":\"https:\\\/\\\/easystar.ee\\\/en\\\/toode\\\/noudepesumasina-tabletid-green-easy-tabs-100tk-pk-63223-k63222\\\/#primaryimage\"},\"image\":{\"@id\":\"https:\\\/\\\/easystar.ee\\\/en\\\/toode\\\/noudepesumasina-tabletid-green-easy-tabs-100tk-pk-63223-k63222\\\/#primaryimage\"},\"thumbnailUrl\":\"https:\\\/\\\/easystar.ee\\\/wp-content\\\/uploads\\\/2024\\\/05\\\/63223.jpg\",\"datePublished\":\"2024-05-31T09:42:44+00:00\",\"dateModified\":\"2025-10-30T01:35:57+00:00\",\"breadcrumb\":{\"@id\":\"https:\\\/\\\/easystar.ee\\\/en\\\/toode\\\/noudepesumasina-tabletid-green-easy-tabs-100tk-pk-63223-k63222\\\/#breadcrumb\"},\"inLanguage\":\"en-US\",\"potentialAction\":[{\"@type\":\"ReadAction\",\"target\":[\"https:\\\/\\\/easystar.ee\\\/en\\\/toode\\\/noudepesumasina-tabletid-green-easy-tabs-100tk-pk-63223-k63222\\\/\"]}]},{\"@type\":\"ImageObject\",\"inLanguage\":\"en-US\",\"@id\":\"https:\\\/\\\/easystar.ee\\\/en\\\/toode\\\/noudepesumasina-tabletid-green-easy-tabs-100tk-pk-63223-k63222\\\/#primaryimage\",\"url\":\"https:\\\/\\\/easystar.ee\\\/wp-content\\\/uploads\\\/2024\\\/05\\\/63223.jpg\",\"contentUrl\":\"https:\\\/\\\/easystar.ee\\\/wp-content\\\/uploads\\\/2024\\\/05\\\/63223.jpg\",\"width\":710,\"height\":720},{\"@type\":\"BreadcrumbList\",\"@id\":\"https:\\\/\\\/easystar.ee\\\/en\\\/toode\\\/noudepesumasina-tabletid-green-easy-tabs-100tk-pk-63223-k63222\\\/#breadcrumb\",\"itemListElement\":[{\"@type\":\"ListItem\",\"position\":1,\"name\":\"Home\",\"item\":\"https:\\\/\\\/easystar.ee\\\/ru\\\/\"},{\"@type\":\"ListItem\",\"position\":2,\"name\":\"Shop\",\"item\":\"https:\\\/\\\/easystar.ee\\\/tooted\\\/\"},{\"@type\":\"ListItem\",\"position\":3,\"name\":\"N\u00f5udepesumasina tabletid Green Easy tabs 100tk\\\/pk (63223) K63222\"}]},{\"@type\":\"WebSite\",\"@id\":\"https:\\\/\\\/easystar.ee\\\/#website\",\"url\":\"https:\\\/\\\/easystar.ee\\\/\",\"name\":\"Easystar.ee\",\"description\":\"\",\"publisher\":{\"@id\":\"https:\\\/\\\/easystar.ee\\\/#organization\"},\"alternateName\":\"Keskkonnas\u00f5bralikud pehmepaberitooted teie kontorisse\",\"potentialAction\":[{\"@type\":\"SearchAction\",\"target\":{\"@type\":\"EntryPoint\",\"urlTemplate\":\"https:\\\/\\\/easystar.ee\\\/?s={search_term_string}\"},\"query-input\":{\"@type\":\"PropertyValueSpecification\",\"valueRequired\":true,\"valueName\":\"search_term_string\"}}],\"inLanguage\":\"en-US\"},{\"@type\":\"Organization\",\"@id\":\"https:\\\/\\\/easystar.ee\\\/#organization\",\"name\":\"Easy Star O\u00dc\",\"url\":\"https:\\\/\\\/easystar.ee\\\/\",\"logo\":{\"@type\":\"ImageObject\",\"inLanguage\":\"en-US\",\"@id\":\"https:\\\/\\\/easystar.ee\\\/#\\\/schema\\\/logo\\\/image\\\/\",\"url\":\"https:\\\/\\\/easystar.ee\\\/wp-content\\\/uploads\\\/2024\\\/03\\\/easystar-logo.svg\",\"contentUrl\":\"https:\\\/\\\/easystar.ee\\\/wp-content\\\/uploads\\\/2024\\\/03\\\/easystar-logo.svg\",\"width\":2000,\"height\":2000,\"caption\":\"Easy Star O\u00dc\"},\"image\":{\"@id\":\"https:\\\/\\\/easystar.ee\\\/#\\\/schema\\\/logo\\\/image\\\/\"}}]}<\/script>\n<!-- \/ Yoast SEO plugin. -->","yoast_head_json":{"title":"N\u00f5udepesumasina tabletid Green Easy tabs 100tk\/pk (63223) K63222 &#8212; Easy Star O\u00dc","robots":{"index":"index","follow":"follow","max-snippet":"max-snippet:-1","max-image-preview":"max-image-preview:large","max-video-preview":"max-video-preview:-1"},"canonical":"https:\/\/easystar.ee\/en\/toode\/noudepesumasina-tabletid-green-easy-tabs-100tk-pk-63223-k63222\/","og_locale":"en_US","og_type":"article","og_title":"N\u00f5udepesumasina tabletid Green Easy tabs 100tk\/pk (63223) K63222 &#8212; Easy Star O\u00dc","og_description":"Uuendatud masinn\u00f5udepesutablett, mis on pakendatud vesilahustuvasse kaitsekilesse. Kiilto Green Easy Tab Masinn\u00f5udepesuaine karp 1,8kg ehk 100tk\/pk.  Eriomadused: Luigem\u00e4rgis; Sobib k\u00f5ikidele pesuprogrammidele; Doseerimine on lihtne ja ohutu. Lahuse pH: 10.5 Tahked valged tabletid. Masinn\u00f5udepesutablett (18 g), mis on pakendatud vesilahustuvasse kaitsekilesse. Sobib kasutamiseks nii l\u00fchikeste kui ka pikkade pesuprogrammidega (45 - 65 \u00b0C). Uuendatud pesemist t\u00f5hustavad ens\u00fc\u00fcmid muudavad n\u00f5ud puhtaks ka madalamal temperatuuril. T\u00e4nu t\u00f5husale koostisele eemaldavad tabletid toidurasvasid, lagundavad t\u00e4rkliselist ja valgulist mustust ning ka v\u00e4rviplekid. Toode on l\u00f5hnaaineteta ja fosfaadivaba. Kareda vee korral v\u00f5ib vaja minna veepehmendussoola (&gt; 15 \u2070dH). Ei sisalda fosfaate. S\u00e4ilitada originaalpakendis jahedas ja kuivas kohas. K\u00f5lblikkusaeg 2 aastat alates tootmiskuup\u00e4evast. Kasutusjuhend: 1 tablett \u00fche pesukorra kohta. Asetage tablett koos kaitsekilega annustamissahtlisse. Kaitsekile lahustub vees. Masinate programmides, mis kestavad alla 15 minuti, v\u00f5ib tableti vajaduse korral asetada s\u00f6\u00f6giriistade korvi t\u00fchja lahtrisse, et tagada tableti t\u00f5husam lahustumine. Koostisosad on keskkonnahoidlikud. T\u00fchje ja loputatud pakendeid saab kasutada kas materjalide v\u00f5i energia tootmiseks.","og_url":"https:\/\/easystar.ee\/en\/toode\/noudepesumasina-tabletid-green-easy-tabs-100tk-pk-63223-k63222\/","og_site_name":"Easy Star O\u00dc","article_modified_time":"2025-10-30T01:35:57+00:00","og_image":[{"width":710,"height":720,"url":"https:\/\/easystar.ee\/wp-content\/uploads\/2024\/05\/63223.jpg","type":"image\/jpeg"}],"twitter_card":"summary_large_image","schema":{"@context":"https:\/\/schema.org","@graph":[{"@type":"WebPage","@id":"https:\/\/easystar.ee\/en\/toode\/noudepesumasina-tabletid-green-easy-tabs-100tk-pk-63223-k63222\/","url":"https:\/\/easystar.ee\/en\/toode\/noudepesumasina-tabletid-green-easy-tabs-100tk-pk-63223-k63222\/","name":"N\u00f5udepesumasina tabletid Green Easy tabs 100tk\/pk (63223) K63222 &#8212; Easy Star O\u00dc","isPartOf":{"@id":"https:\/\/easystar.ee\/#website"},"primaryImageOfPage":{"@id":"https:\/\/easystar.ee\/en\/toode\/noudepesumasina-tabletid-green-easy-tabs-100tk-pk-63223-k63222\/#primaryimage"},"image":{"@id":"https:\/\/easystar.ee\/en\/toode\/noudepesumasina-tabletid-green-easy-tabs-100tk-pk-63223-k63222\/#primaryimage"},"thumbnailUrl":"https:\/\/easystar.ee\/wp-content\/uploads\/2024\/05\/63223.jpg","datePublished":"2024-05-31T09:42:44+00:00","dateModified":"2025-10-30T01:35:57+00:00","breadcrumb":{"@id":"https:\/\/easystar.ee\/en\/toode\/noudepesumasina-tabletid-green-easy-tabs-100tk-pk-63223-k63222\/#breadcrumb"},"inLanguage":"en-US","potentialAction":[{"@type":"ReadAction","target":["https:\/\/easystar.ee\/en\/toode\/noudepesumasina-tabletid-green-easy-tabs-100tk-pk-63223-k63222\/"]}]},{"@type":"ImageObject","inLanguage":"en-US","@id":"https:\/\/easystar.ee\/en\/toode\/noudepesumasina-tabletid-green-easy-tabs-100tk-pk-63223-k63222\/#primaryimage","url":"https:\/\/easystar.ee\/wp-content\/uploads\/2024\/05\/63223.jpg","contentUrl":"https:\/\/easystar.ee\/wp-content\/uploads\/2024\/05\/63223.jpg","width":710,"height":720},{"@type":"BreadcrumbList","@id":"https:\/\/easystar.ee\/en\/toode\/noudepesumasina-tabletid-green-easy-tabs-100tk-pk-63223-k63222\/#breadcrumb","itemListElement":[{"@type":"ListItem","position":1,"name":"Home","item":"https:\/\/easystar.ee\/ru\/"},{"@type":"ListItem","position":2,"name":"Shop","item":"https:\/\/easystar.ee\/tooted\/"},{"@type":"ListItem","position":3,"name":"N\u00f5udepesumasina tabletid Green Easy tabs 100tk\/pk (63223) K63222"}]},{"@type":"WebSite","@id":"https:\/\/easystar.ee\/#website","url":"https:\/\/easystar.ee\/","name":"Easystar.ee","description":"","publisher":{"@id":"https:\/\/easystar.ee\/#organization"},"alternateName":"Keskkonnas\u00f5bralikud pehmepaberitooted teie kontorisse","potentialAction":[{"@type":"SearchAction","target":{"@type":"EntryPoint","urlTemplate":"https:\/\/easystar.ee\/?s={search_term_string}"},"query-input":{"@type":"PropertyValueSpecification","valueRequired":true,"valueName":"search_term_string"}}],"inLanguage":"en-US"},{"@type":"Organization","@id":"https:\/\/easystar.ee\/#organization","name":"Easy Star O\u00dc","url":"https:\/\/easystar.ee\/","logo":{"@type":"ImageObject","inLanguage":"en-US","@id":"https:\/\/easystar.ee\/#\/schema\/logo\/image\/","url":"https:\/\/easystar.ee\/wp-content\/uploads\/2024\/03\/easystar-logo.svg","contentUrl":"https:\/\/easystar.ee\/wp-content\/uploads\/2024\/03\/easystar-logo.svg","width":2000,"height":2000,"caption":"Easy Star O\u00dc"},"image":{"@id":"https:\/\/easystar.ee\/#\/schema\/logo\/image\/"}}]}},"_links":{"self":[{"href":"https:\/\/easystar.ee\/en\/wp-json\/wp\/v2\/product\/32770","targetHints":{"allow":["GET"]}}],"collection":[{"href":"https:\/\/easystar.ee\/en\/wp-json\/wp\/v2\/product"}],"about":[{"href":"https:\/\/easystar.ee\/en\/wp-json\/wp\/v2\/types\/product"}],"wp:featuredmedia":[{"embeddable":true,"href":"https:\/\/easystar.ee\/en\/wp-json\/wp\/v2\/media\/32762"}],"wp:attachment":[{"href":"https:\/\/easystar.ee\/en\/wp-json\/wp\/v2\/media?parent=32770"}],"wp:term":[{"taxonomy":"product_brand","embeddable":true,"href":"https:\/\/easystar.ee\/en\/wp-json\/wp\/v2\/product_brand?post=32770"},{"taxonomy":"product_cat","embeddable":true,"href":"https:\/\/easystar.ee\/en\/wp-json\/wp\/v2\/product_cat?post=32770"},{"taxonomy":"product_tag","embeddable":true,"href":"https:\/\/easystar.ee\/en\/wp-json\/wp\/v2\/product_tag?post=32770"}],"curies":[{"name":"wp","href":"https:\/\/api.w.org\/{rel}","templated":true}]}}