{"id":32680,"date":"2024-05-31T09:42:29","date_gmt":"2024-05-31T09:42:29","guid":{"rendered":"https:\/\/easystar.ee\/toode\/kangassormik-uleni-kaetud-krobelise-lateksiga-35cm-kt052\/"},"modified":"2025-10-30T01:35:48","modified_gmt":"2025-10-30T01:35:48","slug":"kangassormik-uleni-kaetud-krobelise-lateksiga-35cm-kt052","status":"publish","type":"product","link":"https:\/\/easystar.ee\/en\/toode\/kangassormik-uleni-kaetud-krobelise-lateksiga-35cm-kt052\/","title":{"rendered":"Kangass\u00f5rmik, \u00fcleni kaetud krobelise lateksiga 35cm KT052"},"content":{"rendered":"","protected":false},"excerpt":{"rendered":"<p>052 KROBELISE LATEKSIGA KAETUD KANGAST T\u00d6\u00d6KINDAD PUUVILLASEL PEHMEL KANGAL, LAIA RANDMEGA, PIKKUS 32 CM. T\u00f6\u00f6kinnastel peopesa ja k\u00e4eselg on kaetud krobelise lateksiga mis tagavad hea haarde, k\u00f5rge kulumiskindluse ja hea mehhaanilise vastupidavuse. Head \u00fcldt\u00f6\u00f6dekindad jersey- kangast voodril. Pehme ja mugav puuvillane jersey-kangas kaitseb nii soojuse kui ka k\u00fclma eest. Pikkus 32cm. T\u00f6\u00f6kinnastel hea haarduvus k\u00e4sitletava esemega. K\u00f5rge kulumis- ja rebimiskindlusega t\u00f6\u00f6kindad. <\/p>\n","protected":false},"featured_media":32678,"template":"","meta":{"_acf_changed":false},"product_brand":[],"product_cat":[1862,1861],"product_tag":[],"class_list":{"0":"post-32680","1":"product","2":"type-product","3":"status-publish","4":"has-post-thumbnail","6":"product_cat-gloves","7":"product_cat-ppe-personal-protective-equipment","9":"first","10":"instock","11":"taxable","12":"shipping-taxable","13":"purchasable","14":"product-type-simple"},"acf":[],"yoast_head":"<!-- This site is optimized with the Yoast SEO plugin v27.5 - https:\/\/yoast.com\/product\/yoast-seo-wordpress\/ -->\n<title>Kangass\u00f5rmik, \u00fcleni kaetud krobelise lateksiga 35cm KT052 &#8212; Easy Star O\u00dc<\/title>\n<meta name=\"robots\" content=\"index, follow, max-snippet:-1, max-image-preview:large, max-video-preview:-1\" \/>\n<link rel=\"canonical\" href=\"https:\/\/easystar.ee\/en\/toode\/kangassormik-uleni-kaetud-krobelise-lateksiga-35cm-kt052\/\" \/>\n<meta property=\"og:locale\" content=\"en_US\" \/>\n<meta property=\"og:type\" content=\"article\" \/>\n<meta property=\"og:title\" content=\"Kangass\u00f5rmik, \u00fcleni kaetud krobelise lateksiga 35cm KT052 &#8212; Easy Star O\u00dc\" \/>\n<meta property=\"og:description\" content=\"052 KROBELISE LATEKSIGA KAETUD KANGAST T\u00d6\u00d6KINDAD PUUVILLASEL PEHMEL KANGAL, LAIA RANDMEGA, PIKKUS 32 CM. T\u00f6\u00f6kinnastel peopesa ja k\u00e4eselg on kaetud krobelise lateksiga mis tagavad hea haarde, k\u00f5rge kulumiskindluse ja hea mehhaanilise vastupidavuse. Head \u00fcldt\u00f6\u00f6dekindad jersey- kangast voodril. Pehme ja mugav puuvillane jersey-kangas kaitseb nii soojuse kui ka k\u00fclma eest. Pikkus 32cm. T\u00f6\u00f6kinnastel hea haarduvus k\u00e4sitletava esemega. K\u00f5rge kulumis- ja rebimiskindlusega t\u00f6\u00f6kindad.\" \/>\n<meta property=\"og:url\" content=\"https:\/\/easystar.ee\/en\/toode\/kangassormik-uleni-kaetud-krobelise-lateksiga-35cm-kt052\/\" \/>\n<meta property=\"og:site_name\" content=\"Easy Star O\u00dc\" \/>\n<meta property=\"article:modified_time\" content=\"2025-10-30T01:35:48+00:00\" \/>\n<meta property=\"og:image\" content=\"https:\/\/easystar.ee\/wp-content\/uploads\/2024\/05\/052_tookindad.jpg\" \/>\n\t<meta property=\"og:image:width\" content=\"240\" \/>\n\t<meta property=\"og:image:height\" content=\"276\" \/>\n\t<meta property=\"og:image:type\" content=\"image\/jpeg\" \/>\n<meta name=\"twitter:card\" content=\"summary_large_image\" \/>\n<script type=\"application\/ld+json\" class=\"yoast-schema-graph\">{\"@context\":\"https:\\\/\\\/schema.org\",\"@graph\":[{\"@type\":\"WebPage\",\"@id\":\"https:\\\/\\\/easystar.ee\\\/en\\\/toode\\\/kangassormik-uleni-kaetud-krobelise-lateksiga-35cm-kt052\\\/\",\"url\":\"https:\\\/\\\/easystar.ee\\\/en\\\/toode\\\/kangassormik-uleni-kaetud-krobelise-lateksiga-35cm-kt052\\\/\",\"name\":\"Kangass\u00f5rmik, \u00fcleni kaetud krobelise lateksiga 35cm KT052 &#8212; Easy Star O\u00dc\",\"isPartOf\":{\"@id\":\"https:\\\/\\\/easystar.ee\\\/#website\"},\"primaryImageOfPage\":{\"@id\":\"https:\\\/\\\/easystar.ee\\\/en\\\/toode\\\/kangassormik-uleni-kaetud-krobelise-lateksiga-35cm-kt052\\\/#primaryimage\"},\"image\":{\"@id\":\"https:\\\/\\\/easystar.ee\\\/en\\\/toode\\\/kangassormik-uleni-kaetud-krobelise-lateksiga-35cm-kt052\\\/#primaryimage\"},\"thumbnailUrl\":\"https:\\\/\\\/easystar.ee\\\/wp-content\\\/uploads\\\/2024\\\/05\\\/052_tookindad.jpg\",\"datePublished\":\"2024-05-31T09:42:29+00:00\",\"dateModified\":\"2025-10-30T01:35:48+00:00\",\"breadcrumb\":{\"@id\":\"https:\\\/\\\/easystar.ee\\\/en\\\/toode\\\/kangassormik-uleni-kaetud-krobelise-lateksiga-35cm-kt052\\\/#breadcrumb\"},\"inLanguage\":\"en-US\",\"potentialAction\":[{\"@type\":\"ReadAction\",\"target\":[\"https:\\\/\\\/easystar.ee\\\/en\\\/toode\\\/kangassormik-uleni-kaetud-krobelise-lateksiga-35cm-kt052\\\/\"]}]},{\"@type\":\"ImageObject\",\"inLanguage\":\"en-US\",\"@id\":\"https:\\\/\\\/easystar.ee\\\/en\\\/toode\\\/kangassormik-uleni-kaetud-krobelise-lateksiga-35cm-kt052\\\/#primaryimage\",\"url\":\"https:\\\/\\\/easystar.ee\\\/wp-content\\\/uploads\\\/2024\\\/05\\\/052_tookindad.jpg\",\"contentUrl\":\"https:\\\/\\\/easystar.ee\\\/wp-content\\\/uploads\\\/2024\\\/05\\\/052_tookindad.jpg\",\"width\":240,\"height\":276},{\"@type\":\"BreadcrumbList\",\"@id\":\"https:\\\/\\\/easystar.ee\\\/en\\\/toode\\\/kangassormik-uleni-kaetud-krobelise-lateksiga-35cm-kt052\\\/#breadcrumb\",\"itemListElement\":[{\"@type\":\"ListItem\",\"position\":1,\"name\":\"Home\",\"item\":\"https:\\\/\\\/easystar.ee\\\/ru\\\/\"},{\"@type\":\"ListItem\",\"position\":2,\"name\":\"Shop\",\"item\":\"https:\\\/\\\/easystar.ee\\\/tooted\\\/\"},{\"@type\":\"ListItem\",\"position\":3,\"name\":\"Kangass\u00f5rmik, \u00fcleni kaetud krobelise lateksiga 35cm KT052\"}]},{\"@type\":\"WebSite\",\"@id\":\"https:\\\/\\\/easystar.ee\\\/#website\",\"url\":\"https:\\\/\\\/easystar.ee\\\/\",\"name\":\"Easystar.ee\",\"description\":\"\",\"publisher\":{\"@id\":\"https:\\\/\\\/easystar.ee\\\/#organization\"},\"alternateName\":\"Keskkonnas\u00f5bralikud pehmepaberitooted teie kontorisse\",\"potentialAction\":[{\"@type\":\"SearchAction\",\"target\":{\"@type\":\"EntryPoint\",\"urlTemplate\":\"https:\\\/\\\/easystar.ee\\\/?s={search_term_string}\"},\"query-input\":{\"@type\":\"PropertyValueSpecification\",\"valueRequired\":true,\"valueName\":\"search_term_string\"}}],\"inLanguage\":\"en-US\"},{\"@type\":\"Organization\",\"@id\":\"https:\\\/\\\/easystar.ee\\\/#organization\",\"name\":\"Easy Star O\u00dc\",\"url\":\"https:\\\/\\\/easystar.ee\\\/\",\"logo\":{\"@type\":\"ImageObject\",\"inLanguage\":\"en-US\",\"@id\":\"https:\\\/\\\/easystar.ee\\\/#\\\/schema\\\/logo\\\/image\\\/\",\"url\":\"https:\\\/\\\/easystar.ee\\\/wp-content\\\/uploads\\\/2024\\\/03\\\/easystar-logo.svg\",\"contentUrl\":\"https:\\\/\\\/easystar.ee\\\/wp-content\\\/uploads\\\/2024\\\/03\\\/easystar-logo.svg\",\"width\":2000,\"height\":2000,\"caption\":\"Easy Star O\u00dc\"},\"image\":{\"@id\":\"https:\\\/\\\/easystar.ee\\\/#\\\/schema\\\/logo\\\/image\\\/\"}}]}<\/script>\n<!-- \/ Yoast SEO plugin. -->","yoast_head_json":{"title":"Kangass\u00f5rmik, \u00fcleni kaetud krobelise lateksiga 35cm KT052 &#8212; Easy Star O\u00dc","robots":{"index":"index","follow":"follow","max-snippet":"max-snippet:-1","max-image-preview":"max-image-preview:large","max-video-preview":"max-video-preview:-1"},"canonical":"https:\/\/easystar.ee\/en\/toode\/kangassormik-uleni-kaetud-krobelise-lateksiga-35cm-kt052\/","og_locale":"en_US","og_type":"article","og_title":"Kangass\u00f5rmik, \u00fcleni kaetud krobelise lateksiga 35cm KT052 &#8212; Easy Star O\u00dc","og_description":"052 KROBELISE LATEKSIGA KAETUD KANGAST T\u00d6\u00d6KINDAD PUUVILLASEL PEHMEL KANGAL, LAIA RANDMEGA, PIKKUS 32 CM. T\u00f6\u00f6kinnastel peopesa ja k\u00e4eselg on kaetud krobelise lateksiga mis tagavad hea haarde, k\u00f5rge kulumiskindluse ja hea mehhaanilise vastupidavuse. Head \u00fcldt\u00f6\u00f6dekindad jersey- kangast voodril. Pehme ja mugav puuvillane jersey-kangas kaitseb nii soojuse kui ka k\u00fclma eest. Pikkus 32cm. T\u00f6\u00f6kinnastel hea haarduvus k\u00e4sitletava esemega. K\u00f5rge kulumis- ja rebimiskindlusega t\u00f6\u00f6kindad.","og_url":"https:\/\/easystar.ee\/en\/toode\/kangassormik-uleni-kaetud-krobelise-lateksiga-35cm-kt052\/","og_site_name":"Easy Star O\u00dc","article_modified_time":"2025-10-30T01:35:48+00:00","og_image":[{"width":240,"height":276,"url":"https:\/\/easystar.ee\/wp-content\/uploads\/2024\/05\/052_tookindad.jpg","type":"image\/jpeg"}],"twitter_card":"summary_large_image","schema":{"@context":"https:\/\/schema.org","@graph":[{"@type":"WebPage","@id":"https:\/\/easystar.ee\/en\/toode\/kangassormik-uleni-kaetud-krobelise-lateksiga-35cm-kt052\/","url":"https:\/\/easystar.ee\/en\/toode\/kangassormik-uleni-kaetud-krobelise-lateksiga-35cm-kt052\/","name":"Kangass\u00f5rmik, \u00fcleni kaetud krobelise lateksiga 35cm KT052 &#8212; Easy Star O\u00dc","isPartOf":{"@id":"https:\/\/easystar.ee\/#website"},"primaryImageOfPage":{"@id":"https:\/\/easystar.ee\/en\/toode\/kangassormik-uleni-kaetud-krobelise-lateksiga-35cm-kt052\/#primaryimage"},"image":{"@id":"https:\/\/easystar.ee\/en\/toode\/kangassormik-uleni-kaetud-krobelise-lateksiga-35cm-kt052\/#primaryimage"},"thumbnailUrl":"https:\/\/easystar.ee\/wp-content\/uploads\/2024\/05\/052_tookindad.jpg","datePublished":"2024-05-31T09:42:29+00:00","dateModified":"2025-10-30T01:35:48+00:00","breadcrumb":{"@id":"https:\/\/easystar.ee\/en\/toode\/kangassormik-uleni-kaetud-krobelise-lateksiga-35cm-kt052\/#breadcrumb"},"inLanguage":"en-US","potentialAction":[{"@type":"ReadAction","target":["https:\/\/easystar.ee\/en\/toode\/kangassormik-uleni-kaetud-krobelise-lateksiga-35cm-kt052\/"]}]},{"@type":"ImageObject","inLanguage":"en-US","@id":"https:\/\/easystar.ee\/en\/toode\/kangassormik-uleni-kaetud-krobelise-lateksiga-35cm-kt052\/#primaryimage","url":"https:\/\/easystar.ee\/wp-content\/uploads\/2024\/05\/052_tookindad.jpg","contentUrl":"https:\/\/easystar.ee\/wp-content\/uploads\/2024\/05\/052_tookindad.jpg","width":240,"height":276},{"@type":"BreadcrumbList","@id":"https:\/\/easystar.ee\/en\/toode\/kangassormik-uleni-kaetud-krobelise-lateksiga-35cm-kt052\/#breadcrumb","itemListElement":[{"@type":"ListItem","position":1,"name":"Home","item":"https:\/\/easystar.ee\/ru\/"},{"@type":"ListItem","position":2,"name":"Shop","item":"https:\/\/easystar.ee\/tooted\/"},{"@type":"ListItem","position":3,"name":"Kangass\u00f5rmik, \u00fcleni kaetud krobelise lateksiga 35cm KT052"}]},{"@type":"WebSite","@id":"https:\/\/easystar.ee\/#website","url":"https:\/\/easystar.ee\/","name":"Easystar.ee","description":"","publisher":{"@id":"https:\/\/easystar.ee\/#organization"},"alternateName":"Keskkonnas\u00f5bralikud pehmepaberitooted teie kontorisse","potentialAction":[{"@type":"SearchAction","target":{"@type":"EntryPoint","urlTemplate":"https:\/\/easystar.ee\/?s={search_term_string}"},"query-input":{"@type":"PropertyValueSpecification","valueRequired":true,"valueName":"search_term_string"}}],"inLanguage":"en-US"},{"@type":"Organization","@id":"https:\/\/easystar.ee\/#organization","name":"Easy Star O\u00dc","url":"https:\/\/easystar.ee\/","logo":{"@type":"ImageObject","inLanguage":"en-US","@id":"https:\/\/easystar.ee\/#\/schema\/logo\/image\/","url":"https:\/\/easystar.ee\/wp-content\/uploads\/2024\/03\/easystar-logo.svg","contentUrl":"https:\/\/easystar.ee\/wp-content\/uploads\/2024\/03\/easystar-logo.svg","width":2000,"height":2000,"caption":"Easy Star O\u00dc"},"image":{"@id":"https:\/\/easystar.ee\/#\/schema\/logo\/image\/"}}]}},"_links":{"self":[{"href":"https:\/\/easystar.ee\/en\/wp-json\/wp\/v2\/product\/32680","targetHints":{"allow":["GET"]}}],"collection":[{"href":"https:\/\/easystar.ee\/en\/wp-json\/wp\/v2\/product"}],"about":[{"href":"https:\/\/easystar.ee\/en\/wp-json\/wp\/v2\/types\/product"}],"wp:featuredmedia":[{"embeddable":true,"href":"https:\/\/easystar.ee\/en\/wp-json\/wp\/v2\/media\/32678"}],"wp:attachment":[{"href":"https:\/\/easystar.ee\/en\/wp-json\/wp\/v2\/media?parent=32680"}],"wp:term":[{"taxonomy":"product_brand","embeddable":true,"href":"https:\/\/easystar.ee\/en\/wp-json\/wp\/v2\/product_brand?post=32680"},{"taxonomy":"product_cat","embeddable":true,"href":"https:\/\/easystar.ee\/en\/wp-json\/wp\/v2\/product_cat?post=32680"},{"taxonomy":"product_tag","embeddable":true,"href":"https:\/\/easystar.ee\/en\/wp-json\/wp\/v2\/product_tag?post=32680"}],"curies":[{"name":"wp","href":"https:\/\/api.w.org\/{rel}","templated":true}]}}