{"id":32659,"date":"2024-05-31T09:42:11","date_gmt":"2024-05-31T09:42:11","guid":{"rendered":"https:\/\/easystar.ee\/toode\/inoxol-complete-750ml-metalli-puhastus-ja-hooldusvahend-k713792\/"},"modified":"2026-01-27T01:30:03","modified_gmt":"2026-01-27T01:30:03","slug":"inoxol-complete-750ml-metalli-puhastus-ja-hooldusvahend-k713792","status":"publish","type":"product","link":"https:\/\/easystar.ee\/en\/toode\/inoxol-complete-750ml-metalli-puhastus-ja-hooldusvahend-k713792\/","title":{"rendered":"Inoxol Complete 750ml metalli puhastus ja hooldusvahend K713792"},"content":{"rendered":"","protected":false},"excerpt":{"rendered":"<p>Toote profiil: Parafiini\u00f5lil p\u00f5hinev koostis tagab \u00fchekordsel pealekandmisel suurep\u00e4rase hoolduse, poleerides ja kaitstes k\u00f5iki metallpindu nii, et tulemus on kohe n\u00e4ha. INOXOL complete puhastab kiirelt roostevabast terasest tooted veeplekkidest, s\u00f5rmej\u00e4lgedest, tolmust, v\u00e4rvimuutustest, triipudest ja plekkidest, s\u00e4ilitades pinna kvaliteedi ning tagades \u00fchtlase ja s\u00e4rava v\u00e4limuse. Spetsiaalsed hoolduskomponendid kaitsevad kauakestvalt metallpindu veeplekkide ja tolmu eest ning l\u00fckkavad edasi tavap\u00e4rast uuesti m\u00e4\u00e4rdumist, metalli oks\u00fcdatsiooni ja v\u00e4rvimuutust. Tulemuseks on puhtad pinnad pikaks ajaks. Aitab s\u00e4ilitada algse v\u00e4limuse ja pikendab t\u00f6\u00f6deldud pindade kasutusiga.<br \/>\nKasutusala: Sobib k\u00f5igile metallpindadele (v\u00e4lja arvatud k\u00f6\u00f6givalamud), n\u00e4iteks roostevabale terasele, anooditud alumiiniumilev\u00f5i messingile. Sobib kasutamiseks ka terasest m\u00f6\u00f6blil, lettidel, ustel, liftidel, ehisliistudel, aknaraamidel ja liitmikel.<br \/>\n\u00c4rge kasutage k\u00f6\u00f6givalamutel. pH 6<\/p>\n","protected":false},"featured_media":32651,"template":"","meta":{"_acf_changed":false},"product_brand":[],"product_cat":[1829,1884],"product_tag":[],"class_list":{"0":"post-32659","1":"product","2":"type-product","3":"status-publish","4":"has-post-thumbnail","6":"product_cat-cleaning-chemicals","7":"product_cat-tana-bio-cleaning-chemicals","9":"first","10":"instock","11":"taxable","12":"shipping-taxable","13":"purchasable","14":"product-type-simple"},"acf":[],"yoast_head":"<!-- This site is optimized with the Yoast SEO plugin v27.5 - https:\/\/yoast.com\/product\/yoast-seo-wordpress\/ -->\n<title>Inoxol Complete 750ml metalli puhastus ja hooldusvahend K713792 &#8212; Easy Star O\u00dc<\/title>\n<meta name=\"robots\" content=\"index, follow, max-snippet:-1, max-image-preview:large, max-video-preview:-1\" \/>\n<link rel=\"canonical\" href=\"https:\/\/easystar.ee\/toode\/inoxol-complete-750ml-metalli-puhastus-ja-hooldusvahend-k713792\/\" \/>\n<meta property=\"og:locale\" content=\"en_US\" \/>\n<meta property=\"og:type\" content=\"article\" \/>\n<meta property=\"og:title\" content=\"Inoxol Complete 750ml metalli puhastus ja hooldusvahend K713792 &#8212; Easy Star O\u00dc\" \/>\n<meta property=\"og:description\" content=\"Toote profiil: Parafiini\u00f5lil p\u00f5hinev koostis tagab \u00fchekordsel pealekandmisel suurep\u00e4rase hoolduse, poleerides ja kaitstes k\u00f5iki metallpindu nii, et tulemus on kohe n\u00e4ha. INOXOL complete puhastab kiirelt roostevabast terasest tooted veeplekkidest, s\u00f5rmej\u00e4lgedest, tolmust, v\u00e4rvimuutustest, triipudest ja plekkidest, s\u00e4ilitades pinna kvaliteedi ning tagades \u00fchtlase ja s\u00e4rava v\u00e4limuse. Spetsiaalsed hoolduskomponendid kaitsevad kauakestvalt metallpindu veeplekkide ja tolmu eest ning l\u00fckkavad edasi tavap\u00e4rast uuesti m\u00e4\u00e4rdumist, metalli oks\u00fcdatsiooni ja v\u00e4rvimuutust. Tulemuseks on puhtad pinnad pikaks ajaks. Aitab s\u00e4ilitada algse v\u00e4limuse ja pikendab t\u00f6\u00f6deldud pindade kasutusiga. Kasutusala: Sobib k\u00f5igile metallpindadele (v\u00e4lja arvatud k\u00f6\u00f6givalamud), n\u00e4iteks roostevabale terasele, anooditud alumiiniumilev\u00f5i messingile. Sobib kasutamiseks ka terasest m\u00f6\u00f6blil, lettidel, ustel, liftidel, ehisliistudel, aknaraamidel ja liitmikel. \u00c4rge kasutage k\u00f6\u00f6givalamutel. pH 6\" \/>\n<meta property=\"og:url\" content=\"https:\/\/easystar.ee\/toode\/inoxol-complete-750ml-metalli-puhastus-ja-hooldusvahend-k713792\/\" \/>\n<meta property=\"og:site_name\" content=\"Easy Star O\u00dc\" \/>\n<meta property=\"article:modified_time\" content=\"2026-01-27T01:30:03+00:00\" \/>\n<meta property=\"og:image\" content=\"https:\/\/easystar.ee\/wp-content\/uploads\/2024\/05\/713792.jpg\" \/>\n\t<meta property=\"og:image:width\" content=\"204\" \/>\n\t<meta property=\"og:image:height\" content=\"426\" \/>\n\t<meta property=\"og:image:type\" content=\"image\/jpeg\" \/>\n<meta name=\"twitter:card\" content=\"summary_large_image\" \/>\n<script type=\"application\/ld+json\" class=\"yoast-schema-graph\">{\"@context\":\"https:\\\/\\\/schema.org\",\"@graph\":[{\"@type\":\"WebPage\",\"@id\":\"https:\\\/\\\/easystar.ee\\\/toode\\\/inoxol-complete-750ml-metalli-puhastus-ja-hooldusvahend-k713792\\\/\",\"url\":\"https:\\\/\\\/easystar.ee\\\/toode\\\/inoxol-complete-750ml-metalli-puhastus-ja-hooldusvahend-k713792\\\/\",\"name\":\"Inoxol Complete 750ml metalli puhastus ja hooldusvahend K713792 &#8212; Easy Star O\u00dc\",\"isPartOf\":{\"@id\":\"https:\\\/\\\/easystar.ee\\\/#website\"},\"primaryImageOfPage\":{\"@id\":\"https:\\\/\\\/easystar.ee\\\/toode\\\/inoxol-complete-750ml-metalli-puhastus-ja-hooldusvahend-k713792\\\/#primaryimage\"},\"image\":{\"@id\":\"https:\\\/\\\/easystar.ee\\\/toode\\\/inoxol-complete-750ml-metalli-puhastus-ja-hooldusvahend-k713792\\\/#primaryimage\"},\"thumbnailUrl\":\"https:\\\/\\\/easystar.ee\\\/wp-content\\\/uploads\\\/2024\\\/05\\\/713792.jpg\",\"datePublished\":\"2024-05-31T09:42:11+00:00\",\"dateModified\":\"2026-01-27T01:30:03+00:00\",\"breadcrumb\":{\"@id\":\"https:\\\/\\\/easystar.ee\\\/toode\\\/inoxol-complete-750ml-metalli-puhastus-ja-hooldusvahend-k713792\\\/#breadcrumb\"},\"inLanguage\":\"en-US\",\"potentialAction\":[{\"@type\":\"ReadAction\",\"target\":[\"https:\\\/\\\/easystar.ee\\\/toode\\\/inoxol-complete-750ml-metalli-puhastus-ja-hooldusvahend-k713792\\\/\"]}]},{\"@type\":\"ImageObject\",\"inLanguage\":\"en-US\",\"@id\":\"https:\\\/\\\/easystar.ee\\\/toode\\\/inoxol-complete-750ml-metalli-puhastus-ja-hooldusvahend-k713792\\\/#primaryimage\",\"url\":\"https:\\\/\\\/easystar.ee\\\/wp-content\\\/uploads\\\/2024\\\/05\\\/713792.jpg\",\"contentUrl\":\"https:\\\/\\\/easystar.ee\\\/wp-content\\\/uploads\\\/2024\\\/05\\\/713792.jpg\",\"width\":204,\"height\":426},{\"@type\":\"BreadcrumbList\",\"@id\":\"https:\\\/\\\/easystar.ee\\\/toode\\\/inoxol-complete-750ml-metalli-puhastus-ja-hooldusvahend-k713792\\\/#breadcrumb\",\"itemListElement\":[{\"@type\":\"ListItem\",\"position\":1,\"name\":\"Home\",\"item\":\"https:\\\/\\\/easystar.ee\\\/ru\\\/\"},{\"@type\":\"ListItem\",\"position\":2,\"name\":\"Shop\",\"item\":\"https:\\\/\\\/easystar.ee\\\/tooted\\\/\"},{\"@type\":\"ListItem\",\"position\":3,\"name\":\"Inoxol Complete 750ml metalli puhastus ja hooldusvahend K713792\"}]},{\"@type\":\"WebSite\",\"@id\":\"https:\\\/\\\/easystar.ee\\\/#website\",\"url\":\"https:\\\/\\\/easystar.ee\\\/\",\"name\":\"Easystar.ee\",\"description\":\"\",\"publisher\":{\"@id\":\"https:\\\/\\\/easystar.ee\\\/#organization\"},\"alternateName\":\"Keskkonnas\u00f5bralikud pehmepaberitooted teie kontorisse\",\"potentialAction\":[{\"@type\":\"SearchAction\",\"target\":{\"@type\":\"EntryPoint\",\"urlTemplate\":\"https:\\\/\\\/easystar.ee\\\/?s={search_term_string}\"},\"query-input\":{\"@type\":\"PropertyValueSpecification\",\"valueRequired\":true,\"valueName\":\"search_term_string\"}}],\"inLanguage\":\"en-US\"},{\"@type\":\"Organization\",\"@id\":\"https:\\\/\\\/easystar.ee\\\/#organization\",\"name\":\"Easy Star O\u00dc\",\"url\":\"https:\\\/\\\/easystar.ee\\\/\",\"logo\":{\"@type\":\"ImageObject\",\"inLanguage\":\"en-US\",\"@id\":\"https:\\\/\\\/easystar.ee\\\/#\\\/schema\\\/logo\\\/image\\\/\",\"url\":\"https:\\\/\\\/easystar.ee\\\/wp-content\\\/uploads\\\/2024\\\/03\\\/easystar-logo.svg\",\"contentUrl\":\"https:\\\/\\\/easystar.ee\\\/wp-content\\\/uploads\\\/2024\\\/03\\\/easystar-logo.svg\",\"width\":2000,\"height\":2000,\"caption\":\"Easy Star O\u00dc\"},\"image\":{\"@id\":\"https:\\\/\\\/easystar.ee\\\/#\\\/schema\\\/logo\\\/image\\\/\"}}]}<\/script>\n<!-- \/ Yoast SEO plugin. -->","yoast_head_json":{"title":"Inoxol Complete 750ml metalli puhastus ja hooldusvahend K713792 &#8212; Easy Star O\u00dc","robots":{"index":"index","follow":"follow","max-snippet":"max-snippet:-1","max-image-preview":"max-image-preview:large","max-video-preview":"max-video-preview:-1"},"canonical":"https:\/\/easystar.ee\/toode\/inoxol-complete-750ml-metalli-puhastus-ja-hooldusvahend-k713792\/","og_locale":"en_US","og_type":"article","og_title":"Inoxol Complete 750ml metalli puhastus ja hooldusvahend K713792 &#8212; Easy Star O\u00dc","og_description":"Toote profiil: Parafiini\u00f5lil p\u00f5hinev koostis tagab \u00fchekordsel pealekandmisel suurep\u00e4rase hoolduse, poleerides ja kaitstes k\u00f5iki metallpindu nii, et tulemus on kohe n\u00e4ha. INOXOL complete puhastab kiirelt roostevabast terasest tooted veeplekkidest, s\u00f5rmej\u00e4lgedest, tolmust, v\u00e4rvimuutustest, triipudest ja plekkidest, s\u00e4ilitades pinna kvaliteedi ning tagades \u00fchtlase ja s\u00e4rava v\u00e4limuse. Spetsiaalsed hoolduskomponendid kaitsevad kauakestvalt metallpindu veeplekkide ja tolmu eest ning l\u00fckkavad edasi tavap\u00e4rast uuesti m\u00e4\u00e4rdumist, metalli oks\u00fcdatsiooni ja v\u00e4rvimuutust. Tulemuseks on puhtad pinnad pikaks ajaks. Aitab s\u00e4ilitada algse v\u00e4limuse ja pikendab t\u00f6\u00f6deldud pindade kasutusiga. Kasutusala: Sobib k\u00f5igile metallpindadele (v\u00e4lja arvatud k\u00f6\u00f6givalamud), n\u00e4iteks roostevabale terasele, anooditud alumiiniumilev\u00f5i messingile. Sobib kasutamiseks ka terasest m\u00f6\u00f6blil, lettidel, ustel, liftidel, ehisliistudel, aknaraamidel ja liitmikel. \u00c4rge kasutage k\u00f6\u00f6givalamutel. pH 6","og_url":"https:\/\/easystar.ee\/toode\/inoxol-complete-750ml-metalli-puhastus-ja-hooldusvahend-k713792\/","og_site_name":"Easy Star O\u00dc","article_modified_time":"2026-01-27T01:30:03+00:00","og_image":[{"width":204,"height":426,"url":"https:\/\/easystar.ee\/wp-content\/uploads\/2024\/05\/713792.jpg","type":"image\/jpeg"}],"twitter_card":"summary_large_image","schema":{"@context":"https:\/\/schema.org","@graph":[{"@type":"WebPage","@id":"https:\/\/easystar.ee\/toode\/inoxol-complete-750ml-metalli-puhastus-ja-hooldusvahend-k713792\/","url":"https:\/\/easystar.ee\/toode\/inoxol-complete-750ml-metalli-puhastus-ja-hooldusvahend-k713792\/","name":"Inoxol Complete 750ml metalli puhastus ja hooldusvahend K713792 &#8212; Easy Star O\u00dc","isPartOf":{"@id":"https:\/\/easystar.ee\/#website"},"primaryImageOfPage":{"@id":"https:\/\/easystar.ee\/toode\/inoxol-complete-750ml-metalli-puhastus-ja-hooldusvahend-k713792\/#primaryimage"},"image":{"@id":"https:\/\/easystar.ee\/toode\/inoxol-complete-750ml-metalli-puhastus-ja-hooldusvahend-k713792\/#primaryimage"},"thumbnailUrl":"https:\/\/easystar.ee\/wp-content\/uploads\/2024\/05\/713792.jpg","datePublished":"2024-05-31T09:42:11+00:00","dateModified":"2026-01-27T01:30:03+00:00","breadcrumb":{"@id":"https:\/\/easystar.ee\/toode\/inoxol-complete-750ml-metalli-puhastus-ja-hooldusvahend-k713792\/#breadcrumb"},"inLanguage":"en-US","potentialAction":[{"@type":"ReadAction","target":["https:\/\/easystar.ee\/toode\/inoxol-complete-750ml-metalli-puhastus-ja-hooldusvahend-k713792\/"]}]},{"@type":"ImageObject","inLanguage":"en-US","@id":"https:\/\/easystar.ee\/toode\/inoxol-complete-750ml-metalli-puhastus-ja-hooldusvahend-k713792\/#primaryimage","url":"https:\/\/easystar.ee\/wp-content\/uploads\/2024\/05\/713792.jpg","contentUrl":"https:\/\/easystar.ee\/wp-content\/uploads\/2024\/05\/713792.jpg","width":204,"height":426},{"@type":"BreadcrumbList","@id":"https:\/\/easystar.ee\/toode\/inoxol-complete-750ml-metalli-puhastus-ja-hooldusvahend-k713792\/#breadcrumb","itemListElement":[{"@type":"ListItem","position":1,"name":"Home","item":"https:\/\/easystar.ee\/ru\/"},{"@type":"ListItem","position":2,"name":"Shop","item":"https:\/\/easystar.ee\/tooted\/"},{"@type":"ListItem","position":3,"name":"Inoxol Complete 750ml metalli puhastus ja hooldusvahend K713792"}]},{"@type":"WebSite","@id":"https:\/\/easystar.ee\/#website","url":"https:\/\/easystar.ee\/","name":"Easystar.ee","description":"","publisher":{"@id":"https:\/\/easystar.ee\/#organization"},"alternateName":"Keskkonnas\u00f5bralikud pehmepaberitooted teie kontorisse","potentialAction":[{"@type":"SearchAction","target":{"@type":"EntryPoint","urlTemplate":"https:\/\/easystar.ee\/?s={search_term_string}"},"query-input":{"@type":"PropertyValueSpecification","valueRequired":true,"valueName":"search_term_string"}}],"inLanguage":"en-US"},{"@type":"Organization","@id":"https:\/\/easystar.ee\/#organization","name":"Easy Star O\u00dc","url":"https:\/\/easystar.ee\/","logo":{"@type":"ImageObject","inLanguage":"en-US","@id":"https:\/\/easystar.ee\/#\/schema\/logo\/image\/","url":"https:\/\/easystar.ee\/wp-content\/uploads\/2024\/03\/easystar-logo.svg","contentUrl":"https:\/\/easystar.ee\/wp-content\/uploads\/2024\/03\/easystar-logo.svg","width":2000,"height":2000,"caption":"Easy Star O\u00dc"},"image":{"@id":"https:\/\/easystar.ee\/#\/schema\/logo\/image\/"}}]}},"_links":{"self":[{"href":"https:\/\/easystar.ee\/en\/wp-json\/wp\/v2\/product\/32659","targetHints":{"allow":["GET"]}}],"collection":[{"href":"https:\/\/easystar.ee\/en\/wp-json\/wp\/v2\/product"}],"about":[{"href":"https:\/\/easystar.ee\/en\/wp-json\/wp\/v2\/types\/product"}],"wp:featuredmedia":[{"embeddable":true,"href":"https:\/\/easystar.ee\/en\/wp-json\/wp\/v2\/media\/32651"}],"wp:attachment":[{"href":"https:\/\/easystar.ee\/en\/wp-json\/wp\/v2\/media?parent=32659"}],"wp:term":[{"taxonomy":"product_brand","embeddable":true,"href":"https:\/\/easystar.ee\/en\/wp-json\/wp\/v2\/product_brand?post=32659"},{"taxonomy":"product_cat","embeddable":true,"href":"https:\/\/easystar.ee\/en\/wp-json\/wp\/v2\/product_cat?post=32659"},{"taxonomy":"product_tag","embeddable":true,"href":"https:\/\/easystar.ee\/en\/wp-json\/wp\/v2\/product_tag?post=32659"}],"curies":[{"name":"wp","href":"https:\/\/api.w.org\/{rel}","templated":true}]}}