{"id":32608,"date":"2024-05-31T09:41:46","date_gmt":"2024-05-31T09:41:46","guid":{"rendered":"https:\/\/easystar.ee\/toode\/inoxol-clean-1l-roostevabapindade-puh-vahend-kd713130\/"},"modified":"2025-10-30T01:35:41","modified_gmt":"2025-10-30T01:35:41","slug":"inoxol-clean-1l-roostevabapindade-puh-vahend-kd713130","status":"publish","type":"product","link":"https:\/\/easystar.ee\/en\/toode\/inoxol-clean-1l-roostevabapindade-puh-vahend-kd713130\/","title":{"rendered":"Inoxol Clean 1l roostevabapindade puh.vahend KD713130"},"content":{"rendered":"","protected":false},"excerpt":{"rendered":"<p>Roostevabapindade ja messingi puhastusvahend. Toime: Suurep\u00e4rane s\u00e4\u00e4stlikult niisutav ja puhastav toime. Eemaldab lubjakiviplekid, mustuse, roosteladestused sama h\u00e4sti kui \u00f5liplekid, mida v\u00f5ib roostevabametalli pinnal leiduda. Ei tekita korrosiooni kahjustusi. Suurep\u00e4rane pinna puhastustoime messingile, kus messingi kerge niisutamine ainega taastab pinna kuldse s\u00e4ra. Kasutusvaldkonnad: K\u00f5ikidele pindadele, mis on valmistatud roostekindlast metallist (Nirosta\u00ae, Cromargan\u00ae) ning pinnad nagu  kroom, nikkel, messing ja vask. Ei sobi emailile ja alumiiniumile. kasutamine: Enne kasutamist pudelit loksutada. Vala aine lahustamata kujul niiskele lapile v\u00f5i metalli pinnale. H\u00f5\u00f5ru korralikult. L\u00f5petuseks puhasta pind m\u00e4rja lapiga ja kuivata kuiva lapiga.<br \/>\nKoostis: INOTAN sisaldab v\u00e4hem kui 5% anioonseid pindaktiivseid aineid, mitteioonseid pindaktiivseid aineid. Teised koostisosad on isopropanool, poleerimisaine, orgaaniline hape ja paksendaja. pH: 3<\/p>\n","protected":false},"featured_media":32600,"template":"","meta":{"_acf_changed":false},"product_brand":[],"product_cat":[1829,1884],"product_tag":[],"class_list":{"0":"post-32608","1":"product","2":"type-product","3":"status-publish","4":"has-post-thumbnail","6":"product_cat-cleaning-chemicals","7":"product_cat-tana-bio-cleaning-chemicals","9":"first","10":"instock","11":"taxable","12":"shipping-taxable","13":"purchasable","14":"product-type-simple"},"acf":[],"yoast_head":"<!-- This site is optimized with the Yoast SEO plugin v27.5 - https:\/\/yoast.com\/product\/yoast-seo-wordpress\/ -->\n<title>Inoxol Clean 1l roostevabapindade puh.vahend KD713130 &#8212; Easy Star O\u00dc<\/title>\n<meta name=\"robots\" content=\"index, follow, max-snippet:-1, max-image-preview:large, max-video-preview:-1\" \/>\n<link rel=\"canonical\" href=\"https:\/\/easystar.ee\/en\/toode\/inoxol-clean-1l-roostevabapindade-puh-vahend-kd713130\/\" \/>\n<meta property=\"og:locale\" content=\"en_US\" \/>\n<meta property=\"og:type\" content=\"article\" \/>\n<meta property=\"og:title\" content=\"Inoxol Clean 1l roostevabapindade puh.vahend KD713130 &#8212; Easy Star O\u00dc\" \/>\n<meta property=\"og:description\" content=\"Roostevabapindade ja messingi puhastusvahend. Toime: Suurep\u00e4rane s\u00e4\u00e4stlikult niisutav ja puhastav toime. Eemaldab lubjakiviplekid, mustuse, roosteladestused sama h\u00e4sti kui \u00f5liplekid, mida v\u00f5ib roostevabametalli pinnal leiduda. Ei tekita korrosiooni kahjustusi. Suurep\u00e4rane pinna puhastustoime messingile, kus messingi kerge niisutamine ainega taastab pinna kuldse s\u00e4ra. Kasutusvaldkonnad: K\u00f5ikidele pindadele, mis on valmistatud roostekindlast metallist (Nirosta\u00ae, Cromargan\u00ae) ning pinnad nagu kroom, nikkel, messing ja vask. Ei sobi emailile ja alumiiniumile. kasutamine: Enne kasutamist pudelit loksutada. Vala aine lahustamata kujul niiskele lapile v\u00f5i metalli pinnale. H\u00f5\u00f5ru korralikult. L\u00f5petuseks puhasta pind m\u00e4rja lapiga ja kuivata kuiva lapiga. Koostis: INOTAN sisaldab v\u00e4hem kui 5% anioonseid pindaktiivseid aineid, mitteioonseid pindaktiivseid aineid. Teised koostisosad on isopropanool, poleerimisaine, orgaaniline hape ja paksendaja. pH: 3\" \/>\n<meta property=\"og:url\" content=\"https:\/\/easystar.ee\/en\/toode\/inoxol-clean-1l-roostevabapindade-puh-vahend-kd713130\/\" \/>\n<meta property=\"og:site_name\" content=\"Easy Star O\u00dc\" \/>\n<meta property=\"article:modified_time\" content=\"2025-10-30T01:35:41+00:00\" \/>\n<meta property=\"og:image\" content=\"https:\/\/easystar.ee\/wp-content\/uploads\/2024\/05\/713130_INOXOL_clean_1L-1.jpg\" \/>\n\t<meta property=\"og:image:width\" content=\"600\" \/>\n\t<meta property=\"og:image:height\" content=\"740\" \/>\n\t<meta property=\"og:image:type\" content=\"image\/jpeg\" \/>\n<meta name=\"twitter:card\" content=\"summary_large_image\" \/>\n<script type=\"application\/ld+json\" class=\"yoast-schema-graph\">{\"@context\":\"https:\\\/\\\/schema.org\",\"@graph\":[{\"@type\":\"WebPage\",\"@id\":\"https:\\\/\\\/easystar.ee\\\/en\\\/toode\\\/inoxol-clean-1l-roostevabapindade-puh-vahend-kd713130\\\/\",\"url\":\"https:\\\/\\\/easystar.ee\\\/en\\\/toode\\\/inoxol-clean-1l-roostevabapindade-puh-vahend-kd713130\\\/\",\"name\":\"Inoxol Clean 1l roostevabapindade puh.vahend KD713130 &#8212; Easy Star O\u00dc\",\"isPartOf\":{\"@id\":\"https:\\\/\\\/easystar.ee\\\/#website\"},\"primaryImageOfPage\":{\"@id\":\"https:\\\/\\\/easystar.ee\\\/en\\\/toode\\\/inoxol-clean-1l-roostevabapindade-puh-vahend-kd713130\\\/#primaryimage\"},\"image\":{\"@id\":\"https:\\\/\\\/easystar.ee\\\/en\\\/toode\\\/inoxol-clean-1l-roostevabapindade-puh-vahend-kd713130\\\/#primaryimage\"},\"thumbnailUrl\":\"https:\\\/\\\/easystar.ee\\\/wp-content\\\/uploads\\\/2024\\\/05\\\/713130_INOXOL_clean_1L-1.jpg\",\"datePublished\":\"2024-05-31T09:41:46+00:00\",\"dateModified\":\"2025-10-30T01:35:41+00:00\",\"breadcrumb\":{\"@id\":\"https:\\\/\\\/easystar.ee\\\/en\\\/toode\\\/inoxol-clean-1l-roostevabapindade-puh-vahend-kd713130\\\/#breadcrumb\"},\"inLanguage\":\"en-US\",\"potentialAction\":[{\"@type\":\"ReadAction\",\"target\":[\"https:\\\/\\\/easystar.ee\\\/en\\\/toode\\\/inoxol-clean-1l-roostevabapindade-puh-vahend-kd713130\\\/\"]}]},{\"@type\":\"ImageObject\",\"inLanguage\":\"en-US\",\"@id\":\"https:\\\/\\\/easystar.ee\\\/en\\\/toode\\\/inoxol-clean-1l-roostevabapindade-puh-vahend-kd713130\\\/#primaryimage\",\"url\":\"https:\\\/\\\/easystar.ee\\\/wp-content\\\/uploads\\\/2024\\\/05\\\/713130_INOXOL_clean_1L-1.jpg\",\"contentUrl\":\"https:\\\/\\\/easystar.ee\\\/wp-content\\\/uploads\\\/2024\\\/05\\\/713130_INOXOL_clean_1L-1.jpg\",\"width\":600,\"height\":740},{\"@type\":\"BreadcrumbList\",\"@id\":\"https:\\\/\\\/easystar.ee\\\/en\\\/toode\\\/inoxol-clean-1l-roostevabapindade-puh-vahend-kd713130\\\/#breadcrumb\",\"itemListElement\":[{\"@type\":\"ListItem\",\"position\":1,\"name\":\"Home\",\"item\":\"https:\\\/\\\/easystar.ee\\\/ru\\\/\"},{\"@type\":\"ListItem\",\"position\":2,\"name\":\"Shop\",\"item\":\"https:\\\/\\\/easystar.ee\\\/tooted\\\/\"},{\"@type\":\"ListItem\",\"position\":3,\"name\":\"Inoxol Clean 1l roostevabapindade puh.vahend KD713130\"}]},{\"@type\":\"WebSite\",\"@id\":\"https:\\\/\\\/easystar.ee\\\/#website\",\"url\":\"https:\\\/\\\/easystar.ee\\\/\",\"name\":\"Easystar.ee\",\"description\":\"\",\"publisher\":{\"@id\":\"https:\\\/\\\/easystar.ee\\\/#organization\"},\"alternateName\":\"Keskkonnas\u00f5bralikud pehmepaberitooted teie kontorisse\",\"potentialAction\":[{\"@type\":\"SearchAction\",\"target\":{\"@type\":\"EntryPoint\",\"urlTemplate\":\"https:\\\/\\\/easystar.ee\\\/?s={search_term_string}\"},\"query-input\":{\"@type\":\"PropertyValueSpecification\",\"valueRequired\":true,\"valueName\":\"search_term_string\"}}],\"inLanguage\":\"en-US\"},{\"@type\":\"Organization\",\"@id\":\"https:\\\/\\\/easystar.ee\\\/#organization\",\"name\":\"Easy Star O\u00dc\",\"url\":\"https:\\\/\\\/easystar.ee\\\/\",\"logo\":{\"@type\":\"ImageObject\",\"inLanguage\":\"en-US\",\"@id\":\"https:\\\/\\\/easystar.ee\\\/#\\\/schema\\\/logo\\\/image\\\/\",\"url\":\"https:\\\/\\\/easystar.ee\\\/wp-content\\\/uploads\\\/2024\\\/03\\\/easystar-logo.svg\",\"contentUrl\":\"https:\\\/\\\/easystar.ee\\\/wp-content\\\/uploads\\\/2024\\\/03\\\/easystar-logo.svg\",\"width\":2000,\"height\":2000,\"caption\":\"Easy Star O\u00dc\"},\"image\":{\"@id\":\"https:\\\/\\\/easystar.ee\\\/#\\\/schema\\\/logo\\\/image\\\/\"}}]}<\/script>\n<!-- \/ Yoast SEO plugin. -->","yoast_head_json":{"title":"Inoxol Clean 1l roostevabapindade puh.vahend KD713130 &#8212; Easy Star O\u00dc","robots":{"index":"index","follow":"follow","max-snippet":"max-snippet:-1","max-image-preview":"max-image-preview:large","max-video-preview":"max-video-preview:-1"},"canonical":"https:\/\/easystar.ee\/en\/toode\/inoxol-clean-1l-roostevabapindade-puh-vahend-kd713130\/","og_locale":"en_US","og_type":"article","og_title":"Inoxol Clean 1l roostevabapindade puh.vahend KD713130 &#8212; Easy Star O\u00dc","og_description":"Roostevabapindade ja messingi puhastusvahend. Toime: Suurep\u00e4rane s\u00e4\u00e4stlikult niisutav ja puhastav toime. Eemaldab lubjakiviplekid, mustuse, roosteladestused sama h\u00e4sti kui \u00f5liplekid, mida v\u00f5ib roostevabametalli pinnal leiduda. Ei tekita korrosiooni kahjustusi. Suurep\u00e4rane pinna puhastustoime messingile, kus messingi kerge niisutamine ainega taastab pinna kuldse s\u00e4ra. Kasutusvaldkonnad: K\u00f5ikidele pindadele, mis on valmistatud roostekindlast metallist (Nirosta\u00ae, Cromargan\u00ae) ning pinnad nagu kroom, nikkel, messing ja vask. Ei sobi emailile ja alumiiniumile. kasutamine: Enne kasutamist pudelit loksutada. Vala aine lahustamata kujul niiskele lapile v\u00f5i metalli pinnale. H\u00f5\u00f5ru korralikult. L\u00f5petuseks puhasta pind m\u00e4rja lapiga ja kuivata kuiva lapiga. Koostis: INOTAN sisaldab v\u00e4hem kui 5% anioonseid pindaktiivseid aineid, mitteioonseid pindaktiivseid aineid. Teised koostisosad on isopropanool, poleerimisaine, orgaaniline hape ja paksendaja. pH: 3","og_url":"https:\/\/easystar.ee\/en\/toode\/inoxol-clean-1l-roostevabapindade-puh-vahend-kd713130\/","og_site_name":"Easy Star O\u00dc","article_modified_time":"2025-10-30T01:35:41+00:00","og_image":[{"width":600,"height":740,"url":"https:\/\/easystar.ee\/wp-content\/uploads\/2024\/05\/713130_INOXOL_clean_1L-1.jpg","type":"image\/jpeg"}],"twitter_card":"summary_large_image","schema":{"@context":"https:\/\/schema.org","@graph":[{"@type":"WebPage","@id":"https:\/\/easystar.ee\/en\/toode\/inoxol-clean-1l-roostevabapindade-puh-vahend-kd713130\/","url":"https:\/\/easystar.ee\/en\/toode\/inoxol-clean-1l-roostevabapindade-puh-vahend-kd713130\/","name":"Inoxol Clean 1l roostevabapindade puh.vahend KD713130 &#8212; Easy Star O\u00dc","isPartOf":{"@id":"https:\/\/easystar.ee\/#website"},"primaryImageOfPage":{"@id":"https:\/\/easystar.ee\/en\/toode\/inoxol-clean-1l-roostevabapindade-puh-vahend-kd713130\/#primaryimage"},"image":{"@id":"https:\/\/easystar.ee\/en\/toode\/inoxol-clean-1l-roostevabapindade-puh-vahend-kd713130\/#primaryimage"},"thumbnailUrl":"https:\/\/easystar.ee\/wp-content\/uploads\/2024\/05\/713130_INOXOL_clean_1L-1.jpg","datePublished":"2024-05-31T09:41:46+00:00","dateModified":"2025-10-30T01:35:41+00:00","breadcrumb":{"@id":"https:\/\/easystar.ee\/en\/toode\/inoxol-clean-1l-roostevabapindade-puh-vahend-kd713130\/#breadcrumb"},"inLanguage":"en-US","potentialAction":[{"@type":"ReadAction","target":["https:\/\/easystar.ee\/en\/toode\/inoxol-clean-1l-roostevabapindade-puh-vahend-kd713130\/"]}]},{"@type":"ImageObject","inLanguage":"en-US","@id":"https:\/\/easystar.ee\/en\/toode\/inoxol-clean-1l-roostevabapindade-puh-vahend-kd713130\/#primaryimage","url":"https:\/\/easystar.ee\/wp-content\/uploads\/2024\/05\/713130_INOXOL_clean_1L-1.jpg","contentUrl":"https:\/\/easystar.ee\/wp-content\/uploads\/2024\/05\/713130_INOXOL_clean_1L-1.jpg","width":600,"height":740},{"@type":"BreadcrumbList","@id":"https:\/\/easystar.ee\/en\/toode\/inoxol-clean-1l-roostevabapindade-puh-vahend-kd713130\/#breadcrumb","itemListElement":[{"@type":"ListItem","position":1,"name":"Home","item":"https:\/\/easystar.ee\/ru\/"},{"@type":"ListItem","position":2,"name":"Shop","item":"https:\/\/easystar.ee\/tooted\/"},{"@type":"ListItem","position":3,"name":"Inoxol Clean 1l roostevabapindade puh.vahend KD713130"}]},{"@type":"WebSite","@id":"https:\/\/easystar.ee\/#website","url":"https:\/\/easystar.ee\/","name":"Easystar.ee","description":"","publisher":{"@id":"https:\/\/easystar.ee\/#organization"},"alternateName":"Keskkonnas\u00f5bralikud pehmepaberitooted teie kontorisse","potentialAction":[{"@type":"SearchAction","target":{"@type":"EntryPoint","urlTemplate":"https:\/\/easystar.ee\/?s={search_term_string}"},"query-input":{"@type":"PropertyValueSpecification","valueRequired":true,"valueName":"search_term_string"}}],"inLanguage":"en-US"},{"@type":"Organization","@id":"https:\/\/easystar.ee\/#organization","name":"Easy Star O\u00dc","url":"https:\/\/easystar.ee\/","logo":{"@type":"ImageObject","inLanguage":"en-US","@id":"https:\/\/easystar.ee\/#\/schema\/logo\/image\/","url":"https:\/\/easystar.ee\/wp-content\/uploads\/2024\/03\/easystar-logo.svg","contentUrl":"https:\/\/easystar.ee\/wp-content\/uploads\/2024\/03\/easystar-logo.svg","width":2000,"height":2000,"caption":"Easy Star O\u00dc"},"image":{"@id":"https:\/\/easystar.ee\/#\/schema\/logo\/image\/"}}]}},"_links":{"self":[{"href":"https:\/\/easystar.ee\/en\/wp-json\/wp\/v2\/product\/32608","targetHints":{"allow":["GET"]}}],"collection":[{"href":"https:\/\/easystar.ee\/en\/wp-json\/wp\/v2\/product"}],"about":[{"href":"https:\/\/easystar.ee\/en\/wp-json\/wp\/v2\/types\/product"}],"wp:featuredmedia":[{"embeddable":true,"href":"https:\/\/easystar.ee\/en\/wp-json\/wp\/v2\/media\/32600"}],"wp:attachment":[{"href":"https:\/\/easystar.ee\/en\/wp-json\/wp\/v2\/media?parent=32608"}],"wp:term":[{"taxonomy":"product_brand","embeddable":true,"href":"https:\/\/easystar.ee\/en\/wp-json\/wp\/v2\/product_brand?post=32608"},{"taxonomy":"product_cat","embeddable":true,"href":"https:\/\/easystar.ee\/en\/wp-json\/wp\/v2\/product_cat?post=32608"},{"taxonomy":"product_tag","embeddable":true,"href":"https:\/\/easystar.ee\/en\/wp-json\/wp\/v2\/product_tag?post=32608"}],"curies":[{"name":"wp","href":"https:\/\/api.w.org\/{rel}","templated":true}]}}