{"id":31723,"date":"2024-05-31T09:32:03","date_gmt":"2024-05-31T09:32:03","guid":{"rendered":"https:\/\/easystar.ee\/toode\/poluester-puuvill-kootud-sormik-kummipunktid-peopesal-nr-8-kt0058\/"},"modified":"2025-10-30T01:33:58","modified_gmt":"2025-10-30T01:33:58","slug":"poluester-puuvill-kootud-sormik-kummipunktid-peopesal-nr-8-kt0058","status":"publish","type":"product","link":"https:\/\/easystar.ee\/en\/toode\/poluester-puuvill-kootud-sormik-kummipunktid-peopesal-nr-8-kt0058\/","title":{"rendered":"Pol\u00fcester\/puuvill kootud s\u00f5rmik kummipunktid peopesal nr 8 KT0058"},"content":{"rendered":"","protected":false},"excerpt":{"rendered":"<p>Kummipunktid peopesal -Materjal: pol\u00fcester\/puuvill -Cat I -Kootud<br \/>\nKahe niidiga kootud tekstiilkindad. \u00dcle\u00f5mmeldud serv kulumise ennetamiseks. Kootud kindad on k\u00e4es v\u00e4ga mugavad, haarde parandamiseks on peopesal PVC kummipunktid. T\u00f6\u00f6kindad on pestavad Kootud tekstiilkindaid kasutatakse mitmesuguste \u00fcldt\u00f6\u00f6de tegemisel ehitusel, t\u00f6\u00f6stuses, p\u00f5llumajanduses, kaubanduses, koristust\u00f6\u00f6del, kodumajanduses, sportimisel ja vabal ajal. Eelk\u00f5ige t\u00e4psust n\u00f5udvatel t\u00f6\u00f6del Materjal 65% pol\u00fcester, 35% puuvill, peopesas kummipunktid. \u00d5mblusteta t\u00f6\u00f6kinnas, silmade arv 7 (kootud 2 niidiga), randmeserv \u00fcle \u00f5mmeldud.CE-tootem\u00e4rgis <\/p>\n","protected":false},"featured_media":31721,"template":"","meta":{"_acf_changed":false},"product_brand":[],"product_cat":[1862,1861],"product_tag":[],"class_list":{"0":"post-31723","1":"product","2":"type-product","3":"status-publish","4":"has-post-thumbnail","6":"product_cat-gloves","7":"product_cat-ppe-personal-protective-equipment","9":"first","10":"instock","11":"taxable","12":"shipping-taxable","13":"purchasable","14":"product-type-simple"},"acf":[],"yoast_head":"<!-- This site is optimized with the Yoast SEO plugin v27.5 - https:\/\/yoast.com\/product\/yoast-seo-wordpress\/ -->\n<title>Pol\u00fcester\/puuvill kootud s\u00f5rmik kummipunktid peopesal nr 8 KT0058 &#8212; Easy Star O\u00dc<\/title>\n<meta name=\"robots\" content=\"index, follow, max-snippet:-1, max-image-preview:large, max-video-preview:-1\" \/>\n<link rel=\"canonical\" href=\"https:\/\/easystar.ee\/en\/toode\/poluester-puuvill-kootud-sormik-kummipunktid-peopesal-nr-8-kt0058\/\" \/>\n<meta property=\"og:locale\" content=\"en_US\" \/>\n<meta property=\"og:type\" content=\"article\" \/>\n<meta property=\"og:title\" content=\"Pol\u00fcester\/puuvill kootud s\u00f5rmik kummipunktid peopesal nr 8 KT0058 &#8212; Easy Star O\u00dc\" \/>\n<meta property=\"og:description\" content=\"Kummipunktid peopesal -Materjal: pol\u00fcester\/puuvill -Cat I -Kootud Kahe niidiga kootud tekstiilkindad. \u00dcle\u00f5mmeldud serv kulumise ennetamiseks. Kootud kindad on k\u00e4es v\u00e4ga mugavad, haarde parandamiseks on peopesal PVC kummipunktid. T\u00f6\u00f6kindad on pestavad Kootud tekstiilkindaid kasutatakse mitmesuguste \u00fcldt\u00f6\u00f6de tegemisel ehitusel, t\u00f6\u00f6stuses, p\u00f5llumajanduses, kaubanduses, koristust\u00f6\u00f6del, kodumajanduses, sportimisel ja vabal ajal. Eelk\u00f5ige t\u00e4psust n\u00f5udvatel t\u00f6\u00f6del Materjal 65% pol\u00fcester, 35% puuvill, peopesas kummipunktid. \u00d5mblusteta t\u00f6\u00f6kinnas, silmade arv 7 (kootud 2 niidiga), randmeserv \u00fcle \u00f5mmeldud.CE-tootem\u00e4rgis\" \/>\n<meta property=\"og:url\" content=\"https:\/\/easystar.ee\/en\/toode\/poluester-puuvill-kootud-sormik-kummipunktid-peopesal-nr-8-kt0058\/\" \/>\n<meta property=\"og:site_name\" content=\"Easy Star O\u00dc\" \/>\n<meta property=\"article:modified_time\" content=\"2025-10-30T01:33:58+00:00\" \/>\n<meta property=\"og:image\" content=\"https:\/\/easystar.ee\/wp-content\/uploads\/2024\/05\/KT0058_nat_kootud_polu_puuvill.jpg\" \/>\n\t<meta property=\"og:image:width\" content=\"1060\" \/>\n\t<meta property=\"og:image:height\" content=\"1036\" \/>\n\t<meta property=\"og:image:type\" content=\"image\/jpeg\" \/>\n<meta name=\"twitter:card\" content=\"summary_large_image\" \/>\n<script type=\"application\/ld+json\" class=\"yoast-schema-graph\">{\"@context\":\"https:\\\/\\\/schema.org\",\"@graph\":[{\"@type\":\"WebPage\",\"@id\":\"https:\\\/\\\/easystar.ee\\\/en\\\/toode\\\/poluester-puuvill-kootud-sormik-kummipunktid-peopesal-nr-8-kt0058\\\/\",\"url\":\"https:\\\/\\\/easystar.ee\\\/en\\\/toode\\\/poluester-puuvill-kootud-sormik-kummipunktid-peopesal-nr-8-kt0058\\\/\",\"name\":\"Pol\u00fcester\\\/puuvill kootud s\u00f5rmik kummipunktid peopesal nr 8 KT0058 &#8212; Easy Star O\u00dc\",\"isPartOf\":{\"@id\":\"https:\\\/\\\/easystar.ee\\\/#website\"},\"primaryImageOfPage\":{\"@id\":\"https:\\\/\\\/easystar.ee\\\/en\\\/toode\\\/poluester-puuvill-kootud-sormik-kummipunktid-peopesal-nr-8-kt0058\\\/#primaryimage\"},\"image\":{\"@id\":\"https:\\\/\\\/easystar.ee\\\/en\\\/toode\\\/poluester-puuvill-kootud-sormik-kummipunktid-peopesal-nr-8-kt0058\\\/#primaryimage\"},\"thumbnailUrl\":\"https:\\\/\\\/easystar.ee\\\/wp-content\\\/uploads\\\/2024\\\/05\\\/KT0058_nat_kootud_polu_puuvill.jpg\",\"datePublished\":\"2024-05-31T09:32:03+00:00\",\"dateModified\":\"2025-10-30T01:33:58+00:00\",\"breadcrumb\":{\"@id\":\"https:\\\/\\\/easystar.ee\\\/en\\\/toode\\\/poluester-puuvill-kootud-sormik-kummipunktid-peopesal-nr-8-kt0058\\\/#breadcrumb\"},\"inLanguage\":\"en-US\",\"potentialAction\":[{\"@type\":\"ReadAction\",\"target\":[\"https:\\\/\\\/easystar.ee\\\/en\\\/toode\\\/poluester-puuvill-kootud-sormik-kummipunktid-peopesal-nr-8-kt0058\\\/\"]}]},{\"@type\":\"ImageObject\",\"inLanguage\":\"en-US\",\"@id\":\"https:\\\/\\\/easystar.ee\\\/en\\\/toode\\\/poluester-puuvill-kootud-sormik-kummipunktid-peopesal-nr-8-kt0058\\\/#primaryimage\",\"url\":\"https:\\\/\\\/easystar.ee\\\/wp-content\\\/uploads\\\/2024\\\/05\\\/KT0058_nat_kootud_polu_puuvill.jpg\",\"contentUrl\":\"https:\\\/\\\/easystar.ee\\\/wp-content\\\/uploads\\\/2024\\\/05\\\/KT0058_nat_kootud_polu_puuvill.jpg\",\"width\":1060,\"height\":1036},{\"@type\":\"BreadcrumbList\",\"@id\":\"https:\\\/\\\/easystar.ee\\\/en\\\/toode\\\/poluester-puuvill-kootud-sormik-kummipunktid-peopesal-nr-8-kt0058\\\/#breadcrumb\",\"itemListElement\":[{\"@type\":\"ListItem\",\"position\":1,\"name\":\"Home\",\"item\":\"https:\\\/\\\/easystar.ee\\\/ru\\\/\"},{\"@type\":\"ListItem\",\"position\":2,\"name\":\"Shop\",\"item\":\"https:\\\/\\\/easystar.ee\\\/tooted\\\/\"},{\"@type\":\"ListItem\",\"position\":3,\"name\":\"Pol\u00fcester\\\/puuvill kootud s\u00f5rmik kummipunktid peopesal nr 8 KT0058\"}]},{\"@type\":\"WebSite\",\"@id\":\"https:\\\/\\\/easystar.ee\\\/#website\",\"url\":\"https:\\\/\\\/easystar.ee\\\/\",\"name\":\"Easystar.ee\",\"description\":\"\",\"publisher\":{\"@id\":\"https:\\\/\\\/easystar.ee\\\/#organization\"},\"alternateName\":\"Keskkonnas\u00f5bralikud pehmepaberitooted teie kontorisse\",\"potentialAction\":[{\"@type\":\"SearchAction\",\"target\":{\"@type\":\"EntryPoint\",\"urlTemplate\":\"https:\\\/\\\/easystar.ee\\\/?s={search_term_string}\"},\"query-input\":{\"@type\":\"PropertyValueSpecification\",\"valueRequired\":true,\"valueName\":\"search_term_string\"}}],\"inLanguage\":\"en-US\"},{\"@type\":\"Organization\",\"@id\":\"https:\\\/\\\/easystar.ee\\\/#organization\",\"name\":\"Easy Star O\u00dc\",\"url\":\"https:\\\/\\\/easystar.ee\\\/\",\"logo\":{\"@type\":\"ImageObject\",\"inLanguage\":\"en-US\",\"@id\":\"https:\\\/\\\/easystar.ee\\\/#\\\/schema\\\/logo\\\/image\\\/\",\"url\":\"https:\\\/\\\/easystar.ee\\\/wp-content\\\/uploads\\\/2024\\\/03\\\/easystar-logo.svg\",\"contentUrl\":\"https:\\\/\\\/easystar.ee\\\/wp-content\\\/uploads\\\/2024\\\/03\\\/easystar-logo.svg\",\"width\":2000,\"height\":2000,\"caption\":\"Easy Star O\u00dc\"},\"image\":{\"@id\":\"https:\\\/\\\/easystar.ee\\\/#\\\/schema\\\/logo\\\/image\\\/\"}}]}<\/script>\n<!-- \/ Yoast SEO plugin. -->","yoast_head_json":{"title":"Pol\u00fcester\/puuvill kootud s\u00f5rmik kummipunktid peopesal nr 8 KT0058 &#8212; Easy Star O\u00dc","robots":{"index":"index","follow":"follow","max-snippet":"max-snippet:-1","max-image-preview":"max-image-preview:large","max-video-preview":"max-video-preview:-1"},"canonical":"https:\/\/easystar.ee\/en\/toode\/poluester-puuvill-kootud-sormik-kummipunktid-peopesal-nr-8-kt0058\/","og_locale":"en_US","og_type":"article","og_title":"Pol\u00fcester\/puuvill kootud s\u00f5rmik kummipunktid peopesal nr 8 KT0058 &#8212; Easy Star O\u00dc","og_description":"Kummipunktid peopesal -Materjal: pol\u00fcester\/puuvill -Cat I -Kootud Kahe niidiga kootud tekstiilkindad. \u00dcle\u00f5mmeldud serv kulumise ennetamiseks. Kootud kindad on k\u00e4es v\u00e4ga mugavad, haarde parandamiseks on peopesal PVC kummipunktid. T\u00f6\u00f6kindad on pestavad Kootud tekstiilkindaid kasutatakse mitmesuguste \u00fcldt\u00f6\u00f6de tegemisel ehitusel, t\u00f6\u00f6stuses, p\u00f5llumajanduses, kaubanduses, koristust\u00f6\u00f6del, kodumajanduses, sportimisel ja vabal ajal. Eelk\u00f5ige t\u00e4psust n\u00f5udvatel t\u00f6\u00f6del Materjal 65% pol\u00fcester, 35% puuvill, peopesas kummipunktid. \u00d5mblusteta t\u00f6\u00f6kinnas, silmade arv 7 (kootud 2 niidiga), randmeserv \u00fcle \u00f5mmeldud.CE-tootem\u00e4rgis","og_url":"https:\/\/easystar.ee\/en\/toode\/poluester-puuvill-kootud-sormik-kummipunktid-peopesal-nr-8-kt0058\/","og_site_name":"Easy Star O\u00dc","article_modified_time":"2025-10-30T01:33:58+00:00","og_image":[{"width":1060,"height":1036,"url":"https:\/\/easystar.ee\/wp-content\/uploads\/2024\/05\/KT0058_nat_kootud_polu_puuvill.jpg","type":"image\/jpeg"}],"twitter_card":"summary_large_image","schema":{"@context":"https:\/\/schema.org","@graph":[{"@type":"WebPage","@id":"https:\/\/easystar.ee\/en\/toode\/poluester-puuvill-kootud-sormik-kummipunktid-peopesal-nr-8-kt0058\/","url":"https:\/\/easystar.ee\/en\/toode\/poluester-puuvill-kootud-sormik-kummipunktid-peopesal-nr-8-kt0058\/","name":"Pol\u00fcester\/puuvill kootud s\u00f5rmik kummipunktid peopesal nr 8 KT0058 &#8212; Easy Star O\u00dc","isPartOf":{"@id":"https:\/\/easystar.ee\/#website"},"primaryImageOfPage":{"@id":"https:\/\/easystar.ee\/en\/toode\/poluester-puuvill-kootud-sormik-kummipunktid-peopesal-nr-8-kt0058\/#primaryimage"},"image":{"@id":"https:\/\/easystar.ee\/en\/toode\/poluester-puuvill-kootud-sormik-kummipunktid-peopesal-nr-8-kt0058\/#primaryimage"},"thumbnailUrl":"https:\/\/easystar.ee\/wp-content\/uploads\/2024\/05\/KT0058_nat_kootud_polu_puuvill.jpg","datePublished":"2024-05-31T09:32:03+00:00","dateModified":"2025-10-30T01:33:58+00:00","breadcrumb":{"@id":"https:\/\/easystar.ee\/en\/toode\/poluester-puuvill-kootud-sormik-kummipunktid-peopesal-nr-8-kt0058\/#breadcrumb"},"inLanguage":"en-US","potentialAction":[{"@type":"ReadAction","target":["https:\/\/easystar.ee\/en\/toode\/poluester-puuvill-kootud-sormik-kummipunktid-peopesal-nr-8-kt0058\/"]}]},{"@type":"ImageObject","inLanguage":"en-US","@id":"https:\/\/easystar.ee\/en\/toode\/poluester-puuvill-kootud-sormik-kummipunktid-peopesal-nr-8-kt0058\/#primaryimage","url":"https:\/\/easystar.ee\/wp-content\/uploads\/2024\/05\/KT0058_nat_kootud_polu_puuvill.jpg","contentUrl":"https:\/\/easystar.ee\/wp-content\/uploads\/2024\/05\/KT0058_nat_kootud_polu_puuvill.jpg","width":1060,"height":1036},{"@type":"BreadcrumbList","@id":"https:\/\/easystar.ee\/en\/toode\/poluester-puuvill-kootud-sormik-kummipunktid-peopesal-nr-8-kt0058\/#breadcrumb","itemListElement":[{"@type":"ListItem","position":1,"name":"Home","item":"https:\/\/easystar.ee\/ru\/"},{"@type":"ListItem","position":2,"name":"Shop","item":"https:\/\/easystar.ee\/tooted\/"},{"@type":"ListItem","position":3,"name":"Pol\u00fcester\/puuvill kootud s\u00f5rmik kummipunktid peopesal nr 8 KT0058"}]},{"@type":"WebSite","@id":"https:\/\/easystar.ee\/#website","url":"https:\/\/easystar.ee\/","name":"Easystar.ee","description":"","publisher":{"@id":"https:\/\/easystar.ee\/#organization"},"alternateName":"Keskkonnas\u00f5bralikud pehmepaberitooted teie kontorisse","potentialAction":[{"@type":"SearchAction","target":{"@type":"EntryPoint","urlTemplate":"https:\/\/easystar.ee\/?s={search_term_string}"},"query-input":{"@type":"PropertyValueSpecification","valueRequired":true,"valueName":"search_term_string"}}],"inLanguage":"en-US"},{"@type":"Organization","@id":"https:\/\/easystar.ee\/#organization","name":"Easy Star O\u00dc","url":"https:\/\/easystar.ee\/","logo":{"@type":"ImageObject","inLanguage":"en-US","@id":"https:\/\/easystar.ee\/#\/schema\/logo\/image\/","url":"https:\/\/easystar.ee\/wp-content\/uploads\/2024\/03\/easystar-logo.svg","contentUrl":"https:\/\/easystar.ee\/wp-content\/uploads\/2024\/03\/easystar-logo.svg","width":2000,"height":2000,"caption":"Easy Star O\u00dc"},"image":{"@id":"https:\/\/easystar.ee\/#\/schema\/logo\/image\/"}}]}},"_links":{"self":[{"href":"https:\/\/easystar.ee\/en\/wp-json\/wp\/v2\/product\/31723","targetHints":{"allow":["GET"]}}],"collection":[{"href":"https:\/\/easystar.ee\/en\/wp-json\/wp\/v2\/product"}],"about":[{"href":"https:\/\/easystar.ee\/en\/wp-json\/wp\/v2\/types\/product"}],"wp:featuredmedia":[{"embeddable":true,"href":"https:\/\/easystar.ee\/en\/wp-json\/wp\/v2\/media\/31721"}],"wp:attachment":[{"href":"https:\/\/easystar.ee\/en\/wp-json\/wp\/v2\/media?parent=31723"}],"wp:term":[{"taxonomy":"product_brand","embeddable":true,"href":"https:\/\/easystar.ee\/en\/wp-json\/wp\/v2\/product_brand?post=31723"},{"taxonomy":"product_cat","embeddable":true,"href":"https:\/\/easystar.ee\/en\/wp-json\/wp\/v2\/product_cat?post=31723"},{"taxonomy":"product_tag","embeddable":true,"href":"https:\/\/easystar.ee\/en\/wp-json\/wp\/v2\/product_tag?post=31723"}],"curies":[{"name":"wp","href":"https:\/\/api.w.org\/{rel}","templated":true}]}}