{"id":31678,"date":"2024-05-31T09:31:27","date_gmt":"2024-05-31T09:31:27","guid":{"rendered":"https:\/\/easystar.ee\/toode\/easy-multi-0-5l-uldpuhastusvahend-k101530\/"},"modified":"2025-10-30T01:33:53","modified_gmt":"2025-10-30T01:33:53","slug":"easy-multi-0-5l-uldpuhastusvahend-k101530","status":"publish","type":"product","link":"https:\/\/easystar.ee\/en\/toode\/easy-multi-0-5l-uldpuhastusvahend-k101530\/","title":{"rendered":"Easy Multi 0.5L \u00fcldpuhastusvahend K101530"},"content":{"rendered":"","protected":false},"excerpt":{"rendered":"<p>TOOTEINFO (pH ca 9.5)<br \/>\nEasy Multi on efektiivne kiirpuhastusvahend vett taluvate pindade puhastamiseks. Eemaldab t\u00f5husalt rasva ja mustuse. Pihusta m\u00e4\u00e4rdunud pinnale ja p\u00fchi niiske lapiga \u00e4ra.<br \/>\nPihustipudel valmis lahusega 0.5L ja t\u00e4itepudel 500ml<\/p>\n","protected":false},"featured_media":31670,"template":"","meta":{"_acf_changed":false},"product_brand":[],"product_cat":[1984,1829],"product_tag":[],"class_list":{"0":"post-31678","1":"product","2":"type-product","3":"status-publish","4":"has-post-thumbnail","6":"product_cat-alkaline-kitchen-wc-pipes","7":"product_cat-cleaning-chemicals","9":"first","10":"instock","11":"taxable","12":"shipping-taxable","13":"purchasable","14":"product-type-simple"},"acf":[],"yoast_head":"<!-- This site is optimized with the Yoast SEO plugin v27.3 - https:\/\/yoast.com\/product\/yoast-seo-wordpress\/ -->\n<title>Easy Multi 0.5L \u00fcldpuhastusvahend K101530 &#8212; Easy Star O\u00dc<\/title>\n<meta name=\"robots\" content=\"index, follow, max-snippet:-1, max-image-preview:large, max-video-preview:-1\" \/>\n<link rel=\"canonical\" href=\"https:\/\/easystar.ee\/en\/toode\/easy-multi-0-5l-uldpuhastusvahend-k101530\/\" \/>\n<meta property=\"og:locale\" content=\"en_US\" \/>\n<meta property=\"og:type\" content=\"article\" \/>\n<meta property=\"og:title\" content=\"Easy Multi 0.5L \u00fcldpuhastusvahend K101530 &#8212; Easy Star O\u00dc\" \/>\n<meta property=\"og:description\" content=\"TOOTEINFO (pH ca 9.5) Easy Multi on efektiivne kiirpuhastusvahend vett taluvate pindade puhastamiseks. Eemaldab t\u00f5husalt rasva ja mustuse. Pihusta m\u00e4\u00e4rdunud pinnale ja p\u00fchi niiske lapiga \u00e4ra. Pihustipudel valmis lahusega 0.5L ja t\u00e4itepudel 500ml\" \/>\n<meta property=\"og:url\" content=\"https:\/\/easystar.ee\/en\/toode\/easy-multi-0-5l-uldpuhastusvahend-k101530\/\" \/>\n<meta property=\"og:site_name\" content=\"Easy Star O\u00dc\" \/>\n<meta property=\"article:modified_time\" content=\"2025-10-30T01:33:53+00:00\" \/>\n<meta property=\"og:image\" content=\"https:\/\/easystar.ee\/wp-content\/uploads\/2024\/05\/Easy_Multi.jpg\" \/>\n\t<meta property=\"og:image:width\" content=\"137\" \/>\n\t<meta property=\"og:image:height\" content=\"270\" \/>\n\t<meta property=\"og:image:type\" content=\"image\/jpeg\" \/>\n<meta name=\"twitter:card\" content=\"summary_large_image\" \/>\n<script type=\"application\/ld+json\" class=\"yoast-schema-graph\">{\"@context\":\"https:\\\/\\\/schema.org\",\"@graph\":[{\"@type\":\"WebPage\",\"@id\":\"https:\\\/\\\/easystar.ee\\\/en\\\/toode\\\/easy-multi-0-5l-uldpuhastusvahend-k101530\\\/\",\"url\":\"https:\\\/\\\/easystar.ee\\\/en\\\/toode\\\/easy-multi-0-5l-uldpuhastusvahend-k101530\\\/\",\"name\":\"Easy Multi 0.5L \u00fcldpuhastusvahend K101530 &#8212; Easy Star O\u00dc\",\"isPartOf\":{\"@id\":\"https:\\\/\\\/easystar.ee\\\/#website\"},\"primaryImageOfPage\":{\"@id\":\"https:\\\/\\\/easystar.ee\\\/en\\\/toode\\\/easy-multi-0-5l-uldpuhastusvahend-k101530\\\/#primaryimage\"},\"image\":{\"@id\":\"https:\\\/\\\/easystar.ee\\\/en\\\/toode\\\/easy-multi-0-5l-uldpuhastusvahend-k101530\\\/#primaryimage\"},\"thumbnailUrl\":\"https:\\\/\\\/easystar.ee\\\/wp-content\\\/uploads\\\/2024\\\/05\\\/Easy_Multi.jpg\",\"datePublished\":\"2024-05-31T09:31:27+00:00\",\"dateModified\":\"2025-10-30T01:33:53+00:00\",\"breadcrumb\":{\"@id\":\"https:\\\/\\\/easystar.ee\\\/en\\\/toode\\\/easy-multi-0-5l-uldpuhastusvahend-k101530\\\/#breadcrumb\"},\"inLanguage\":\"en-US\",\"potentialAction\":[{\"@type\":\"ReadAction\",\"target\":[\"https:\\\/\\\/easystar.ee\\\/en\\\/toode\\\/easy-multi-0-5l-uldpuhastusvahend-k101530\\\/\"]}]},{\"@type\":\"ImageObject\",\"inLanguage\":\"en-US\",\"@id\":\"https:\\\/\\\/easystar.ee\\\/en\\\/toode\\\/easy-multi-0-5l-uldpuhastusvahend-k101530\\\/#primaryimage\",\"url\":\"https:\\\/\\\/easystar.ee\\\/wp-content\\\/uploads\\\/2024\\\/05\\\/Easy_Multi.jpg\",\"contentUrl\":\"https:\\\/\\\/easystar.ee\\\/wp-content\\\/uploads\\\/2024\\\/05\\\/Easy_Multi.jpg\",\"width\":137,\"height\":270},{\"@type\":\"BreadcrumbList\",\"@id\":\"https:\\\/\\\/easystar.ee\\\/en\\\/toode\\\/easy-multi-0-5l-uldpuhastusvahend-k101530\\\/#breadcrumb\",\"itemListElement\":[{\"@type\":\"ListItem\",\"position\":1,\"name\":\"Home\",\"item\":\"https:\\\/\\\/easystar.ee\\\/ru\\\/\"},{\"@type\":\"ListItem\",\"position\":2,\"name\":\"Shop\",\"item\":\"https:\\\/\\\/easystar.ee\\\/tooted\\\/\"},{\"@type\":\"ListItem\",\"position\":3,\"name\":\"Easy Multi 0.5L \u00fcldpuhastusvahend K101530\"}]},{\"@type\":\"WebSite\",\"@id\":\"https:\\\/\\\/easystar.ee\\\/#website\",\"url\":\"https:\\\/\\\/easystar.ee\\\/\",\"name\":\"Easystar.ee\",\"description\":\"\",\"publisher\":{\"@id\":\"https:\\\/\\\/easystar.ee\\\/#organization\"},\"alternateName\":\"Keskkonnas\u00f5bralikud pehmepaberitooted teie kontorisse\",\"potentialAction\":[{\"@type\":\"SearchAction\",\"target\":{\"@type\":\"EntryPoint\",\"urlTemplate\":\"https:\\\/\\\/easystar.ee\\\/?s={search_term_string}\"},\"query-input\":{\"@type\":\"PropertyValueSpecification\",\"valueRequired\":true,\"valueName\":\"search_term_string\"}}],\"inLanguage\":\"en-US\"},{\"@type\":\"Organization\",\"@id\":\"https:\\\/\\\/easystar.ee\\\/#organization\",\"name\":\"Easy Star O\u00dc\",\"url\":\"https:\\\/\\\/easystar.ee\\\/\",\"logo\":{\"@type\":\"ImageObject\",\"inLanguage\":\"en-US\",\"@id\":\"https:\\\/\\\/easystar.ee\\\/#\\\/schema\\\/logo\\\/image\\\/\",\"url\":\"https:\\\/\\\/easystar.ee\\\/wp-content\\\/uploads\\\/2024\\\/03\\\/easystar-logo.svg\",\"contentUrl\":\"https:\\\/\\\/easystar.ee\\\/wp-content\\\/uploads\\\/2024\\\/03\\\/easystar-logo.svg\",\"width\":2000,\"height\":2000,\"caption\":\"Easy Star O\u00dc\"},\"image\":{\"@id\":\"https:\\\/\\\/easystar.ee\\\/#\\\/schema\\\/logo\\\/image\\\/\"}}]}<\/script>\n<!-- \/ Yoast SEO plugin. -->","yoast_head_json":{"title":"Easy Multi 0.5L \u00fcldpuhastusvahend K101530 &#8212; Easy Star O\u00dc","robots":{"index":"index","follow":"follow","max-snippet":"max-snippet:-1","max-image-preview":"max-image-preview:large","max-video-preview":"max-video-preview:-1"},"canonical":"https:\/\/easystar.ee\/en\/toode\/easy-multi-0-5l-uldpuhastusvahend-k101530\/","og_locale":"en_US","og_type":"article","og_title":"Easy Multi 0.5L \u00fcldpuhastusvahend K101530 &#8212; Easy Star O\u00dc","og_description":"TOOTEINFO (pH ca 9.5) Easy Multi on efektiivne kiirpuhastusvahend vett taluvate pindade puhastamiseks. Eemaldab t\u00f5husalt rasva ja mustuse. Pihusta m\u00e4\u00e4rdunud pinnale ja p\u00fchi niiske lapiga \u00e4ra. Pihustipudel valmis lahusega 0.5L ja t\u00e4itepudel 500ml","og_url":"https:\/\/easystar.ee\/en\/toode\/easy-multi-0-5l-uldpuhastusvahend-k101530\/","og_site_name":"Easy Star O\u00dc","article_modified_time":"2025-10-30T01:33:53+00:00","og_image":[{"width":137,"height":270,"url":"https:\/\/easystar.ee\/wp-content\/uploads\/2024\/05\/Easy_Multi.jpg","type":"image\/jpeg"}],"twitter_card":"summary_large_image","schema":{"@context":"https:\/\/schema.org","@graph":[{"@type":"WebPage","@id":"https:\/\/easystar.ee\/en\/toode\/easy-multi-0-5l-uldpuhastusvahend-k101530\/","url":"https:\/\/easystar.ee\/en\/toode\/easy-multi-0-5l-uldpuhastusvahend-k101530\/","name":"Easy Multi 0.5L \u00fcldpuhastusvahend K101530 &#8212; Easy Star O\u00dc","isPartOf":{"@id":"https:\/\/easystar.ee\/#website"},"primaryImageOfPage":{"@id":"https:\/\/easystar.ee\/en\/toode\/easy-multi-0-5l-uldpuhastusvahend-k101530\/#primaryimage"},"image":{"@id":"https:\/\/easystar.ee\/en\/toode\/easy-multi-0-5l-uldpuhastusvahend-k101530\/#primaryimage"},"thumbnailUrl":"https:\/\/easystar.ee\/wp-content\/uploads\/2024\/05\/Easy_Multi.jpg","datePublished":"2024-05-31T09:31:27+00:00","dateModified":"2025-10-30T01:33:53+00:00","breadcrumb":{"@id":"https:\/\/easystar.ee\/en\/toode\/easy-multi-0-5l-uldpuhastusvahend-k101530\/#breadcrumb"},"inLanguage":"en-US","potentialAction":[{"@type":"ReadAction","target":["https:\/\/easystar.ee\/en\/toode\/easy-multi-0-5l-uldpuhastusvahend-k101530\/"]}]},{"@type":"ImageObject","inLanguage":"en-US","@id":"https:\/\/easystar.ee\/en\/toode\/easy-multi-0-5l-uldpuhastusvahend-k101530\/#primaryimage","url":"https:\/\/easystar.ee\/wp-content\/uploads\/2024\/05\/Easy_Multi.jpg","contentUrl":"https:\/\/easystar.ee\/wp-content\/uploads\/2024\/05\/Easy_Multi.jpg","width":137,"height":270},{"@type":"BreadcrumbList","@id":"https:\/\/easystar.ee\/en\/toode\/easy-multi-0-5l-uldpuhastusvahend-k101530\/#breadcrumb","itemListElement":[{"@type":"ListItem","position":1,"name":"Home","item":"https:\/\/easystar.ee\/ru\/"},{"@type":"ListItem","position":2,"name":"Shop","item":"https:\/\/easystar.ee\/tooted\/"},{"@type":"ListItem","position":3,"name":"Easy Multi 0.5L \u00fcldpuhastusvahend K101530"}]},{"@type":"WebSite","@id":"https:\/\/easystar.ee\/#website","url":"https:\/\/easystar.ee\/","name":"Easystar.ee","description":"","publisher":{"@id":"https:\/\/easystar.ee\/#organization"},"alternateName":"Keskkonnas\u00f5bralikud pehmepaberitooted teie kontorisse","potentialAction":[{"@type":"SearchAction","target":{"@type":"EntryPoint","urlTemplate":"https:\/\/easystar.ee\/?s={search_term_string}"},"query-input":{"@type":"PropertyValueSpecification","valueRequired":true,"valueName":"search_term_string"}}],"inLanguage":"en-US"},{"@type":"Organization","@id":"https:\/\/easystar.ee\/#organization","name":"Easy Star O\u00dc","url":"https:\/\/easystar.ee\/","logo":{"@type":"ImageObject","inLanguage":"en-US","@id":"https:\/\/easystar.ee\/#\/schema\/logo\/image\/","url":"https:\/\/easystar.ee\/wp-content\/uploads\/2024\/03\/easystar-logo.svg","contentUrl":"https:\/\/easystar.ee\/wp-content\/uploads\/2024\/03\/easystar-logo.svg","width":2000,"height":2000,"caption":"Easy Star O\u00dc"},"image":{"@id":"https:\/\/easystar.ee\/#\/schema\/logo\/image\/"}}]}},"_links":{"self":[{"href":"https:\/\/easystar.ee\/en\/wp-json\/wp\/v2\/product\/31678","targetHints":{"allow":["GET"]}}],"collection":[{"href":"https:\/\/easystar.ee\/en\/wp-json\/wp\/v2\/product"}],"about":[{"href":"https:\/\/easystar.ee\/en\/wp-json\/wp\/v2\/types\/product"}],"wp:featuredmedia":[{"embeddable":true,"href":"https:\/\/easystar.ee\/en\/wp-json\/wp\/v2\/media\/31670"}],"wp:attachment":[{"href":"https:\/\/easystar.ee\/en\/wp-json\/wp\/v2\/media?parent=31678"}],"wp:term":[{"taxonomy":"product_brand","embeddable":true,"href":"https:\/\/easystar.ee\/en\/wp-json\/wp\/v2\/product_brand?post=31678"},{"taxonomy":"product_cat","embeddable":true,"href":"https:\/\/easystar.ee\/en\/wp-json\/wp\/v2\/product_cat?post=31678"},{"taxonomy":"product_tag","embeddable":true,"href":"https:\/\/easystar.ee\/en\/wp-json\/wp\/v2\/product_tag?post=31678"}],"curies":[{"name":"wp","href":"https:\/\/api.w.org\/{rel}","templated":true}]}}