{"id":31398,"date":"2024-05-31T08:12:31","date_gmt":"2024-05-31T08:12:31","guid":{"rendered":"https:\/\/easystar.ee\/toode\/esmaabikomplekt-ule-25-tootaja-m1299\/"},"modified":"2025-10-30T01:33:28","modified_gmt":"2025-10-30T01:33:28","slug":"esmaabikomplekt-ule-25-tootaja-m1299","status":"publish","type":"product","link":"https:\/\/easystar.ee\/en\/toode\/esmaabikomplekt-ule-25-tootaja-m1299\/","title":{"rendered":"Esmaabikomplekt \u00fcle 25 t\u00f6\u00f6taja M1299"},"content":{"rendered":"","protected":false},"excerpt":{"rendered":"<p>-K\u00f5ik seadusega s\u00e4testatud elemendid olemas -Mugav pakend<br \/>\nEsmaabipakk \u00fcle 25 t\u00f6\u00f6tajaga ettev\u00f5tetele. K\u00f5ik seadusega s\u00e4testatud elemendid olemas. Mugav pakend ja soodne hind. Sisaldab: Kompress 10cm \u00d7 10cm (3tk pakis) 3 pk Kompress 7,5cm \u00d7 7,5cm (3tk pakis) 3 pk *Kompress 5 x 5cm (3tk pakis) 3 pk *Elastne rullside 10cm x 4m 2 tk *Elastne rullside 15cm x 4 m 2 tk *Plaaster 7,2 x 1,9cm 15tk *L\u00f5igatav plaaster 10 x 6cm 8 tk *S\u00f5rmeotsaplaaster 10tk *Kinnitusplaaster 2 tk *Antiseptiline haavalapp haava puhastamiseks 12 tk *Kolmnurkr\u00e4tik 2 tk *R\u00f5hkside, v\u00e4ike 1 k *R\u00f5hkside, suur 1 tk *K\u00e4\u00e4rid 1 tk *Kaitsekindad 2 paar *Kaitsemask 1 tk *Termotekk 160 x 200cm 1 tk *Isek\u00fclmuv \u00fchekordne kompress 1 tk *Esmaabivahendite kasutusjuhend 1 tk *Esmaabi andmise juhend 1 tk<\/p>\n","protected":false},"featured_media":31396,"template":"","meta":{"_acf_changed":false},"product_brand":[],"product_cat":[1875,1861],"product_tag":[],"class_list":{"0":"post-31398","1":"product","2":"type-product","3":"status-publish","4":"has-post-thumbnail","6":"product_cat-medical-products","7":"product_cat-ppe-personal-protective-equipment","9":"first","10":"instock","11":"taxable","12":"shipping-taxable","13":"purchasable","14":"product-type-simple"},"acf":[],"yoast_head":"<!-- This site is optimized with the Yoast SEO plugin v27.5 - https:\/\/yoast.com\/product\/yoast-seo-wordpress\/ -->\n<title>Esmaabikomplekt \u00fcle 25 t\u00f6\u00f6taja M1299 &#8212; Easy Star O\u00dc<\/title>\n<meta name=\"robots\" content=\"index, follow, max-snippet:-1, max-image-preview:large, max-video-preview:-1\" \/>\n<link rel=\"canonical\" href=\"https:\/\/easystar.ee\/en\/toode\/esmaabikomplekt-ule-25-tootaja-m1299\/\" \/>\n<meta property=\"og:locale\" content=\"en_US\" \/>\n<meta property=\"og:type\" content=\"article\" \/>\n<meta property=\"og:title\" content=\"Esmaabikomplekt \u00fcle 25 t\u00f6\u00f6taja M1299 &#8212; Easy Star O\u00dc\" \/>\n<meta property=\"og:description\" content=\"-K\u00f5ik seadusega s\u00e4testatud elemendid olemas -Mugav pakend Esmaabipakk \u00fcle 25 t\u00f6\u00f6tajaga ettev\u00f5tetele. K\u00f5ik seadusega s\u00e4testatud elemendid olemas. Mugav pakend ja soodne hind. Sisaldab: Kompress 10cm \u00d7 10cm (3tk pakis) 3 pk Kompress 7,5cm \u00d7 7,5cm (3tk pakis) 3 pk *Kompress 5 x 5cm (3tk pakis) 3 pk *Elastne rullside 10cm x 4m 2 tk *Elastne rullside 15cm x 4 m 2 tk *Plaaster 7,2 x 1,9cm 15tk *L\u00f5igatav plaaster 10 x 6cm 8 tk *S\u00f5rmeotsaplaaster 10tk *Kinnitusplaaster 2 tk *Antiseptiline haavalapp haava puhastamiseks 12 tk *Kolmnurkr\u00e4tik 2 tk *R\u00f5hkside, v\u00e4ike 1 k *R\u00f5hkside, suur 1 tk *K\u00e4\u00e4rid 1 tk *Kaitsekindad 2 paar *Kaitsemask 1 tk *Termotekk 160 x 200cm 1 tk *Isek\u00fclmuv \u00fchekordne kompress 1 tk *Esmaabivahendite kasutusjuhend 1 tk *Esmaabi andmise juhend 1 tk\" \/>\n<meta property=\"og:url\" content=\"https:\/\/easystar.ee\/en\/toode\/esmaabikomplekt-ule-25-tootaja-m1299\/\" \/>\n<meta property=\"og:site_name\" content=\"Easy Star O\u00dc\" \/>\n<meta property=\"article:modified_time\" content=\"2025-10-30T01:33:28+00:00\" \/>\n<meta property=\"og:image\" content=\"https:\/\/easystar.ee\/wp-content\/uploads\/2024\/05\/Esmaabikomplekt_u__le_25_to__o__taja.jpg\" \/>\n\t<meta property=\"og:image:width\" content=\"402\" \/>\n\t<meta property=\"og:image:height\" content=\"289\" \/>\n\t<meta property=\"og:image:type\" content=\"image\/jpeg\" \/>\n<meta name=\"twitter:card\" content=\"summary_large_image\" \/>\n<script type=\"application\/ld+json\" class=\"yoast-schema-graph\">{\"@context\":\"https:\\\/\\\/schema.org\",\"@graph\":[{\"@type\":\"WebPage\",\"@id\":\"https:\\\/\\\/easystar.ee\\\/en\\\/toode\\\/esmaabikomplekt-ule-25-tootaja-m1299\\\/\",\"url\":\"https:\\\/\\\/easystar.ee\\\/en\\\/toode\\\/esmaabikomplekt-ule-25-tootaja-m1299\\\/\",\"name\":\"Esmaabikomplekt \u00fcle 25 t\u00f6\u00f6taja M1299 &#8212; Easy Star O\u00dc\",\"isPartOf\":{\"@id\":\"https:\\\/\\\/easystar.ee\\\/#website\"},\"primaryImageOfPage\":{\"@id\":\"https:\\\/\\\/easystar.ee\\\/en\\\/toode\\\/esmaabikomplekt-ule-25-tootaja-m1299\\\/#primaryimage\"},\"image\":{\"@id\":\"https:\\\/\\\/easystar.ee\\\/en\\\/toode\\\/esmaabikomplekt-ule-25-tootaja-m1299\\\/#primaryimage\"},\"thumbnailUrl\":\"https:\\\/\\\/easystar.ee\\\/wp-content\\\/uploads\\\/2024\\\/05\\\/Esmaabikomplekt_u__le_25_to__o__taja.jpg\",\"datePublished\":\"2024-05-31T08:12:31+00:00\",\"dateModified\":\"2025-10-30T01:33:28+00:00\",\"breadcrumb\":{\"@id\":\"https:\\\/\\\/easystar.ee\\\/en\\\/toode\\\/esmaabikomplekt-ule-25-tootaja-m1299\\\/#breadcrumb\"},\"inLanguage\":\"en-US\",\"potentialAction\":[{\"@type\":\"ReadAction\",\"target\":[\"https:\\\/\\\/easystar.ee\\\/en\\\/toode\\\/esmaabikomplekt-ule-25-tootaja-m1299\\\/\"]}]},{\"@type\":\"ImageObject\",\"inLanguage\":\"en-US\",\"@id\":\"https:\\\/\\\/easystar.ee\\\/en\\\/toode\\\/esmaabikomplekt-ule-25-tootaja-m1299\\\/#primaryimage\",\"url\":\"https:\\\/\\\/easystar.ee\\\/wp-content\\\/uploads\\\/2024\\\/05\\\/Esmaabikomplekt_u__le_25_to__o__taja.jpg\",\"contentUrl\":\"https:\\\/\\\/easystar.ee\\\/wp-content\\\/uploads\\\/2024\\\/05\\\/Esmaabikomplekt_u__le_25_to__o__taja.jpg\",\"width\":402,\"height\":289},{\"@type\":\"BreadcrumbList\",\"@id\":\"https:\\\/\\\/easystar.ee\\\/en\\\/toode\\\/esmaabikomplekt-ule-25-tootaja-m1299\\\/#breadcrumb\",\"itemListElement\":[{\"@type\":\"ListItem\",\"position\":1,\"name\":\"Home\",\"item\":\"https:\\\/\\\/easystar.ee\\\/ru\\\/\"},{\"@type\":\"ListItem\",\"position\":2,\"name\":\"Shop\",\"item\":\"https:\\\/\\\/easystar.ee\\\/tooted\\\/\"},{\"@type\":\"ListItem\",\"position\":3,\"name\":\"Esmaabikomplekt \u00fcle 25 t\u00f6\u00f6taja M1299\"}]},{\"@type\":\"WebSite\",\"@id\":\"https:\\\/\\\/easystar.ee\\\/#website\",\"url\":\"https:\\\/\\\/easystar.ee\\\/\",\"name\":\"Easystar.ee\",\"description\":\"\",\"publisher\":{\"@id\":\"https:\\\/\\\/easystar.ee\\\/#organization\"},\"alternateName\":\"Keskkonnas\u00f5bralikud pehmepaberitooted teie kontorisse\",\"potentialAction\":[{\"@type\":\"SearchAction\",\"target\":{\"@type\":\"EntryPoint\",\"urlTemplate\":\"https:\\\/\\\/easystar.ee\\\/?s={search_term_string}\"},\"query-input\":{\"@type\":\"PropertyValueSpecification\",\"valueRequired\":true,\"valueName\":\"search_term_string\"}}],\"inLanguage\":\"en-US\"},{\"@type\":\"Organization\",\"@id\":\"https:\\\/\\\/easystar.ee\\\/#organization\",\"name\":\"Easy Star O\u00dc\",\"url\":\"https:\\\/\\\/easystar.ee\\\/\",\"logo\":{\"@type\":\"ImageObject\",\"inLanguage\":\"en-US\",\"@id\":\"https:\\\/\\\/easystar.ee\\\/#\\\/schema\\\/logo\\\/image\\\/\",\"url\":\"https:\\\/\\\/easystar.ee\\\/wp-content\\\/uploads\\\/2024\\\/03\\\/easystar-logo.svg\",\"contentUrl\":\"https:\\\/\\\/easystar.ee\\\/wp-content\\\/uploads\\\/2024\\\/03\\\/easystar-logo.svg\",\"width\":2000,\"height\":2000,\"caption\":\"Easy Star O\u00dc\"},\"image\":{\"@id\":\"https:\\\/\\\/easystar.ee\\\/#\\\/schema\\\/logo\\\/image\\\/\"}}]}<\/script>\n<!-- \/ Yoast SEO plugin. -->","yoast_head_json":{"title":"Esmaabikomplekt \u00fcle 25 t\u00f6\u00f6taja M1299 &#8212; Easy Star O\u00dc","robots":{"index":"index","follow":"follow","max-snippet":"max-snippet:-1","max-image-preview":"max-image-preview:large","max-video-preview":"max-video-preview:-1"},"canonical":"https:\/\/easystar.ee\/en\/toode\/esmaabikomplekt-ule-25-tootaja-m1299\/","og_locale":"en_US","og_type":"article","og_title":"Esmaabikomplekt \u00fcle 25 t\u00f6\u00f6taja M1299 &#8212; Easy Star O\u00dc","og_description":"-K\u00f5ik seadusega s\u00e4testatud elemendid olemas -Mugav pakend Esmaabipakk \u00fcle 25 t\u00f6\u00f6tajaga ettev\u00f5tetele. K\u00f5ik seadusega s\u00e4testatud elemendid olemas. Mugav pakend ja soodne hind. Sisaldab: Kompress 10cm \u00d7 10cm (3tk pakis) 3 pk Kompress 7,5cm \u00d7 7,5cm (3tk pakis) 3 pk *Kompress 5 x 5cm (3tk pakis) 3 pk *Elastne rullside 10cm x 4m 2 tk *Elastne rullside 15cm x 4 m 2 tk *Plaaster 7,2 x 1,9cm 15tk *L\u00f5igatav plaaster 10 x 6cm 8 tk *S\u00f5rmeotsaplaaster 10tk *Kinnitusplaaster 2 tk *Antiseptiline haavalapp haava puhastamiseks 12 tk *Kolmnurkr\u00e4tik 2 tk *R\u00f5hkside, v\u00e4ike 1 k *R\u00f5hkside, suur 1 tk *K\u00e4\u00e4rid 1 tk *Kaitsekindad 2 paar *Kaitsemask 1 tk *Termotekk 160 x 200cm 1 tk *Isek\u00fclmuv \u00fchekordne kompress 1 tk *Esmaabivahendite kasutusjuhend 1 tk *Esmaabi andmise juhend 1 tk","og_url":"https:\/\/easystar.ee\/en\/toode\/esmaabikomplekt-ule-25-tootaja-m1299\/","og_site_name":"Easy Star O\u00dc","article_modified_time":"2025-10-30T01:33:28+00:00","og_image":[{"width":402,"height":289,"url":"https:\/\/easystar.ee\/wp-content\/uploads\/2024\/05\/Esmaabikomplekt_u__le_25_to__o__taja.jpg","type":"image\/jpeg"}],"twitter_card":"summary_large_image","schema":{"@context":"https:\/\/schema.org","@graph":[{"@type":"WebPage","@id":"https:\/\/easystar.ee\/en\/toode\/esmaabikomplekt-ule-25-tootaja-m1299\/","url":"https:\/\/easystar.ee\/en\/toode\/esmaabikomplekt-ule-25-tootaja-m1299\/","name":"Esmaabikomplekt \u00fcle 25 t\u00f6\u00f6taja M1299 &#8212; Easy Star O\u00dc","isPartOf":{"@id":"https:\/\/easystar.ee\/#website"},"primaryImageOfPage":{"@id":"https:\/\/easystar.ee\/en\/toode\/esmaabikomplekt-ule-25-tootaja-m1299\/#primaryimage"},"image":{"@id":"https:\/\/easystar.ee\/en\/toode\/esmaabikomplekt-ule-25-tootaja-m1299\/#primaryimage"},"thumbnailUrl":"https:\/\/easystar.ee\/wp-content\/uploads\/2024\/05\/Esmaabikomplekt_u__le_25_to__o__taja.jpg","datePublished":"2024-05-31T08:12:31+00:00","dateModified":"2025-10-30T01:33:28+00:00","breadcrumb":{"@id":"https:\/\/easystar.ee\/en\/toode\/esmaabikomplekt-ule-25-tootaja-m1299\/#breadcrumb"},"inLanguage":"en-US","potentialAction":[{"@type":"ReadAction","target":["https:\/\/easystar.ee\/en\/toode\/esmaabikomplekt-ule-25-tootaja-m1299\/"]}]},{"@type":"ImageObject","inLanguage":"en-US","@id":"https:\/\/easystar.ee\/en\/toode\/esmaabikomplekt-ule-25-tootaja-m1299\/#primaryimage","url":"https:\/\/easystar.ee\/wp-content\/uploads\/2024\/05\/Esmaabikomplekt_u__le_25_to__o__taja.jpg","contentUrl":"https:\/\/easystar.ee\/wp-content\/uploads\/2024\/05\/Esmaabikomplekt_u__le_25_to__o__taja.jpg","width":402,"height":289},{"@type":"BreadcrumbList","@id":"https:\/\/easystar.ee\/en\/toode\/esmaabikomplekt-ule-25-tootaja-m1299\/#breadcrumb","itemListElement":[{"@type":"ListItem","position":1,"name":"Home","item":"https:\/\/easystar.ee\/ru\/"},{"@type":"ListItem","position":2,"name":"Shop","item":"https:\/\/easystar.ee\/tooted\/"},{"@type":"ListItem","position":3,"name":"Esmaabikomplekt \u00fcle 25 t\u00f6\u00f6taja M1299"}]},{"@type":"WebSite","@id":"https:\/\/easystar.ee\/#website","url":"https:\/\/easystar.ee\/","name":"Easystar.ee","description":"","publisher":{"@id":"https:\/\/easystar.ee\/#organization"},"alternateName":"Keskkonnas\u00f5bralikud pehmepaberitooted teie kontorisse","potentialAction":[{"@type":"SearchAction","target":{"@type":"EntryPoint","urlTemplate":"https:\/\/easystar.ee\/?s={search_term_string}"},"query-input":{"@type":"PropertyValueSpecification","valueRequired":true,"valueName":"search_term_string"}}],"inLanguage":"en-US"},{"@type":"Organization","@id":"https:\/\/easystar.ee\/#organization","name":"Easy Star O\u00dc","url":"https:\/\/easystar.ee\/","logo":{"@type":"ImageObject","inLanguage":"en-US","@id":"https:\/\/easystar.ee\/#\/schema\/logo\/image\/","url":"https:\/\/easystar.ee\/wp-content\/uploads\/2024\/03\/easystar-logo.svg","contentUrl":"https:\/\/easystar.ee\/wp-content\/uploads\/2024\/03\/easystar-logo.svg","width":2000,"height":2000,"caption":"Easy Star O\u00dc"},"image":{"@id":"https:\/\/easystar.ee\/#\/schema\/logo\/image\/"}}]}},"_links":{"self":[{"href":"https:\/\/easystar.ee\/en\/wp-json\/wp\/v2\/product\/31398","targetHints":{"allow":["GET"]}}],"collection":[{"href":"https:\/\/easystar.ee\/en\/wp-json\/wp\/v2\/product"}],"about":[{"href":"https:\/\/easystar.ee\/en\/wp-json\/wp\/v2\/types\/product"}],"wp:featuredmedia":[{"embeddable":true,"href":"https:\/\/easystar.ee\/en\/wp-json\/wp\/v2\/media\/31396"}],"wp:attachment":[{"href":"https:\/\/easystar.ee\/en\/wp-json\/wp\/v2\/media?parent=31398"}],"wp:term":[{"taxonomy":"product_brand","embeddable":true,"href":"https:\/\/easystar.ee\/en\/wp-json\/wp\/v2\/product_brand?post=31398"},{"taxonomy":"product_cat","embeddable":true,"href":"https:\/\/easystar.ee\/en\/wp-json\/wp\/v2\/product_cat?post=31398"},{"taxonomy":"product_tag","embeddable":true,"href":"https:\/\/easystar.ee\/en\/wp-json\/wp\/v2\/product_tag?post=31398"}],"curies":[{"name":"wp","href":"https:\/\/api.w.org\/{rel}","templated":true}]}}