{"id":31302,"date":"2024-05-31T08:11:42","date_gmt":"2024-05-31T08:11:42","guid":{"rendered":"https:\/\/easystar.ee\/toode\/jalatsikaitse-kilesussid-25my-sinine-100tk-kt28509\/"},"modified":"2025-10-30T01:33:20","modified_gmt":"2025-10-30T01:33:20","slug":"jalatsikaitse-kilesussid-25my-sinine-100tk-kt28509","status":"publish","type":"product","link":"https:\/\/easystar.ee\/en\/toode\/jalatsikaitse-kilesussid-25my-sinine-100tk-kt28509\/","title":{"rendered":"Jalatsikaitse\/kilesussid 25my, sinine 100tk KT28509"},"content":{"rendered":"","protected":false},"excerpt":{"rendered":"<p>Jalatsikaitsed CPE 25my 100tk sinine<br \/>\nMaterjal: pol\u00fcet\u00fcleen -Pikkus 41 cm -Materjali paksus 25 my -Kasutamiseks toiduainete- ja ravimit\u00f6\u00f6stuses<br \/>\nVeekindlad ja vastupidavad jalatsikaitsed pol\u00fcet\u00fcleenist (paksus ca 25 my) pikkusega 41 cm. Kasutamiseks toiduaine- ja ravimit\u00f6\u00f6stuses, haiglates, k\u00f6\u00f6gis, m\u00e4rgades ruumides jne. Toiduohutuse sertifikaat<\/p>\n","protected":false},"featured_media":31300,"template":"","meta":{"_acf_changed":false},"product_brand":[],"product_cat":[1933,1861],"product_tag":[],"class_list":{"0":"post-31302","1":"product","2":"type-product","3":"status-publish","4":"has-post-thumbnail","6":"product_cat-disposables","7":"product_cat-ppe-personal-protective-equipment","9":"first","10":"instock","11":"taxable","12":"shipping-taxable","13":"purchasable","14":"product-type-simple"},"acf":[],"yoast_head":"<!-- This site is optimized with the Yoast SEO plugin v27.5 - https:\/\/yoast.com\/product\/yoast-seo-wordpress\/ -->\n<title>Jalatsikaitse\/kilesussid 25my, sinine 100tk KT28509 &#8212; Easy Star O\u00dc<\/title>\n<meta name=\"robots\" content=\"index, follow, max-snippet:-1, max-image-preview:large, max-video-preview:-1\" \/>\n<link rel=\"canonical\" href=\"https:\/\/easystar.ee\/en\/toode\/jalatsikaitse-kilesussid-25my-sinine-100tk-kt28509\/\" \/>\n<meta property=\"og:locale\" content=\"en_US\" \/>\n<meta property=\"og:type\" content=\"article\" \/>\n<meta property=\"og:title\" content=\"Jalatsikaitse\/kilesussid 25my, sinine 100tk KT28509 &#8212; Easy Star O\u00dc\" \/>\n<meta property=\"og:description\" content=\"Jalatsikaitsed CPE 25my 100tk sinine Materjal: pol\u00fcet\u00fcleen -Pikkus 41 cm -Materjali paksus 25 my -Kasutamiseks toiduainete- ja ravimit\u00f6\u00f6stuses Veekindlad ja vastupidavad jalatsikaitsed pol\u00fcet\u00fcleenist (paksus ca 25 my) pikkusega 41 cm. Kasutamiseks toiduaine- ja ravimit\u00f6\u00f6stuses, haiglates, k\u00f6\u00f6gis, m\u00e4rgades ruumides jne. Toiduohutuse sertifikaat\" \/>\n<meta property=\"og:url\" content=\"https:\/\/easystar.ee\/en\/toode\/jalatsikaitse-kilesussid-25my-sinine-100tk-kt28509\/\" \/>\n<meta property=\"og:site_name\" content=\"Easy Star O\u00dc\" \/>\n<meta property=\"article:modified_time\" content=\"2025-10-30T01:33:20+00:00\" \/>\n<meta property=\"og:image\" content=\"https:\/\/easystar.ee\/wp-content\/uploads\/2024\/05\/4015544285093.jpg\" \/>\n\t<meta property=\"og:image:width\" content=\"402\" \/>\n\t<meta property=\"og:image:height\" content=\"417\" \/>\n\t<meta property=\"og:image:type\" content=\"image\/jpeg\" \/>\n<meta name=\"twitter:card\" content=\"summary_large_image\" \/>\n<script type=\"application\/ld+json\" class=\"yoast-schema-graph\">{\"@context\":\"https:\\\/\\\/schema.org\",\"@graph\":[{\"@type\":\"WebPage\",\"@id\":\"https:\\\/\\\/easystar.ee\\\/en\\\/toode\\\/jalatsikaitse-kilesussid-25my-sinine-100tk-kt28509\\\/\",\"url\":\"https:\\\/\\\/easystar.ee\\\/en\\\/toode\\\/jalatsikaitse-kilesussid-25my-sinine-100tk-kt28509\\\/\",\"name\":\"Jalatsikaitse\\\/kilesussid 25my, sinine 100tk KT28509 &#8212; Easy Star O\u00dc\",\"isPartOf\":{\"@id\":\"https:\\\/\\\/easystar.ee\\\/#website\"},\"primaryImageOfPage\":{\"@id\":\"https:\\\/\\\/easystar.ee\\\/en\\\/toode\\\/jalatsikaitse-kilesussid-25my-sinine-100tk-kt28509\\\/#primaryimage\"},\"image\":{\"@id\":\"https:\\\/\\\/easystar.ee\\\/en\\\/toode\\\/jalatsikaitse-kilesussid-25my-sinine-100tk-kt28509\\\/#primaryimage\"},\"thumbnailUrl\":\"https:\\\/\\\/easystar.ee\\\/wp-content\\\/uploads\\\/2024\\\/05\\\/4015544285093.jpg\",\"datePublished\":\"2024-05-31T08:11:42+00:00\",\"dateModified\":\"2025-10-30T01:33:20+00:00\",\"breadcrumb\":{\"@id\":\"https:\\\/\\\/easystar.ee\\\/en\\\/toode\\\/jalatsikaitse-kilesussid-25my-sinine-100tk-kt28509\\\/#breadcrumb\"},\"inLanguage\":\"en-US\",\"potentialAction\":[{\"@type\":\"ReadAction\",\"target\":[\"https:\\\/\\\/easystar.ee\\\/en\\\/toode\\\/jalatsikaitse-kilesussid-25my-sinine-100tk-kt28509\\\/\"]}]},{\"@type\":\"ImageObject\",\"inLanguage\":\"en-US\",\"@id\":\"https:\\\/\\\/easystar.ee\\\/en\\\/toode\\\/jalatsikaitse-kilesussid-25my-sinine-100tk-kt28509\\\/#primaryimage\",\"url\":\"https:\\\/\\\/easystar.ee\\\/wp-content\\\/uploads\\\/2024\\\/05\\\/4015544285093.jpg\",\"contentUrl\":\"https:\\\/\\\/easystar.ee\\\/wp-content\\\/uploads\\\/2024\\\/05\\\/4015544285093.jpg\",\"width\":402,\"height\":417},{\"@type\":\"BreadcrumbList\",\"@id\":\"https:\\\/\\\/easystar.ee\\\/en\\\/toode\\\/jalatsikaitse-kilesussid-25my-sinine-100tk-kt28509\\\/#breadcrumb\",\"itemListElement\":[{\"@type\":\"ListItem\",\"position\":1,\"name\":\"Home\",\"item\":\"https:\\\/\\\/easystar.ee\\\/ru\\\/\"},{\"@type\":\"ListItem\",\"position\":2,\"name\":\"Shop\",\"item\":\"https:\\\/\\\/easystar.ee\\\/tooted\\\/\"},{\"@type\":\"ListItem\",\"position\":3,\"name\":\"Jalatsikaitse\\\/kilesussid 25my, sinine 100tk KT28509\"}]},{\"@type\":\"WebSite\",\"@id\":\"https:\\\/\\\/easystar.ee\\\/#website\",\"url\":\"https:\\\/\\\/easystar.ee\\\/\",\"name\":\"Easystar.ee\",\"description\":\"\",\"publisher\":{\"@id\":\"https:\\\/\\\/easystar.ee\\\/#organization\"},\"alternateName\":\"Keskkonnas\u00f5bralikud pehmepaberitooted teie kontorisse\",\"potentialAction\":[{\"@type\":\"SearchAction\",\"target\":{\"@type\":\"EntryPoint\",\"urlTemplate\":\"https:\\\/\\\/easystar.ee\\\/?s={search_term_string}\"},\"query-input\":{\"@type\":\"PropertyValueSpecification\",\"valueRequired\":true,\"valueName\":\"search_term_string\"}}],\"inLanguage\":\"en-US\"},{\"@type\":\"Organization\",\"@id\":\"https:\\\/\\\/easystar.ee\\\/#organization\",\"name\":\"Easy Star O\u00dc\",\"url\":\"https:\\\/\\\/easystar.ee\\\/\",\"logo\":{\"@type\":\"ImageObject\",\"inLanguage\":\"en-US\",\"@id\":\"https:\\\/\\\/easystar.ee\\\/#\\\/schema\\\/logo\\\/image\\\/\",\"url\":\"https:\\\/\\\/easystar.ee\\\/wp-content\\\/uploads\\\/2024\\\/03\\\/easystar-logo.svg\",\"contentUrl\":\"https:\\\/\\\/easystar.ee\\\/wp-content\\\/uploads\\\/2024\\\/03\\\/easystar-logo.svg\",\"width\":2000,\"height\":2000,\"caption\":\"Easy Star O\u00dc\"},\"image\":{\"@id\":\"https:\\\/\\\/easystar.ee\\\/#\\\/schema\\\/logo\\\/image\\\/\"}}]}<\/script>\n<!-- \/ Yoast SEO plugin. -->","yoast_head_json":{"title":"Jalatsikaitse\/kilesussid 25my, sinine 100tk KT28509 &#8212; Easy Star O\u00dc","robots":{"index":"index","follow":"follow","max-snippet":"max-snippet:-1","max-image-preview":"max-image-preview:large","max-video-preview":"max-video-preview:-1"},"canonical":"https:\/\/easystar.ee\/en\/toode\/jalatsikaitse-kilesussid-25my-sinine-100tk-kt28509\/","og_locale":"en_US","og_type":"article","og_title":"Jalatsikaitse\/kilesussid 25my, sinine 100tk KT28509 &#8212; Easy Star O\u00dc","og_description":"Jalatsikaitsed CPE 25my 100tk sinine Materjal: pol\u00fcet\u00fcleen -Pikkus 41 cm -Materjali paksus 25 my -Kasutamiseks toiduainete- ja ravimit\u00f6\u00f6stuses Veekindlad ja vastupidavad jalatsikaitsed pol\u00fcet\u00fcleenist (paksus ca 25 my) pikkusega 41 cm. Kasutamiseks toiduaine- ja ravimit\u00f6\u00f6stuses, haiglates, k\u00f6\u00f6gis, m\u00e4rgades ruumides jne. Toiduohutuse sertifikaat","og_url":"https:\/\/easystar.ee\/en\/toode\/jalatsikaitse-kilesussid-25my-sinine-100tk-kt28509\/","og_site_name":"Easy Star O\u00dc","article_modified_time":"2025-10-30T01:33:20+00:00","og_image":[{"width":402,"height":417,"url":"https:\/\/easystar.ee\/wp-content\/uploads\/2024\/05\/4015544285093.jpg","type":"image\/jpeg"}],"twitter_card":"summary_large_image","schema":{"@context":"https:\/\/schema.org","@graph":[{"@type":"WebPage","@id":"https:\/\/easystar.ee\/en\/toode\/jalatsikaitse-kilesussid-25my-sinine-100tk-kt28509\/","url":"https:\/\/easystar.ee\/en\/toode\/jalatsikaitse-kilesussid-25my-sinine-100tk-kt28509\/","name":"Jalatsikaitse\/kilesussid 25my, sinine 100tk KT28509 &#8212; Easy Star O\u00dc","isPartOf":{"@id":"https:\/\/easystar.ee\/#website"},"primaryImageOfPage":{"@id":"https:\/\/easystar.ee\/en\/toode\/jalatsikaitse-kilesussid-25my-sinine-100tk-kt28509\/#primaryimage"},"image":{"@id":"https:\/\/easystar.ee\/en\/toode\/jalatsikaitse-kilesussid-25my-sinine-100tk-kt28509\/#primaryimage"},"thumbnailUrl":"https:\/\/easystar.ee\/wp-content\/uploads\/2024\/05\/4015544285093.jpg","datePublished":"2024-05-31T08:11:42+00:00","dateModified":"2025-10-30T01:33:20+00:00","breadcrumb":{"@id":"https:\/\/easystar.ee\/en\/toode\/jalatsikaitse-kilesussid-25my-sinine-100tk-kt28509\/#breadcrumb"},"inLanguage":"en-US","potentialAction":[{"@type":"ReadAction","target":["https:\/\/easystar.ee\/en\/toode\/jalatsikaitse-kilesussid-25my-sinine-100tk-kt28509\/"]}]},{"@type":"ImageObject","inLanguage":"en-US","@id":"https:\/\/easystar.ee\/en\/toode\/jalatsikaitse-kilesussid-25my-sinine-100tk-kt28509\/#primaryimage","url":"https:\/\/easystar.ee\/wp-content\/uploads\/2024\/05\/4015544285093.jpg","contentUrl":"https:\/\/easystar.ee\/wp-content\/uploads\/2024\/05\/4015544285093.jpg","width":402,"height":417},{"@type":"BreadcrumbList","@id":"https:\/\/easystar.ee\/en\/toode\/jalatsikaitse-kilesussid-25my-sinine-100tk-kt28509\/#breadcrumb","itemListElement":[{"@type":"ListItem","position":1,"name":"Home","item":"https:\/\/easystar.ee\/ru\/"},{"@type":"ListItem","position":2,"name":"Shop","item":"https:\/\/easystar.ee\/tooted\/"},{"@type":"ListItem","position":3,"name":"Jalatsikaitse\/kilesussid 25my, sinine 100tk KT28509"}]},{"@type":"WebSite","@id":"https:\/\/easystar.ee\/#website","url":"https:\/\/easystar.ee\/","name":"Easystar.ee","description":"","publisher":{"@id":"https:\/\/easystar.ee\/#organization"},"alternateName":"Keskkonnas\u00f5bralikud pehmepaberitooted teie kontorisse","potentialAction":[{"@type":"SearchAction","target":{"@type":"EntryPoint","urlTemplate":"https:\/\/easystar.ee\/?s={search_term_string}"},"query-input":{"@type":"PropertyValueSpecification","valueRequired":true,"valueName":"search_term_string"}}],"inLanguage":"en-US"},{"@type":"Organization","@id":"https:\/\/easystar.ee\/#organization","name":"Easy Star O\u00dc","url":"https:\/\/easystar.ee\/","logo":{"@type":"ImageObject","inLanguage":"en-US","@id":"https:\/\/easystar.ee\/#\/schema\/logo\/image\/","url":"https:\/\/easystar.ee\/wp-content\/uploads\/2024\/03\/easystar-logo.svg","contentUrl":"https:\/\/easystar.ee\/wp-content\/uploads\/2024\/03\/easystar-logo.svg","width":2000,"height":2000,"caption":"Easy Star O\u00dc"},"image":{"@id":"https:\/\/easystar.ee\/#\/schema\/logo\/image\/"}}]}},"_links":{"self":[{"href":"https:\/\/easystar.ee\/en\/wp-json\/wp\/v2\/product\/31302","targetHints":{"allow":["GET"]}}],"collection":[{"href":"https:\/\/easystar.ee\/en\/wp-json\/wp\/v2\/product"}],"about":[{"href":"https:\/\/easystar.ee\/en\/wp-json\/wp\/v2\/types\/product"}],"wp:featuredmedia":[{"embeddable":true,"href":"https:\/\/easystar.ee\/en\/wp-json\/wp\/v2\/media\/31300"}],"wp:attachment":[{"href":"https:\/\/easystar.ee\/en\/wp-json\/wp\/v2\/media?parent=31302"}],"wp:term":[{"taxonomy":"product_brand","embeddable":true,"href":"https:\/\/easystar.ee\/en\/wp-json\/wp\/v2\/product_brand?post=31302"},{"taxonomy":"product_cat","embeddable":true,"href":"https:\/\/easystar.ee\/en\/wp-json\/wp\/v2\/product_cat?post=31302"},{"taxonomy":"product_tag","embeddable":true,"href":"https:\/\/easystar.ee\/en\/wp-json\/wp\/v2\/product_tag?post=31302"}],"curies":[{"name":"wp","href":"https:\/\/api.w.org\/{rel}","templated":true}]}}