{"id":31296,"date":"2024-05-31T08:11:41","date_gmt":"2024-05-31T08:11:41","guid":{"rendered":"https:\/\/easystar.ee\/toode\/kittel-polupropuleen-takjakinnitus-taskuteta-3xl-kt274239\/"},"modified":"2025-10-30T01:33:20","modified_gmt":"2025-10-30T01:33:20","slug":"kittel-polupropuleen-takjakinnitus-taskuteta-3xl-kt274239","status":"publish","type":"product","link":"https:\/\/easystar.ee\/en\/toode\/kittel-polupropuleen-takjakinnitus-taskuteta-3xl-kt274239\/","title":{"rendered":"Kittel pol\u00fcprop\u00fcleen, takjakinnitus, taskuteta 3XL KT274239"},"content":{"rendered":"","protected":false},"excerpt":{"rendered":"<p>Kittel \u00fchekordne kr\u00f5psuga PP valge 3XL<br \/>\nMaterjal: pol\u00fcprop\u00fcleen -Takjakinnisega -Sobib kasutamiseks toiduainetet\u00f6\u00f6stuses<br \/>\n\u00dchekordne pol\u00fcprop\u00fcleenist (PP fliisist) kittel takjakinnisega. Kittel on \u00f5hku l\u00e4bilaskev ja kerge. Varrukaotstes olevad kummipaelad on lateksivabad. Sobib k\u00fclastajakitlina kasutamiseks, ning sobilik kasutamiseks toiduainet\u00f6\u00f6stuses. Isikukaitsevahendite vastavussertifikaat, kategooria 1. Toiduohutus<\/p>\n","protected":false},"featured_media":31294,"template":"","meta":{"_acf_changed":false},"product_brand":[],"product_cat":[1933,1861],"product_tag":[],"class_list":{"0":"post-31296","1":"product","2":"type-product","3":"status-publish","4":"has-post-thumbnail","6":"product_cat-disposables","7":"product_cat-ppe-personal-protective-equipment","9":"first","10":"instock","11":"taxable","12":"shipping-taxable","13":"purchasable","14":"product-type-simple"},"acf":[],"yoast_head":"<!-- This site is optimized with the Yoast SEO plugin v27.5 - https:\/\/yoast.com\/product\/yoast-seo-wordpress\/ -->\n<title>Kittel pol\u00fcprop\u00fcleen, takjakinnitus, taskuteta 3XL KT274239 &#8212; Easy Star O\u00dc<\/title>\n<meta name=\"robots\" content=\"index, follow, max-snippet:-1, max-image-preview:large, max-video-preview:-1\" \/>\n<link rel=\"canonical\" href=\"https:\/\/easystar.ee\/en\/toode\/kittel-polupropuleen-takjakinnitus-taskuteta-3xl-kt274239\/\" \/>\n<meta property=\"og:locale\" content=\"en_US\" \/>\n<meta property=\"og:type\" content=\"article\" \/>\n<meta property=\"og:title\" content=\"Kittel pol\u00fcprop\u00fcleen, takjakinnitus, taskuteta 3XL KT274239 &#8212; Easy Star O\u00dc\" \/>\n<meta property=\"og:description\" content=\"Kittel \u00fchekordne kr\u00f5psuga PP valge 3XL Materjal: pol\u00fcprop\u00fcleen -Takjakinnisega -Sobib kasutamiseks toiduainetet\u00f6\u00f6stuses \u00dchekordne pol\u00fcprop\u00fcleenist (PP fliisist) kittel takjakinnisega. Kittel on \u00f5hku l\u00e4bilaskev ja kerge. Varrukaotstes olevad kummipaelad on lateksivabad. Sobib k\u00fclastajakitlina kasutamiseks, ning sobilik kasutamiseks toiduainet\u00f6\u00f6stuses. Isikukaitsevahendite vastavussertifikaat, kategooria 1. Toiduohutus\" \/>\n<meta property=\"og:url\" content=\"https:\/\/easystar.ee\/en\/toode\/kittel-polupropuleen-takjakinnitus-taskuteta-3xl-kt274239\/\" \/>\n<meta property=\"og:site_name\" content=\"Easy Star O\u00dc\" \/>\n<meta property=\"article:modified_time\" content=\"2025-10-30T01:33:20+00:00\" \/>\n<meta property=\"og:image\" content=\"https:\/\/easystar.ee\/wp-content\/uploads\/2024\/05\/KT274239.jpg\" \/>\n\t<meta property=\"og:image:width\" content=\"301\" \/>\n\t<meta property=\"og:image:height\" content=\"686\" \/>\n\t<meta property=\"og:image:type\" content=\"image\/jpeg\" \/>\n<meta name=\"twitter:card\" content=\"summary_large_image\" \/>\n<script type=\"application\/ld+json\" class=\"yoast-schema-graph\">{\"@context\":\"https:\\\/\\\/schema.org\",\"@graph\":[{\"@type\":\"WebPage\",\"@id\":\"https:\\\/\\\/easystar.ee\\\/en\\\/toode\\\/kittel-polupropuleen-takjakinnitus-taskuteta-3xl-kt274239\\\/\",\"url\":\"https:\\\/\\\/easystar.ee\\\/en\\\/toode\\\/kittel-polupropuleen-takjakinnitus-taskuteta-3xl-kt274239\\\/\",\"name\":\"Kittel pol\u00fcprop\u00fcleen, takjakinnitus, taskuteta 3XL KT274239 &#8212; Easy Star O\u00dc\",\"isPartOf\":{\"@id\":\"https:\\\/\\\/easystar.ee\\\/#website\"},\"primaryImageOfPage\":{\"@id\":\"https:\\\/\\\/easystar.ee\\\/en\\\/toode\\\/kittel-polupropuleen-takjakinnitus-taskuteta-3xl-kt274239\\\/#primaryimage\"},\"image\":{\"@id\":\"https:\\\/\\\/easystar.ee\\\/en\\\/toode\\\/kittel-polupropuleen-takjakinnitus-taskuteta-3xl-kt274239\\\/#primaryimage\"},\"thumbnailUrl\":\"https:\\\/\\\/easystar.ee\\\/wp-content\\\/uploads\\\/2024\\\/05\\\/KT274239.jpg\",\"datePublished\":\"2024-05-31T08:11:41+00:00\",\"dateModified\":\"2025-10-30T01:33:20+00:00\",\"breadcrumb\":{\"@id\":\"https:\\\/\\\/easystar.ee\\\/en\\\/toode\\\/kittel-polupropuleen-takjakinnitus-taskuteta-3xl-kt274239\\\/#breadcrumb\"},\"inLanguage\":\"en-US\",\"potentialAction\":[{\"@type\":\"ReadAction\",\"target\":[\"https:\\\/\\\/easystar.ee\\\/en\\\/toode\\\/kittel-polupropuleen-takjakinnitus-taskuteta-3xl-kt274239\\\/\"]}]},{\"@type\":\"ImageObject\",\"inLanguage\":\"en-US\",\"@id\":\"https:\\\/\\\/easystar.ee\\\/en\\\/toode\\\/kittel-polupropuleen-takjakinnitus-taskuteta-3xl-kt274239\\\/#primaryimage\",\"url\":\"https:\\\/\\\/easystar.ee\\\/wp-content\\\/uploads\\\/2024\\\/05\\\/KT274239.jpg\",\"contentUrl\":\"https:\\\/\\\/easystar.ee\\\/wp-content\\\/uploads\\\/2024\\\/05\\\/KT274239.jpg\",\"width\":301,\"height\":686},{\"@type\":\"BreadcrumbList\",\"@id\":\"https:\\\/\\\/easystar.ee\\\/en\\\/toode\\\/kittel-polupropuleen-takjakinnitus-taskuteta-3xl-kt274239\\\/#breadcrumb\",\"itemListElement\":[{\"@type\":\"ListItem\",\"position\":1,\"name\":\"Home\",\"item\":\"https:\\\/\\\/easystar.ee\\\/ru\\\/\"},{\"@type\":\"ListItem\",\"position\":2,\"name\":\"Shop\",\"item\":\"https:\\\/\\\/easystar.ee\\\/tooted\\\/\"},{\"@type\":\"ListItem\",\"position\":3,\"name\":\"Kittel pol\u00fcprop\u00fcleen, takjakinnitus, taskuteta 3XL KT274239\"}]},{\"@type\":\"WebSite\",\"@id\":\"https:\\\/\\\/easystar.ee\\\/#website\",\"url\":\"https:\\\/\\\/easystar.ee\\\/\",\"name\":\"Easystar.ee\",\"description\":\"\",\"publisher\":{\"@id\":\"https:\\\/\\\/easystar.ee\\\/#organization\"},\"alternateName\":\"Keskkonnas\u00f5bralikud pehmepaberitooted teie kontorisse\",\"potentialAction\":[{\"@type\":\"SearchAction\",\"target\":{\"@type\":\"EntryPoint\",\"urlTemplate\":\"https:\\\/\\\/easystar.ee\\\/?s={search_term_string}\"},\"query-input\":{\"@type\":\"PropertyValueSpecification\",\"valueRequired\":true,\"valueName\":\"search_term_string\"}}],\"inLanguage\":\"en-US\"},{\"@type\":\"Organization\",\"@id\":\"https:\\\/\\\/easystar.ee\\\/#organization\",\"name\":\"Easy Star O\u00dc\",\"url\":\"https:\\\/\\\/easystar.ee\\\/\",\"logo\":{\"@type\":\"ImageObject\",\"inLanguage\":\"en-US\",\"@id\":\"https:\\\/\\\/easystar.ee\\\/#\\\/schema\\\/logo\\\/image\\\/\",\"url\":\"https:\\\/\\\/easystar.ee\\\/wp-content\\\/uploads\\\/2024\\\/03\\\/easystar-logo.svg\",\"contentUrl\":\"https:\\\/\\\/easystar.ee\\\/wp-content\\\/uploads\\\/2024\\\/03\\\/easystar-logo.svg\",\"width\":2000,\"height\":2000,\"caption\":\"Easy Star O\u00dc\"},\"image\":{\"@id\":\"https:\\\/\\\/easystar.ee\\\/#\\\/schema\\\/logo\\\/image\\\/\"}}]}<\/script>\n<!-- \/ Yoast SEO plugin. -->","yoast_head_json":{"title":"Kittel pol\u00fcprop\u00fcleen, takjakinnitus, taskuteta 3XL KT274239 &#8212; Easy Star O\u00dc","robots":{"index":"index","follow":"follow","max-snippet":"max-snippet:-1","max-image-preview":"max-image-preview:large","max-video-preview":"max-video-preview:-1"},"canonical":"https:\/\/easystar.ee\/en\/toode\/kittel-polupropuleen-takjakinnitus-taskuteta-3xl-kt274239\/","og_locale":"en_US","og_type":"article","og_title":"Kittel pol\u00fcprop\u00fcleen, takjakinnitus, taskuteta 3XL KT274239 &#8212; Easy Star O\u00dc","og_description":"Kittel \u00fchekordne kr\u00f5psuga PP valge 3XL Materjal: pol\u00fcprop\u00fcleen -Takjakinnisega -Sobib kasutamiseks toiduainetet\u00f6\u00f6stuses \u00dchekordne pol\u00fcprop\u00fcleenist (PP fliisist) kittel takjakinnisega. Kittel on \u00f5hku l\u00e4bilaskev ja kerge. Varrukaotstes olevad kummipaelad on lateksivabad. Sobib k\u00fclastajakitlina kasutamiseks, ning sobilik kasutamiseks toiduainet\u00f6\u00f6stuses. Isikukaitsevahendite vastavussertifikaat, kategooria 1. Toiduohutus","og_url":"https:\/\/easystar.ee\/en\/toode\/kittel-polupropuleen-takjakinnitus-taskuteta-3xl-kt274239\/","og_site_name":"Easy Star O\u00dc","article_modified_time":"2025-10-30T01:33:20+00:00","og_image":[{"width":301,"height":686,"url":"https:\/\/easystar.ee\/wp-content\/uploads\/2024\/05\/KT274239.jpg","type":"image\/jpeg"}],"twitter_card":"summary_large_image","schema":{"@context":"https:\/\/schema.org","@graph":[{"@type":"WebPage","@id":"https:\/\/easystar.ee\/en\/toode\/kittel-polupropuleen-takjakinnitus-taskuteta-3xl-kt274239\/","url":"https:\/\/easystar.ee\/en\/toode\/kittel-polupropuleen-takjakinnitus-taskuteta-3xl-kt274239\/","name":"Kittel pol\u00fcprop\u00fcleen, takjakinnitus, taskuteta 3XL KT274239 &#8212; Easy Star O\u00dc","isPartOf":{"@id":"https:\/\/easystar.ee\/#website"},"primaryImageOfPage":{"@id":"https:\/\/easystar.ee\/en\/toode\/kittel-polupropuleen-takjakinnitus-taskuteta-3xl-kt274239\/#primaryimage"},"image":{"@id":"https:\/\/easystar.ee\/en\/toode\/kittel-polupropuleen-takjakinnitus-taskuteta-3xl-kt274239\/#primaryimage"},"thumbnailUrl":"https:\/\/easystar.ee\/wp-content\/uploads\/2024\/05\/KT274239.jpg","datePublished":"2024-05-31T08:11:41+00:00","dateModified":"2025-10-30T01:33:20+00:00","breadcrumb":{"@id":"https:\/\/easystar.ee\/en\/toode\/kittel-polupropuleen-takjakinnitus-taskuteta-3xl-kt274239\/#breadcrumb"},"inLanguage":"en-US","potentialAction":[{"@type":"ReadAction","target":["https:\/\/easystar.ee\/en\/toode\/kittel-polupropuleen-takjakinnitus-taskuteta-3xl-kt274239\/"]}]},{"@type":"ImageObject","inLanguage":"en-US","@id":"https:\/\/easystar.ee\/en\/toode\/kittel-polupropuleen-takjakinnitus-taskuteta-3xl-kt274239\/#primaryimage","url":"https:\/\/easystar.ee\/wp-content\/uploads\/2024\/05\/KT274239.jpg","contentUrl":"https:\/\/easystar.ee\/wp-content\/uploads\/2024\/05\/KT274239.jpg","width":301,"height":686},{"@type":"BreadcrumbList","@id":"https:\/\/easystar.ee\/en\/toode\/kittel-polupropuleen-takjakinnitus-taskuteta-3xl-kt274239\/#breadcrumb","itemListElement":[{"@type":"ListItem","position":1,"name":"Home","item":"https:\/\/easystar.ee\/ru\/"},{"@type":"ListItem","position":2,"name":"Shop","item":"https:\/\/easystar.ee\/tooted\/"},{"@type":"ListItem","position":3,"name":"Kittel pol\u00fcprop\u00fcleen, takjakinnitus, taskuteta 3XL KT274239"}]},{"@type":"WebSite","@id":"https:\/\/easystar.ee\/#website","url":"https:\/\/easystar.ee\/","name":"Easystar.ee","description":"","publisher":{"@id":"https:\/\/easystar.ee\/#organization"},"alternateName":"Keskkonnas\u00f5bralikud pehmepaberitooted teie kontorisse","potentialAction":[{"@type":"SearchAction","target":{"@type":"EntryPoint","urlTemplate":"https:\/\/easystar.ee\/?s={search_term_string}"},"query-input":{"@type":"PropertyValueSpecification","valueRequired":true,"valueName":"search_term_string"}}],"inLanguage":"en-US"},{"@type":"Organization","@id":"https:\/\/easystar.ee\/#organization","name":"Easy Star O\u00dc","url":"https:\/\/easystar.ee\/","logo":{"@type":"ImageObject","inLanguage":"en-US","@id":"https:\/\/easystar.ee\/#\/schema\/logo\/image\/","url":"https:\/\/easystar.ee\/wp-content\/uploads\/2024\/03\/easystar-logo.svg","contentUrl":"https:\/\/easystar.ee\/wp-content\/uploads\/2024\/03\/easystar-logo.svg","width":2000,"height":2000,"caption":"Easy Star O\u00dc"},"image":{"@id":"https:\/\/easystar.ee\/#\/schema\/logo\/image\/"}}]}},"_links":{"self":[{"href":"https:\/\/easystar.ee\/en\/wp-json\/wp\/v2\/product\/31296","targetHints":{"allow":["GET"]}}],"collection":[{"href":"https:\/\/easystar.ee\/en\/wp-json\/wp\/v2\/product"}],"about":[{"href":"https:\/\/easystar.ee\/en\/wp-json\/wp\/v2\/types\/product"}],"wp:featuredmedia":[{"embeddable":true,"href":"https:\/\/easystar.ee\/en\/wp-json\/wp\/v2\/media\/31294"}],"wp:attachment":[{"href":"https:\/\/easystar.ee\/en\/wp-json\/wp\/v2\/media?parent=31296"}],"wp:term":[{"taxonomy":"product_brand","embeddable":true,"href":"https:\/\/easystar.ee\/en\/wp-json\/wp\/v2\/product_brand?post=31296"},{"taxonomy":"product_cat","embeddable":true,"href":"https:\/\/easystar.ee\/en\/wp-json\/wp\/v2\/product_cat?post=31296"},{"taxonomy":"product_tag","embeddable":true,"href":"https:\/\/easystar.ee\/en\/wp-json\/wp\/v2\/product_tag?post=31296"}],"curies":[{"name":"wp","href":"https:\/\/api.w.org\/{rel}","templated":true}]}}