{"id":30406,"date":"2024-05-30T16:52:08","date_gmt":"2024-05-30T16:52:08","guid":{"rendered":"https:\/\/easystar.ee\/toode\/latekskindad-gl-puudrita-s-100tk-pakis-ktgriplight\/"},"modified":"2025-10-30T01:32:23","modified_gmt":"2025-10-30T01:32:23","slug":"latekskindad-gl-puudrita-s-100tk-pakis-ktgriplight","status":"publish","type":"product","link":"https:\/\/easystar.ee\/en\/toode\/latekskindad-gl-puudrita-s-100tk-pakis-ktgriplight\/","title":{"rendered":"Latekskindad GL puudrita S 100tk pakis KTGRIPLIGHT"},"content":{"rendered":"","protected":false},"excerpt":{"rendered":"<p>-Struktureeritud s\u00f5rmeotsad -Sobivad kasutamiseks toiduainetet\u00f6\u00f6stuses -Vastupidavad kergematele lahustele ja kemikaalidele<br \/>\nPuudrita v\u00e4ga kvaliteetsed latekskindad. Rebimiskindlad, vastupidavad ja elastsed latekskindad on v\u00e4ga mugavad ning rullitud servadega. Kummikindad sobivad kasutamiseks toiduainet\u00f6\u00f6stuses. Kaitsevad k\u00e4si ka kergemate lahuste ja kemikaalide eest.CE-m\u00e4rgisega toode Toiduohutuse sertifikaat EN420 Kategooria 1 isikukaitsevahend.<\/p>\n","protected":false},"featured_media":30404,"template":"","meta":{"_acf_changed":false},"product_brand":[],"product_cat":[1949,1861],"product_tag":[],"class_list":{"0":"post-30406","1":"product","2":"type-product","3":"status-publish","4":"has-post-thumbnail","6":"product_cat-disposable-gloves","7":"product_cat-ppe-personal-protective-equipment","9":"first","10":"instock","11":"taxable","12":"shipping-taxable","13":"purchasable","14":"product-type-simple"},"acf":[],"yoast_head":"<!-- This site is optimized with the Yoast SEO plugin v27.5 - https:\/\/yoast.com\/product\/yoast-seo-wordpress\/ -->\n<title>Latekskindad GL puudrita S 100tk pakis KTGRIPLIGHT &#8212; Easy Star O\u00dc<\/title>\n<meta name=\"robots\" content=\"index, follow, max-snippet:-1, max-image-preview:large, max-video-preview:-1\" \/>\n<link rel=\"canonical\" href=\"https:\/\/easystar.ee\/en\/toode\/latekskindad-gl-puudrita-s-100tk-pakis-ktgriplight\/\" \/>\n<meta property=\"og:locale\" content=\"en_US\" \/>\n<meta property=\"og:type\" content=\"article\" \/>\n<meta property=\"og:title\" content=\"Latekskindad GL puudrita S 100tk pakis KTGRIPLIGHT &#8212; Easy Star O\u00dc\" \/>\n<meta property=\"og:description\" content=\"-Struktureeritud s\u00f5rmeotsad -Sobivad kasutamiseks toiduainetet\u00f6\u00f6stuses -Vastupidavad kergematele lahustele ja kemikaalidele Puudrita v\u00e4ga kvaliteetsed latekskindad. Rebimiskindlad, vastupidavad ja elastsed latekskindad on v\u00e4ga mugavad ning rullitud servadega. Kummikindad sobivad kasutamiseks toiduainet\u00f6\u00f6stuses. Kaitsevad k\u00e4si ka kergemate lahuste ja kemikaalide eest.CE-m\u00e4rgisega toode Toiduohutuse sertifikaat EN420 Kategooria 1 isikukaitsevahend.\" \/>\n<meta property=\"og:url\" content=\"https:\/\/easystar.ee\/en\/toode\/latekskindad-gl-puudrita-s-100tk-pakis-ktgriplight\/\" \/>\n<meta property=\"og:site_name\" content=\"Easy Star O\u00dc\" \/>\n<meta property=\"article:modified_time\" content=\"2025-10-30T01:32:23+00:00\" \/>\n<meta property=\"og:image\" content=\"https:\/\/easystar.ee\/wp-content\/uploads\/2024\/05\/GRIPLIGHT.jpg\" \/>\n\t<meta property=\"og:image:width\" content=\"480\" \/>\n\t<meta property=\"og:image:height\" content=\"480\" \/>\n\t<meta property=\"og:image:type\" content=\"image\/jpeg\" \/>\n<meta name=\"twitter:card\" content=\"summary_large_image\" \/>\n<script type=\"application\/ld+json\" class=\"yoast-schema-graph\">{\"@context\":\"https:\\\/\\\/schema.org\",\"@graph\":[{\"@type\":\"WebPage\",\"@id\":\"https:\\\/\\\/easystar.ee\\\/en\\\/toode\\\/latekskindad-gl-puudrita-s-100tk-pakis-ktgriplight\\\/\",\"url\":\"https:\\\/\\\/easystar.ee\\\/en\\\/toode\\\/latekskindad-gl-puudrita-s-100tk-pakis-ktgriplight\\\/\",\"name\":\"Latekskindad GL puudrita S 100tk pakis KTGRIPLIGHT &#8212; Easy Star O\u00dc\",\"isPartOf\":{\"@id\":\"https:\\\/\\\/easystar.ee\\\/#website\"},\"primaryImageOfPage\":{\"@id\":\"https:\\\/\\\/easystar.ee\\\/en\\\/toode\\\/latekskindad-gl-puudrita-s-100tk-pakis-ktgriplight\\\/#primaryimage\"},\"image\":{\"@id\":\"https:\\\/\\\/easystar.ee\\\/en\\\/toode\\\/latekskindad-gl-puudrita-s-100tk-pakis-ktgriplight\\\/#primaryimage\"},\"thumbnailUrl\":\"https:\\\/\\\/easystar.ee\\\/wp-content\\\/uploads\\\/2024\\\/05\\\/GRIPLIGHT.jpg\",\"datePublished\":\"2024-05-30T16:52:08+00:00\",\"dateModified\":\"2025-10-30T01:32:23+00:00\",\"breadcrumb\":{\"@id\":\"https:\\\/\\\/easystar.ee\\\/en\\\/toode\\\/latekskindad-gl-puudrita-s-100tk-pakis-ktgriplight\\\/#breadcrumb\"},\"inLanguage\":\"en-US\",\"potentialAction\":[{\"@type\":\"ReadAction\",\"target\":[\"https:\\\/\\\/easystar.ee\\\/en\\\/toode\\\/latekskindad-gl-puudrita-s-100tk-pakis-ktgriplight\\\/\"]}]},{\"@type\":\"ImageObject\",\"inLanguage\":\"en-US\",\"@id\":\"https:\\\/\\\/easystar.ee\\\/en\\\/toode\\\/latekskindad-gl-puudrita-s-100tk-pakis-ktgriplight\\\/#primaryimage\",\"url\":\"https:\\\/\\\/easystar.ee\\\/wp-content\\\/uploads\\\/2024\\\/05\\\/GRIPLIGHT.jpg\",\"contentUrl\":\"https:\\\/\\\/easystar.ee\\\/wp-content\\\/uploads\\\/2024\\\/05\\\/GRIPLIGHT.jpg\",\"width\":480,\"height\":480},{\"@type\":\"BreadcrumbList\",\"@id\":\"https:\\\/\\\/easystar.ee\\\/en\\\/toode\\\/latekskindad-gl-puudrita-s-100tk-pakis-ktgriplight\\\/#breadcrumb\",\"itemListElement\":[{\"@type\":\"ListItem\",\"position\":1,\"name\":\"Home\",\"item\":\"https:\\\/\\\/easystar.ee\\\/ru\\\/\"},{\"@type\":\"ListItem\",\"position\":2,\"name\":\"Shop\",\"item\":\"https:\\\/\\\/easystar.ee\\\/tooted\\\/\"},{\"@type\":\"ListItem\",\"position\":3,\"name\":\"Latekskindad GL puudrita S 100tk pakis KTGRIPLIGHT\"}]},{\"@type\":\"WebSite\",\"@id\":\"https:\\\/\\\/easystar.ee\\\/#website\",\"url\":\"https:\\\/\\\/easystar.ee\\\/\",\"name\":\"Easystar.ee\",\"description\":\"\",\"publisher\":{\"@id\":\"https:\\\/\\\/easystar.ee\\\/#organization\"},\"alternateName\":\"Keskkonnas\u00f5bralikud pehmepaberitooted teie kontorisse\",\"potentialAction\":[{\"@type\":\"SearchAction\",\"target\":{\"@type\":\"EntryPoint\",\"urlTemplate\":\"https:\\\/\\\/easystar.ee\\\/?s={search_term_string}\"},\"query-input\":{\"@type\":\"PropertyValueSpecification\",\"valueRequired\":true,\"valueName\":\"search_term_string\"}}],\"inLanguage\":\"en-US\"},{\"@type\":\"Organization\",\"@id\":\"https:\\\/\\\/easystar.ee\\\/#organization\",\"name\":\"Easy Star O\u00dc\",\"url\":\"https:\\\/\\\/easystar.ee\\\/\",\"logo\":{\"@type\":\"ImageObject\",\"inLanguage\":\"en-US\",\"@id\":\"https:\\\/\\\/easystar.ee\\\/#\\\/schema\\\/logo\\\/image\\\/\",\"url\":\"https:\\\/\\\/easystar.ee\\\/wp-content\\\/uploads\\\/2024\\\/03\\\/easystar-logo.svg\",\"contentUrl\":\"https:\\\/\\\/easystar.ee\\\/wp-content\\\/uploads\\\/2024\\\/03\\\/easystar-logo.svg\",\"width\":2000,\"height\":2000,\"caption\":\"Easy Star O\u00dc\"},\"image\":{\"@id\":\"https:\\\/\\\/easystar.ee\\\/#\\\/schema\\\/logo\\\/image\\\/\"}}]}<\/script>\n<!-- \/ Yoast SEO plugin. -->","yoast_head_json":{"title":"Latekskindad GL puudrita S 100tk pakis KTGRIPLIGHT &#8212; Easy Star O\u00dc","robots":{"index":"index","follow":"follow","max-snippet":"max-snippet:-1","max-image-preview":"max-image-preview:large","max-video-preview":"max-video-preview:-1"},"canonical":"https:\/\/easystar.ee\/en\/toode\/latekskindad-gl-puudrita-s-100tk-pakis-ktgriplight\/","og_locale":"en_US","og_type":"article","og_title":"Latekskindad GL puudrita S 100tk pakis KTGRIPLIGHT &#8212; Easy Star O\u00dc","og_description":"-Struktureeritud s\u00f5rmeotsad -Sobivad kasutamiseks toiduainetet\u00f6\u00f6stuses -Vastupidavad kergematele lahustele ja kemikaalidele Puudrita v\u00e4ga kvaliteetsed latekskindad. Rebimiskindlad, vastupidavad ja elastsed latekskindad on v\u00e4ga mugavad ning rullitud servadega. Kummikindad sobivad kasutamiseks toiduainet\u00f6\u00f6stuses. Kaitsevad k\u00e4si ka kergemate lahuste ja kemikaalide eest.CE-m\u00e4rgisega toode Toiduohutuse sertifikaat EN420 Kategooria 1 isikukaitsevahend.","og_url":"https:\/\/easystar.ee\/en\/toode\/latekskindad-gl-puudrita-s-100tk-pakis-ktgriplight\/","og_site_name":"Easy Star O\u00dc","article_modified_time":"2025-10-30T01:32:23+00:00","og_image":[{"width":480,"height":480,"url":"https:\/\/easystar.ee\/wp-content\/uploads\/2024\/05\/GRIPLIGHT.jpg","type":"image\/jpeg"}],"twitter_card":"summary_large_image","schema":{"@context":"https:\/\/schema.org","@graph":[{"@type":"WebPage","@id":"https:\/\/easystar.ee\/en\/toode\/latekskindad-gl-puudrita-s-100tk-pakis-ktgriplight\/","url":"https:\/\/easystar.ee\/en\/toode\/latekskindad-gl-puudrita-s-100tk-pakis-ktgriplight\/","name":"Latekskindad GL puudrita S 100tk pakis KTGRIPLIGHT &#8212; Easy Star O\u00dc","isPartOf":{"@id":"https:\/\/easystar.ee\/#website"},"primaryImageOfPage":{"@id":"https:\/\/easystar.ee\/en\/toode\/latekskindad-gl-puudrita-s-100tk-pakis-ktgriplight\/#primaryimage"},"image":{"@id":"https:\/\/easystar.ee\/en\/toode\/latekskindad-gl-puudrita-s-100tk-pakis-ktgriplight\/#primaryimage"},"thumbnailUrl":"https:\/\/easystar.ee\/wp-content\/uploads\/2024\/05\/GRIPLIGHT.jpg","datePublished":"2024-05-30T16:52:08+00:00","dateModified":"2025-10-30T01:32:23+00:00","breadcrumb":{"@id":"https:\/\/easystar.ee\/en\/toode\/latekskindad-gl-puudrita-s-100tk-pakis-ktgriplight\/#breadcrumb"},"inLanguage":"en-US","potentialAction":[{"@type":"ReadAction","target":["https:\/\/easystar.ee\/en\/toode\/latekskindad-gl-puudrita-s-100tk-pakis-ktgriplight\/"]}]},{"@type":"ImageObject","inLanguage":"en-US","@id":"https:\/\/easystar.ee\/en\/toode\/latekskindad-gl-puudrita-s-100tk-pakis-ktgriplight\/#primaryimage","url":"https:\/\/easystar.ee\/wp-content\/uploads\/2024\/05\/GRIPLIGHT.jpg","contentUrl":"https:\/\/easystar.ee\/wp-content\/uploads\/2024\/05\/GRIPLIGHT.jpg","width":480,"height":480},{"@type":"BreadcrumbList","@id":"https:\/\/easystar.ee\/en\/toode\/latekskindad-gl-puudrita-s-100tk-pakis-ktgriplight\/#breadcrumb","itemListElement":[{"@type":"ListItem","position":1,"name":"Home","item":"https:\/\/easystar.ee\/ru\/"},{"@type":"ListItem","position":2,"name":"Shop","item":"https:\/\/easystar.ee\/tooted\/"},{"@type":"ListItem","position":3,"name":"Latekskindad GL puudrita S 100tk pakis KTGRIPLIGHT"}]},{"@type":"WebSite","@id":"https:\/\/easystar.ee\/#website","url":"https:\/\/easystar.ee\/","name":"Easystar.ee","description":"","publisher":{"@id":"https:\/\/easystar.ee\/#organization"},"alternateName":"Keskkonnas\u00f5bralikud pehmepaberitooted teie kontorisse","potentialAction":[{"@type":"SearchAction","target":{"@type":"EntryPoint","urlTemplate":"https:\/\/easystar.ee\/?s={search_term_string}"},"query-input":{"@type":"PropertyValueSpecification","valueRequired":true,"valueName":"search_term_string"}}],"inLanguage":"en-US"},{"@type":"Organization","@id":"https:\/\/easystar.ee\/#organization","name":"Easy Star O\u00dc","url":"https:\/\/easystar.ee\/","logo":{"@type":"ImageObject","inLanguage":"en-US","@id":"https:\/\/easystar.ee\/#\/schema\/logo\/image\/","url":"https:\/\/easystar.ee\/wp-content\/uploads\/2024\/03\/easystar-logo.svg","contentUrl":"https:\/\/easystar.ee\/wp-content\/uploads\/2024\/03\/easystar-logo.svg","width":2000,"height":2000,"caption":"Easy Star O\u00dc"},"image":{"@id":"https:\/\/easystar.ee\/#\/schema\/logo\/image\/"}}]}},"_links":{"self":[{"href":"https:\/\/easystar.ee\/en\/wp-json\/wp\/v2\/product\/30406","targetHints":{"allow":["GET"]}}],"collection":[{"href":"https:\/\/easystar.ee\/en\/wp-json\/wp\/v2\/product"}],"about":[{"href":"https:\/\/easystar.ee\/en\/wp-json\/wp\/v2\/types\/product"}],"wp:featuredmedia":[{"embeddable":true,"href":"https:\/\/easystar.ee\/en\/wp-json\/wp\/v2\/media\/30404"}],"wp:attachment":[{"href":"https:\/\/easystar.ee\/en\/wp-json\/wp\/v2\/media?parent=30406"}],"wp:term":[{"taxonomy":"product_brand","embeddable":true,"href":"https:\/\/easystar.ee\/en\/wp-json\/wp\/v2\/product_brand?post=30406"},{"taxonomy":"product_cat","embeddable":true,"href":"https:\/\/easystar.ee\/en\/wp-json\/wp\/v2\/product_cat?post=30406"},{"taxonomy":"product_tag","embeddable":true,"href":"https:\/\/easystar.ee\/en\/wp-json\/wp\/v2\/product_tag?post=30406"}],"curies":[{"name":"wp","href":"https:\/\/api.w.org\/{rel}","templated":true}]}}