{"id":30157,"date":"2024-05-30T16:49:01","date_gmt":"2024-05-30T16:49:01","guid":{"rendered":"https:\/\/easystar.ee\/toode\/majapidamiskinnas-m-kthhmwm\/"},"modified":"2025-10-30T01:32:03","modified_gmt":"2025-10-30T01:32:03","slug":"majapidamiskinnas-m-kthhmwm","status":"publish","type":"product","link":"https:\/\/easystar.ee\/en\/toode\/majapidamiskinnas-m-kthhmwm\/","title":{"rendered":"Majapidamiskinnas M KTHHMWM"},"content":{"rendered":"","protected":false},"excerpt":{"rendered":"<p>Kummikindad lateks Bettina kollane<br \/>\nMaterjal: lateks, puuvillapuru vooder -Materjali paksus 0,45 mm -Sobib toiduainete k\u00e4itlemiseks<br \/>\nNaturaalsest lateksist majapidamiss\u00f5rmik puuvillapurust voodril. Sobib ka toiduainete k\u00e4itlemiseks. Peopesa ja n\u00e4puotsad reljeefsed. Majapidamiskinnas annab hea kaitse puhastusvahendite, leeliste ja niiskuse vastu. V\u00e4ga vastupidavad ja korduvkasutatavad kummikindad. Puuvillapurust vooder lisab kandmismugavust. Suur lateksi sisaldus annab hea elastsuse. Pakis 12 paari, kastis 144 paari.Vastavused: CE-tootem\u00e4rgis Toiduohutuse sertifikaat CAT I<\/p>\n","protected":false},"featured_media":30152,"template":"","meta":{"_acf_changed":false},"product_brand":[],"product_cat":[2011,1861],"product_tag":[],"class_list":{"0":"post-30157","1":"product","2":"type-product","3":"status-publish","4":"has-post-thumbnail","6":"product_cat-majapidamiskindad-en","7":"product_cat-ppe-personal-protective-equipment","9":"first","10":"instock","11":"taxable","12":"shipping-taxable","13":"purchasable","14":"product-type-simple"},"acf":[],"yoast_head":"<!-- This site is optimized with the Yoast SEO plugin v27.5 - https:\/\/yoast.com\/product\/yoast-seo-wordpress\/ -->\n<title>Majapidamiskinnas M KTHHMWM &#8212; Easy Star O\u00dc<\/title>\n<meta name=\"robots\" content=\"index, follow, max-snippet:-1, max-image-preview:large, max-video-preview:-1\" \/>\n<link rel=\"canonical\" href=\"https:\/\/easystar.ee\/en\/toode\/majapidamiskinnas-m-kthhmwm\/\" \/>\n<meta property=\"og:locale\" content=\"en_US\" \/>\n<meta property=\"og:type\" content=\"article\" \/>\n<meta property=\"og:title\" content=\"Majapidamiskinnas M KTHHMWM &#8212; Easy Star O\u00dc\" \/>\n<meta property=\"og:description\" content=\"Kummikindad lateks Bettina kollane Materjal: lateks, puuvillapuru vooder -Materjali paksus 0,45 mm -Sobib toiduainete k\u00e4itlemiseks Naturaalsest lateksist majapidamiss\u00f5rmik puuvillapurust voodril. Sobib ka toiduainete k\u00e4itlemiseks. Peopesa ja n\u00e4puotsad reljeefsed. Majapidamiskinnas annab hea kaitse puhastusvahendite, leeliste ja niiskuse vastu. V\u00e4ga vastupidavad ja korduvkasutatavad kummikindad. Puuvillapurust vooder lisab kandmismugavust. Suur lateksi sisaldus annab hea elastsuse. Pakis 12 paari, kastis 144 paari.Vastavused: CE-tootem\u00e4rgis Toiduohutuse sertifikaat CAT I\" \/>\n<meta property=\"og:url\" content=\"https:\/\/easystar.ee\/en\/toode\/majapidamiskinnas-m-kthhmwm\/\" \/>\n<meta property=\"og:site_name\" content=\"Easy Star O\u00dc\" \/>\n<meta property=\"article:modified_time\" content=\"2025-10-30T01:32:03+00:00\" \/>\n<meta property=\"og:image\" content=\"https:\/\/easystar.ee\/wp-content\/uploads\/2024\/05\/Majapidamiskinnas_v2.png\" \/>\n\t<meta property=\"og:image:width\" content=\"307\" \/>\n\t<meta property=\"og:image:height\" content=\"231\" \/>\n\t<meta property=\"og:image:type\" content=\"image\/png\" \/>\n<meta name=\"twitter:card\" content=\"summary_large_image\" \/>\n<script type=\"application\/ld+json\" class=\"yoast-schema-graph\">{\"@context\":\"https:\\\/\\\/schema.org\",\"@graph\":[{\"@type\":\"WebPage\",\"@id\":\"https:\\\/\\\/easystar.ee\\\/en\\\/toode\\\/majapidamiskinnas-m-kthhmwm\\\/\",\"url\":\"https:\\\/\\\/easystar.ee\\\/en\\\/toode\\\/majapidamiskinnas-m-kthhmwm\\\/\",\"name\":\"Majapidamiskinnas M KTHHMWM &#8212; Easy Star O\u00dc\",\"isPartOf\":{\"@id\":\"https:\\\/\\\/easystar.ee\\\/#website\"},\"primaryImageOfPage\":{\"@id\":\"https:\\\/\\\/easystar.ee\\\/en\\\/toode\\\/majapidamiskinnas-m-kthhmwm\\\/#primaryimage\"},\"image\":{\"@id\":\"https:\\\/\\\/easystar.ee\\\/en\\\/toode\\\/majapidamiskinnas-m-kthhmwm\\\/#primaryimage\"},\"thumbnailUrl\":\"https:\\\/\\\/easystar.ee\\\/wp-content\\\/uploads\\\/2024\\\/05\\\/Majapidamiskinnas_v2.png\",\"datePublished\":\"2024-05-30T16:49:01+00:00\",\"dateModified\":\"2025-10-30T01:32:03+00:00\",\"breadcrumb\":{\"@id\":\"https:\\\/\\\/easystar.ee\\\/en\\\/toode\\\/majapidamiskinnas-m-kthhmwm\\\/#breadcrumb\"},\"inLanguage\":\"en-US\",\"potentialAction\":[{\"@type\":\"ReadAction\",\"target\":[\"https:\\\/\\\/easystar.ee\\\/en\\\/toode\\\/majapidamiskinnas-m-kthhmwm\\\/\"]}]},{\"@type\":\"ImageObject\",\"inLanguage\":\"en-US\",\"@id\":\"https:\\\/\\\/easystar.ee\\\/en\\\/toode\\\/majapidamiskinnas-m-kthhmwm\\\/#primaryimage\",\"url\":\"https:\\\/\\\/easystar.ee\\\/wp-content\\\/uploads\\\/2024\\\/05\\\/Majapidamiskinnas_v2.png\",\"contentUrl\":\"https:\\\/\\\/easystar.ee\\\/wp-content\\\/uploads\\\/2024\\\/05\\\/Majapidamiskinnas_v2.png\",\"width\":307,\"height\":231},{\"@type\":\"BreadcrumbList\",\"@id\":\"https:\\\/\\\/easystar.ee\\\/en\\\/toode\\\/majapidamiskinnas-m-kthhmwm\\\/#breadcrumb\",\"itemListElement\":[{\"@type\":\"ListItem\",\"position\":1,\"name\":\"Home\",\"item\":\"https:\\\/\\\/easystar.ee\\\/ru\\\/\"},{\"@type\":\"ListItem\",\"position\":2,\"name\":\"Shop\",\"item\":\"https:\\\/\\\/easystar.ee\\\/tooted\\\/\"},{\"@type\":\"ListItem\",\"position\":3,\"name\":\"Majapidamiskinnas M KTHHMWM\"}]},{\"@type\":\"WebSite\",\"@id\":\"https:\\\/\\\/easystar.ee\\\/#website\",\"url\":\"https:\\\/\\\/easystar.ee\\\/\",\"name\":\"Easystar.ee\",\"description\":\"\",\"publisher\":{\"@id\":\"https:\\\/\\\/easystar.ee\\\/#organization\"},\"alternateName\":\"Keskkonnas\u00f5bralikud pehmepaberitooted teie kontorisse\",\"potentialAction\":[{\"@type\":\"SearchAction\",\"target\":{\"@type\":\"EntryPoint\",\"urlTemplate\":\"https:\\\/\\\/easystar.ee\\\/?s={search_term_string}\"},\"query-input\":{\"@type\":\"PropertyValueSpecification\",\"valueRequired\":true,\"valueName\":\"search_term_string\"}}],\"inLanguage\":\"en-US\"},{\"@type\":\"Organization\",\"@id\":\"https:\\\/\\\/easystar.ee\\\/#organization\",\"name\":\"Easy Star O\u00dc\",\"url\":\"https:\\\/\\\/easystar.ee\\\/\",\"logo\":{\"@type\":\"ImageObject\",\"inLanguage\":\"en-US\",\"@id\":\"https:\\\/\\\/easystar.ee\\\/#\\\/schema\\\/logo\\\/image\\\/\",\"url\":\"https:\\\/\\\/easystar.ee\\\/wp-content\\\/uploads\\\/2024\\\/03\\\/easystar-logo.svg\",\"contentUrl\":\"https:\\\/\\\/easystar.ee\\\/wp-content\\\/uploads\\\/2024\\\/03\\\/easystar-logo.svg\",\"width\":2000,\"height\":2000,\"caption\":\"Easy Star O\u00dc\"},\"image\":{\"@id\":\"https:\\\/\\\/easystar.ee\\\/#\\\/schema\\\/logo\\\/image\\\/\"}}]}<\/script>\n<!-- \/ Yoast SEO plugin. -->","yoast_head_json":{"title":"Majapidamiskinnas M KTHHMWM &#8212; Easy Star O\u00dc","robots":{"index":"index","follow":"follow","max-snippet":"max-snippet:-1","max-image-preview":"max-image-preview:large","max-video-preview":"max-video-preview:-1"},"canonical":"https:\/\/easystar.ee\/en\/toode\/majapidamiskinnas-m-kthhmwm\/","og_locale":"en_US","og_type":"article","og_title":"Majapidamiskinnas M KTHHMWM &#8212; Easy Star O\u00dc","og_description":"Kummikindad lateks Bettina kollane Materjal: lateks, puuvillapuru vooder -Materjali paksus 0,45 mm -Sobib toiduainete k\u00e4itlemiseks Naturaalsest lateksist majapidamiss\u00f5rmik puuvillapurust voodril. Sobib ka toiduainete k\u00e4itlemiseks. Peopesa ja n\u00e4puotsad reljeefsed. Majapidamiskinnas annab hea kaitse puhastusvahendite, leeliste ja niiskuse vastu. V\u00e4ga vastupidavad ja korduvkasutatavad kummikindad. Puuvillapurust vooder lisab kandmismugavust. Suur lateksi sisaldus annab hea elastsuse. Pakis 12 paari, kastis 144 paari.Vastavused: CE-tootem\u00e4rgis Toiduohutuse sertifikaat CAT I","og_url":"https:\/\/easystar.ee\/en\/toode\/majapidamiskinnas-m-kthhmwm\/","og_site_name":"Easy Star O\u00dc","article_modified_time":"2025-10-30T01:32:03+00:00","og_image":[{"width":307,"height":231,"url":"https:\/\/easystar.ee\/wp-content\/uploads\/2024\/05\/Majapidamiskinnas_v2.png","type":"image\/png"}],"twitter_card":"summary_large_image","schema":{"@context":"https:\/\/schema.org","@graph":[{"@type":"WebPage","@id":"https:\/\/easystar.ee\/en\/toode\/majapidamiskinnas-m-kthhmwm\/","url":"https:\/\/easystar.ee\/en\/toode\/majapidamiskinnas-m-kthhmwm\/","name":"Majapidamiskinnas M KTHHMWM &#8212; Easy Star O\u00dc","isPartOf":{"@id":"https:\/\/easystar.ee\/#website"},"primaryImageOfPage":{"@id":"https:\/\/easystar.ee\/en\/toode\/majapidamiskinnas-m-kthhmwm\/#primaryimage"},"image":{"@id":"https:\/\/easystar.ee\/en\/toode\/majapidamiskinnas-m-kthhmwm\/#primaryimage"},"thumbnailUrl":"https:\/\/easystar.ee\/wp-content\/uploads\/2024\/05\/Majapidamiskinnas_v2.png","datePublished":"2024-05-30T16:49:01+00:00","dateModified":"2025-10-30T01:32:03+00:00","breadcrumb":{"@id":"https:\/\/easystar.ee\/en\/toode\/majapidamiskinnas-m-kthhmwm\/#breadcrumb"},"inLanguage":"en-US","potentialAction":[{"@type":"ReadAction","target":["https:\/\/easystar.ee\/en\/toode\/majapidamiskinnas-m-kthhmwm\/"]}]},{"@type":"ImageObject","inLanguage":"en-US","@id":"https:\/\/easystar.ee\/en\/toode\/majapidamiskinnas-m-kthhmwm\/#primaryimage","url":"https:\/\/easystar.ee\/wp-content\/uploads\/2024\/05\/Majapidamiskinnas_v2.png","contentUrl":"https:\/\/easystar.ee\/wp-content\/uploads\/2024\/05\/Majapidamiskinnas_v2.png","width":307,"height":231},{"@type":"BreadcrumbList","@id":"https:\/\/easystar.ee\/en\/toode\/majapidamiskinnas-m-kthhmwm\/#breadcrumb","itemListElement":[{"@type":"ListItem","position":1,"name":"Home","item":"https:\/\/easystar.ee\/ru\/"},{"@type":"ListItem","position":2,"name":"Shop","item":"https:\/\/easystar.ee\/tooted\/"},{"@type":"ListItem","position":3,"name":"Majapidamiskinnas M KTHHMWM"}]},{"@type":"WebSite","@id":"https:\/\/easystar.ee\/#website","url":"https:\/\/easystar.ee\/","name":"Easystar.ee","description":"","publisher":{"@id":"https:\/\/easystar.ee\/#organization"},"alternateName":"Keskkonnas\u00f5bralikud pehmepaberitooted teie kontorisse","potentialAction":[{"@type":"SearchAction","target":{"@type":"EntryPoint","urlTemplate":"https:\/\/easystar.ee\/?s={search_term_string}"},"query-input":{"@type":"PropertyValueSpecification","valueRequired":true,"valueName":"search_term_string"}}],"inLanguage":"en-US"},{"@type":"Organization","@id":"https:\/\/easystar.ee\/#organization","name":"Easy Star O\u00dc","url":"https:\/\/easystar.ee\/","logo":{"@type":"ImageObject","inLanguage":"en-US","@id":"https:\/\/easystar.ee\/#\/schema\/logo\/image\/","url":"https:\/\/easystar.ee\/wp-content\/uploads\/2024\/03\/easystar-logo.svg","contentUrl":"https:\/\/easystar.ee\/wp-content\/uploads\/2024\/03\/easystar-logo.svg","width":2000,"height":2000,"caption":"Easy Star O\u00dc"},"image":{"@id":"https:\/\/easystar.ee\/#\/schema\/logo\/image\/"}}]}},"_links":{"self":[{"href":"https:\/\/easystar.ee\/en\/wp-json\/wp\/v2\/product\/30157","targetHints":{"allow":["GET"]}}],"collection":[{"href":"https:\/\/easystar.ee\/en\/wp-json\/wp\/v2\/product"}],"about":[{"href":"https:\/\/easystar.ee\/en\/wp-json\/wp\/v2\/types\/product"}],"wp:featuredmedia":[{"embeddable":true,"href":"https:\/\/easystar.ee\/en\/wp-json\/wp\/v2\/media\/30152"}],"wp:attachment":[{"href":"https:\/\/easystar.ee\/en\/wp-json\/wp\/v2\/media?parent=30157"}],"wp:term":[{"taxonomy":"product_brand","embeddable":true,"href":"https:\/\/easystar.ee\/en\/wp-json\/wp\/v2\/product_brand?post=30157"},{"taxonomy":"product_cat","embeddable":true,"href":"https:\/\/easystar.ee\/en\/wp-json\/wp\/v2\/product_cat?post=30157"},{"taxonomy":"product_tag","embeddable":true,"href":"https:\/\/easystar.ee\/en\/wp-json\/wp\/v2\/product_tag?post=30157"}],"curies":[{"name":"wp","href":"https:\/\/api.w.org\/{rel}","templated":true}]}}