{"id":30010,"date":"2024-05-30T16:48:15","date_gmt":"2024-05-30T16:48:15","guid":{"rendered":"https:\/\/easystar.ee\/toode\/koristuslapp-quickn-dry-10m-rll-kt5100145\/"},"modified":"2026-03-19T01:30:03","modified_gmt":"2026-03-19T01:30:03","slug":"koristuslapp-quickn-dry-10m-rll-kt5100145","status":"publish","type":"product","link":"https:\/\/easystar.ee\/en\/toode\/koristuslapp-quickn-dry-10m-rll-kt5100145\/","title":{"rendered":"Koristuslapp Quick&#8217;n Dry 10m\/rll KT5100145"},"content":{"rendered":"","protected":false},"excerpt":{"rendered":"<p>25cm x 10m sinine Vileda<br \/>\nQuick&#8217;n Dry on pehme ja imav seenr\u00e4tik rullis, mis on valmistatud t\u00e4ielikult biolagunevatest looduslikest materjalidest. Saadaval on ka kergesti puhastatav, stiilne ja professionaalne rullihoidik, kus r\u00e4tikut on lihtne kasutada ja mis on teie k\u00e4eulatuses. R\u00e4tikurull p\u00fcsib riiuli sees puhtana ja l\u00e4bipaistva katte kaudu on lihtne j\u00e4lgida r\u00e4tikurulli tarbimist ja saad rulli \u00f5igeaegselt vahetada. V\u00f5ib paigaldada seinale v\u00f5i Origo k\u00e4russe. Materjal: 65% tselluloos, 35% puuvill Kasutamine: sobib k\u00f5ikidesse keskkondadesse, kus on vaja ainulaadset imavust ja kuivatamist. Suurep\u00e4rane nt. k\u00f6\u00f6kide, baaride ja restoranide jaoks. Eriti praktiline, kui seda kasutatakse koos seinakinnitusega Quick&#8217;n Dry s\u00e4\u00e4stab aega t\u00e4nu heale imavusv\u00f5imele, h\u00f5lpsale loputamisele ja kergele v\u00e4\u00e4namisele. Valige kiireks ja ebemevabaks niiskeks p\u00fchkimiseks Quick&#8217;n Dry. Kohe kasutamiseks valmis &#8211; t\u00f5mmake v\u00e4lja ja l\u00f5igake. Kasutage r\u00e4tikut \u00fcks kord ja visake see \u00e4ra v\u00f5i peske 95 \u00b0 C juures.<\/p>\n","protected":false},"featured_media":2198,"template":"","meta":{"_acf_changed":false},"product_brand":[],"product_cat":[1857,1838],"product_tag":[],"class_list":{"0":"post-30010","1":"product","2":"type-product","3":"status-publish","4":"has-post-thumbnail","6":"product_cat-cloths","7":"product_cat-mce-manual-cleaning-equipment","9":"first","10":"instock","11":"taxable","12":"shipping-taxable","13":"purchasable","14":"product-type-simple"},"acf":[],"yoast_head":"<!-- This site is optimized with the Yoast SEO plugin v27.5 - https:\/\/yoast.com\/product\/yoast-seo-wordpress\/ -->\n<title>Koristuslapp Quick&#039;n Dry 10m\/rll KT5100145 &#8212; Easy Star O\u00dc<\/title>\n<meta name=\"robots\" content=\"index, follow, max-snippet:-1, max-image-preview:large, max-video-preview:-1\" \/>\n<link rel=\"canonical\" href=\"https:\/\/easystar.ee\/toode\/koristuslapp-quickn-dry-10m-rll-kt5100145\/\" \/>\n<meta property=\"og:locale\" content=\"en_US\" \/>\n<meta property=\"og:type\" content=\"article\" \/>\n<meta property=\"og:title\" content=\"Koristuslapp Quick&#039;n Dry 10m\/rll KT5100145 &#8212; Easy Star O\u00dc\" \/>\n<meta property=\"og:description\" content=\"25cm x 10m sinine Vileda Quick&#039;n Dry on pehme ja imav seenr\u00e4tik rullis, mis on valmistatud t\u00e4ielikult biolagunevatest looduslikest materjalidest. Saadaval on ka kergesti puhastatav, stiilne ja professionaalne rullihoidik, kus r\u00e4tikut on lihtne kasutada ja mis on teie k\u00e4eulatuses. R\u00e4tikurull p\u00fcsib riiuli sees puhtana ja l\u00e4bipaistva katte kaudu on lihtne j\u00e4lgida r\u00e4tikurulli tarbimist ja saad rulli \u00f5igeaegselt vahetada. V\u00f5ib paigaldada seinale v\u00f5i Origo k\u00e4russe. Materjal: 65% tselluloos, 35% puuvill Kasutamine: sobib k\u00f5ikidesse keskkondadesse, kus on vaja ainulaadset imavust ja kuivatamist. Suurep\u00e4rane nt. k\u00f6\u00f6kide, baaride ja restoranide jaoks. Eriti praktiline, kui seda kasutatakse koos seinakinnitusega Quick&#039;n Dry s\u00e4\u00e4stab aega t\u00e4nu heale imavusv\u00f5imele, h\u00f5lpsale loputamisele ja kergele v\u00e4\u00e4namisele. Valige kiireks ja ebemevabaks niiskeks p\u00fchkimiseks Quick&#039;n Dry. Kohe kasutamiseks valmis - t\u00f5mmake v\u00e4lja ja l\u00f5igake. Kasutage r\u00e4tikut \u00fcks kord ja visake see \u00e4ra v\u00f5i peske 95 \u00b0 C juures.\" \/>\n<meta property=\"og:url\" content=\"https:\/\/easystar.ee\/toode\/koristuslapp-quickn-dry-10m-rll-kt5100145\/\" \/>\n<meta property=\"og:site_name\" content=\"Easy Star O\u00dc\" \/>\n<meta property=\"article:modified_time\" content=\"2026-03-19T01:30:03+00:00\" \/>\n<meta property=\"og:image\" content=\"https:\/\/easystar.ee\/wp-content\/uploads\/2024\/04\/Koristuslapp_Quick_n_Dry_10m_rll.jpg\" \/>\n\t<meta property=\"og:image:width\" content=\"342\" \/>\n\t<meta property=\"og:image:height\" content=\"608\" \/>\n\t<meta property=\"og:image:type\" content=\"image\/jpeg\" \/>\n<meta name=\"twitter:card\" content=\"summary_large_image\" \/>\n<script type=\"application\/ld+json\" class=\"yoast-schema-graph\">{\"@context\":\"https:\\\/\\\/schema.org\",\"@graph\":[{\"@type\":\"WebPage\",\"@id\":\"https:\\\/\\\/easystar.ee\\\/toode\\\/koristuslapp-quickn-dry-10m-rll-kt5100145\\\/\",\"url\":\"https:\\\/\\\/easystar.ee\\\/toode\\\/koristuslapp-quickn-dry-10m-rll-kt5100145\\\/\",\"name\":\"Koristuslapp Quick'n Dry 10m\\\/rll KT5100145 &#8212; Easy Star O\u00dc\",\"isPartOf\":{\"@id\":\"https:\\\/\\\/easystar.ee\\\/#website\"},\"primaryImageOfPage\":{\"@id\":\"https:\\\/\\\/easystar.ee\\\/toode\\\/koristuslapp-quickn-dry-10m-rll-kt5100145\\\/#primaryimage\"},\"image\":{\"@id\":\"https:\\\/\\\/easystar.ee\\\/toode\\\/koristuslapp-quickn-dry-10m-rll-kt5100145\\\/#primaryimage\"},\"thumbnailUrl\":\"https:\\\/\\\/easystar.ee\\\/wp-content\\\/uploads\\\/2024\\\/04\\\/Koristuslapp_Quick_n_Dry_10m_rll.jpg\",\"datePublished\":\"2024-05-30T16:48:15+00:00\",\"dateModified\":\"2026-03-19T01:30:03+00:00\",\"breadcrumb\":{\"@id\":\"https:\\\/\\\/easystar.ee\\\/toode\\\/koristuslapp-quickn-dry-10m-rll-kt5100145\\\/#breadcrumb\"},\"inLanguage\":\"en-US\",\"potentialAction\":[{\"@type\":\"ReadAction\",\"target\":[\"https:\\\/\\\/easystar.ee\\\/toode\\\/koristuslapp-quickn-dry-10m-rll-kt5100145\\\/\"]}]},{\"@type\":\"ImageObject\",\"inLanguage\":\"en-US\",\"@id\":\"https:\\\/\\\/easystar.ee\\\/toode\\\/koristuslapp-quickn-dry-10m-rll-kt5100145\\\/#primaryimage\",\"url\":\"https:\\\/\\\/easystar.ee\\\/wp-content\\\/uploads\\\/2024\\\/04\\\/Koristuslapp_Quick_n_Dry_10m_rll.jpg\",\"contentUrl\":\"https:\\\/\\\/easystar.ee\\\/wp-content\\\/uploads\\\/2024\\\/04\\\/Koristuslapp_Quick_n_Dry_10m_rll.jpg\",\"width\":342,\"height\":608},{\"@type\":\"BreadcrumbList\",\"@id\":\"https:\\\/\\\/easystar.ee\\\/toode\\\/koristuslapp-quickn-dry-10m-rll-kt5100145\\\/#breadcrumb\",\"itemListElement\":[{\"@type\":\"ListItem\",\"position\":1,\"name\":\"Home\",\"item\":\"https:\\\/\\\/easystar.ee\\\/ru\\\/\"},{\"@type\":\"ListItem\",\"position\":2,\"name\":\"Shop\",\"item\":\"https:\\\/\\\/easystar.ee\\\/tooted\\\/\"},{\"@type\":\"ListItem\",\"position\":3,\"name\":\"Koristuslapp Quick&#8217;n Dry 10m\\\/rll KT5100145\"}]},{\"@type\":\"WebSite\",\"@id\":\"https:\\\/\\\/easystar.ee\\\/#website\",\"url\":\"https:\\\/\\\/easystar.ee\\\/\",\"name\":\"Easystar.ee\",\"description\":\"\",\"publisher\":{\"@id\":\"https:\\\/\\\/easystar.ee\\\/#organization\"},\"alternateName\":\"Keskkonnas\u00f5bralikud pehmepaberitooted teie kontorisse\",\"potentialAction\":[{\"@type\":\"SearchAction\",\"target\":{\"@type\":\"EntryPoint\",\"urlTemplate\":\"https:\\\/\\\/easystar.ee\\\/?s={search_term_string}\"},\"query-input\":{\"@type\":\"PropertyValueSpecification\",\"valueRequired\":true,\"valueName\":\"search_term_string\"}}],\"inLanguage\":\"en-US\"},{\"@type\":\"Organization\",\"@id\":\"https:\\\/\\\/easystar.ee\\\/#organization\",\"name\":\"Easy Star O\u00dc\",\"url\":\"https:\\\/\\\/easystar.ee\\\/\",\"logo\":{\"@type\":\"ImageObject\",\"inLanguage\":\"en-US\",\"@id\":\"https:\\\/\\\/easystar.ee\\\/#\\\/schema\\\/logo\\\/image\\\/\",\"url\":\"https:\\\/\\\/easystar.ee\\\/wp-content\\\/uploads\\\/2024\\\/03\\\/easystar-logo.svg\",\"contentUrl\":\"https:\\\/\\\/easystar.ee\\\/wp-content\\\/uploads\\\/2024\\\/03\\\/easystar-logo.svg\",\"width\":2000,\"height\":2000,\"caption\":\"Easy Star O\u00dc\"},\"image\":{\"@id\":\"https:\\\/\\\/easystar.ee\\\/#\\\/schema\\\/logo\\\/image\\\/\"}}]}<\/script>\n<!-- \/ Yoast SEO plugin. -->","yoast_head_json":{"title":"Koristuslapp Quick'n Dry 10m\/rll KT5100145 &#8212; Easy Star O\u00dc","robots":{"index":"index","follow":"follow","max-snippet":"max-snippet:-1","max-image-preview":"max-image-preview:large","max-video-preview":"max-video-preview:-1"},"canonical":"https:\/\/easystar.ee\/toode\/koristuslapp-quickn-dry-10m-rll-kt5100145\/","og_locale":"en_US","og_type":"article","og_title":"Koristuslapp Quick'n Dry 10m\/rll KT5100145 &#8212; Easy Star O\u00dc","og_description":"25cm x 10m sinine Vileda Quick'n Dry on pehme ja imav seenr\u00e4tik rullis, mis on valmistatud t\u00e4ielikult biolagunevatest looduslikest materjalidest. Saadaval on ka kergesti puhastatav, stiilne ja professionaalne rullihoidik, kus r\u00e4tikut on lihtne kasutada ja mis on teie k\u00e4eulatuses. R\u00e4tikurull p\u00fcsib riiuli sees puhtana ja l\u00e4bipaistva katte kaudu on lihtne j\u00e4lgida r\u00e4tikurulli tarbimist ja saad rulli \u00f5igeaegselt vahetada. V\u00f5ib paigaldada seinale v\u00f5i Origo k\u00e4russe. Materjal: 65% tselluloos, 35% puuvill Kasutamine: sobib k\u00f5ikidesse keskkondadesse, kus on vaja ainulaadset imavust ja kuivatamist. Suurep\u00e4rane nt. k\u00f6\u00f6kide, baaride ja restoranide jaoks. Eriti praktiline, kui seda kasutatakse koos seinakinnitusega Quick'n Dry s\u00e4\u00e4stab aega t\u00e4nu heale imavusv\u00f5imele, h\u00f5lpsale loputamisele ja kergele v\u00e4\u00e4namisele. Valige kiireks ja ebemevabaks niiskeks p\u00fchkimiseks Quick'n Dry. Kohe kasutamiseks valmis - t\u00f5mmake v\u00e4lja ja l\u00f5igake. Kasutage r\u00e4tikut \u00fcks kord ja visake see \u00e4ra v\u00f5i peske 95 \u00b0 C juures.","og_url":"https:\/\/easystar.ee\/toode\/koristuslapp-quickn-dry-10m-rll-kt5100145\/","og_site_name":"Easy Star O\u00dc","article_modified_time":"2026-03-19T01:30:03+00:00","og_image":[{"width":342,"height":608,"url":"https:\/\/easystar.ee\/wp-content\/uploads\/2024\/04\/Koristuslapp_Quick_n_Dry_10m_rll.jpg","type":"image\/jpeg"}],"twitter_card":"summary_large_image","schema":{"@context":"https:\/\/schema.org","@graph":[{"@type":"WebPage","@id":"https:\/\/easystar.ee\/toode\/koristuslapp-quickn-dry-10m-rll-kt5100145\/","url":"https:\/\/easystar.ee\/toode\/koristuslapp-quickn-dry-10m-rll-kt5100145\/","name":"Koristuslapp Quick'n Dry 10m\/rll KT5100145 &#8212; Easy Star O\u00dc","isPartOf":{"@id":"https:\/\/easystar.ee\/#website"},"primaryImageOfPage":{"@id":"https:\/\/easystar.ee\/toode\/koristuslapp-quickn-dry-10m-rll-kt5100145\/#primaryimage"},"image":{"@id":"https:\/\/easystar.ee\/toode\/koristuslapp-quickn-dry-10m-rll-kt5100145\/#primaryimage"},"thumbnailUrl":"https:\/\/easystar.ee\/wp-content\/uploads\/2024\/04\/Koristuslapp_Quick_n_Dry_10m_rll.jpg","datePublished":"2024-05-30T16:48:15+00:00","dateModified":"2026-03-19T01:30:03+00:00","breadcrumb":{"@id":"https:\/\/easystar.ee\/toode\/koristuslapp-quickn-dry-10m-rll-kt5100145\/#breadcrumb"},"inLanguage":"en-US","potentialAction":[{"@type":"ReadAction","target":["https:\/\/easystar.ee\/toode\/koristuslapp-quickn-dry-10m-rll-kt5100145\/"]}]},{"@type":"ImageObject","inLanguage":"en-US","@id":"https:\/\/easystar.ee\/toode\/koristuslapp-quickn-dry-10m-rll-kt5100145\/#primaryimage","url":"https:\/\/easystar.ee\/wp-content\/uploads\/2024\/04\/Koristuslapp_Quick_n_Dry_10m_rll.jpg","contentUrl":"https:\/\/easystar.ee\/wp-content\/uploads\/2024\/04\/Koristuslapp_Quick_n_Dry_10m_rll.jpg","width":342,"height":608},{"@type":"BreadcrumbList","@id":"https:\/\/easystar.ee\/toode\/koristuslapp-quickn-dry-10m-rll-kt5100145\/#breadcrumb","itemListElement":[{"@type":"ListItem","position":1,"name":"Home","item":"https:\/\/easystar.ee\/ru\/"},{"@type":"ListItem","position":2,"name":"Shop","item":"https:\/\/easystar.ee\/tooted\/"},{"@type":"ListItem","position":3,"name":"Koristuslapp Quick&#8217;n Dry 10m\/rll KT5100145"}]},{"@type":"WebSite","@id":"https:\/\/easystar.ee\/#website","url":"https:\/\/easystar.ee\/","name":"Easystar.ee","description":"","publisher":{"@id":"https:\/\/easystar.ee\/#organization"},"alternateName":"Keskkonnas\u00f5bralikud pehmepaberitooted teie kontorisse","potentialAction":[{"@type":"SearchAction","target":{"@type":"EntryPoint","urlTemplate":"https:\/\/easystar.ee\/?s={search_term_string}"},"query-input":{"@type":"PropertyValueSpecification","valueRequired":true,"valueName":"search_term_string"}}],"inLanguage":"en-US"},{"@type":"Organization","@id":"https:\/\/easystar.ee\/#organization","name":"Easy Star O\u00dc","url":"https:\/\/easystar.ee\/","logo":{"@type":"ImageObject","inLanguage":"en-US","@id":"https:\/\/easystar.ee\/#\/schema\/logo\/image\/","url":"https:\/\/easystar.ee\/wp-content\/uploads\/2024\/03\/easystar-logo.svg","contentUrl":"https:\/\/easystar.ee\/wp-content\/uploads\/2024\/03\/easystar-logo.svg","width":2000,"height":2000,"caption":"Easy Star O\u00dc"},"image":{"@id":"https:\/\/easystar.ee\/#\/schema\/logo\/image\/"}}]}},"_links":{"self":[{"href":"https:\/\/easystar.ee\/en\/wp-json\/wp\/v2\/product\/30010","targetHints":{"allow":["GET"]}}],"collection":[{"href":"https:\/\/easystar.ee\/en\/wp-json\/wp\/v2\/product"}],"about":[{"href":"https:\/\/easystar.ee\/en\/wp-json\/wp\/v2\/types\/product"}],"wp:featuredmedia":[{"embeddable":true,"href":"https:\/\/easystar.ee\/en\/wp-json\/wp\/v2\/media\/2198"}],"wp:attachment":[{"href":"https:\/\/easystar.ee\/en\/wp-json\/wp\/v2\/media?parent=30010"}],"wp:term":[{"taxonomy":"product_brand","embeddable":true,"href":"https:\/\/easystar.ee\/en\/wp-json\/wp\/v2\/product_brand?post=30010"},{"taxonomy":"product_cat","embeddable":true,"href":"https:\/\/easystar.ee\/en\/wp-json\/wp\/v2\/product_cat?post=30010"},{"taxonomy":"product_tag","embeddable":true,"href":"https:\/\/easystar.ee\/en\/wp-json\/wp\/v2\/product_tag?post=30010"}],"curies":[{"name":"wp","href":"https:\/\/api.w.org\/{rel}","templated":true}]}}