{"id":29686,"date":"2024-05-30T16:45:26","date_gmt":"2024-05-30T16:45:26","guid":{"rendered":"https:\/\/easystar.ee\/toode\/san-ruumide-puhastusaine-sanivans-54kg-k102225\/"},"modified":"2026-04-15T01:30:04","modified_gmt":"2026-04-15T01:30:04","slug":"san-ruumide-puhastusaine-sanivans-54kg-k102225","status":"publish","type":"product","link":"https:\/\/easystar.ee\/en\/toode\/san-ruumide-puhastusaine-sanivans-54kg-k102225\/","title":{"rendered":"San.ruumide puhastusaine SANIVANS 5,4kg K102225"},"content":{"rendered":"","protected":false},"excerpt":{"rendered":"<p>Efektiivne sanitaars\u00f5lmede puhastusvahend. Sanivans on vedel happeline sanitaars\u00f5lmede puhastusvahend. Kasutatakse tualettide, pissuaaride, vannitubade, dusiruumide ja teiste sanitaarruumide puhastamiseks.<br \/>\nKASUTUSJUHEND Kanna lahus pinnale, anna natuke toimeaega, seej\u00e4rel puhasta svammi v\u00f5i lapiga. Loputa veega. Igap\u00e4evaseks puhastamiseks kasutada lahjendatult.<br \/>\nSuuremat doseeringut kasutada tugeva mustuse ja katlakivi eemaldamiseks. WC-pottide ja pissuaaride puhastamiseks kasutada lahjendamata kujul ja peale pinnale kandmist anda natuke toimeaega, k\u00fc\u00fcrida harjaga ning loputada veega. Kontsenteeritud vahendit mitte kasutada marmorpindadel!<br \/>\nDOSEERING 0,5-1 dl 10 liitri sooja vee kohta. PH ca 2 kontsentraat ja ca 3,5 kasutuslahus (tootekaart kodulehel)<br \/>\nSanivans- Produkten \u00e4r milj\u00f6m\u00e4rkt med Svanen, licensnr 3026 0146.<\/p>\n","protected":false},"featured_media":39280,"template":"","meta":{"_acf_changed":false},"product_brand":[],"product_cat":[1987,1829],"product_tag":[],"class_list":{"0":"post-29686","1":"product","2":"type-product","3":"status-publish","4":"has-post-thumbnail","6":"product_cat-acidic-sanitary-limescale-stainless-steel","7":"product_cat-cleaning-chemicals","9":"first","10":"instock","11":"taxable","12":"shipping-taxable","13":"purchasable","14":"product-type-simple"},"acf":[],"yoast_head":"<!-- This site is optimized with the Yoast SEO plugin v27.3 - https:\/\/yoast.com\/product\/yoast-seo-wordpress\/ -->\n<title>San.ruumide puhastusaine SANIVANS 5,4kg K102225 &#8212; Easy Star O\u00dc<\/title>\n<meta name=\"robots\" content=\"index, follow, max-snippet:-1, max-image-preview:large, max-video-preview:-1\" \/>\n<link rel=\"canonical\" href=\"https:\/\/easystar.ee\/toode\/san-ruumide-puhastusaine-sanivans-54kg-k102225\/\" \/>\n<meta property=\"og:locale\" content=\"en_US\" \/>\n<meta property=\"og:type\" content=\"article\" \/>\n<meta property=\"og:title\" content=\"San.ruumide puhastusaine SANIVANS 5,4kg K102225 &#8212; Easy Star O\u00dc\" \/>\n<meta property=\"og:description\" content=\"Efektiivne sanitaars\u00f5lmede puhastusvahend. Sanivans on vedel happeline sanitaars\u00f5lmede puhastusvahend. Kasutatakse tualettide, pissuaaride, vannitubade, dusiruumide ja teiste sanitaarruumide puhastamiseks.  KASUTUSJUHEND Kanna lahus pinnale, anna natuke toimeaega, seej\u00e4rel puhasta svammi v\u00f5i lapiga. Loputa veega. Igap\u00e4evaseks puhastamiseks kasutada lahjendatult. Suuremat doseeringut kasutada tugeva mustuse ja katlakivi eemaldamiseks. WC-pottide ja pissuaaride puhastamiseks kasutada lahjendamata kujul ja peale pinnale kandmist anda natuke toimeaega, k\u00fc\u00fcrida harjaga ning loputada veega. Kontsenteeritud vahendit mitte kasutada marmorpindadel! DOSEERING 0,5-1 dl 10 liitri sooja vee kohta. PH ca 2 kontsentraat ja ca 3,5 kasutuslahus (tootekaart kodulehel) Sanivans- Produkten \u00e4r milj\u00f6m\u00e4rkt med Svanen, licensnr 3026 0146.\" \/>\n<meta property=\"og:url\" content=\"https:\/\/easystar.ee\/toode\/san-ruumide-puhastusaine-sanivans-54kg-k102225\/\" \/>\n<meta property=\"og:site_name\" content=\"Easy Star O\u00dc\" \/>\n<meta property=\"article:modified_time\" content=\"2026-04-15T01:30:04+00:00\" \/>\n<meta property=\"og:image\" content=\"https:\/\/easystar.ee\/wp-content\/uploads\/2024\/06\/7392697000443.jpg\" \/>\n\t<meta property=\"og:image:width\" content=\"518\" \/>\n\t<meta property=\"og:image:height\" content=\"750\" \/>\n\t<meta property=\"og:image:type\" content=\"image\/jpeg\" \/>\n<meta name=\"twitter:card\" content=\"summary_large_image\" \/>\n<script type=\"application\/ld+json\" class=\"yoast-schema-graph\">{\"@context\":\"https:\\\/\\\/schema.org\",\"@graph\":[{\"@type\":\"WebPage\",\"@id\":\"https:\\\/\\\/easystar.ee\\\/toode\\\/san-ruumide-puhastusaine-sanivans-54kg-k102225\\\/\",\"url\":\"https:\\\/\\\/easystar.ee\\\/toode\\\/san-ruumide-puhastusaine-sanivans-54kg-k102225\\\/\",\"name\":\"San.ruumide puhastusaine SANIVANS 5,4kg K102225 &#8212; Easy Star O\u00dc\",\"isPartOf\":{\"@id\":\"https:\\\/\\\/easystar.ee\\\/#website\"},\"primaryImageOfPage\":{\"@id\":\"https:\\\/\\\/easystar.ee\\\/toode\\\/san-ruumide-puhastusaine-sanivans-54kg-k102225\\\/#primaryimage\"},\"image\":{\"@id\":\"https:\\\/\\\/easystar.ee\\\/toode\\\/san-ruumide-puhastusaine-sanivans-54kg-k102225\\\/#primaryimage\"},\"thumbnailUrl\":\"https:\\\/\\\/easystar.ee\\\/wp-content\\\/uploads\\\/2024\\\/06\\\/7392697000443.jpg\",\"datePublished\":\"2024-05-30T16:45:26+00:00\",\"dateModified\":\"2026-04-15T01:30:04+00:00\",\"breadcrumb\":{\"@id\":\"https:\\\/\\\/easystar.ee\\\/toode\\\/san-ruumide-puhastusaine-sanivans-54kg-k102225\\\/#breadcrumb\"},\"inLanguage\":\"en-US\",\"potentialAction\":[{\"@type\":\"ReadAction\",\"target\":[\"https:\\\/\\\/easystar.ee\\\/toode\\\/san-ruumide-puhastusaine-sanivans-54kg-k102225\\\/\"]}]},{\"@type\":\"ImageObject\",\"inLanguage\":\"en-US\",\"@id\":\"https:\\\/\\\/easystar.ee\\\/toode\\\/san-ruumide-puhastusaine-sanivans-54kg-k102225\\\/#primaryimage\",\"url\":\"https:\\\/\\\/easystar.ee\\\/wp-content\\\/uploads\\\/2024\\\/06\\\/7392697000443.jpg\",\"contentUrl\":\"https:\\\/\\\/easystar.ee\\\/wp-content\\\/uploads\\\/2024\\\/06\\\/7392697000443.jpg\",\"width\":518,\"height\":750},{\"@type\":\"BreadcrumbList\",\"@id\":\"https:\\\/\\\/easystar.ee\\\/toode\\\/san-ruumide-puhastusaine-sanivans-54kg-k102225\\\/#breadcrumb\",\"itemListElement\":[{\"@type\":\"ListItem\",\"position\":1,\"name\":\"Home\",\"item\":\"https:\\\/\\\/easystar.ee\\\/ru\\\/\"},{\"@type\":\"ListItem\",\"position\":2,\"name\":\"Shop\",\"item\":\"https:\\\/\\\/easystar.ee\\\/tooted\\\/\"},{\"@type\":\"ListItem\",\"position\":3,\"name\":\"San.ruumide puhastusaine SANIVANS 5,4kg K102225\"}]},{\"@type\":\"WebSite\",\"@id\":\"https:\\\/\\\/easystar.ee\\\/#website\",\"url\":\"https:\\\/\\\/easystar.ee\\\/\",\"name\":\"Easystar.ee\",\"description\":\"\",\"publisher\":{\"@id\":\"https:\\\/\\\/easystar.ee\\\/#organization\"},\"alternateName\":\"Keskkonnas\u00f5bralikud pehmepaberitooted teie kontorisse\",\"potentialAction\":[{\"@type\":\"SearchAction\",\"target\":{\"@type\":\"EntryPoint\",\"urlTemplate\":\"https:\\\/\\\/easystar.ee\\\/?s={search_term_string}\"},\"query-input\":{\"@type\":\"PropertyValueSpecification\",\"valueRequired\":true,\"valueName\":\"search_term_string\"}}],\"inLanguage\":\"en-US\"},{\"@type\":\"Organization\",\"@id\":\"https:\\\/\\\/easystar.ee\\\/#organization\",\"name\":\"Easy Star O\u00dc\",\"url\":\"https:\\\/\\\/easystar.ee\\\/\",\"logo\":{\"@type\":\"ImageObject\",\"inLanguage\":\"en-US\",\"@id\":\"https:\\\/\\\/easystar.ee\\\/#\\\/schema\\\/logo\\\/image\\\/\",\"url\":\"https:\\\/\\\/easystar.ee\\\/wp-content\\\/uploads\\\/2024\\\/03\\\/easystar-logo.svg\",\"contentUrl\":\"https:\\\/\\\/easystar.ee\\\/wp-content\\\/uploads\\\/2024\\\/03\\\/easystar-logo.svg\",\"width\":2000,\"height\":2000,\"caption\":\"Easy Star O\u00dc\"},\"image\":{\"@id\":\"https:\\\/\\\/easystar.ee\\\/#\\\/schema\\\/logo\\\/image\\\/\"}}]}<\/script>\n<!-- \/ Yoast SEO plugin. -->","yoast_head_json":{"title":"San.ruumide puhastusaine SANIVANS 5,4kg K102225 &#8212; Easy Star O\u00dc","robots":{"index":"index","follow":"follow","max-snippet":"max-snippet:-1","max-image-preview":"max-image-preview:large","max-video-preview":"max-video-preview:-1"},"canonical":"https:\/\/easystar.ee\/toode\/san-ruumide-puhastusaine-sanivans-54kg-k102225\/","og_locale":"en_US","og_type":"article","og_title":"San.ruumide puhastusaine SANIVANS 5,4kg K102225 &#8212; Easy Star O\u00dc","og_description":"Efektiivne sanitaars\u00f5lmede puhastusvahend. Sanivans on vedel happeline sanitaars\u00f5lmede puhastusvahend. Kasutatakse tualettide, pissuaaride, vannitubade, dusiruumide ja teiste sanitaarruumide puhastamiseks.  KASUTUSJUHEND Kanna lahus pinnale, anna natuke toimeaega, seej\u00e4rel puhasta svammi v\u00f5i lapiga. Loputa veega. Igap\u00e4evaseks puhastamiseks kasutada lahjendatult. Suuremat doseeringut kasutada tugeva mustuse ja katlakivi eemaldamiseks. WC-pottide ja pissuaaride puhastamiseks kasutada lahjendamata kujul ja peale pinnale kandmist anda natuke toimeaega, k\u00fc\u00fcrida harjaga ning loputada veega. Kontsenteeritud vahendit mitte kasutada marmorpindadel! DOSEERING 0,5-1 dl 10 liitri sooja vee kohta. PH ca 2 kontsentraat ja ca 3,5 kasutuslahus (tootekaart kodulehel) Sanivans- Produkten \u00e4r milj\u00f6m\u00e4rkt med Svanen, licensnr 3026 0146.","og_url":"https:\/\/easystar.ee\/toode\/san-ruumide-puhastusaine-sanivans-54kg-k102225\/","og_site_name":"Easy Star O\u00dc","article_modified_time":"2026-04-15T01:30:04+00:00","og_image":[{"width":518,"height":750,"url":"https:\/\/easystar.ee\/wp-content\/uploads\/2024\/06\/7392697000443.jpg","type":"image\/jpeg"}],"twitter_card":"summary_large_image","schema":{"@context":"https:\/\/schema.org","@graph":[{"@type":"WebPage","@id":"https:\/\/easystar.ee\/toode\/san-ruumide-puhastusaine-sanivans-54kg-k102225\/","url":"https:\/\/easystar.ee\/toode\/san-ruumide-puhastusaine-sanivans-54kg-k102225\/","name":"San.ruumide puhastusaine SANIVANS 5,4kg K102225 &#8212; Easy Star O\u00dc","isPartOf":{"@id":"https:\/\/easystar.ee\/#website"},"primaryImageOfPage":{"@id":"https:\/\/easystar.ee\/toode\/san-ruumide-puhastusaine-sanivans-54kg-k102225\/#primaryimage"},"image":{"@id":"https:\/\/easystar.ee\/toode\/san-ruumide-puhastusaine-sanivans-54kg-k102225\/#primaryimage"},"thumbnailUrl":"https:\/\/easystar.ee\/wp-content\/uploads\/2024\/06\/7392697000443.jpg","datePublished":"2024-05-30T16:45:26+00:00","dateModified":"2026-04-15T01:30:04+00:00","breadcrumb":{"@id":"https:\/\/easystar.ee\/toode\/san-ruumide-puhastusaine-sanivans-54kg-k102225\/#breadcrumb"},"inLanguage":"en-US","potentialAction":[{"@type":"ReadAction","target":["https:\/\/easystar.ee\/toode\/san-ruumide-puhastusaine-sanivans-54kg-k102225\/"]}]},{"@type":"ImageObject","inLanguage":"en-US","@id":"https:\/\/easystar.ee\/toode\/san-ruumide-puhastusaine-sanivans-54kg-k102225\/#primaryimage","url":"https:\/\/easystar.ee\/wp-content\/uploads\/2024\/06\/7392697000443.jpg","contentUrl":"https:\/\/easystar.ee\/wp-content\/uploads\/2024\/06\/7392697000443.jpg","width":518,"height":750},{"@type":"BreadcrumbList","@id":"https:\/\/easystar.ee\/toode\/san-ruumide-puhastusaine-sanivans-54kg-k102225\/#breadcrumb","itemListElement":[{"@type":"ListItem","position":1,"name":"Home","item":"https:\/\/easystar.ee\/ru\/"},{"@type":"ListItem","position":2,"name":"Shop","item":"https:\/\/easystar.ee\/tooted\/"},{"@type":"ListItem","position":3,"name":"San.ruumide puhastusaine SANIVANS 5,4kg K102225"}]},{"@type":"WebSite","@id":"https:\/\/easystar.ee\/#website","url":"https:\/\/easystar.ee\/","name":"Easystar.ee","description":"","publisher":{"@id":"https:\/\/easystar.ee\/#organization"},"alternateName":"Keskkonnas\u00f5bralikud pehmepaberitooted teie kontorisse","potentialAction":[{"@type":"SearchAction","target":{"@type":"EntryPoint","urlTemplate":"https:\/\/easystar.ee\/?s={search_term_string}"},"query-input":{"@type":"PropertyValueSpecification","valueRequired":true,"valueName":"search_term_string"}}],"inLanguage":"en-US"},{"@type":"Organization","@id":"https:\/\/easystar.ee\/#organization","name":"Easy Star O\u00dc","url":"https:\/\/easystar.ee\/","logo":{"@type":"ImageObject","inLanguage":"en-US","@id":"https:\/\/easystar.ee\/#\/schema\/logo\/image\/","url":"https:\/\/easystar.ee\/wp-content\/uploads\/2024\/03\/easystar-logo.svg","contentUrl":"https:\/\/easystar.ee\/wp-content\/uploads\/2024\/03\/easystar-logo.svg","width":2000,"height":2000,"caption":"Easy Star O\u00dc"},"image":{"@id":"https:\/\/easystar.ee\/#\/schema\/logo\/image\/"}}]}},"_links":{"self":[{"href":"https:\/\/easystar.ee\/en\/wp-json\/wp\/v2\/product\/29686","targetHints":{"allow":["GET"]}}],"collection":[{"href":"https:\/\/easystar.ee\/en\/wp-json\/wp\/v2\/product"}],"about":[{"href":"https:\/\/easystar.ee\/en\/wp-json\/wp\/v2\/types\/product"}],"wp:featuredmedia":[{"embeddable":true,"href":"https:\/\/easystar.ee\/en\/wp-json\/wp\/v2\/media\/39280"}],"wp:attachment":[{"href":"https:\/\/easystar.ee\/en\/wp-json\/wp\/v2\/media?parent=29686"}],"wp:term":[{"taxonomy":"product_brand","embeddable":true,"href":"https:\/\/easystar.ee\/en\/wp-json\/wp\/v2\/product_brand?post=29686"},{"taxonomy":"product_cat","embeddable":true,"href":"https:\/\/easystar.ee\/en\/wp-json\/wp\/v2\/product_cat?post=29686"},{"taxonomy":"product_tag","embeddable":true,"href":"https:\/\/easystar.ee\/en\/wp-json\/wp\/v2\/product_tag?post=29686"}],"curies":[{"name":"wp","href":"https:\/\/api.w.org\/{rel}","templated":true}]}}