{"id":29677,"date":"2024-05-30T16:45:23","date_gmt":"2024-05-30T16:45:23","guid":{"rendered":"https:\/\/easystar.ee\/toode\/uldpuhastusaine-avans-51kg-k101805\/"},"modified":"2026-02-11T01:30:04","modified_gmt":"2026-02-11T01:30:04","slug":"uldpuhastusaine-avans-51kg-k101805","status":"publish","type":"product","link":"https:\/\/easystar.ee\/en\/toode\/uldpuhastusaine-avans-51kg-k101805\/","title":{"rendered":"\u00dcldpuhastusaine AVANS 5,1kg K101805"},"content":{"rendered":"","protected":false},"excerpt":{"rendered":"<p>Avans on neutraalne, \u00f5rn ja efektiivne universaalne puhastusvahend. Sobib kasutamiseks igasugustel veekindlatel pindadel, n\u00e4iteks: plastp\u00f5randate, linoleumi, kivip\u00f5randate, v\u00e4rvitud pindade, kahhelkivide, sanitaarseadmete ja roostevabade pindade \u00fcldpuhastuseks. Avans koosneb erinevatest pindaktiivsete ainete kombinatsioonist, mis v\u00f5imaldab puhastada lihtsalt ka mustemad pinnad.<br \/>\nKasutusjuhend: Tavap\u00e4rasel puhastusel ei vaja loputamist. Doseerimine:Pehme vesi: lahjendada 60ml 10 liitri kuuma veega.M\u00f5\u00f5dukalt kare vesi: 80ml 10 liitri kuuma veega.Kare vesi: 100-150ml 10 liitri kuuma veega.Eriti mustadele pindadele suurendada doseeringut ja anda natuke toimeaega<br \/>\nS\u00e4ilitamine: Kaitsta toodet k\u00fclmumise eest<br \/>\nKannab luige keskkonnam\u00e4rki nr. 326085p<br \/>\nH v\u00e4\u00e4rtus: keskmiselt kasutuslahusel ca 7 Pakend:<br \/>\nKanister: 5.1 Kg<\/p>\n","protected":false},"featured_media":1829,"template":"","meta":{"_acf_changed":false},"product_brand":[],"product_cat":[1829,1981],"product_tag":[],"class_list":{"0":"post-29677","1":"product","2":"type-product","3":"status-publish","4":"has-post-thumbnail","6":"product_cat-cleaning-chemicals","7":"product_cat-neutral-general-glass-stainless-steel","9":"first","10":"instock","11":"taxable","12":"shipping-taxable","13":"purchasable","14":"product-type-simple"},"acf":[],"yoast_head":"<!-- This site is optimized with the Yoast SEO plugin v27.3 - https:\/\/yoast.com\/product\/yoast-seo-wordpress\/ -->\n<title>\u00dcldpuhastusaine AVANS 5,1kg K101805 &#8212; Easy Star O\u00dc<\/title>\n<meta name=\"robots\" content=\"index, follow, max-snippet:-1, max-image-preview:large, max-video-preview:-1\" \/>\n<link rel=\"canonical\" href=\"https:\/\/easystar.ee\/toode\/uldpuhastusaine-avans-51kg-k101805\/\" \/>\n<meta property=\"og:locale\" content=\"en_US\" \/>\n<meta property=\"og:type\" content=\"article\" \/>\n<meta property=\"og:title\" content=\"\u00dcldpuhastusaine AVANS 5,1kg K101805 &#8212; Easy Star O\u00dc\" \/>\n<meta property=\"og:description\" content=\"Avans on neutraalne, \u00f5rn ja efektiivne universaalne puhastusvahend. Sobib kasutamiseks igasugustel veekindlatel pindadel, n\u00e4iteks: plastp\u00f5randate, linoleumi, kivip\u00f5randate, v\u00e4rvitud pindade, kahhelkivide, sanitaarseadmete ja roostevabade pindade \u00fcldpuhastuseks. Avans koosneb erinevatest pindaktiivsete ainete kombinatsioonist, mis v\u00f5imaldab puhastada lihtsalt ka mustemad pinnad.  Kasutusjuhend: Tavap\u00e4rasel puhastusel ei vaja loputamist. Doseerimine:Pehme vesi: lahjendada 60ml 10 liitri kuuma veega.M\u00f5\u00f5dukalt kare vesi: 80ml 10 liitri kuuma veega.Kare vesi: 100-150ml 10 liitri kuuma veega.Eriti mustadele pindadele suurendada doseeringut ja anda natuke toimeaega S\u00e4ilitamine: Kaitsta toodet k\u00fclmumise eest Kannab luige keskkonnam\u00e4rki nr. 326085p H v\u00e4\u00e4rtus: keskmiselt kasutuslahusel ca 7 Pakend:     Kanister: 5.1 Kg\" \/>\n<meta property=\"og:url\" content=\"https:\/\/easystar.ee\/toode\/uldpuhastusaine-avans-51kg-k101805\/\" \/>\n<meta property=\"og:site_name\" content=\"Easy Star O\u00dc\" \/>\n<meta property=\"article:modified_time\" content=\"2026-02-11T01:30:04+00:00\" \/>\n<meta property=\"og:image\" content=\"https:\/\/easystar.ee\/wp-content\/uploads\/2024\/04\/Avans_Allrent_51kg.jpg\" \/>\n\t<meta property=\"og:image:width\" content=\"864\" \/>\n\t<meta property=\"og:image:height\" content=\"1288\" \/>\n\t<meta property=\"og:image:type\" content=\"image\/jpeg\" \/>\n<meta name=\"twitter:card\" content=\"summary_large_image\" \/>\n<script type=\"application\/ld+json\" class=\"yoast-schema-graph\">{\"@context\":\"https:\\\/\\\/schema.org\",\"@graph\":[{\"@type\":\"WebPage\",\"@id\":\"https:\\\/\\\/easystar.ee\\\/toode\\\/uldpuhastusaine-avans-51kg-k101805\\\/\",\"url\":\"https:\\\/\\\/easystar.ee\\\/toode\\\/uldpuhastusaine-avans-51kg-k101805\\\/\",\"name\":\"\u00dcldpuhastusaine AVANS 5,1kg K101805 &#8212; Easy Star O\u00dc\",\"isPartOf\":{\"@id\":\"https:\\\/\\\/easystar.ee\\\/#website\"},\"primaryImageOfPage\":{\"@id\":\"https:\\\/\\\/easystar.ee\\\/toode\\\/uldpuhastusaine-avans-51kg-k101805\\\/#primaryimage\"},\"image\":{\"@id\":\"https:\\\/\\\/easystar.ee\\\/toode\\\/uldpuhastusaine-avans-51kg-k101805\\\/#primaryimage\"},\"thumbnailUrl\":\"https:\\\/\\\/easystar.ee\\\/wp-content\\\/uploads\\\/2024\\\/04\\\/Avans_Allrent_51kg.jpg\",\"datePublished\":\"2024-05-30T16:45:23+00:00\",\"dateModified\":\"2026-02-11T01:30:04+00:00\",\"breadcrumb\":{\"@id\":\"https:\\\/\\\/easystar.ee\\\/toode\\\/uldpuhastusaine-avans-51kg-k101805\\\/#breadcrumb\"},\"inLanguage\":\"en-US\",\"potentialAction\":[{\"@type\":\"ReadAction\",\"target\":[\"https:\\\/\\\/easystar.ee\\\/toode\\\/uldpuhastusaine-avans-51kg-k101805\\\/\"]}]},{\"@type\":\"ImageObject\",\"inLanguage\":\"en-US\",\"@id\":\"https:\\\/\\\/easystar.ee\\\/toode\\\/uldpuhastusaine-avans-51kg-k101805\\\/#primaryimage\",\"url\":\"https:\\\/\\\/easystar.ee\\\/wp-content\\\/uploads\\\/2024\\\/04\\\/Avans_Allrent_51kg.jpg\",\"contentUrl\":\"https:\\\/\\\/easystar.ee\\\/wp-content\\\/uploads\\\/2024\\\/04\\\/Avans_Allrent_51kg.jpg\",\"width\":864,\"height\":1288},{\"@type\":\"BreadcrumbList\",\"@id\":\"https:\\\/\\\/easystar.ee\\\/toode\\\/uldpuhastusaine-avans-51kg-k101805\\\/#breadcrumb\",\"itemListElement\":[{\"@type\":\"ListItem\",\"position\":1,\"name\":\"Home\",\"item\":\"https:\\\/\\\/easystar.ee\\\/ru\\\/\"},{\"@type\":\"ListItem\",\"position\":2,\"name\":\"Shop\",\"item\":\"https:\\\/\\\/easystar.ee\\\/tooted\\\/\"},{\"@type\":\"ListItem\",\"position\":3,\"name\":\"\u00dcldpuhastusaine AVANS 5,1kg K101805\"}]},{\"@type\":\"WebSite\",\"@id\":\"https:\\\/\\\/easystar.ee\\\/#website\",\"url\":\"https:\\\/\\\/easystar.ee\\\/\",\"name\":\"Easystar.ee\",\"description\":\"\",\"publisher\":{\"@id\":\"https:\\\/\\\/easystar.ee\\\/#organization\"},\"alternateName\":\"Keskkonnas\u00f5bralikud pehmepaberitooted teie kontorisse\",\"potentialAction\":[{\"@type\":\"SearchAction\",\"target\":{\"@type\":\"EntryPoint\",\"urlTemplate\":\"https:\\\/\\\/easystar.ee\\\/?s={search_term_string}\"},\"query-input\":{\"@type\":\"PropertyValueSpecification\",\"valueRequired\":true,\"valueName\":\"search_term_string\"}}],\"inLanguage\":\"en-US\"},{\"@type\":\"Organization\",\"@id\":\"https:\\\/\\\/easystar.ee\\\/#organization\",\"name\":\"Easy Star O\u00dc\",\"url\":\"https:\\\/\\\/easystar.ee\\\/\",\"logo\":{\"@type\":\"ImageObject\",\"inLanguage\":\"en-US\",\"@id\":\"https:\\\/\\\/easystar.ee\\\/#\\\/schema\\\/logo\\\/image\\\/\",\"url\":\"https:\\\/\\\/easystar.ee\\\/wp-content\\\/uploads\\\/2024\\\/03\\\/easystar-logo.svg\",\"contentUrl\":\"https:\\\/\\\/easystar.ee\\\/wp-content\\\/uploads\\\/2024\\\/03\\\/easystar-logo.svg\",\"width\":2000,\"height\":2000,\"caption\":\"Easy Star O\u00dc\"},\"image\":{\"@id\":\"https:\\\/\\\/easystar.ee\\\/#\\\/schema\\\/logo\\\/image\\\/\"}}]}<\/script>\n<!-- \/ Yoast SEO plugin. -->","yoast_head_json":{"title":"\u00dcldpuhastusaine AVANS 5,1kg K101805 &#8212; Easy Star O\u00dc","robots":{"index":"index","follow":"follow","max-snippet":"max-snippet:-1","max-image-preview":"max-image-preview:large","max-video-preview":"max-video-preview:-1"},"canonical":"https:\/\/easystar.ee\/toode\/uldpuhastusaine-avans-51kg-k101805\/","og_locale":"en_US","og_type":"article","og_title":"\u00dcldpuhastusaine AVANS 5,1kg K101805 &#8212; Easy Star O\u00dc","og_description":"Avans on neutraalne, \u00f5rn ja efektiivne universaalne puhastusvahend. Sobib kasutamiseks igasugustel veekindlatel pindadel, n\u00e4iteks: plastp\u00f5randate, linoleumi, kivip\u00f5randate, v\u00e4rvitud pindade, kahhelkivide, sanitaarseadmete ja roostevabade pindade \u00fcldpuhastuseks. Avans koosneb erinevatest pindaktiivsete ainete kombinatsioonist, mis v\u00f5imaldab puhastada lihtsalt ka mustemad pinnad.  Kasutusjuhend: Tavap\u00e4rasel puhastusel ei vaja loputamist. Doseerimine:Pehme vesi: lahjendada 60ml 10 liitri kuuma veega.M\u00f5\u00f5dukalt kare vesi: 80ml 10 liitri kuuma veega.Kare vesi: 100-150ml 10 liitri kuuma veega.Eriti mustadele pindadele suurendada doseeringut ja anda natuke toimeaega S\u00e4ilitamine: Kaitsta toodet k\u00fclmumise eest Kannab luige keskkonnam\u00e4rki nr. 326085p H v\u00e4\u00e4rtus: keskmiselt kasutuslahusel ca 7 Pakend:     Kanister: 5.1 Kg","og_url":"https:\/\/easystar.ee\/toode\/uldpuhastusaine-avans-51kg-k101805\/","og_site_name":"Easy Star O\u00dc","article_modified_time":"2026-02-11T01:30:04+00:00","og_image":[{"width":864,"height":1288,"url":"https:\/\/easystar.ee\/wp-content\/uploads\/2024\/04\/Avans_Allrent_51kg.jpg","type":"image\/jpeg"}],"twitter_card":"summary_large_image","schema":{"@context":"https:\/\/schema.org","@graph":[{"@type":"WebPage","@id":"https:\/\/easystar.ee\/toode\/uldpuhastusaine-avans-51kg-k101805\/","url":"https:\/\/easystar.ee\/toode\/uldpuhastusaine-avans-51kg-k101805\/","name":"\u00dcldpuhastusaine AVANS 5,1kg K101805 &#8212; Easy Star O\u00dc","isPartOf":{"@id":"https:\/\/easystar.ee\/#website"},"primaryImageOfPage":{"@id":"https:\/\/easystar.ee\/toode\/uldpuhastusaine-avans-51kg-k101805\/#primaryimage"},"image":{"@id":"https:\/\/easystar.ee\/toode\/uldpuhastusaine-avans-51kg-k101805\/#primaryimage"},"thumbnailUrl":"https:\/\/easystar.ee\/wp-content\/uploads\/2024\/04\/Avans_Allrent_51kg.jpg","datePublished":"2024-05-30T16:45:23+00:00","dateModified":"2026-02-11T01:30:04+00:00","breadcrumb":{"@id":"https:\/\/easystar.ee\/toode\/uldpuhastusaine-avans-51kg-k101805\/#breadcrumb"},"inLanguage":"en-US","potentialAction":[{"@type":"ReadAction","target":["https:\/\/easystar.ee\/toode\/uldpuhastusaine-avans-51kg-k101805\/"]}]},{"@type":"ImageObject","inLanguage":"en-US","@id":"https:\/\/easystar.ee\/toode\/uldpuhastusaine-avans-51kg-k101805\/#primaryimage","url":"https:\/\/easystar.ee\/wp-content\/uploads\/2024\/04\/Avans_Allrent_51kg.jpg","contentUrl":"https:\/\/easystar.ee\/wp-content\/uploads\/2024\/04\/Avans_Allrent_51kg.jpg","width":864,"height":1288},{"@type":"BreadcrumbList","@id":"https:\/\/easystar.ee\/toode\/uldpuhastusaine-avans-51kg-k101805\/#breadcrumb","itemListElement":[{"@type":"ListItem","position":1,"name":"Home","item":"https:\/\/easystar.ee\/ru\/"},{"@type":"ListItem","position":2,"name":"Shop","item":"https:\/\/easystar.ee\/tooted\/"},{"@type":"ListItem","position":3,"name":"\u00dcldpuhastusaine AVANS 5,1kg K101805"}]},{"@type":"WebSite","@id":"https:\/\/easystar.ee\/#website","url":"https:\/\/easystar.ee\/","name":"Easystar.ee","description":"","publisher":{"@id":"https:\/\/easystar.ee\/#organization"},"alternateName":"Keskkonnas\u00f5bralikud pehmepaberitooted teie kontorisse","potentialAction":[{"@type":"SearchAction","target":{"@type":"EntryPoint","urlTemplate":"https:\/\/easystar.ee\/?s={search_term_string}"},"query-input":{"@type":"PropertyValueSpecification","valueRequired":true,"valueName":"search_term_string"}}],"inLanguage":"en-US"},{"@type":"Organization","@id":"https:\/\/easystar.ee\/#organization","name":"Easy Star O\u00dc","url":"https:\/\/easystar.ee\/","logo":{"@type":"ImageObject","inLanguage":"en-US","@id":"https:\/\/easystar.ee\/#\/schema\/logo\/image\/","url":"https:\/\/easystar.ee\/wp-content\/uploads\/2024\/03\/easystar-logo.svg","contentUrl":"https:\/\/easystar.ee\/wp-content\/uploads\/2024\/03\/easystar-logo.svg","width":2000,"height":2000,"caption":"Easy Star O\u00dc"},"image":{"@id":"https:\/\/easystar.ee\/#\/schema\/logo\/image\/"}}]}},"_links":{"self":[{"href":"https:\/\/easystar.ee\/en\/wp-json\/wp\/v2\/product\/29677","targetHints":{"allow":["GET"]}}],"collection":[{"href":"https:\/\/easystar.ee\/en\/wp-json\/wp\/v2\/product"}],"about":[{"href":"https:\/\/easystar.ee\/en\/wp-json\/wp\/v2\/types\/product"}],"wp:featuredmedia":[{"embeddable":true,"href":"https:\/\/easystar.ee\/en\/wp-json\/wp\/v2\/media\/1829"}],"wp:attachment":[{"href":"https:\/\/easystar.ee\/en\/wp-json\/wp\/v2\/media?parent=29677"}],"wp:term":[{"taxonomy":"product_brand","embeddable":true,"href":"https:\/\/easystar.ee\/en\/wp-json\/wp\/v2\/product_brand?post=29677"},{"taxonomy":"product_cat","embeddable":true,"href":"https:\/\/easystar.ee\/en\/wp-json\/wp\/v2\/product_cat?post=29677"},{"taxonomy":"product_tag","embeddable":true,"href":"https:\/\/easystar.ee\/en\/wp-json\/wp\/v2\/product_tag?post=29677"}],"curies":[{"name":"wp","href":"https:\/\/api.w.org\/{rel}","templated":true}]}}