{"id":29395,"date":"2024-05-30T16:43:07","date_gmt":"2024-05-30T16:43:07","guid":{"rendered":"https:\/\/easystar.ee\/toode\/mayeri-universaal-pesupulber-10kg-kp482\/"},"modified":"2025-10-30T01:30:45","modified_gmt":"2025-10-30T01:30:45","slug":"mayeri-universaal-pesupulber-10kg-kp482","status":"publish","type":"product","link":"https:\/\/easystar.ee\/en\/toode\/mayeri-universaal-pesupulber-10kg-kp482\/","title":{"rendered":"Mayeri Universaal pesupulber 10kg KP482"},"content":{"rendered":"","protected":false},"excerpt":{"rendered":"<p>Universaalne pesupulber igat t\u00fc\u00fcpi pesumasinatele. Sisaldab veepehmedajat, mis kaitseb pesumasinat katlakivi tekke eest. Koostises on pesumasinat s\u00e4\u00e4stev korrosiooniinhiiitor. Toodet v\u00f5ib kasutada nii pehme kui kareda veega pesemiseks temperatuuridel 40\u00baC, 60\u00baC ja 95\u00baC. Ei sobi villase ja siidi pesemiseks. pH 9,4 &#8211; 10<\/p>\n","protected":false},"featured_media":1538,"template":"","meta":{"_acf_changed":false},"product_brand":[],"product_cat":[1829,1943],"product_tag":[],"class_list":{"0":"post-29395","1":"product","2":"type-product","3":"status-publish","4":"has-post-thumbnail","6":"product_cat-cleaning-chemicals","7":"product_cat-laundry-detergents","9":"first","10":"instock","11":"taxable","12":"shipping-taxable","13":"purchasable","14":"product-type-simple"},"acf":[],"yoast_head":"<!-- This site is optimized with the Yoast SEO plugin v27.3 - https:\/\/yoast.com\/product\/yoast-seo-wordpress\/ -->\n<title>Mayeri Universaal pesupulber 10kg KP482 &#8212; Easy Star O\u00dc<\/title>\n<meta name=\"robots\" content=\"index, follow, max-snippet:-1, max-image-preview:large, max-video-preview:-1\" \/>\n<link rel=\"canonical\" href=\"https:\/\/easystar.ee\/en\/toode\/mayeri-universaal-pesupulber-10kg-kp482\/\" \/>\n<meta property=\"og:locale\" content=\"en_US\" \/>\n<meta property=\"og:type\" content=\"article\" \/>\n<meta property=\"og:title\" content=\"Mayeri Universaal pesupulber 10kg KP482 &#8212; Easy Star O\u00dc\" \/>\n<meta property=\"og:description\" content=\"Universaalne pesupulber igat t\u00fc\u00fcpi pesumasinatele. Sisaldab veepehmedajat, mis kaitseb pesumasinat katlakivi tekke eest. Koostises on pesumasinat s\u00e4\u00e4stev korrosiooniinhiiitor. Toodet v\u00f5ib kasutada nii pehme kui kareda veega pesemiseks temperatuuridel 40\u00baC, 60\u00baC ja 95\u00baC. Ei sobi villase ja siidi pesemiseks. pH 9,4 - 10\" \/>\n<meta property=\"og:url\" content=\"https:\/\/easystar.ee\/en\/toode\/mayeri-universaal-pesupulber-10kg-kp482\/\" \/>\n<meta property=\"og:site_name\" content=\"Easy Star O\u00dc\" \/>\n<meta property=\"article:modified_time\" content=\"2025-10-30T01:30:45+00:00\" \/>\n<meta property=\"og:image\" content=\"https:\/\/easystar.ee\/wp-content\/uploads\/2024\/04\/universaalne.jpg\" \/>\n\t<meta property=\"og:image:width\" content=\"242\" \/>\n\t<meta property=\"og:image:height\" content=\"282\" \/>\n\t<meta property=\"og:image:type\" content=\"image\/jpeg\" \/>\n<meta name=\"twitter:card\" content=\"summary_large_image\" \/>\n<script type=\"application\/ld+json\" class=\"yoast-schema-graph\">{\"@context\":\"https:\\\/\\\/schema.org\",\"@graph\":[{\"@type\":\"WebPage\",\"@id\":\"https:\\\/\\\/easystar.ee\\\/en\\\/toode\\\/mayeri-universaal-pesupulber-10kg-kp482\\\/\",\"url\":\"https:\\\/\\\/easystar.ee\\\/en\\\/toode\\\/mayeri-universaal-pesupulber-10kg-kp482\\\/\",\"name\":\"Mayeri Universaal pesupulber 10kg KP482 &#8212; Easy Star O\u00dc\",\"isPartOf\":{\"@id\":\"https:\\\/\\\/easystar.ee\\\/#website\"},\"primaryImageOfPage\":{\"@id\":\"https:\\\/\\\/easystar.ee\\\/en\\\/toode\\\/mayeri-universaal-pesupulber-10kg-kp482\\\/#primaryimage\"},\"image\":{\"@id\":\"https:\\\/\\\/easystar.ee\\\/en\\\/toode\\\/mayeri-universaal-pesupulber-10kg-kp482\\\/#primaryimage\"},\"thumbnailUrl\":\"https:\\\/\\\/easystar.ee\\\/wp-content\\\/uploads\\\/2024\\\/04\\\/universaalne.jpg\",\"datePublished\":\"2024-05-30T16:43:07+00:00\",\"dateModified\":\"2025-10-30T01:30:45+00:00\",\"breadcrumb\":{\"@id\":\"https:\\\/\\\/easystar.ee\\\/en\\\/toode\\\/mayeri-universaal-pesupulber-10kg-kp482\\\/#breadcrumb\"},\"inLanguage\":\"en-US\",\"potentialAction\":[{\"@type\":\"ReadAction\",\"target\":[\"https:\\\/\\\/easystar.ee\\\/en\\\/toode\\\/mayeri-universaal-pesupulber-10kg-kp482\\\/\"]}]},{\"@type\":\"ImageObject\",\"inLanguage\":\"en-US\",\"@id\":\"https:\\\/\\\/easystar.ee\\\/en\\\/toode\\\/mayeri-universaal-pesupulber-10kg-kp482\\\/#primaryimage\",\"url\":\"https:\\\/\\\/easystar.ee\\\/wp-content\\\/uploads\\\/2024\\\/04\\\/universaalne.jpg\",\"contentUrl\":\"https:\\\/\\\/easystar.ee\\\/wp-content\\\/uploads\\\/2024\\\/04\\\/universaalne.jpg\",\"width\":242,\"height\":282},{\"@type\":\"BreadcrumbList\",\"@id\":\"https:\\\/\\\/easystar.ee\\\/en\\\/toode\\\/mayeri-universaal-pesupulber-10kg-kp482\\\/#breadcrumb\",\"itemListElement\":[{\"@type\":\"ListItem\",\"position\":1,\"name\":\"Home\",\"item\":\"https:\\\/\\\/easystar.ee\\\/ru\\\/\"},{\"@type\":\"ListItem\",\"position\":2,\"name\":\"Shop\",\"item\":\"https:\\\/\\\/easystar.ee\\\/tooted\\\/\"},{\"@type\":\"ListItem\",\"position\":3,\"name\":\"Mayeri Universaal pesupulber 10kg KP482\"}]},{\"@type\":\"WebSite\",\"@id\":\"https:\\\/\\\/easystar.ee\\\/#website\",\"url\":\"https:\\\/\\\/easystar.ee\\\/\",\"name\":\"Easystar.ee\",\"description\":\"\",\"publisher\":{\"@id\":\"https:\\\/\\\/easystar.ee\\\/#organization\"},\"alternateName\":\"Keskkonnas\u00f5bralikud pehmepaberitooted teie kontorisse\",\"potentialAction\":[{\"@type\":\"SearchAction\",\"target\":{\"@type\":\"EntryPoint\",\"urlTemplate\":\"https:\\\/\\\/easystar.ee\\\/?s={search_term_string}\"},\"query-input\":{\"@type\":\"PropertyValueSpecification\",\"valueRequired\":true,\"valueName\":\"search_term_string\"}}],\"inLanguage\":\"en-US\"},{\"@type\":\"Organization\",\"@id\":\"https:\\\/\\\/easystar.ee\\\/#organization\",\"name\":\"Easy Star O\u00dc\",\"url\":\"https:\\\/\\\/easystar.ee\\\/\",\"logo\":{\"@type\":\"ImageObject\",\"inLanguage\":\"en-US\",\"@id\":\"https:\\\/\\\/easystar.ee\\\/#\\\/schema\\\/logo\\\/image\\\/\",\"url\":\"https:\\\/\\\/easystar.ee\\\/wp-content\\\/uploads\\\/2024\\\/03\\\/easystar-logo.svg\",\"contentUrl\":\"https:\\\/\\\/easystar.ee\\\/wp-content\\\/uploads\\\/2024\\\/03\\\/easystar-logo.svg\",\"width\":2000,\"height\":2000,\"caption\":\"Easy Star O\u00dc\"},\"image\":{\"@id\":\"https:\\\/\\\/easystar.ee\\\/#\\\/schema\\\/logo\\\/image\\\/\"}}]}<\/script>\n<!-- \/ Yoast SEO plugin. -->","yoast_head_json":{"title":"Mayeri Universaal pesupulber 10kg KP482 &#8212; Easy Star O\u00dc","robots":{"index":"index","follow":"follow","max-snippet":"max-snippet:-1","max-image-preview":"max-image-preview:large","max-video-preview":"max-video-preview:-1"},"canonical":"https:\/\/easystar.ee\/en\/toode\/mayeri-universaal-pesupulber-10kg-kp482\/","og_locale":"en_US","og_type":"article","og_title":"Mayeri Universaal pesupulber 10kg KP482 &#8212; Easy Star O\u00dc","og_description":"Universaalne pesupulber igat t\u00fc\u00fcpi pesumasinatele. Sisaldab veepehmedajat, mis kaitseb pesumasinat katlakivi tekke eest. Koostises on pesumasinat s\u00e4\u00e4stev korrosiooniinhiiitor. Toodet v\u00f5ib kasutada nii pehme kui kareda veega pesemiseks temperatuuridel 40\u00baC, 60\u00baC ja 95\u00baC. Ei sobi villase ja siidi pesemiseks. pH 9,4 - 10","og_url":"https:\/\/easystar.ee\/en\/toode\/mayeri-universaal-pesupulber-10kg-kp482\/","og_site_name":"Easy Star O\u00dc","article_modified_time":"2025-10-30T01:30:45+00:00","og_image":[{"width":242,"height":282,"url":"https:\/\/easystar.ee\/wp-content\/uploads\/2024\/04\/universaalne.jpg","type":"image\/jpeg"}],"twitter_card":"summary_large_image","schema":{"@context":"https:\/\/schema.org","@graph":[{"@type":"WebPage","@id":"https:\/\/easystar.ee\/en\/toode\/mayeri-universaal-pesupulber-10kg-kp482\/","url":"https:\/\/easystar.ee\/en\/toode\/mayeri-universaal-pesupulber-10kg-kp482\/","name":"Mayeri Universaal pesupulber 10kg KP482 &#8212; Easy Star O\u00dc","isPartOf":{"@id":"https:\/\/easystar.ee\/#website"},"primaryImageOfPage":{"@id":"https:\/\/easystar.ee\/en\/toode\/mayeri-universaal-pesupulber-10kg-kp482\/#primaryimage"},"image":{"@id":"https:\/\/easystar.ee\/en\/toode\/mayeri-universaal-pesupulber-10kg-kp482\/#primaryimage"},"thumbnailUrl":"https:\/\/easystar.ee\/wp-content\/uploads\/2024\/04\/universaalne.jpg","datePublished":"2024-05-30T16:43:07+00:00","dateModified":"2025-10-30T01:30:45+00:00","breadcrumb":{"@id":"https:\/\/easystar.ee\/en\/toode\/mayeri-universaal-pesupulber-10kg-kp482\/#breadcrumb"},"inLanguage":"en-US","potentialAction":[{"@type":"ReadAction","target":["https:\/\/easystar.ee\/en\/toode\/mayeri-universaal-pesupulber-10kg-kp482\/"]}]},{"@type":"ImageObject","inLanguage":"en-US","@id":"https:\/\/easystar.ee\/en\/toode\/mayeri-universaal-pesupulber-10kg-kp482\/#primaryimage","url":"https:\/\/easystar.ee\/wp-content\/uploads\/2024\/04\/universaalne.jpg","contentUrl":"https:\/\/easystar.ee\/wp-content\/uploads\/2024\/04\/universaalne.jpg","width":242,"height":282},{"@type":"BreadcrumbList","@id":"https:\/\/easystar.ee\/en\/toode\/mayeri-universaal-pesupulber-10kg-kp482\/#breadcrumb","itemListElement":[{"@type":"ListItem","position":1,"name":"Home","item":"https:\/\/easystar.ee\/ru\/"},{"@type":"ListItem","position":2,"name":"Shop","item":"https:\/\/easystar.ee\/tooted\/"},{"@type":"ListItem","position":3,"name":"Mayeri Universaal pesupulber 10kg KP482"}]},{"@type":"WebSite","@id":"https:\/\/easystar.ee\/#website","url":"https:\/\/easystar.ee\/","name":"Easystar.ee","description":"","publisher":{"@id":"https:\/\/easystar.ee\/#organization"},"alternateName":"Keskkonnas\u00f5bralikud pehmepaberitooted teie kontorisse","potentialAction":[{"@type":"SearchAction","target":{"@type":"EntryPoint","urlTemplate":"https:\/\/easystar.ee\/?s={search_term_string}"},"query-input":{"@type":"PropertyValueSpecification","valueRequired":true,"valueName":"search_term_string"}}],"inLanguage":"en-US"},{"@type":"Organization","@id":"https:\/\/easystar.ee\/#organization","name":"Easy Star O\u00dc","url":"https:\/\/easystar.ee\/","logo":{"@type":"ImageObject","inLanguage":"en-US","@id":"https:\/\/easystar.ee\/#\/schema\/logo\/image\/","url":"https:\/\/easystar.ee\/wp-content\/uploads\/2024\/03\/easystar-logo.svg","contentUrl":"https:\/\/easystar.ee\/wp-content\/uploads\/2024\/03\/easystar-logo.svg","width":2000,"height":2000,"caption":"Easy Star O\u00dc"},"image":{"@id":"https:\/\/easystar.ee\/#\/schema\/logo\/image\/"}}]}},"_links":{"self":[{"href":"https:\/\/easystar.ee\/en\/wp-json\/wp\/v2\/product\/29395","targetHints":{"allow":["GET"]}}],"collection":[{"href":"https:\/\/easystar.ee\/en\/wp-json\/wp\/v2\/product"}],"about":[{"href":"https:\/\/easystar.ee\/en\/wp-json\/wp\/v2\/types\/product"}],"wp:featuredmedia":[{"embeddable":true,"href":"https:\/\/easystar.ee\/en\/wp-json\/wp\/v2\/media\/1538"}],"wp:attachment":[{"href":"https:\/\/easystar.ee\/en\/wp-json\/wp\/v2\/media?parent=29395"}],"wp:term":[{"taxonomy":"product_brand","embeddable":true,"href":"https:\/\/easystar.ee\/en\/wp-json\/wp\/v2\/product_brand?post=29395"},{"taxonomy":"product_cat","embeddable":true,"href":"https:\/\/easystar.ee\/en\/wp-json\/wp\/v2\/product_cat?post=29395"},{"taxonomy":"product_tag","embeddable":true,"href":"https:\/\/easystar.ee\/en\/wp-json\/wp\/v2\/product_tag?post=29395"}],"curies":[{"name":"wp","href":"https:\/\/api.w.org\/{rel}","templated":true}]}}