{"id":29332,"date":"2024-05-30T16:42:37","date_gmt":"2024-05-30T16:42:37","guid":{"rendered":"https:\/\/easystar.ee\/toode\/tualettpuhastusvahend-san-van-4l-kf105\/"},"modified":"2026-02-17T01:30:04","modified_gmt":"2026-02-17T01:30:04","slug":"tualettpuhastusvahend-san-van-4l-o13354-kf105","status":"publish","type":"product","link":"https:\/\/easystar.ee\/en\/toode\/tualettpuhastusvahend-san-van-4l-o13354-kf105\/","title":{"rendered":"Tualettpuhastusvahend SAN-VAN 4L (O13354) KF105"},"content":{"rendered":"","protected":false},"excerpt":{"rendered":"<p>WC-pottide, fajanss- ja kahhelkivide ning vannide puhastusvahend. Vahend kanda puhastatavale pinnale ja lasta toimida 5-15 minutit. Seej\u00e4rel pesta ja loputada veega. Eemaldab veesette, rooste ja halva l\u00f5hna.  Vannide puhastamiseks lahjendada vahendit veega 1:1-le. Ettevaatust vahend on happeline. PH 1-2 \u00c4rritab silmi ja nahka. Hoida lastele k\u00e4ttesaamatult. V\u00e4ltida kemikaali sattumist nahale ja silma. Nahale ja silma sattudes loputada rohke veega. Kanda sobivat kaitseriietust, kindaid ja silmade v\u00f5i n\u00e4okaitset. Kemikaali allaneelamise korral p\u00f6\u00f6rduda viivitamatult arsti poole ja n\u00e4idata toote pakendit v\u00f5i etiketti. Koostis: sisaldab 5-15% orgaanilist ja anorgaanilist hapet, l\u00f5hna ja &lt;5% ioonideta tensiidi. S\u00e4ilivusaega ei piirata.<br \/>\nPakend: 0,5l pudel, 5l kanister<\/p>\n","protected":false},"featured_media":1412,"template":"","meta":{"_acf_changed":false},"product_brand":[],"product_cat":[1987,1829],"product_tag":[],"class_list":{"0":"post-29332","1":"product","2":"type-product","3":"status-publish","4":"has-post-thumbnail","6":"product_cat-acidic-sanitary-limescale-stainless-steel","7":"product_cat-cleaning-chemicals","9":"first","10":"instock","11":"taxable","12":"shipping-taxable","13":"purchasable","14":"product-type-simple"},"acf":[],"yoast_head":"<!-- This site is optimized with the Yoast SEO plugin v27.3 - https:\/\/yoast.com\/product\/yoast-seo-wordpress\/ -->\n<title>Tualettpuhastusvahend SAN-VAN 4L (O13354) KF105 &#8212; Easy Star O\u00dc<\/title>\n<meta name=\"robots\" content=\"index, follow, max-snippet:-1, max-image-preview:large, max-video-preview:-1\" \/>\n<link rel=\"canonical\" href=\"https:\/\/easystar.ee\/toode\/tualettpuhastusvahend-san-van-4l-o13354-kf105\/\" \/>\n<meta property=\"og:locale\" content=\"en_US\" \/>\n<meta property=\"og:type\" content=\"article\" \/>\n<meta property=\"og:title\" content=\"Tualettpuhastusvahend SAN-VAN 4L (O13354) KF105 &#8212; Easy Star O\u00dc\" \/>\n<meta property=\"og:description\" content=\"WC-pottide, fajanss- ja kahhelkivide ning vannide puhastusvahend. Vahend kanda puhastatavale pinnale ja lasta toimida 5-15 minutit. Seej\u00e4rel pesta ja loputada veega. Eemaldab veesette, rooste ja halva l\u00f5hna. Vannide puhastamiseks lahjendada vahendit veega 1:1-le. Ettevaatust vahend on happeline. PH 1-2 \u00c4rritab silmi ja nahka. Hoida lastele k\u00e4ttesaamatult. V\u00e4ltida kemikaali sattumist nahale ja silma. Nahale ja silma sattudes loputada rohke veega. Kanda sobivat kaitseriietust, kindaid ja silmade v\u00f5i n\u00e4okaitset. Kemikaali allaneelamise korral p\u00f6\u00f6rduda viivitamatult arsti poole ja n\u00e4idata toote pakendit v\u00f5i etiketti. Koostis: sisaldab 5-15% orgaanilist ja anorgaanilist hapet, l\u00f5hna ja &lt;5% ioonideta tensiidi. S\u00e4ilivusaega ei piirata. Pakend: 0,5l pudel, 5l kanister\" \/>\n<meta property=\"og:url\" content=\"https:\/\/easystar.ee\/toode\/tualettpuhastusvahend-san-van-4l-o13354-kf105\/\" \/>\n<meta property=\"og:site_name\" content=\"Easy Star O\u00dc\" \/>\n<meta property=\"article:modified_time\" content=\"2026-02-17T01:30:04+00:00\" \/>\n<meta property=\"og:image\" content=\"https:\/\/easystar.ee\/wp-content\/uploads\/2024\/04\/4740244012822.jpg\" \/>\n\t<meta property=\"og:image:width\" content=\"348\" \/>\n\t<meta property=\"og:image:height\" content=\"410\" \/>\n\t<meta property=\"og:image:type\" content=\"image\/jpeg\" \/>\n<meta name=\"twitter:card\" content=\"summary_large_image\" \/>\n<script type=\"application\/ld+json\" class=\"yoast-schema-graph\">{\"@context\":\"https:\\\/\\\/schema.org\",\"@graph\":[{\"@type\":\"WebPage\",\"@id\":\"https:\\\/\\\/easystar.ee\\\/toode\\\/tualettpuhastusvahend-san-van-4l-o13354-kf105\\\/\",\"url\":\"https:\\\/\\\/easystar.ee\\\/toode\\\/tualettpuhastusvahend-san-van-4l-o13354-kf105\\\/\",\"name\":\"Tualettpuhastusvahend SAN-VAN 4L (O13354) KF105 &#8212; Easy Star O\u00dc\",\"isPartOf\":{\"@id\":\"https:\\\/\\\/easystar.ee\\\/#website\"},\"primaryImageOfPage\":{\"@id\":\"https:\\\/\\\/easystar.ee\\\/toode\\\/tualettpuhastusvahend-san-van-4l-o13354-kf105\\\/#primaryimage\"},\"image\":{\"@id\":\"https:\\\/\\\/easystar.ee\\\/toode\\\/tualettpuhastusvahend-san-van-4l-o13354-kf105\\\/#primaryimage\"},\"thumbnailUrl\":\"https:\\\/\\\/easystar.ee\\\/wp-content\\\/uploads\\\/2024\\\/04\\\/4740244012822.jpg\",\"datePublished\":\"2024-05-30T16:42:37+00:00\",\"dateModified\":\"2026-02-17T01:30:04+00:00\",\"breadcrumb\":{\"@id\":\"https:\\\/\\\/easystar.ee\\\/toode\\\/tualettpuhastusvahend-san-van-4l-o13354-kf105\\\/#breadcrumb\"},\"inLanguage\":\"en-US\",\"potentialAction\":[{\"@type\":\"ReadAction\",\"target\":[\"https:\\\/\\\/easystar.ee\\\/toode\\\/tualettpuhastusvahend-san-van-4l-o13354-kf105\\\/\"]}]},{\"@type\":\"ImageObject\",\"inLanguage\":\"en-US\",\"@id\":\"https:\\\/\\\/easystar.ee\\\/toode\\\/tualettpuhastusvahend-san-van-4l-o13354-kf105\\\/#primaryimage\",\"url\":\"https:\\\/\\\/easystar.ee\\\/wp-content\\\/uploads\\\/2024\\\/04\\\/4740244012822.jpg\",\"contentUrl\":\"https:\\\/\\\/easystar.ee\\\/wp-content\\\/uploads\\\/2024\\\/04\\\/4740244012822.jpg\",\"width\":348,\"height\":410},{\"@type\":\"BreadcrumbList\",\"@id\":\"https:\\\/\\\/easystar.ee\\\/toode\\\/tualettpuhastusvahend-san-van-4l-o13354-kf105\\\/#breadcrumb\",\"itemListElement\":[{\"@type\":\"ListItem\",\"position\":1,\"name\":\"Home\",\"item\":\"https:\\\/\\\/easystar.ee\\\/ru\\\/\"},{\"@type\":\"ListItem\",\"position\":2,\"name\":\"Shop\",\"item\":\"https:\\\/\\\/easystar.ee\\\/tooted\\\/\"},{\"@type\":\"ListItem\",\"position\":3,\"name\":\"Tualettpuhastusvahend SAN-VAN 4L (O13354) KF105\"}]},{\"@type\":\"WebSite\",\"@id\":\"https:\\\/\\\/easystar.ee\\\/#website\",\"url\":\"https:\\\/\\\/easystar.ee\\\/\",\"name\":\"Easystar.ee\",\"description\":\"\",\"publisher\":{\"@id\":\"https:\\\/\\\/easystar.ee\\\/#organization\"},\"alternateName\":\"Keskkonnas\u00f5bralikud pehmepaberitooted teie kontorisse\",\"potentialAction\":[{\"@type\":\"SearchAction\",\"target\":{\"@type\":\"EntryPoint\",\"urlTemplate\":\"https:\\\/\\\/easystar.ee\\\/?s={search_term_string}\"},\"query-input\":{\"@type\":\"PropertyValueSpecification\",\"valueRequired\":true,\"valueName\":\"search_term_string\"}}],\"inLanguage\":\"en-US\"},{\"@type\":\"Organization\",\"@id\":\"https:\\\/\\\/easystar.ee\\\/#organization\",\"name\":\"Easy Star O\u00dc\",\"url\":\"https:\\\/\\\/easystar.ee\\\/\",\"logo\":{\"@type\":\"ImageObject\",\"inLanguage\":\"en-US\",\"@id\":\"https:\\\/\\\/easystar.ee\\\/#\\\/schema\\\/logo\\\/image\\\/\",\"url\":\"https:\\\/\\\/easystar.ee\\\/wp-content\\\/uploads\\\/2024\\\/03\\\/easystar-logo.svg\",\"contentUrl\":\"https:\\\/\\\/easystar.ee\\\/wp-content\\\/uploads\\\/2024\\\/03\\\/easystar-logo.svg\",\"width\":2000,\"height\":2000,\"caption\":\"Easy Star O\u00dc\"},\"image\":{\"@id\":\"https:\\\/\\\/easystar.ee\\\/#\\\/schema\\\/logo\\\/image\\\/\"}}]}<\/script>\n<!-- \/ Yoast SEO plugin. -->","yoast_head_json":{"title":"Tualettpuhastusvahend SAN-VAN 4L (O13354) KF105 &#8212; Easy Star O\u00dc","robots":{"index":"index","follow":"follow","max-snippet":"max-snippet:-1","max-image-preview":"max-image-preview:large","max-video-preview":"max-video-preview:-1"},"canonical":"https:\/\/easystar.ee\/toode\/tualettpuhastusvahend-san-van-4l-o13354-kf105\/","og_locale":"en_US","og_type":"article","og_title":"Tualettpuhastusvahend SAN-VAN 4L (O13354) KF105 &#8212; Easy Star O\u00dc","og_description":"WC-pottide, fajanss- ja kahhelkivide ning vannide puhastusvahend. Vahend kanda puhastatavale pinnale ja lasta toimida 5-15 minutit. Seej\u00e4rel pesta ja loputada veega. Eemaldab veesette, rooste ja halva l\u00f5hna. Vannide puhastamiseks lahjendada vahendit veega 1:1-le. Ettevaatust vahend on happeline. PH 1-2 \u00c4rritab silmi ja nahka. Hoida lastele k\u00e4ttesaamatult. V\u00e4ltida kemikaali sattumist nahale ja silma. Nahale ja silma sattudes loputada rohke veega. Kanda sobivat kaitseriietust, kindaid ja silmade v\u00f5i n\u00e4okaitset. Kemikaali allaneelamise korral p\u00f6\u00f6rduda viivitamatult arsti poole ja n\u00e4idata toote pakendit v\u00f5i etiketti. Koostis: sisaldab 5-15% orgaanilist ja anorgaanilist hapet, l\u00f5hna ja &lt;5% ioonideta tensiidi. S\u00e4ilivusaega ei piirata. Pakend: 0,5l pudel, 5l kanister","og_url":"https:\/\/easystar.ee\/toode\/tualettpuhastusvahend-san-van-4l-o13354-kf105\/","og_site_name":"Easy Star O\u00dc","article_modified_time":"2026-02-17T01:30:04+00:00","og_image":[{"width":348,"height":410,"url":"https:\/\/easystar.ee\/wp-content\/uploads\/2024\/04\/4740244012822.jpg","type":"image\/jpeg"}],"twitter_card":"summary_large_image","schema":{"@context":"https:\/\/schema.org","@graph":[{"@type":"WebPage","@id":"https:\/\/easystar.ee\/toode\/tualettpuhastusvahend-san-van-4l-o13354-kf105\/","url":"https:\/\/easystar.ee\/toode\/tualettpuhastusvahend-san-van-4l-o13354-kf105\/","name":"Tualettpuhastusvahend SAN-VAN 4L (O13354) KF105 &#8212; Easy Star O\u00dc","isPartOf":{"@id":"https:\/\/easystar.ee\/#website"},"primaryImageOfPage":{"@id":"https:\/\/easystar.ee\/toode\/tualettpuhastusvahend-san-van-4l-o13354-kf105\/#primaryimage"},"image":{"@id":"https:\/\/easystar.ee\/toode\/tualettpuhastusvahend-san-van-4l-o13354-kf105\/#primaryimage"},"thumbnailUrl":"https:\/\/easystar.ee\/wp-content\/uploads\/2024\/04\/4740244012822.jpg","datePublished":"2024-05-30T16:42:37+00:00","dateModified":"2026-02-17T01:30:04+00:00","breadcrumb":{"@id":"https:\/\/easystar.ee\/toode\/tualettpuhastusvahend-san-van-4l-o13354-kf105\/#breadcrumb"},"inLanguage":"en-US","potentialAction":[{"@type":"ReadAction","target":["https:\/\/easystar.ee\/toode\/tualettpuhastusvahend-san-van-4l-o13354-kf105\/"]}]},{"@type":"ImageObject","inLanguage":"en-US","@id":"https:\/\/easystar.ee\/toode\/tualettpuhastusvahend-san-van-4l-o13354-kf105\/#primaryimage","url":"https:\/\/easystar.ee\/wp-content\/uploads\/2024\/04\/4740244012822.jpg","contentUrl":"https:\/\/easystar.ee\/wp-content\/uploads\/2024\/04\/4740244012822.jpg","width":348,"height":410},{"@type":"BreadcrumbList","@id":"https:\/\/easystar.ee\/toode\/tualettpuhastusvahend-san-van-4l-o13354-kf105\/#breadcrumb","itemListElement":[{"@type":"ListItem","position":1,"name":"Home","item":"https:\/\/easystar.ee\/ru\/"},{"@type":"ListItem","position":2,"name":"Shop","item":"https:\/\/easystar.ee\/tooted\/"},{"@type":"ListItem","position":3,"name":"Tualettpuhastusvahend SAN-VAN 4L (O13354) KF105"}]},{"@type":"WebSite","@id":"https:\/\/easystar.ee\/#website","url":"https:\/\/easystar.ee\/","name":"Easystar.ee","description":"","publisher":{"@id":"https:\/\/easystar.ee\/#organization"},"alternateName":"Keskkonnas\u00f5bralikud pehmepaberitooted teie kontorisse","potentialAction":[{"@type":"SearchAction","target":{"@type":"EntryPoint","urlTemplate":"https:\/\/easystar.ee\/?s={search_term_string}"},"query-input":{"@type":"PropertyValueSpecification","valueRequired":true,"valueName":"search_term_string"}}],"inLanguage":"en-US"},{"@type":"Organization","@id":"https:\/\/easystar.ee\/#organization","name":"Easy Star O\u00dc","url":"https:\/\/easystar.ee\/","logo":{"@type":"ImageObject","inLanguage":"en-US","@id":"https:\/\/easystar.ee\/#\/schema\/logo\/image\/","url":"https:\/\/easystar.ee\/wp-content\/uploads\/2024\/03\/easystar-logo.svg","contentUrl":"https:\/\/easystar.ee\/wp-content\/uploads\/2024\/03\/easystar-logo.svg","width":2000,"height":2000,"caption":"Easy Star O\u00dc"},"image":{"@id":"https:\/\/easystar.ee\/#\/schema\/logo\/image\/"}}]}},"_links":{"self":[{"href":"https:\/\/easystar.ee\/en\/wp-json\/wp\/v2\/product\/29332","targetHints":{"allow":["GET"]}}],"collection":[{"href":"https:\/\/easystar.ee\/en\/wp-json\/wp\/v2\/product"}],"about":[{"href":"https:\/\/easystar.ee\/en\/wp-json\/wp\/v2\/types\/product"}],"wp:featuredmedia":[{"embeddable":true,"href":"https:\/\/easystar.ee\/en\/wp-json\/wp\/v2\/media\/1412"}],"wp:attachment":[{"href":"https:\/\/easystar.ee\/en\/wp-json\/wp\/v2\/media?parent=29332"}],"wp:term":[{"taxonomy":"product_brand","embeddable":true,"href":"https:\/\/easystar.ee\/en\/wp-json\/wp\/v2\/product_brand?post=29332"},{"taxonomy":"product_cat","embeddable":true,"href":"https:\/\/easystar.ee\/en\/wp-json\/wp\/v2\/product_cat?post=29332"},{"taxonomy":"product_tag","embeddable":true,"href":"https:\/\/easystar.ee\/en\/wp-json\/wp\/v2\/product_tag?post=29332"}],"curies":[{"name":"wp","href":"https:\/\/api.w.org\/{rel}","templated":true}]}}